{"id":216975,"date":"2022-11-19T18:20:13","date_gmt":"2022-11-19T18:20:13","guid":{"rendered":"https:\/\/nativediving.com\/fish-spa-lanzarote-2\/"},"modified":"2022-12-20T08:37:14","modified_gmt":"2022-12-20T08:37:14","slug":"fish-spa-lanzarote-2","status":"publish","type":"page","link":"https:\/\/nativediving.com\/pl\/fish-spa-lanzarote-2\/","title":{"rendered":"Fish Spa Lanzarote"},"content":{"rendered":"<p>[et_pb_section fb_built=&#8221;1&#8243; _builder_version=&#8221;4.16&#8243; global_colors_info=&#8221;{}&#8221;][et_pb_row column_structure=&#8221;1_3,1_3,1_3&#8243; _builder_version=&#8221;4.19.1&#8243; _module_preset=&#8221;default&#8221; global_colors_info=&#8221;{}&#8221;][et_pb_column type=&#8221;1_3&#8243; _builder_version=&#8221;4.19.1&#8243; _module_preset=&#8221;default&#8221; global_colors_info=&#8221;{}&#8221;][et_pb_image src=&#8221;https:\/\/nativediving.com\/wp-content\/uploads\/2022\/11\/Centro-de-Buceo-en-Costa-Teguise-Lanzarote.jpg&#8221; alt=&#8221;Centrum Nurkowe na Costa Teguise, Lanzarote&#8221; title_text=&#8221;Centrum Nurkowe na Costa Teguise, Lanzarote&#8221; disabled_on=&#8221;off|off|off&#8221; _builder_version=&#8221;4.19.1&#8243; _module_preset=&#8221;default&#8221; global_colors_info=&#8221;{}&#8221;][\/et_pb_image][\/et_pb_column][et_pb_column type=&#8221;1_3&#8243; _builder_version=&#8221;4.19.1&#8243; _module_preset=&#8221;default&#8221; global_colors_info=&#8221;{}&#8221;][et_pb_image src=&#8221;https:\/\/nativediving.com\/wp-content\/uploads\/2022\/11\/291575350_460372846088526_5434387003260458_n-300&#215;257.jpg&#8221; align=&#8221;center&#8221; _builder_version=&#8221;4.19.1&#8243; _module_preset=&#8221;default&#8221; global_colors_info=&#8221;{}&#8221;][\/et_pb_image][\/et_pb_column][et_pb_column type=&#8221;1_3&#8243; _builder_version=&#8221;4.19.1&#8243; _module_preset=&#8221;default&#8221; global_colors_info=&#8221;{}&#8221;][et_pb_image src=&#8221;https:\/\/nativediving.com\/wp-content\/uploads\/2022\/11\/spa-dr.-fish-e1669241442759.jpg&#8221; title_text=&#8221;FISH SPA LANZAROTE&#8221; align=&#8221;center&#8221; _builder_version=&#8221;4.19.1&#8243; _module_preset=&#8221;default&#8221; width=&#8221;82%&#8221; global_colors_info=&#8221;{}&#8221;][\/et_pb_image][\/et_pb_column][\/et_pb_row][\/et_pb_section][et_pb_section fb_built=&#8221;1&#8243; _builder_version=&#8221;4.19.1&#8243; _module_preset=&#8221;default&#8221; min_height=&#8221;156.3px&#8221; custom_padding=&#8221;0px|||||&#8221; global_colors_info=&#8221;{}&#8221;][et_pb_row _builder_version=&#8221;4.19.1&#8243; _module_preset=&#8221;default&#8221; custom_padding=&#8221;||7px|||&#8221; global_colors_info=&#8221;{}&#8221;][et_pb_column type=&#8221;4_4&#8243; _builder_version=&#8221;4.19.1&#8243; _module_preset=&#8221;default&#8221; global_colors_info=&#8221;{}&#8221;][et_pb_text _builder_version=&#8221;4.19.1&#8243; _module_preset=&#8221;default&#8221; header_text_color=&#8221;#144168&#8243; text_orientation=&#8221;center&#8221; global_colors_info=&#8221;{}&#8221;]<\/p>\n<h1>FISH SPA LANZAROTE<\/h1>\n<p>[\/et_pb_text][\/et_pb_column][\/et_pb_row][et_pb_row _builder_version=&#8221;4.19.1&#8243; _module_preset=&#8221;default&#8221; global_colors_info=&#8221;{}&#8221;][et_pb_column type=&#8221;4_4&#8243; _builder_version=&#8221;4.19.1&#8243; _module_preset=&#8221;default&#8221; global_colors_info=&#8221;{}&#8221;][et_pb_text _builder_version=&#8221;4.19.1&#8243; _module_preset=&#8221;default&#8221; global_colors_info=&#8221;{}&#8221;]<\/p>\n<h2>Co to jest Icthyotherapy?<\/h2>\n<p>Polega ona na w\u0142o\u017ceniu st\u00f3p do akwarium pe\u0142nego rybek z gatunku rufa claw fish lub doctor fish, podczas gdy wpatrujesz si\u0119 w widok pla\u017cy Jablillo. Te gatunki wodne wysysaj\u0105 martwe kom\u00f3rki, kt\u00f3re mog\u0105 znajdowa\u0107 si\u0119 na naszych stopach, pozostawiaj\u0105c sk\u00f3r\u0119 g\u0142adsz\u0105 i bardziej mi\u0119kk\u0105.<\/p>\n<p>[\/et_pb_text][et_pb_text _builder_version=&#8221;4.19.1&#8243; _module_preset=&#8221;default&#8221; global_colors_info=&#8221;{}&#8221;]<\/p>\n<h2>Dlaczego warto wybra\u0107 Fish Spa Lanzarote w Costa Teguise?<\/h2>\n<p>Znajdujemy si\u0119 na brzegu morza, naprzeciwko pla\u017cy Jablillo, z niesamowitymi widokami i jeste\u015bmy jedynym centrum Icthyotherapy na Lanzarote.<\/p>\n<p>Po prostu przyjd\u017a i pozw\u00f3l, by dr Fish ci\u0119 rozpieszcza\u0142.<\/p>\n<p>[\/et_pb_text][et_pb_text _builder_version=&#8221;4.19.1&#8243; _module_preset=&#8221;default&#8221; text_orientation=&#8221;center&#8221; custom_padding=&#8221;63px|||||&#8221; global_colors_info=&#8221;{}&#8221;]<\/p>\n<h3>INFORMACJE:<\/h3>\n<p><strong>SCHEDULE:<\/strong>: 08:30 am a 17:00h pm.<br \/>Nie trzeba rezerwowa\u0107.<br \/><strong>IWA\u017bNE<\/strong>:<br \/>Osoby z grzybic\u0105, ranami lub chorobami sk\u00f3ry nie mog\u0105 podda\u0107 si\u0119 terapii.<br \/><strong>CENA<\/strong>:<br \/>9.50 \u20ac 15 minut<br \/>10 \u20ac 40 minut<\/p>\n<p>[\/et_pb_text][\/et_pb_column][\/et_pb_row][\/et_pb_section][et_pb_section fb_built=&#8221;1&#8243; _builder_version=&#8221;4.19.1&#8243; _module_preset=&#8221;default&#8221; global_colors_info=&#8221;{}&#8221;][et_pb_row column_structure=&#8221;1_2,1_2&#8243; _builder_version=&#8221;4.19.1&#8243; _module_preset=&#8221;default&#8221; global_colors_info=&#8221;{}&#8221;][et_pb_column type=&#8221;1_2&#8243; _builder_version=&#8221;4.19.1&#8243; _module_preset=&#8221;default&#8221; global_colors_info=&#8221;{}&#8221;][et_pb_blurb title=&#8221;Do czego s\u0142u\u017cy ichtioterapia?&#8221; image=&#8221;https:\/\/nativediving.com\/wp-content\/uploads\/2022\/11\/277096607_7199784576762551_5936505148004450905_n-300&#215;224.jpg&#8221; _builder_version=&#8221;4.19.1&#8243; _module_preset=&#8221;default&#8221; header_text_align=&#8221;center&#8221; text_orientation=&#8221;center&#8221; global_colors_info=&#8221;{}&#8221;]<\/p>\n<p>Metoda ta jest stosowana g\u0142\u00f3wnie do oczyszczania martwego nask\u00f3rka ze st\u00f3p. Jest wi\u0119c w zasadzie traktowana jako zabieg kosmetyczny. Po czterech lub pi\u0119ciu sesjach, stopy s\u0105 dramatycznie zmi\u0119kczone, w tym nagniotki i modzele. Poprawia ju\u017c zagojone rany i jest bardzo korzystny w przypadku \u0142uszczycy, poniewa\u017c pomaga z bardzo dobrym skutkiem regenerowa\u0107 uszkodzone miejsca. W niekt\u00f3rych krajach, takich jak Holandia czy Niemcy, jest ona stosowana jako \u015brodek leczniczy w tych przypadkach i jest nawet uwzgl\u0119dniona w niekt\u00f3rych polisach ubezpieczenia zdrowotnego.<\/p>\n<p>Z drugiej strony poprawia r\u00f3wnie\u017c obwodowe kr\u0105\u017cenie krwi, poniewa\u017c ryba wykonuje ma\u0142y masa\u017c, daj\u0105c przyjemne mrowienie dobrego samopoczucia i relaksu.<\/p>\n<p>[\/et_pb_blurb][\/et_pb_column][et_pb_column type=&#8221;1_2&#8243; _builder_version=&#8221;4.19.1&#8243; _module_preset=&#8221;default&#8221; global_colors_info=&#8221;{}&#8221;][et_pb_blurb title=&#8221;Kim jest lekarz od ryb Garra Rufa?&#8221; image=&#8221;https:\/\/nativediving.com\/wp-content\/uploads\/2022\/11\/248016634_6440261259381557_8252495385632614439_n-1-300&#215;224.jpg&#8221; _builder_version=&#8221;4.19.1&#8243; _module_preset=&#8221;default&#8221; header_text_align=&#8221;center&#8221; text_orientation=&#8221;center&#8221; global_colors_info=&#8221;{}&#8221;]<\/p>\n<p>est to naukowa nazwa tej ma\u0142ej p\u0142azopodobnej ryby, kt\u00f3ra \u017cyje w p\u00f3\u0142ciep\u0142ych wodach niekt\u00f3rych dorzeczy w Eurazji, zw\u0142aszcza w Turcji.<\/p>\n<p>Zazwyczaj u\u017cywane okazy mierz\u0105 od trzech do sze\u015bciu centymetr\u00f3w (osi\u0105gaj\u0105c dziesi\u0119\u0107 do dwunastu w wieku dojrza\u0142ym). Nie maj\u0105 z\u0119b\u00f3w, tylko ss\u0105, wi\u0119c nie mog\u0105 powodowa\u0107 ran. Maj\u0105 te\u017c substancj\u0119 lecznicz\u0105, enzym o nazwie dithranol, kt\u00f3ry bywa stosowany jako sk\u0142adnik niekt\u00f3rych krem\u00f3w regeneracyjnych, zw\u0142aszcza na \u0142uszczyc\u0119.<\/p>\n<p>[\/et_pb_blurb][\/et_pb_column][\/et_pb_row][et_pb_row column_structure=&#8221;1_3,1_3,1_3&#8243; _builder_version=&#8221;4.19.1&#8243; _module_preset=&#8221;default&#8221; hover_enabled=&#8221;0&#8243; global_colors_info=&#8221;{}&#8221; sticky_enabled=&#8221;0&#8243;][et_pb_column type=&#8221;1_3&#8243; _builder_version=&#8221;4.19.1&#8243; _module_preset=&#8221;default&#8221; global_colors_info=&#8221;{}&#8221;][et_pb_image src=&#8221;https:\/\/nativediving.com\/wp-content\/uploads\/2022\/11\/272281256_6880615082012837_8965081906392670656_n-224&#215;300.jpg&#8221; _builder_version=&#8221;4.19.1&#8243; _module_preset=&#8221;default&#8221; hover_enabled=&#8221;0&#8243; global_colors_info=&#8221;{}&#8221; align=&#8221;center&#8221; sticky_enabled=&#8221;0&#8243;][\/et_pb_image][\/et_pb_column][et_pb_column type=&#8221;1_3&#8243; _builder_version=&#8221;4.19.1&#8243; _module_preset=&#8221;default&#8221; global_colors_info=&#8221;{}&#8221;][et_pb_image src=&#8221;https:\/\/nativediving.com\/wp-content\/uploads\/2022\/11\/248161417_6325388344202183_1871060505886271877_n-Copy-224&#215;300.jpg&#8221; _builder_version=&#8221;4.19.1&#8243; _module_preset=&#8221;default&#8221; global_colors_info=&#8221;{}&#8221; align=&#8221;center&#8221;][\/et_pb_image][\/et_pb_column][et_pb_column type=&#8221;1_3&#8243; _builder_version=&#8221;4.19.1&#8243; _module_preset=&#8221;default&#8221; global_colors_info=&#8221;{}&#8221;][et_pb_image src=&#8221;https:\/\/nativediving.com\/wp-content\/uploads\/2022\/11\/277108036_7199784923429183_90176330513109501_n-1-224&#215;300.jpg&#8221; _builder_version=&#8221;4.19.1&#8243; _module_preset=&#8221;default&#8221; global_colors_info=&#8221;{}&#8221; align=&#8221;center&#8221;][\/et_pb_image][\/et_pb_column][\/et_pb_row][et_pb_row column_structure=&#8221;1_3,1_3,1_3&#8243; _builder_version=&#8221;4.19.1&#8243; _module_preset=&#8221;default&#8221; global_colors_info=&#8221;{}&#8221;][et_pb_column type=&#8221;1_3&#8243; _builder_version=&#8221;4.19.1&#8243; _module_preset=&#8221;default&#8221; global_colors_info=&#8221;{}&#8221;][et_pb_image src=&#8221;https:\/\/nativediving.com\/wp-content\/uploads\/2022\/11\/spa-dr.-fish-300&#215;225.jpg&#8221; _builder_version=&#8221;4.19.1&#8243; _module_preset=&#8221;default&#8221; global_colors_info=&#8221;{}&#8221; align=&#8221;center&#8221;][\/et_pb_image][\/et_pb_column][et_pb_column type=&#8221;1_3&#8243; _builder_version=&#8221;4.19.1&#8243; _module_preset=&#8221;default&#8221; global_colors_info=&#8221;{}&#8221;][et_pb_image src=&#8221;https:\/\/nativediving.com\/wp-content\/uploads\/2022\/11\/253381356_6393178687423148_4396096199814203136_n-300&#215;224.jpg&#8221; _builder_version=&#8221;4.19.1&#8243; _module_preset=&#8221;default&#8221; global_colors_info=&#8221;{}&#8221; align=&#8221;center&#8221;][\/et_pb_image][\/et_pb_column][et_pb_column type=&#8221;1_3&#8243; _builder_version=&#8221;4.19.1&#8243; _module_preset=&#8221;default&#8221; global_colors_info=&#8221;{}&#8221;][et_pb_image src=&#8221;https:\/\/nativediving.com\/wp-content\/uploads\/2022\/11\/descarga.jpeg&#8221; title_text=&#8221;descarga&#8221; _builder_version=&#8221;4.19.1&#8243; _module_preset=&#8221;default&#8221; global_colors_info=&#8221;{}&#8221; align=&#8221;center&#8221;][\/et_pb_image][\/et_pb_column][\/et_pb_row][\/et_pb_section]<\/p>\n","protected":false},"excerpt":{"rendered":"<p>FISH SPA LANZAROTECo to jest Icthyotherapy? Polega ona na w\u0142o\u017ceniu st\u00f3p do akwarium pe\u0142nego rybek z gatunku rufa claw fish lub doctor fish, podczas gdy wpatrujesz si\u0119 w widok pla\u017cy Jablillo. Te gatunki wodne wysysaj\u0105 martwe kom\u00f3rki, kt\u00f3re mog\u0105 znajdowa\u0107 si\u0119 na naszych stopach, pozostawiaj\u0105c sk\u00f3r\u0119 g\u0142adsz\u0105 i bardziej mi\u0119kk\u0105.Dlaczego warto wybra\u0107 Fish Spa Lanzarote [&hellip;]<\/p>\n","protected":false},"author":4,"featured_media":0,"parent":0,"menu_order":0,"comment_status":"closed","ping_status":"closed","template":"","meta":{"_et_pb_use_builder":"on","_et_pb_old_content":"","_et_gb_content_width":"","footnotes":""},"yoast_head":"<!-- This site is optimized with the Yoast SEO plugin v22.2 - https:\/\/yoast.com\/wordpress\/plugins\/seo\/ -->\n<title>Fish Spa Lanzarote - Native Diving<\/title>\n<meta name=\"robots\" content=\"index, follow, max-snippet:-1, max-image-preview:large, max-video-preview:-1\" \/>\n<link rel=\"canonical\" href=\"https:\/\/nativediving.com\/pl\/fish-spa-lanzarote-2\/\" \/>\n<meta property=\"og:locale\" content=\"pl_PL\" \/>\n<meta property=\"og:type\" content=\"article\" \/>\n<meta property=\"og:title\" content=\"Fish Spa Lanzarote - Native Diving\" \/>\n<meta property=\"og:description\" content=\"FISH SPA LANZAROTECo to jest Icthyotherapy? Polega ona na w\u0142o\u017ceniu st\u00f3p do akwarium pe\u0142nego rybek z gatunku rufa claw fish lub doctor fish, podczas gdy wpatrujesz si\u0119 w widok pla\u017cy Jablillo. Te gatunki wodne wysysaj\u0105 martwe kom\u00f3rki, kt\u00f3re mog\u0105 znajdowa\u0107 si\u0119 na naszych stopach, pozostawiaj\u0105c sk\u00f3r\u0119 g\u0142adsz\u0105 i bardziej mi\u0119kk\u0105.Dlaczego warto wybra\u0107 Fish Spa Lanzarote [&hellip;]\" \/>\n<meta property=\"og:url\" content=\"https:\/\/nativediving.com\/pl\/fish-spa-lanzarote-2\/\" \/>\n<meta property=\"og:site_name\" content=\"Native Diving\" \/>\n<meta property=\"article:publisher\" content=\"https:\/\/www.facebook.com\/Native.Diving.Lanzarote\" \/>\n<meta property=\"article:modified_time\" content=\"2022-12-20T08:37:14+00:00\" \/>\n<meta name=\"twitter:label1\" content=\"Szacowany czas czytania\" \/>\n\t<meta name=\"twitter:data1\" content=\"3 minuty\" \/>\n<script type=\"application\/ld+json\" class=\"yoast-schema-graph\">{\"@context\":\"https:\/\/schema.org\",\"@graph\":[{\"@type\":\"WebPage\",\"@id\":\"https:\/\/nativediving.com\/pl\/fish-spa-lanzarote-2\/\",\"url\":\"https:\/\/nativediving.com\/pl\/fish-spa-lanzarote-2\/\",\"name\":\"Fish Spa Lanzarote - Native Diving\",\"isPartOf\":{\"@id\":\"https:\/\/nativediving.com\/#website\"},\"datePublished\":\"2022-11-19T18:20:13+00:00\",\"dateModified\":\"2022-12-20T08:37:14+00:00\",\"breadcrumb\":{\"@id\":\"https:\/\/nativediving.com\/pl\/fish-spa-lanzarote-2\/#breadcrumb\"},\"inLanguage\":\"pl-PL\",\"potentialAction\":[{\"@type\":\"ReadAction\",\"target\":[\"https:\/\/nativediving.com\/pl\/fish-spa-lanzarote-2\/\"]}]},{\"@type\":\"BreadcrumbList\",\"@id\":\"https:\/\/nativediving.com\/pl\/fish-spa-lanzarote-2\/#breadcrumb\",\"itemListElement\":[{\"@type\":\"ListItem\",\"position\":1,\"name\":\"Escuela de buceo\",\"item\":\"https:\/\/nativediving.com\/pl\/\"},{\"@type\":\"ListItem\",\"position\":2,\"name\":\"Fish Spa Lanzarote\"}]},{\"@type\":\"WebSite\",\"@id\":\"https:\/\/nativediving.com\/#website\",\"url\":\"https:\/\/nativediving.com\/\",\"name\":\"Native Diving\",\"description\":\"Centro de buceo SSI y PADI en Lanzarote\",\"publisher\":{\"@id\":\"https:\/\/nativediving.com\/#organization\"},\"potentialAction\":[{\"@type\":\"SearchAction\",\"target\":{\"@type\":\"EntryPoint\",\"urlTemplate\":\"https:\/\/nativediving.com\/?s={search_term_string}\"},\"query-input\":\"required name=search_term_string\"}],\"inLanguage\":\"pl-PL\"},{\"@type\":\"Organization\",\"@id\":\"https:\/\/nativediving.com\/#organization\",\"name\":\"Native Diving Lanzarote\",\"url\":\"https:\/\/nativediving.com\/\",\"logo\":{\"@type\":\"ImageObject\",\"inLanguage\":\"pl-PL\",\"@id\":\"https:\/\/nativediving.com\/#\/schema\/logo\/image\/\",\"url\":\"https:\/\/nativediving.com\/wp-content\/uploads\/2017\/11\/Escudo_NativeDiving_Azul.png\",\"contentUrl\":\"https:\/\/nativediving.com\/wp-content\/uploads\/2017\/11\/Escudo_NativeDiving_Azul.png\",\"width\":3295,\"height\":2480,\"caption\":\"Native Diving Lanzarote\"},\"image\":{\"@id\":\"https:\/\/nativediving.com\/#\/schema\/logo\/image\/\"},\"sameAs\":[\"https:\/\/www.facebook.com\/Native.Diving.Lanzarote\",\"https:\/\/twitter.com\/nativedivingLZ\",\"https:\/\/www.youtube.com\/c\/NativeDivingLanzaroteBuceo\"]}]}<\/script>\n<!-- \/ Yoast SEO plugin. -->","yoast_head_json":{"title":"Fish Spa Lanzarote - Native Diving","robots":{"index":"index","follow":"follow","max-snippet":"max-snippet:-1","max-image-preview":"max-image-preview:large","max-video-preview":"max-video-preview:-1"},"canonical":"https:\/\/nativediving.com\/pl\/fish-spa-lanzarote-2\/","og_locale":"pl_PL","og_type":"article","og_title":"Fish Spa Lanzarote - Native Diving","og_description":"FISH SPA LANZAROTECo to jest Icthyotherapy? Polega ona na w\u0142o\u017ceniu st\u00f3p do akwarium pe\u0142nego rybek z gatunku rufa claw fish lub doctor fish, podczas gdy wpatrujesz si\u0119 w widok pla\u017cy Jablillo. Te gatunki wodne wysysaj\u0105 martwe kom\u00f3rki, kt\u00f3re mog\u0105 znajdowa\u0107 si\u0119 na naszych stopach, pozostawiaj\u0105c sk\u00f3r\u0119 g\u0142adsz\u0105 i bardziej mi\u0119kk\u0105.Dlaczego warto wybra\u0107 Fish Spa Lanzarote [&hellip;]","og_url":"https:\/\/nativediving.com\/pl\/fish-spa-lanzarote-2\/","og_site_name":"Native Diving","article_publisher":"https:\/\/www.facebook.com\/Native.Diving.Lanzarote","article_modified_time":"2022-12-20T08:37:14+00:00","twitter_misc":{"Szacowany czas czytania":"3 minuty"},"schema":{"@context":"https:\/\/schema.org","@graph":[{"@type":"WebPage","@id":"https:\/\/nativediving.com\/pl\/fish-spa-lanzarote-2\/","url":"https:\/\/nativediving.com\/pl\/fish-spa-lanzarote-2\/","name":"Fish Spa Lanzarote - Native Diving","isPartOf":{"@id":"https:\/\/nativediving.com\/#website"},"datePublished":"2022-11-19T18:20:13+00:00","dateModified":"2022-12-20T08:37:14+00:00","breadcrumb":{"@id":"https:\/\/nativediving.com\/pl\/fish-spa-lanzarote-2\/#breadcrumb"},"inLanguage":"pl-PL","potentialAction":[{"@type":"ReadAction","target":["https:\/\/nativediving.com\/pl\/fish-spa-lanzarote-2\/"]}]},{"@type":"BreadcrumbList","@id":"https:\/\/nativediving.com\/pl\/fish-spa-lanzarote-2\/#breadcrumb","itemListElement":[{"@type":"ListItem","position":1,"name":"Escuela de buceo","item":"https:\/\/nativediving.com\/pl\/"},{"@type":"ListItem","position":2,"name":"Fish Spa Lanzarote"}]},{"@type":"WebSite","@id":"https:\/\/nativediving.com\/#website","url":"https:\/\/nativediving.com\/","name":"Native Diving","description":"Centro de buceo SSI y PADI en Lanzarote","publisher":{"@id":"https:\/\/nativediving.com\/#organization"},"potentialAction":[{"@type":"SearchAction","target":{"@type":"EntryPoint","urlTemplate":"https:\/\/nativediving.com\/?s={search_term_string}"},"query-input":"required name=search_term_string"}],"inLanguage":"pl-PL"},{"@type":"Organization","@id":"https:\/\/nativediving.com\/#organization","name":"Native Diving Lanzarote","url":"https:\/\/nativediving.com\/","logo":{"@type":"ImageObject","inLanguage":"pl-PL","@id":"https:\/\/nativediving.com\/#\/schema\/logo\/image\/","url":"https:\/\/nativediving.com\/wp-content\/uploads\/2017\/11\/Escudo_NativeDiving_Azul.png","contentUrl":"https:\/\/nativediving.com\/wp-content\/uploads\/2017\/11\/Escudo_NativeDiving_Azul.png","width":3295,"height":2480,"caption":"Native Diving Lanzarote"},"image":{"@id":"https:\/\/nativediving.com\/#\/schema\/logo\/image\/"},"sameAs":["https:\/\/www.facebook.com\/Native.Diving.Lanzarote","https:\/\/twitter.com\/nativedivingLZ","https:\/\/www.youtube.com\/c\/NativeDivingLanzaroteBuceo"]}]}},"_links":{"self":[{"href":"https:\/\/nativediving.com\/pl\/wp-json\/wp\/v2\/pages\/216975"}],"collection":[{"href":"https:\/\/nativediving.com\/pl\/wp-json\/wp\/v2\/pages"}],"about":[{"href":"https:\/\/nativediving.com\/pl\/wp-json\/wp\/v2\/types\/page"}],"author":[{"embeddable":true,"href":"https:\/\/nativediving.com\/pl\/wp-json\/wp\/v2\/users\/4"}],"replies":[{"embeddable":true,"href":"https:\/\/nativediving.com\/pl\/wp-json\/wp\/v2\/comments?post=216975"}],"version-history":[{"count":0,"href":"https:\/\/nativediving.com\/pl\/wp-json\/wp\/v2\/pages\/216975\/revisions"}],"wp:attachment":[{"href":"https:\/\/nativediving.com\/pl\/wp-json\/wp\/v2\/media?parent=216975"}],"curies":[{"name":"wp","href":"https:\/\/api.w.org\/{rel}","templated":true}]}}