{"id":213210,"date":"2016-01-04T13:21:37","date_gmt":"2016-01-04T13:21:37","guid":{"rendered":"https:\/\/nativediving.com\/contacto\/"},"modified":"2025-11-04T10:08:55","modified_gmt":"2025-11-04T10:08:55","slug":"kontakt","status":"publish","type":"page","link":"https:\/\/nativediving.com\/pl\/kontakt\/","title":{"rendered":"Kontakt"},"content":{"rendered":"<p>[et_pb_section fb_built=&#8221;1&#8243; _builder_version=&#8221;4.16&#8243; custom_padding=&#8221;26px|0px|54px|0px|false|false&#8221; global_colors_info=&#8221;{}&#8221;][et_pb_row _builder_version=&#8221;4.16&#8243; background_size=&#8221;initial&#8221; background_position=&#8221;top_left&#8221; background_repeat=&#8221;repeat&#8221; global_colors_info=&#8221;{}&#8221;][et_pb_column type=&#8221;4_4&#8243; _builder_version=&#8221;4.16&#8243; custom_padding=&#8221;|||&#8221; global_colors_info=&#8221;{}&#8221; custom_padding__hover=&#8221;|||&#8221;][et_pb_text _builder_version=&#8221;4.16&#8243; text_font=&#8221;||||||||&#8221; text_font_size=&#8221;20px&#8221; text_letter_spacing=&#8221;2px&#8221; header_3_font=&#8221;||||||||&#8221; header_3_text_color=&#8221;#144168&#8243; background_size=&#8221;initial&#8221; background_position=&#8221;top_left&#8221; background_repeat=&#8221;repeat&#8221; global_colors_info=&#8221;{}&#8221;]<\/p>\n<p style=\"text-align: center;\">Dzi\u0119kujemy za skontaktowanie si\u0119 z nami.<\/p>\n<p style=\"text-align: center;\">Skorzystaj z formularza kontaktowego a my odpowiemy najszybciej jak to mo\u017cliwe.<\/p>\n<p>[\/et_pb_text][et_pb_contact_form captcha=&#8221;off&#8221; email=&#8221;info@nativediving.com&#8221; title=&#8221;Contact form&#8221; success_message=&#8221;Dzi\u0119kujemy za wiadomo\u015b\u0107, wkr\u00f3tce odpowiemy.&#8221; submit_button_text=&#8221;Wy\u015blij&#8221; module_id=&#8221;et_pb_contact_form_0&#8243; _builder_version=&#8221;4.21.0&#8243; _unique_id=&#8221;da1ce895-4899-4afe-b9be-164214e11342&#8243; title_font=&#8221;||||||||&#8221; form_field_font=&#8221;||||||||&#8221; hover_enabled=&#8221;0&#8243; border_width_all=&#8221;1px&#8221; border_color_all=&#8221;#0c71c3&#8243; global_colors_info=&#8221;{}&#8221; sticky_enabled=&#8221;0&#8243;][et_pb_contact_field field_id=&#8221;Name&#8221; field_title=&#8221;Name&#8221; _builder_version=&#8221;4.16&#8243; global_colors_info=&#8221;{}&#8221; button_text_size__hover_enabled=&#8221;off&#8221; button_one_text_size__hover_enabled=&#8221;off&#8221; button_two_text_size__hover_enabled=&#8221;off&#8221; button_text_color__hover_enabled=&#8221;off&#8221; button_one_text_color__hover_enabled=&#8221;off&#8221; button_two_text_color__hover_enabled=&#8221;off&#8221; button_border_width__hover_enabled=&#8221;off&#8221; button_one_border_width__hover_enabled=&#8221;off&#8221; button_two_border_width__hover_enabled=&#8221;off&#8221; button_border_color__hover_enabled=&#8221;off&#8221; button_one_border_color__hover_enabled=&#8221;off&#8221; button_two_border_color__hover_enabled=&#8221;off&#8221; button_border_radius__hover_enabled=&#8221;off&#8221; button_one_border_radius__hover_enabled=&#8221;off&#8221; button_two_border_radius__hover_enabled=&#8221;off&#8221; button_letter_spacing__hover_enabled=&#8221;off&#8221; button_one_letter_spacing__hover_enabled=&#8221;off&#8221; button_two_letter_spacing__hover_enabled=&#8221;off&#8221; button_bg_color__hover_enabled=&#8221;off&#8221; button_one_bg_color__hover_enabled=&#8221;off&#8221; button_two_bg_color__hover_enabled=&#8221;off&#8221;][\/et_pb_contact_field][et_pb_contact_field field_id=&#8221;Email&#8221; field_title=&#8221;Email&#8221; field_type=&#8221;email&#8221; _builder_version=&#8221;4.16&#8243; global_colors_info=&#8221;{}&#8221; button_text_size__hover_enabled=&#8221;off&#8221; button_one_text_size__hover_enabled=&#8221;off&#8221; button_two_text_size__hover_enabled=&#8221;off&#8221; button_text_color__hover_enabled=&#8221;off&#8221; button_one_text_color__hover_enabled=&#8221;off&#8221; button_two_text_color__hover_enabled=&#8221;off&#8221; button_border_width__hover_enabled=&#8221;off&#8221; button_one_border_width__hover_enabled=&#8221;off&#8221; button_two_border_width__hover_enabled=&#8221;off&#8221; button_border_color__hover_enabled=&#8221;off&#8221; button_one_border_color__hover_enabled=&#8221;off&#8221; button_two_border_color__hover_enabled=&#8221;off&#8221; button_border_radius__hover_enabled=&#8221;off&#8221; button_one_border_radius__hover_enabled=&#8221;off&#8221; button_two_border_radius__hover_enabled=&#8221;off&#8221; button_letter_spacing__hover_enabled=&#8221;off&#8221; button_one_letter_spacing__hover_enabled=&#8221;off&#8221; button_two_letter_spacing__hover_enabled=&#8221;off&#8221; button_bg_color__hover_enabled=&#8221;off&#8221; button_one_bg_color__hover_enabled=&#8221;off&#8221; button_two_bg_color__hover_enabled=&#8221;off&#8221;][\/et_pb_contact_field][et_pb_contact_field field_id=&#8221;Message&#8221; field_title=&#8221;Message&#8221; field_type=&#8221;text&#8221; fullwidth_field=&#8221;on&#8221; _builder_version=&#8221;4.16&#8243; global_colors_info=&#8221;{}&#8221; button_text_size__hover_enabled=&#8221;off&#8221; button_one_text_size__hover_enabled=&#8221;off&#8221; button_two_text_size__hover_enabled=&#8221;off&#8221; button_text_color__hover_enabled=&#8221;off&#8221; button_one_text_color__hover_enabled=&#8221;off&#8221; button_two_text_color__hover_enabled=&#8221;off&#8221; button_border_width__hover_enabled=&#8221;off&#8221; button_one_border_width__hover_enabled=&#8221;off&#8221; button_two_border_width__hover_enabled=&#8221;off&#8221; button_border_color__hover_enabled=&#8221;off&#8221; button_one_border_color__hover_enabled=&#8221;off&#8221; button_two_border_color__hover_enabled=&#8221;off&#8221; button_border_radius__hover_enabled=&#8221;off&#8221; button_one_border_radius__hover_enabled=&#8221;off&#8221; button_two_border_radius__hover_enabled=&#8221;off&#8221; button_letter_spacing__hover_enabled=&#8221;off&#8221; button_one_letter_spacing__hover_enabled=&#8221;off&#8221; button_two_letter_spacing__hover_enabled=&#8221;off&#8221; button_bg_color__hover_enabled=&#8221;off&#8221; button_one_bg_color__hover_enabled=&#8221;off&#8221; button_two_bg_color__hover_enabled=&#8221;off&#8221;][\/et_pb_contact_field][et_pb_contact_field field_id=&#8221;Field_4&#8243; field_title=&#8221;GDPR&#8221; field_type=&#8221;checkbox&#8221; checkbox_options=&#8221;%91{%22value%22:%22przeczytaj i zaakceptuj polityk\u0119 prywatno\u015bci%22,%22checked%22:0,%22dragID%22:0}%93&#8243; fullwidth_field=&#8221;on&#8221; _builder_version=&#8221;4.16&#8243; form_field_font=&#8221;||||||||&#8221; border_width_all=&#8221;2px&#8221; border_color_all=&#8221;#0c71c3&#8243; global_colors_info=&#8221;{}&#8221; button_text_size__hover_enabled=&#8221;off&#8221; button_one_text_size__hover_enabled=&#8221;off&#8221; button_two_text_size__hover_enabled=&#8221;off&#8221; button_text_color__hover_enabled=&#8221;off&#8221; button_one_text_color__hover_enabled=&#8221;off&#8221; button_two_text_color__hover_enabled=&#8221;off&#8221; button_border_width__hover_enabled=&#8221;off&#8221; button_one_border_width__hover_enabled=&#8221;off&#8221; button_two_border_width__hover_enabled=&#8221;off&#8221; button_border_color__hover_enabled=&#8221;off&#8221; button_one_border_color__hover_enabled=&#8221;off&#8221; button_two_border_color__hover_enabled=&#8221;off&#8221; button_border_radius__hover_enabled=&#8221;off&#8221; button_one_border_radius__hover_enabled=&#8221;off&#8221; button_two_border_radius__hover_enabled=&#8221;off&#8221; button_letter_spacing__hover_enabled=&#8221;off&#8221; button_one_letter_spacing__hover_enabled=&#8221;off&#8221; button_two_letter_spacing__hover_enabled=&#8221;off&#8221; button_bg_color__hover_enabled=&#8221;off&#8221; button_one_bg_color__hover_enabled=&#8221;off&#8221; button_two_bg_color__hover_enabled=&#8221;off&#8221;][\/et_pb_contact_field][et_pb_contact_field fullwidth_field=&#8221;on&#8221; _builder_version=&#8221;4.21.0&#8243; _module_preset=&#8221;default&#8221; field_id=&#8221;comunicaciones&#8221; field_type=&#8221;checkbox&#8221; checkbox_options=&#8221;%91{%22value%22:%22Wyra\u017cam zgod\u0119 na otrzymywanie informacji handlowych%22,%22checked%22:0,%22dragID%22:-1}%93&#8243; field_title=&#8221;Komunikacja&#8221; required_mark=&#8221;off&#8221; hover_enabled=&#8221;0&#8243; sticky_enabled=&#8221;0&#8243;][\/et_pb_contact_field][\/et_pb_contact_form][\/et_pb_column][\/et_pb_row][\/et_pb_section][et_pb_section fb_built=&#8221;1&#8243; _builder_version=&#8221;4.16&#8243; background_color=&#8221;#ffffff&#8221; global_colors_info=&#8221;{}&#8221;][et_pb_row column_structure=&#8221;1_2,1_2&#8243; _builder_version=&#8221;4.16&#8243; global_colors_info=&#8221;{}&#8221;][et_pb_column type=&#8221;1_2&#8243; _builder_version=&#8221;4.16&#8243; custom_padding=&#8221;|||&#8221; global_colors_info=&#8221;{}&#8221; custom_padding__hover=&#8221;|||&#8221;][et_pb_blurb title=&#8221;Gdzie jeste\u015bmy&#8221; use_icon=&#8221;on&#8221; font_icon=&#8221;&#xe01d;||divi||400&#8243; icon_color=&#8221;#0c71c3&#8243; icon_placement=&#8221;left&#8221; _builder_version=&#8221;4.16&#8243; header_font=&#8221;||||||||&#8221; background_size=&#8221;initial&#8221; background_position=&#8221;top_left&#8221; background_repeat=&#8221;repeat&#8221; global_colors_info=&#8221;{}&#8221;]<\/p>\n<p>Avenida del Jablillo, n\u00ba 1,Hotel Grand Teguise Playa,35508, Costa Teguise Lanzarote, Islas Canarias, Espa\u00f1a.<\/p>\n<p>[\/et_pb_blurb][\/et_pb_column][et_pb_column type=&#8221;1_2&#8243; _builder_version=&#8221;4.16&#8243; custom_padding=&#8221;|||&#8221; global_colors_info=&#8221;{}&#8221; custom_padding__hover=&#8221;|||&#8221;][et_pb_blurb title=&#8221;Portale spo\u0142eczno\u015bciowe&#8221; use_icon=&#8221;on&#8221; font_icon=&#8221;&#x77;||divi||400&#8243; icon_color=&#8221;#0c71c3&#8243; icon_placement=&#8221;left&#8221; _builder_version=&#8221;4.16&#8243; background_size=&#8221;initial&#8221; background_position=&#8221;top_left&#8221; background_repeat=&#8221;repeat&#8221; custom_margin_tablet=&#8221;&#8221; custom_margin_phone=&#8221;&#8221; custom_margin_last_edited=&#8221;on|tablet&#8221; custom_padding_tablet=&#8221;&#8221; custom_padding_phone=&#8221;&#8221; custom_padding_last_edited=&#8221;on|desktop&#8221; global_colors_info=&#8221;{}&#8221;]<\/p>\n<p style=\"font-size: 17px;\"><strong><span style=\"color: #3d5d8c;\"><a style=\"color: #3d5d8c;\" href=\"https:\/\/www.facebook.com\/Native.Diving.Lanzarote\" target=\"_blank\" rel=\"noopener noreferrer\">Facebook<\/a> \/ <a style=\"color: #3d5d8c;\" href=\"https:\/\/www.instagram.com\/native_diving\/\" target=\"_blank\" rel=\"noopener noreferrer\">Instagram<\/a> \/ <a style=\"color: #3d5d8c;\" href=\"https:\/\/www.youtube.com\/c\/NativeDivingLanzaroteBuceo\" target=\"_blank\" rel=\"noopener noreferrer\">YouTube<\/a> \/ <a style=\"color: #3d5d8c;\" href=\"https:\/\/www.tripadvisor.co.uk\/Attraction_Review-g659633-d2174387-Reviews-Native_Diving_Lanzarote-Costa_Teguise_Lanzarote_Canary_Islands.html\" target=\"_blank\" rel=\"noopener noreferrer\">Tripadvisor<\/a><\/span><\/strong><\/p>\n<p>[\/et_pb_blurb][\/et_pb_column][\/et_pb_row][et_pb_row column_structure=&#8221;1_2,1_2&#8243; _builder_version=&#8221;4.16&#8243; global_colors_info=&#8221;{}&#8221;][et_pb_column type=&#8221;1_2&#8243; _builder_version=&#8221;4.16&#8243; custom_padding=&#8221;|||&#8221; global_colors_info=&#8221;{}&#8221; custom_padding__hover=&#8221;|||&#8221;][et_pb_blurb title=&#8221;Telefon&#8221; use_icon=&#8221;on&#8221; font_icon=&#8221;&#xe00b;||divi||400&#8243; icon_color=&#8221;#0c71c3&#8243; icon_placement=&#8221;left&#8221; _builder_version=&#8221;4.16&#8243; background_size=&#8221;initial&#8221; background_position=&#8221;top_left&#8221; background_repeat=&#8221;repeat&#8221; global_colors_info=&#8221;{}&#8221;]<\/p>\n<p>Local: <a href=\"tel:+34928346096\"><strong>+34 928 346 096<\/strong><\/a><br \/> Mobile: <a href=\"tel:++34627839208\"><strong>+34 627 839 208<\/strong><\/a><\/p>\n<p>[\/et_pb_blurb][\/et_pb_column][et_pb_column type=&#8221;1_2&#8243; _builder_version=&#8221;4.16&#8243; custom_padding=&#8221;|||&#8221; global_colors_info=&#8221;{}&#8221; custom_padding__hover=&#8221;|||&#8221;][et_pb_blurb title=&#8221;Email&#8221; use_icon=&#8221;on&#8221; font_icon=&#8221;&#xe010;||divi||400&#8243; icon_color=&#8221;#0c71c3&#8243; icon_placement=&#8221;left&#8221; _builder_version=&#8221;4.16&#8243; body_font=&#8221;||||||||&#8221; background_size=&#8221;initial&#8221; background_position=&#8221;top_left&#8221; background_repeat=&#8221;repeat&#8221; global_colors_info=&#8221;{}&#8221;]<\/p>\n<p><a href=\"mailto:info@nativediving.com\"><strong>info@nativediving.com<\/strong><\/a><\/p>\n<p>[\/et_pb_blurb][\/et_pb_column][\/et_pb_row][\/et_pb_section][et_pb_section fb_built=&#8221;1&#8243; fullwidth=&#8221;on&#8221; _builder_version=&#8221;4.16&#8243; global_colors_info=&#8221;{}&#8221;][et_pb_fullwidth_code _builder_version=&#8221;4.16&#8243; text_orientation=&#8221;center&#8221; global_colors_info=&#8221;{}&#8221;]<iframe loading=\"lazy\" src=\"https:\/\/www.google.com\/maps\/embed?pb=!1m18!1m12!1m3!1d1289.1661450916708!2d-13.489558684261109!3d28.99276755967464!2m3!1f0!2f0!3f0!3m2!1i1024!2i768!4f13.1!3m3!1m2!1s0x0%3A0x1f7eec9b73cf58d9!2sNative+Diving+Lanzarote!5e1!3m2!1sen!2sus!4v1503511814819\" width=\"1600\" height=\"450\" frameborder=\"0\" style=\"border:0\" allowfullscreen><\/iframe>[\/et_pb_fullwidth_code][\/et_pb_section]<\/p>\n","protected":false},"excerpt":{"rendered":"<p>Dzi\u0119kujemy za skontaktowanie si\u0119 z nami. Skorzystaj z formularza kontaktowego a my odpowiemy najszybciej jak to mo\u017cliwe.Avenida del Jablillo, n\u00ba 1,Hotel Grand Teguise Playa,35508, Costa Teguise Lanzarote, Islas Canarias, Espa\u00f1a.Facebook \/ Instagram \/ YouTube \/ TripadvisorLocal: +34 928 346 096 Mobile: +34 627 839 208info@nativediving.com<\/p>\n","protected":false},"author":4,"featured_media":213211,"parent":0,"menu_order":0,"comment_status":"closed","ping_status":"closed","template":"","meta":{"_et_pb_use_builder":"on","_et_pb_old_content":"","_et_gb_content_width":"","footnotes":""},"yoast_head":"<!-- This site is optimized with the Yoast SEO plugin v22.2 - https:\/\/yoast.com\/wordpress\/plugins\/seo\/ -->\n<title>Skontaktuj si\u0119 z nami | Native Diving<\/title>\n<meta name=\"robots\" content=\"index, follow, max-snippet:-1, max-image-preview:large, max-video-preview:-1\" \/>\n<link rel=\"canonical\" href=\"https:\/\/nativediving.com\/pl\/kontakt\/\" \/>\n<meta property=\"og:locale\" content=\"pl_PL\" \/>\n<meta property=\"og:type\" content=\"article\" \/>\n<meta property=\"og:title\" content=\"Skontaktuj si\u0119 z nami | Native Diving\" \/>\n<meta property=\"og:description\" content=\"Dzi\u0119kujemy za skontaktowanie si\u0119 z nami. Skorzystaj z formularza kontaktowego a my odpowiemy najszybciej jak to mo\u017cliwe.Avenida del Jablillo, n\u00ba 1,Hotel Grand Teguise Playa,35508, Costa Teguise Lanzarote, Islas Canarias, Espa\u00f1a.Facebook \/ Instagram \/ YouTube \/ TripadvisorLocal: +34 928 346 096 Mobile: +34 627 839 208info@nativediving.com\" \/>\n<meta property=\"og:url\" content=\"https:\/\/nativediving.com\/pl\/kontakt\/\" \/>\n<meta property=\"og:site_name\" content=\"Native Diving\" \/>\n<meta property=\"article:publisher\" content=\"https:\/\/www.facebook.com\/Native.Diving.Lanzarote\" \/>\n<meta property=\"article:modified_time\" content=\"2025-11-04T10:08:55+00:00\" \/>\n<meta property=\"og:image\" content=\"https:\/\/nativediving.com\/wp-content\/uploads\/2017\/08\/peter-diving-lanzarote.jpg\" \/>\n\t<meta property=\"og:image:width\" content=\"1600\" \/>\n\t<meta property=\"og:image:height\" content=\"1200\" \/>\n\t<meta property=\"og:image:type\" content=\"image\/jpeg\" \/>\n<meta name=\"twitter:label1\" content=\"Szacowany czas czytania\" \/>\n\t<meta name=\"twitter:data1\" content=\"1 minuta\" \/>\n<script type=\"application\/ld+json\" class=\"yoast-schema-graph\">{\"@context\":\"https:\/\/schema.org\",\"@graph\":[{\"@type\":\"WebPage\",\"@id\":\"https:\/\/nativediving.com\/pl\/kontakt\/\",\"url\":\"https:\/\/nativediving.com\/pl\/kontakt\/\",\"name\":\"Skontaktuj si\u0119 z nami | Native Diving\",\"isPartOf\":{\"@id\":\"https:\/\/nativediving.com\/#website\"},\"primaryImageOfPage\":{\"@id\":\"https:\/\/nativediving.com\/pl\/kontakt\/#primaryimage\"},\"image\":{\"@id\":\"https:\/\/nativediving.com\/pl\/kontakt\/#primaryimage\"},\"thumbnailUrl\":\"https:\/\/nativediving.com\/wp-content\/uploads\/2017\/08\/peter-diving-lanzarote.jpg\",\"datePublished\":\"2016-01-04T13:21:37+00:00\",\"dateModified\":\"2025-11-04T10:08:55+00:00\",\"breadcrumb\":{\"@id\":\"https:\/\/nativediving.com\/pl\/kontakt\/#breadcrumb\"},\"inLanguage\":\"pl-PL\",\"potentialAction\":[{\"@type\":\"ReadAction\",\"target\":[\"https:\/\/nativediving.com\/pl\/kontakt\/\"]}]},{\"@type\":\"ImageObject\",\"inLanguage\":\"pl-PL\",\"@id\":\"https:\/\/nativediving.com\/pl\/kontakt\/#primaryimage\",\"url\":\"https:\/\/nativediving.com\/wp-content\/uploads\/2017\/08\/peter-diving-lanzarote.jpg\",\"contentUrl\":\"https:\/\/nativediving.com\/wp-content\/uploads\/2017\/08\/peter-diving-lanzarote.jpg\",\"width\":1600,\"height\":1200},{\"@type\":\"BreadcrumbList\",\"@id\":\"https:\/\/nativediving.com\/pl\/kontakt\/#breadcrumb\",\"itemListElement\":[{\"@type\":\"ListItem\",\"position\":1,\"name\":\"Escuela de buceo\",\"item\":\"https:\/\/nativediving.com\/pl\/\"},{\"@type\":\"ListItem\",\"position\":2,\"name\":\"Kontakt\"}]},{\"@type\":\"WebSite\",\"@id\":\"https:\/\/nativediving.com\/#website\",\"url\":\"https:\/\/nativediving.com\/\",\"name\":\"Native Diving\",\"description\":\"Centro de buceo SSI y PADI en Lanzarote\",\"publisher\":{\"@id\":\"https:\/\/nativediving.com\/#organization\"},\"potentialAction\":[{\"@type\":\"SearchAction\",\"target\":{\"@type\":\"EntryPoint\",\"urlTemplate\":\"https:\/\/nativediving.com\/?s={search_term_string}\"},\"query-input\":\"required name=search_term_string\"}],\"inLanguage\":\"pl-PL\"},{\"@type\":\"Organization\",\"@id\":\"https:\/\/nativediving.com\/#organization\",\"name\":\"Native Diving Lanzarote\",\"url\":\"https:\/\/nativediving.com\/\",\"logo\":{\"@type\":\"ImageObject\",\"inLanguage\":\"pl-PL\",\"@id\":\"https:\/\/nativediving.com\/#\/schema\/logo\/image\/\",\"url\":\"https:\/\/nativediving.com\/wp-content\/uploads\/2017\/11\/Escudo_NativeDiving_Azul.png\",\"contentUrl\":\"https:\/\/nativediving.com\/wp-content\/uploads\/2017\/11\/Escudo_NativeDiving_Azul.png\",\"width\":3295,\"height\":2480,\"caption\":\"Native Diving Lanzarote\"},\"image\":{\"@id\":\"https:\/\/nativediving.com\/#\/schema\/logo\/image\/\"},\"sameAs\":[\"https:\/\/www.facebook.com\/Native.Diving.Lanzarote\",\"https:\/\/twitter.com\/nativedivingLZ\",\"https:\/\/www.youtube.com\/c\/NativeDivingLanzaroteBuceo\"]}]}<\/script>\n<!-- \/ Yoast SEO plugin. -->","yoast_head_json":{"title":"Skontaktuj si\u0119 z nami | Native Diving","robots":{"index":"index","follow":"follow","max-snippet":"max-snippet:-1","max-image-preview":"max-image-preview:large","max-video-preview":"max-video-preview:-1"},"canonical":"https:\/\/nativediving.com\/pl\/kontakt\/","og_locale":"pl_PL","og_type":"article","og_title":"Skontaktuj si\u0119 z nami | Native Diving","og_description":"Dzi\u0119kujemy za skontaktowanie si\u0119 z nami. Skorzystaj z formularza kontaktowego a my odpowiemy najszybciej jak to mo\u017cliwe.Avenida del Jablillo, n\u00ba 1,Hotel Grand Teguise Playa,35508, Costa Teguise Lanzarote, Islas Canarias, Espa\u00f1a.Facebook \/ Instagram \/ YouTube \/ TripadvisorLocal: +34 928 346 096 Mobile: +34 627 839 208info@nativediving.com","og_url":"https:\/\/nativediving.com\/pl\/kontakt\/","og_site_name":"Native Diving","article_publisher":"https:\/\/www.facebook.com\/Native.Diving.Lanzarote","article_modified_time":"2025-11-04T10:08:55+00:00","og_image":[{"width":1600,"height":1200,"url":"https:\/\/nativediving.com\/wp-content\/uploads\/2017\/08\/peter-diving-lanzarote.jpg","type":"image\/jpeg"}],"twitter_misc":{"Szacowany czas czytania":"1 minuta"},"schema":{"@context":"https:\/\/schema.org","@graph":[{"@type":"WebPage","@id":"https:\/\/nativediving.com\/pl\/kontakt\/","url":"https:\/\/nativediving.com\/pl\/kontakt\/","name":"Skontaktuj si\u0119 z nami | Native Diving","isPartOf":{"@id":"https:\/\/nativediving.com\/#website"},"primaryImageOfPage":{"@id":"https:\/\/nativediving.com\/pl\/kontakt\/#primaryimage"},"image":{"@id":"https:\/\/nativediving.com\/pl\/kontakt\/#primaryimage"},"thumbnailUrl":"https:\/\/nativediving.com\/wp-content\/uploads\/2017\/08\/peter-diving-lanzarote.jpg","datePublished":"2016-01-04T13:21:37+00:00","dateModified":"2025-11-04T10:08:55+00:00","breadcrumb":{"@id":"https:\/\/nativediving.com\/pl\/kontakt\/#breadcrumb"},"inLanguage":"pl-PL","potentialAction":[{"@type":"ReadAction","target":["https:\/\/nativediving.com\/pl\/kontakt\/"]}]},{"@type":"ImageObject","inLanguage":"pl-PL","@id":"https:\/\/nativediving.com\/pl\/kontakt\/#primaryimage","url":"https:\/\/nativediving.com\/wp-content\/uploads\/2017\/08\/peter-diving-lanzarote.jpg","contentUrl":"https:\/\/nativediving.com\/wp-content\/uploads\/2017\/08\/peter-diving-lanzarote.jpg","width":1600,"height":1200},{"@type":"BreadcrumbList","@id":"https:\/\/nativediving.com\/pl\/kontakt\/#breadcrumb","itemListElement":[{"@type":"ListItem","position":1,"name":"Escuela de buceo","item":"https:\/\/nativediving.com\/pl\/"},{"@type":"ListItem","position":2,"name":"Kontakt"}]},{"@type":"WebSite","@id":"https:\/\/nativediving.com\/#website","url":"https:\/\/nativediving.com\/","name":"Native Diving","description":"Centro de buceo SSI y PADI en Lanzarote","publisher":{"@id":"https:\/\/nativediving.com\/#organization"},"potentialAction":[{"@type":"SearchAction","target":{"@type":"EntryPoint","urlTemplate":"https:\/\/nativediving.com\/?s={search_term_string}"},"query-input":"required name=search_term_string"}],"inLanguage":"pl-PL"},{"@type":"Organization","@id":"https:\/\/nativediving.com\/#organization","name":"Native Diving Lanzarote","url":"https:\/\/nativediving.com\/","logo":{"@type":"ImageObject","inLanguage":"pl-PL","@id":"https:\/\/nativediving.com\/#\/schema\/logo\/image\/","url":"https:\/\/nativediving.com\/wp-content\/uploads\/2017\/11\/Escudo_NativeDiving_Azul.png","contentUrl":"https:\/\/nativediving.com\/wp-content\/uploads\/2017\/11\/Escudo_NativeDiving_Azul.png","width":3295,"height":2480,"caption":"Native Diving Lanzarote"},"image":{"@id":"https:\/\/nativediving.com\/#\/schema\/logo\/image\/"},"sameAs":["https:\/\/www.facebook.com\/Native.Diving.Lanzarote","https:\/\/twitter.com\/nativedivingLZ","https:\/\/www.youtube.com\/c\/NativeDivingLanzaroteBuceo"]}]}},"_links":{"self":[{"href":"https:\/\/nativediving.com\/pl\/wp-json\/wp\/v2\/pages\/213210"}],"collection":[{"href":"https:\/\/nativediving.com\/pl\/wp-json\/wp\/v2\/pages"}],"about":[{"href":"https:\/\/nativediving.com\/pl\/wp-json\/wp\/v2\/types\/page"}],"author":[{"embeddable":true,"href":"https:\/\/nativediving.com\/pl\/wp-json\/wp\/v2\/users\/4"}],"replies":[{"embeddable":true,"href":"https:\/\/nativediving.com\/pl\/wp-json\/wp\/v2\/comments?post=213210"}],"version-history":[{"count":1,"href":"https:\/\/nativediving.com\/pl\/wp-json\/wp\/v2\/pages\/213210\/revisions"}],"predecessor-version":[{"id":218831,"href":"https:\/\/nativediving.com\/pl\/wp-json\/wp\/v2\/pages\/213210\/revisions\/218831"}],"wp:featuredmedia":[{"embeddable":true,"href":"https:\/\/nativediving.com\/pl\/wp-json\/wp\/v2\/media\/213211"}],"wp:attachment":[{"href":"https:\/\/nativediving.com\/pl\/wp-json\/wp\/v2\/media?parent=213210"}],"curies":[{"name":"wp","href":"https:\/\/api.w.org\/{rel}","templated":true}]}}