{"id":213109,"date":"2016-09-22T10:55:49","date_gmt":"2016-09-22T10:55:49","guid":{"rendered":"https:\/\/nativediving.com\/snorkel-en-lanzarote\/"},"modified":"2024-12-02T16:59:39","modified_gmt":"2024-12-02T16:59:39","slug":"snorklowanie-na-lanzarote","status":"publish","type":"page","link":"https:\/\/nativediving.com\/pl\/snorklowanie-na-lanzarote\/","title":{"rendered":"Snorklowanie na Lanzarote"},"content":{"rendered":"<p>[et_pb_section fb_built=&#8221;1&#8243; module_id=&#8221;layouts&#8221; _builder_version=&#8221;4.16&#8243; global_colors_info=&#8221;{}&#8221;][et_pb_row _builder_version=&#8221;4.21.0&#8243; hover_enabled=&#8221;0&#8243; global_colors_info=&#8221;{}&#8221; module_id=&#8221;calendario-reserva&#8221; sticky_enabled=&#8221;0&#8243;][et_pb_column type=&#8221;4_4&#8243; _builder_version=&#8221;4.16&#8243; custom_padding=&#8221;|||&#8221; global_colors_info=&#8221;{}&#8221; custom_padding__hover=&#8221;|||&#8221;][et_pb_text _builder_version=&#8221;4.19.1&#8243; text_font=&#8221;||||||||&#8221; header_font=&#8221;||||||||&#8221; global_colors_info=&#8221;{}&#8221;]<\/p>\n<h1>Snorkeling w Lanzarote<\/h1>\n<p><strong>Playa del Jablillo to najlepsza pla\u017ca na Lanzarote do snorkelingu.<\/strong><br \/>Playa del Jablillo to najlepsza i najbezpieczniejsza pla\u017ca na Lanzarote do takich aktywno\u015bci jak snorkeling, nurkowanie, Sea Trek czy po prostu opalanie. Dno morskie tworz\u0105 ska\u0142y wulkaniczne, z\u0142oty piasek i turkusowa woda. Ma maksymaln\u0105 g\u0142\u0119boko\u015b\u0107 6 metr\u00f3w i jest idealnym miejscem do nauki nurkowania.<br \/>Pas przybrze\u017cny otaczaj\u0105cy pla\u017c\u0119 Jablillo ma bogat\u0105 faun\u0119 morsk\u0105, wi\u0119c nie mo\u017cna go pomin\u0105\u0107.<\/p>\n<p><!-- FareHarbor calendar of item #121760 --><\/p>\n<p>\n<script src=\"https:\/\/fareharbor.com\/embeds\/script\/calendar\/nativediving\/items\/121760\/?fallback=simple&amp;full-items=yes&amp;flow=125433\"><\/script>\n<\/p>\n<p>[\/et_pb_text][\/et_pb_column][\/et_pb_row][et_pb_row column_structure=&#8221;1_2,1_2&#8243; _builder_version=&#8221;4.16&#8243; background_size=&#8221;initial&#8221; background_position=&#8221;top_left&#8221; background_repeat=&#8221;repeat&#8221; global_colors_info=&#8221;{}&#8221;][et_pb_column type=&#8221;1_2&#8243; _builder_version=&#8221;4.16&#8243; custom_padding=&#8221;|||&#8221; global_colors_info=&#8221;{}&#8221; custom_padding__hover=&#8221;|||&#8221;][et_pb_image src=&#8221;https:\/\/nativediving.com\/wp-content\/uploads\/2017\/08\/Alquiler-Snorkel-completo.jpg&#8221; alt=&#8221;Tour guiado de snorkel&#8221; title_text=&#8221;Tour guiado de snorkel&#8221; align_tablet=&#8221;center&#8221; align_phone=&#8221;&#8221; align_last_edited=&#8221;on|desktop&#8221; admin_label=&#8221;Image&#8221; _builder_version=&#8221;4.16&#8243; animation_style=&#8221;slide&#8221; animation_direction=&#8221;right&#8221; animation_duration=&#8221;500ms&#8221; animation_intensity_slide=&#8221;10%&#8221; animation=&#8221;right&#8221; global_colors_info=&#8221;{}&#8221;][\/et_pb_image][\/et_pb_column][et_pb_column type=&#8221;1_2&#8243; _builder_version=&#8221;4.16&#8243; custom_padding=&#8221;|||&#8221; global_colors_info=&#8221;{}&#8221; custom_padding__hover=&#8221;|||&#8221;][et_pb_cta title=&#8221;Snorklowanie z przewodnikiem&#8221; button_url=&#8221;#&#8221; admin_label=&#8221;Call To Action&#8221; _builder_version=&#8221;4.21.0&#8243; header_level=&#8221;h3&#8243; header_font=&#8221;||||||||&#8221; use_background_color=&#8221;off&#8221; background_size=&#8221;initial&#8221; background_position=&#8221;top_left&#8221; background_repeat=&#8221;repeat&#8221; text_orientation=&#8221;left&#8221; background_layout=&#8221;light&#8221; custom_margin=&#8221;|||&#8221; custom_margin_tablet=&#8221;1px|||&#8221; custom_margin_phone=&#8221;1px|||&#8221; custom_margin_last_edited=&#8221;on|desktop&#8221; global_colors_info=&#8221;{}&#8221; button_text_size__hover_enabled=&#8221;off&#8221; button_one_text_size__hover_enabled=&#8221;off&#8221; button_two_text_size__hover_enabled=&#8221;off&#8221; button_text_color__hover_enabled=&#8221;off&#8221; button_one_text_color__hover_enabled=&#8221;off&#8221; button_two_text_color__hover_enabled=&#8221;off&#8221; button_border_width__hover_enabled=&#8221;off&#8221; button_one_border_width__hover_enabled=&#8221;off&#8221; button_two_border_width__hover_enabled=&#8221;off&#8221; button_border_color__hover_enabled=&#8221;off&#8221; button_one_border_color__hover_enabled=&#8221;off&#8221; button_two_border_color__hover_enabled=&#8221;off&#8221; button_border_radius__hover_enabled=&#8221;off&#8221; button_one_border_radius__hover_enabled=&#8221;off&#8221; button_two_border_radius__hover_enabled=&#8221;off&#8221; button_letter_spacing__hover_enabled=&#8221;off&#8221; button_one_letter_spacing__hover_enabled=&#8221;off&#8221; button_two_letter_spacing__hover_enabled=&#8221;off&#8221; button_bg_color__hover_enabled=&#8221;off&#8221; button_one_bg_color__hover_enabled=&#8221;off&#8221; button_two_bg_color__hover_enabled=&#8221;off&#8221;]<\/p>\n<ul>\n<li>Wycieczka z przewodnikiem do snorkelingu<br \/>Zarezerwuj nasze wycieczki z przewodnikiem do nurkowania na najlepszych pla\u017cach Lanzarote. Zarezerwuj nasz\u0105 wycieczk\u0119 z przewodnikiem na Playa del Jablillo, najlepsz\u0105 pla\u017c\u0119 do nurkowania z rurk\u0105 na Lanzarote.<br \/>Nauczymy Ci\u0119 podstaw snorkelingu i poka\u017cemy Ci wspania\u0142e morskie \u017cycie Lanzarote.Miejsce: Playa del Jablillo<strong>Cena: <\/strong><\/li>\n<li><strong>50\u20ac z przewodnikiem<br \/><\/strong>W zestawie:\n<p>Sprz\u0119t do snorkelingu (gogle, rurka, p\u0142etwy i kombinezon)<br \/>Czas trwania: 60 min.<br \/>Harmonogram: konsultacja<br \/>Ubezpieczenie dzia\u0142alno\u015bci<\/p>\n<\/li>\n<\/ul>\n<p>[\/et_pb_cta][\/et_pb_column][\/et_pb_row][et_pb_row column_structure=&#8221;1_2,1_2&#8243; _builder_version=&#8221;4.16&#8243; background_size=&#8221;initial&#8221; background_position=&#8221;top_left&#8221; background_repeat=&#8221;repeat&#8221; global_colors_info=&#8221;{}&#8221;][et_pb_column type=&#8221;1_2&#8243; _builder_version=&#8221;4.16&#8243; custom_padding=&#8221;|||&#8221; global_colors_info=&#8221;{}&#8221; custom_padding__hover=&#8221;|||&#8221;][et_pb_image src=&#8221;https:\/\/nativediving.com\/wp-content\/uploads\/2017\/08\/alquiler-pack-snorkel.jpg&#8221; alt=&#8221;Alquiler de snorkel&#8221; title_text=&#8221;Alquiler de snorkel&#8221; align_tablet=&#8221;center&#8221; align_phone=&#8221;&#8221; align_last_edited=&#8221;on|desktop&#8221; admin_label=&#8221;Image&#8221; _builder_version=&#8221;4.16&#8243; animation_style=&#8221;slide&#8221; animation_direction=&#8221;right&#8221; animation_duration=&#8221;500ms&#8221; animation_intensity_slide=&#8221;10%&#8221; animation=&#8221;right&#8221; global_colors_info=&#8221;{}&#8221;][\/et_pb_image][\/et_pb_column][et_pb_column type=&#8221;1_2&#8243; _builder_version=&#8221;4.16&#8243; custom_padding=&#8221;|||&#8221; global_colors_info=&#8221;{}&#8221; custom_padding__hover=&#8221;|||&#8221;][et_pb_cta title=&#8221;Wypo\u017cyczalnie zestawu do  snorklingu: maska, rurka, p\u0142etwy oraz pianka&#8221; button_url=&#8221;#&#8221; admin_label=&#8221;Call To Action&#8221; _builder_version=&#8221;4.16&#8243; header_level=&#8221;h3&#8243; header_font=&#8221;||||||||&#8221; use_background_color=&#8221;off&#8221; background_size=&#8221;initial&#8221; background_position=&#8221;top_left&#8221; background_repeat=&#8221;repeat&#8221; text_orientation=&#8221;left&#8221; background_layout=&#8221;light&#8221; global_colors_info=&#8221;{}&#8221; button_text_size__hover_enabled=&#8221;off&#8221; button_one_text_size__hover_enabled=&#8221;off&#8221; button_two_text_size__hover_enabled=&#8221;off&#8221; button_text_color__hover_enabled=&#8221;off&#8221; button_one_text_color__hover_enabled=&#8221;off&#8221; button_two_text_color__hover_enabled=&#8221;off&#8221; button_border_width__hover_enabled=&#8221;off&#8221; button_one_border_width__hover_enabled=&#8221;off&#8221; button_two_border_width__hover_enabled=&#8221;off&#8221; button_border_color__hover_enabled=&#8221;off&#8221; button_one_border_color__hover_enabled=&#8221;off&#8221; button_two_border_color__hover_enabled=&#8221;off&#8221; button_border_radius__hover_enabled=&#8221;off&#8221; button_one_border_radius__hover_enabled=&#8221;off&#8221; button_two_border_radius__hover_enabled=&#8221;off&#8221; button_letter_spacing__hover_enabled=&#8221;off&#8221; button_one_letter_spacing__hover_enabled=&#8221;off&#8221; button_two_letter_spacing__hover_enabled=&#8221;off&#8221; button_bg_color__hover_enabled=&#8221;off&#8221; button_one_bg_color__hover_enabled=&#8221;off&#8221; button_two_bg_color__hover_enabled=&#8221;off&#8221;]<\/p>\n<p>&nbsp;<\/p>\n<p>Wypo\u017cyczenie rurki do nurkowania: okulary, rurka, p\u0142etwy i kombinezon.<br \/>Mamy pakiet snorkelowy z goglami, rurk\u0105, p\u0142etwami i neoprenem (mokrym kombinezonem), aby cieszy\u0107 si\u0119 snorkelingiem w pe\u0142nych warunkach.<\/p>\n<p><strong>Cena wynajmu: 20\u20ac\/dzie\u0144<\/strong><\/p>\n<p>[\/et_pb_cta][\/et_pb_column][\/et_pb_row][et_pb_row column_structure=&#8221;1_2,1_2&#8243; _builder_version=&#8221;4.16&#8243; background_size=&#8221;initial&#8221; background_position=&#8221;top_left&#8221; background_repeat=&#8221;repeat&#8221; global_colors_info=&#8221;{}&#8221;][et_pb_column type=&#8221;1_2&#8243; _builder_version=&#8221;4.16&#8243; custom_padding=&#8221;|||&#8221; global_colors_info=&#8221;{}&#8221; custom_padding__hover=&#8221;|||&#8221;][et_pb_image src=&#8221;https:\/\/nativediving.com\/wp-content\/uploads\/2016\/06\/snorkel-nuevo-alquiler-en-lanzarote.jpg&#8221; alt=&#8221;snorkel full face&#8221; title_text=&#8221;Snorkel full face&#8221; align_tablet=&#8221;center&#8221; align_phone=&#8221;&#8221; align_last_edited=&#8221;on|desktop&#8221; admin_label=&#8221;Image&#8221; _builder_version=&#8221;4.16&#8243; animation_style=&#8221;slide&#8221; animation_direction=&#8221;right&#8221; animation_duration=&#8221;500ms&#8221; animation_intensity_slide=&#8221;10%&#8221; animation=&#8221;right&#8221; global_colors_info=&#8221;{}&#8221;][\/et_pb_image][\/et_pb_column][et_pb_column type=&#8221;1_2&#8243; _builder_version=&#8221;4.16&#8243; custom_padding=&#8221;|||&#8221; global_colors_info=&#8221;{}&#8221; custom_padding__hover=&#8221;|||&#8221;][et_pb_cta title=&#8221;Snorklowanie w masce pe\u0142notwarzowej&#8221; button_url=&#8221;#&#8221; admin_label=&#8221;Call To Action&#8221; _builder_version=&#8221;4.16&#8243; header_level=&#8221;h3&#8243; header_font=&#8221;||||||||&#8221; use_background_color=&#8221;off&#8221; background_size=&#8221;initial&#8221; background_position=&#8221;top_left&#8221; background_repeat=&#8221;repeat&#8221; text_orientation=&#8221;left&#8221; background_layout=&#8221;light&#8221; global_colors_info=&#8221;{}&#8221; button_text_size__hover_enabled=&#8221;off&#8221; button_one_text_size__hover_enabled=&#8221;off&#8221; button_two_text_size__hover_enabled=&#8221;off&#8221; button_text_color__hover_enabled=&#8221;off&#8221; button_one_text_color__hover_enabled=&#8221;off&#8221; button_two_text_color__hover_enabled=&#8221;off&#8221; button_border_width__hover_enabled=&#8221;off&#8221; button_one_border_width__hover_enabled=&#8221;off&#8221; button_two_border_width__hover_enabled=&#8221;off&#8221; button_border_color__hover_enabled=&#8221;off&#8221; button_one_border_color__hover_enabled=&#8221;off&#8221; button_two_border_color__hover_enabled=&#8221;off&#8221; button_border_radius__hover_enabled=&#8221;off&#8221; button_one_border_radius__hover_enabled=&#8221;off&#8221; button_two_border_radius__hover_enabled=&#8221;off&#8221; button_letter_spacing__hover_enabled=&#8221;off&#8221; button_one_letter_spacing__hover_enabled=&#8221;off&#8221; button_two_letter_spacing__hover_enabled=&#8221;off&#8221; button_bg_color__hover_enabled=&#8221;off&#8221; button_one_bg_color__hover_enabled=&#8221;off&#8221; button_two_bg_color__hover_enabled=&#8221;off&#8221;]<\/p>\n<p>Snorkeling z pe\u0142n\u0105 twarz\u0105<br \/>Full face snorkelling to zupe\u0142nie inny spos\u00f3b nurkowania, mo\u017cliwo\u015b\u0107 oddychania przez usta i nos za pomoc\u0105 maski. Nie przegap tego w naszym centrum nurkowym w Costa Teguise.<\/p>\n<p><strong>Cena wynajmu: 10\u20ac\/dzie\u0144<\/strong><\/p>\n<p>[\/et_pb_cta][\/et_pb_column][\/et_pb_row][et_pb_row _builder_version=&#8221;4.19.0&#8243; _module_preset=&#8221;default&#8221; global_colors_info=&#8221;{}&#8221;][et_pb_column type=&#8221;4_4&#8243; _builder_version=&#8221;4.19.0&#8243; _module_preset=&#8221;default&#8221; global_colors_info=&#8221;{}&#8221;][et_pb_video src=&#8221;https:\/\/youtu.be\/dC2X4G38pZw&#8221; _builder_version=&#8221;4.19.1&#8243; _module_preset=&#8221;default&#8221; width=&#8221;48%&#8221; global_colors_info=&#8221;{}&#8221;][\/et_pb_video][\/et_pb_column][\/et_pb_row][\/et_pb_section][et_pb_section fb_built=&#8221;1&#8243; fullwidth=&#8221;on&#8221; theme_builder_area=&#8221;post_content&#8221; _builder_version=&#8221;4.21.0&#8243; _module_preset=&#8221;default&#8221;][et_pb_fullwidth_code _builder_version=&#8221;4.21.0&#8243; _module_preset=&#8221;default&#8221; theme_builder_area=&#8221;post_content&#8221; hover_enabled=&#8221;0&#8243; sticky_enabled=&#8221;0&#8243;]<a class=\"btn-calendario\" href=\"#calendario-reserva\">Zarezerwuj teraz<\/a>[\/et_pb_fullwidth_code][\/et_pb_section]<\/p>\n","protected":false},"excerpt":{"rendered":"<p>Snorkeling w Lanzarote Playa del Jablillo to najlepsza pla\u017ca na Lanzarote do snorkelingu.Playa del Jablillo to najlepsza i najbezpieczniejsza pla\u017ca na Lanzarote do takich aktywno\u015bci jak snorkeling, nurkowanie, Sea Trek czy po prostu opalanie. Dno morskie tworz\u0105 ska\u0142y wulkaniczne, z\u0142oty piasek i turkusowa woda. Ma maksymaln\u0105 g\u0142\u0119boko\u015b\u0107 6 metr\u00f3w i jest idealnym miejscem do nauki [&hellip;]<\/p>\n","protected":false},"author":4,"featured_media":216542,"parent":0,"menu_order":0,"comment_status":"closed","ping_status":"closed","template":"","meta":{"_et_pb_use_builder":"on","_et_pb_old_content":"","_et_gb_content_width":"","footnotes":""},"yoast_head":"<!-- This site is optimized with the Yoast SEO plugin v22.2 - https:\/\/yoast.com\/wordpress\/plugins\/seo\/ -->\n<title>Snorkel in Lanzarote | NativeDiving<\/title>\n<meta name=\"description\" content=\"Snorkel es la forma m\u00e1s f\u00e1cil de sumergirse en el mar y observar la vida marina de Lanzarote.Snorkel full face, alquiler pack snorkel y snorkel tour guiado.\" \/>\n<meta name=\"robots\" content=\"index, follow, max-snippet:-1, max-image-preview:large, max-video-preview:-1\" \/>\n<link rel=\"canonical\" href=\"https:\/\/nativediving.com\/pl\/snorklowanie-na-lanzarote\/\" \/>\n<meta property=\"og:locale\" content=\"pl_PL\" \/>\n<meta property=\"og:type\" content=\"article\" \/>\n<meta property=\"og:title\" content=\"Snorkel in Lanzarote | NativeDiving\" \/>\n<meta property=\"og:description\" content=\"Snorkel es la forma m\u00e1s f\u00e1cil de sumergirse en el mar y observar la vida marina de Lanzarote.Snorkel full face, alquiler pack snorkel y snorkel tour guiado.\" \/>\n<meta property=\"og:url\" content=\"https:\/\/nativediving.com\/pl\/snorklowanie-na-lanzarote\/\" \/>\n<meta property=\"og:site_name\" content=\"Native Diving\" \/>\n<meta property=\"article:publisher\" content=\"https:\/\/www.facebook.com\/Native.Diving.Lanzarote\" \/>\n<meta property=\"article:modified_time\" content=\"2024-12-02T16:59:39+00:00\" \/>\n<meta property=\"og:image\" content=\"https:\/\/nativediving.com\/wp-content\/uploads\/2022\/11\/SNORKEL-YAIZA-scaled.jpg\" \/>\n\t<meta property=\"og:image:width\" content=\"2560\" \/>\n\t<meta property=\"og:image:height\" content=\"1700\" \/>\n\t<meta property=\"og:image:type\" content=\"image\/jpeg\" \/>\n<meta name=\"twitter:label1\" content=\"Szacowany czas czytania\" \/>\n\t<meta name=\"twitter:data1\" content=\"2 minuty\" \/>\n<script type=\"application\/ld+json\" class=\"yoast-schema-graph\">{\"@context\":\"https:\/\/schema.org\",\"@graph\":[{\"@type\":\"WebPage\",\"@id\":\"https:\/\/nativediving.com\/pl\/snorklowanie-na-lanzarote\/\",\"url\":\"https:\/\/nativediving.com\/pl\/snorklowanie-na-lanzarote\/\",\"name\":\"Snorkel in Lanzarote | NativeDiving\",\"isPartOf\":{\"@id\":\"https:\/\/nativediving.com\/#website\"},\"primaryImageOfPage\":{\"@id\":\"https:\/\/nativediving.com\/pl\/snorklowanie-na-lanzarote\/#primaryimage\"},\"image\":{\"@id\":\"https:\/\/nativediving.com\/pl\/snorklowanie-na-lanzarote\/#primaryimage\"},\"thumbnailUrl\":\"https:\/\/nativediving.com\/wp-content\/uploads\/2022\/11\/SNORKEL-YAIZA-scaled.jpg\",\"datePublished\":\"2016-09-22T10:55:49+00:00\",\"dateModified\":\"2024-12-02T16:59:39+00:00\",\"description\":\"Snorkel es la forma m\u00e1s f\u00e1cil de sumergirse en el mar y observar la vida marina de Lanzarote.Snorkel full face, alquiler pack snorkel y snorkel tour guiado.\",\"breadcrumb\":{\"@id\":\"https:\/\/nativediving.com\/pl\/snorklowanie-na-lanzarote\/#breadcrumb\"},\"inLanguage\":\"pl-PL\",\"potentialAction\":[{\"@type\":\"ReadAction\",\"target\":[\"https:\/\/nativediving.com\/pl\/snorklowanie-na-lanzarote\/\"]}]},{\"@type\":\"ImageObject\",\"inLanguage\":\"pl-PL\",\"@id\":\"https:\/\/nativediving.com\/pl\/snorklowanie-na-lanzarote\/#primaryimage\",\"url\":\"https:\/\/nativediving.com\/wp-content\/uploads\/2022\/11\/SNORKEL-YAIZA-scaled.jpg\",\"contentUrl\":\"https:\/\/nativediving.com\/wp-content\/uploads\/2022\/11\/SNORKEL-YAIZA-scaled.jpg\",\"width\":2560,\"height\":1700},{\"@type\":\"BreadcrumbList\",\"@id\":\"https:\/\/nativediving.com\/pl\/snorklowanie-na-lanzarote\/#breadcrumb\",\"itemListElement\":[{\"@type\":\"ListItem\",\"position\":1,\"name\":\"Escuela de buceo\",\"item\":\"https:\/\/nativediving.com\/pl\/\"},{\"@type\":\"ListItem\",\"position\":2,\"name\":\"Snorklowanie na Lanzarote\"}]},{\"@type\":\"WebSite\",\"@id\":\"https:\/\/nativediving.com\/#website\",\"url\":\"https:\/\/nativediving.com\/\",\"name\":\"Native Diving\",\"description\":\"Centro de buceo SSI y PADI en Lanzarote\",\"publisher\":{\"@id\":\"https:\/\/nativediving.com\/#organization\"},\"potentialAction\":[{\"@type\":\"SearchAction\",\"target\":{\"@type\":\"EntryPoint\",\"urlTemplate\":\"https:\/\/nativediving.com\/?s={search_term_string}\"},\"query-input\":\"required name=search_term_string\"}],\"inLanguage\":\"pl-PL\"},{\"@type\":\"Organization\",\"@id\":\"https:\/\/nativediving.com\/#organization\",\"name\":\"Native Diving Lanzarote\",\"url\":\"https:\/\/nativediving.com\/\",\"logo\":{\"@type\":\"ImageObject\",\"inLanguage\":\"pl-PL\",\"@id\":\"https:\/\/nativediving.com\/#\/schema\/logo\/image\/\",\"url\":\"https:\/\/nativediving.com\/wp-content\/uploads\/2017\/11\/Escudo_NativeDiving_Azul.png\",\"contentUrl\":\"https:\/\/nativediving.com\/wp-content\/uploads\/2017\/11\/Escudo_NativeDiving_Azul.png\",\"width\":3295,\"height\":2480,\"caption\":\"Native Diving Lanzarote\"},\"image\":{\"@id\":\"https:\/\/nativediving.com\/#\/schema\/logo\/image\/\"},\"sameAs\":[\"https:\/\/www.facebook.com\/Native.Diving.Lanzarote\",\"https:\/\/twitter.com\/nativedivingLZ\",\"https:\/\/www.youtube.com\/c\/NativeDivingLanzaroteBuceo\"]}]}<\/script>\n<!-- \/ Yoast SEO plugin. -->","yoast_head_json":{"title":"Snorkel in Lanzarote | NativeDiving","description":"Snorkel es la forma m\u00e1s f\u00e1cil de sumergirse en el mar y observar la vida marina de Lanzarote.Snorkel full face, alquiler pack snorkel y snorkel tour guiado.","robots":{"index":"index","follow":"follow","max-snippet":"max-snippet:-1","max-image-preview":"max-image-preview:large","max-video-preview":"max-video-preview:-1"},"canonical":"https:\/\/nativediving.com\/pl\/snorklowanie-na-lanzarote\/","og_locale":"pl_PL","og_type":"article","og_title":"Snorkel in Lanzarote | NativeDiving","og_description":"Snorkel es la forma m\u00e1s f\u00e1cil de sumergirse en el mar y observar la vida marina de Lanzarote.Snorkel full face, alquiler pack snorkel y snorkel tour guiado.","og_url":"https:\/\/nativediving.com\/pl\/snorklowanie-na-lanzarote\/","og_site_name":"Native Diving","article_publisher":"https:\/\/www.facebook.com\/Native.Diving.Lanzarote","article_modified_time":"2024-12-02T16:59:39+00:00","og_image":[{"width":2560,"height":1700,"url":"https:\/\/nativediving.com\/wp-content\/uploads\/2022\/11\/SNORKEL-YAIZA-scaled.jpg","type":"image\/jpeg"}],"twitter_misc":{"Szacowany czas czytania":"2 minuty"},"schema":{"@context":"https:\/\/schema.org","@graph":[{"@type":"WebPage","@id":"https:\/\/nativediving.com\/pl\/snorklowanie-na-lanzarote\/","url":"https:\/\/nativediving.com\/pl\/snorklowanie-na-lanzarote\/","name":"Snorkel in Lanzarote | NativeDiving","isPartOf":{"@id":"https:\/\/nativediving.com\/#website"},"primaryImageOfPage":{"@id":"https:\/\/nativediving.com\/pl\/snorklowanie-na-lanzarote\/#primaryimage"},"image":{"@id":"https:\/\/nativediving.com\/pl\/snorklowanie-na-lanzarote\/#primaryimage"},"thumbnailUrl":"https:\/\/nativediving.com\/wp-content\/uploads\/2022\/11\/SNORKEL-YAIZA-scaled.jpg","datePublished":"2016-09-22T10:55:49+00:00","dateModified":"2024-12-02T16:59:39+00:00","description":"Snorkel es la forma m\u00e1s f\u00e1cil de sumergirse en el mar y observar la vida marina de Lanzarote.Snorkel full face, alquiler pack snorkel y snorkel tour guiado.","breadcrumb":{"@id":"https:\/\/nativediving.com\/pl\/snorklowanie-na-lanzarote\/#breadcrumb"},"inLanguage":"pl-PL","potentialAction":[{"@type":"ReadAction","target":["https:\/\/nativediving.com\/pl\/snorklowanie-na-lanzarote\/"]}]},{"@type":"ImageObject","inLanguage":"pl-PL","@id":"https:\/\/nativediving.com\/pl\/snorklowanie-na-lanzarote\/#primaryimage","url":"https:\/\/nativediving.com\/wp-content\/uploads\/2022\/11\/SNORKEL-YAIZA-scaled.jpg","contentUrl":"https:\/\/nativediving.com\/wp-content\/uploads\/2022\/11\/SNORKEL-YAIZA-scaled.jpg","width":2560,"height":1700},{"@type":"BreadcrumbList","@id":"https:\/\/nativediving.com\/pl\/snorklowanie-na-lanzarote\/#breadcrumb","itemListElement":[{"@type":"ListItem","position":1,"name":"Escuela de buceo","item":"https:\/\/nativediving.com\/pl\/"},{"@type":"ListItem","position":2,"name":"Snorklowanie na Lanzarote"}]},{"@type":"WebSite","@id":"https:\/\/nativediving.com\/#website","url":"https:\/\/nativediving.com\/","name":"Native Diving","description":"Centro de buceo SSI y PADI en Lanzarote","publisher":{"@id":"https:\/\/nativediving.com\/#organization"},"potentialAction":[{"@type":"SearchAction","target":{"@type":"EntryPoint","urlTemplate":"https:\/\/nativediving.com\/?s={search_term_string}"},"query-input":"required name=search_term_string"}],"inLanguage":"pl-PL"},{"@type":"Organization","@id":"https:\/\/nativediving.com\/#organization","name":"Native Diving Lanzarote","url":"https:\/\/nativediving.com\/","logo":{"@type":"ImageObject","inLanguage":"pl-PL","@id":"https:\/\/nativediving.com\/#\/schema\/logo\/image\/","url":"https:\/\/nativediving.com\/wp-content\/uploads\/2017\/11\/Escudo_NativeDiving_Azul.png","contentUrl":"https:\/\/nativediving.com\/wp-content\/uploads\/2017\/11\/Escudo_NativeDiving_Azul.png","width":3295,"height":2480,"caption":"Native Diving Lanzarote"},"image":{"@id":"https:\/\/nativediving.com\/#\/schema\/logo\/image\/"},"sameAs":["https:\/\/www.facebook.com\/Native.Diving.Lanzarote","https:\/\/twitter.com\/nativedivingLZ","https:\/\/www.youtube.com\/c\/NativeDivingLanzaroteBuceo"]}]}},"_links":{"self":[{"href":"https:\/\/nativediving.com\/pl\/wp-json\/wp\/v2\/pages\/213109"}],"collection":[{"href":"https:\/\/nativediving.com\/pl\/wp-json\/wp\/v2\/pages"}],"about":[{"href":"https:\/\/nativediving.com\/pl\/wp-json\/wp\/v2\/types\/page"}],"author":[{"embeddable":true,"href":"https:\/\/nativediving.com\/pl\/wp-json\/wp\/v2\/users\/4"}],"replies":[{"embeddable":true,"href":"https:\/\/nativediving.com\/pl\/wp-json\/wp\/v2\/comments?post=213109"}],"version-history":[{"count":2,"href":"https:\/\/nativediving.com\/pl\/wp-json\/wp\/v2\/pages\/213109\/revisions"}],"predecessor-version":[{"id":218343,"href":"https:\/\/nativediving.com\/pl\/wp-json\/wp\/v2\/pages\/213109\/revisions\/218343"}],"wp:featuredmedia":[{"embeddable":true,"href":"https:\/\/nativediving.com\/pl\/wp-json\/wp\/v2\/media\/216542"}],"wp:attachment":[{"href":"https:\/\/nativediving.com\/pl\/wp-json\/wp\/v2\/media?parent=213109"}],"curies":[{"name":"wp","href":"https:\/\/api.w.org\/{rel}","templated":true}]}}