{"id":213106,"date":"2016-09-29T16:53:20","date_gmt":"2016-09-29T16:53:20","guid":{"rendered":"https:\/\/nativediving.com\/glass-bottom-snorkel\/"},"modified":"2022-11-29T16:50:02","modified_gmt":"2022-11-29T16:50:02","slug":"glass-bottom-snorkel","status":"publish","type":"page","link":"https:\/\/nativediving.com\/pl\/glass-bottom-snorkel\/","title":{"rendered":"Glass Bottom Snorkel"},"content":{"rendered":"<p>[et_pb_section fb_built=&#8221;1&#8243; _builder_version=&#8221;4.16&#8243; background_image=&#8221;https:\/\/nativediving.com\/wp-content\/uploads\/2016\/06\/Glass-bottom-snorkel-buceo-lanzarote.jpg&#8221; custom_margin=&#8221;||45px|||&#8221; custom_padding=&#8221;474px|0px|0px|0px||&#8221; global_colors_info=&#8221;{}&#8221;][et_pb_row column_structure=&#8221;1_2,1_2&#8243; _builder_version=&#8221;4.16&#8243; custom_padding=&#8221;0px|||||&#8221; global_colors_info=&#8221;{}&#8221;][et_pb_column type=&#8221;1_2&#8243; _builder_version=&#8221;4.16&#8243; custom_padding=&#8221;|||&#8221; global_colors_info=&#8221;{}&#8221; custom_padding__hover=&#8221;|||&#8221;][et_pb_text _builder_version=&#8221;4.16&#8243; text_font=&#8221;|on|||&#8221; text_font_size=&#8221;55px&#8221; text_letter_spacing=&#8221;17px&#8221; text_line_height=&#8221;2em&#8221; header_font=&#8221;||||||||&#8221; header_font_size=&#8221;40px&#8221; text_orientation=&#8221;justified&#8221; background_layout=&#8221;dark&#8221; header_font_size_tablet=&#8221;&#8221; header_font_size_phone=&#8221;35px&#8221; header_font_size_last_edited=&#8221;on|tablet&#8221; header_letter_spacing_tablet=&#8221;0px&#8221; header_letter_spacing_phone=&#8221;&#8221; header_letter_spacing_last_edited=&#8221;on|desktop&#8221; global_colors_info=&#8221;{}&#8221;]<\/p>\n<h1>GLASS BOTTOM SNORKEL<\/h1>\n<p>[\/et_pb_text][\/et_pb_column][et_pb_column type=&#8221;1_2&#8243; _builder_version=&#8221;4.16&#8243; custom_padding=&#8221;|||&#8221; global_colors_info=&#8221;{}&#8221; custom_padding__hover=&#8221;|||&#8221;][\/et_pb_column][\/et_pb_row][\/et_pb_section][et_pb_section fb_built=&#8221;1&#8243; _builder_version=&#8221;4.16&#8243; custom_margin=&#8221;-2px|||||&#8221; custom_padding=&#8221;0px|0px|124px|0px|false|false&#8221; global_colors_info=&#8221;{}&#8221;][et_pb_row _builder_version=&#8221;4.16&#8243; background_size=&#8221;initial&#8221; background_position=&#8221;top_left&#8221; background_repeat=&#8221;repeat&#8221; global_colors_info=&#8221;{}&#8221;][et_pb_column type=&#8221;4_4&#8243; _builder_version=&#8221;4.16&#8243; custom_padding=&#8221;|||&#8221; global_colors_info=&#8221;{}&#8221; custom_padding__hover=&#8221;|||&#8221;][et_pb_text admin_label=&#8221;Text&#8221; _builder_version=&#8221;4.19.1&#8243; background_size=&#8221;initial&#8221; background_position=&#8221;top_left&#8221; background_repeat=&#8221;repeat&#8221; text_orientation=&#8221;center&#8221; custom_padding=&#8221;||0px|||&#8221; global_colors_info=&#8221;{}&#8221;]<\/p>\n<p>Glass Bottom Snorkel to naj\u0142atwiejszy spos\u00f3b na snorkeling, dzi\u0119ki kt\u00f3remu mo\u017cna oddycha\u0107 przez usta i nos bez konieczno\u015bci u\u017cywania konwencjonalnych gogli i fajki. Jest to p\u0142ywaj\u0105ca tratwa z du\u017c\u0105 soczewk\u0105, kt\u00f3ra pozwala ogl\u0105da\u0107 dno morskie bez konieczno\u015bci wk\u0142adania g\u0142owy do wody.<\/p>\n<p>Minimalny wiek dzieci to 3 lata.<\/p>\n<p>Maksymalna waga klienta 120 kg.<\/p>\n<p>Polecamy wypo\u017cyczenie p\u0142etw dla lepszego poruszania si\u0119 (5\u20ac za dzie\u0144).<\/p>\n<p><strong>Cena za dzie\u0144 ( Od 09.00 do 17.00 ) 10\u20ac.<\/strong><\/p>\n<p>&nbsp;<\/p>\n<p>[\/et_pb_text][\/et_pb_column][\/et_pb_row][et_pb_row column_structure=&#8221;1_3,1_3,1_3&#8243; _builder_version=&#8221;4.16&#8243; global_colors_info=&#8221;{}&#8221;][et_pb_column type=&#8221;1_3&#8243; _builder_version=&#8221;4.16&#8243; custom_padding=&#8221;|||&#8221; global_colors_info=&#8221;{}&#8221; custom_padding__hover=&#8221;|||&#8221;][et_pb_image src=&#8221;https:\/\/nativediving.com\/wp-content\/uploads\/2016\/06\/zayak-buceo-lanzarote.jpg&#8221; show_in_lightbox=&#8221;on&#8221; align_tablet=&#8221;center&#8221; align_phone=&#8221;&#8221; align_last_edited=&#8221;on|desktop&#8221; _builder_version=&#8221;4.16&#8243; animation_style=&#8221;slide&#8221; animation_direction=&#8221;left&#8221; animation_duration=&#8221;500ms&#8221; animation_intensity_slide=&#8221;10%&#8221; global_colors_info=&#8221;{}&#8221;][\/et_pb_image][\/et_pb_column][et_pb_column type=&#8221;1_3&#8243; _builder_version=&#8221;4.16&#8243; custom_padding=&#8221;|||&#8221; global_colors_info=&#8221;{}&#8221; custom_padding__hover=&#8221;|||&#8221;][et_pb_image src=&#8221;https:\/\/nativediving.com\/wp-content\/uploads\/2016\/06\/Glass-bottom-snorkel-Zayak-buceo-lanzarote.jpg&#8221; show_in_lightbox=&#8221;on&#8221; align_tablet=&#8221;center&#8221; align_phone=&#8221;&#8221; align_last_edited=&#8221;on|desktop&#8221; _builder_version=&#8221;4.16&#8243; animation_style=&#8221;slide&#8221; animation_direction=&#8221;left&#8221; animation_duration=&#8221;500ms&#8221; animation_intensity_slide=&#8221;10%&#8221; global_colors_info=&#8221;{}&#8221;][\/et_pb_image][\/et_pb_column][et_pb_column type=&#8221;1_3&#8243; _builder_version=&#8221;4.16&#8243; custom_padding=&#8221;|||&#8221; global_colors_info=&#8221;{}&#8221; custom_padding__hover=&#8221;|||&#8221;][et_pb_image src=&#8221;https:\/\/nativediving.com\/wp-content\/uploads\/2016\/06\/zayak-glass-bottom-snorkel-buceo-lanzarote.jpg&#8221; show_in_lightbox=&#8221;on&#8221; align_tablet=&#8221;center&#8221; align_phone=&#8221;&#8221; align_last_edited=&#8221;on|desktop&#8221; _builder_version=&#8221;4.16&#8243; animation_style=&#8221;slide&#8221; animation_direction=&#8221;left&#8221; animation_duration=&#8221;500ms&#8221; animation_intensity_slide=&#8221;10%&#8221; global_colors_info=&#8221;{}&#8221;][\/et_pb_image][\/et_pb_column][\/et_pb_row][et_pb_row column_structure=&#8221;1_3,1_3,1_3&#8243; _builder_version=&#8221;4.19.0&#8243; _module_preset=&#8221;default&#8221; global_colors_info=&#8221;{}&#8221;][et_pb_column type=&#8221;1_3&#8243; _builder_version=&#8221;4.19.0&#8243; _module_preset=&#8221;default&#8221; global_colors_info=&#8221;{}&#8221;][et_pb_image src=&#8221;https:\/\/nativediving.com\/wp-content\/uploads\/2022\/11\/Zayak-Glass-Bottom-Snorkel-2.jpg&#8221; _builder_version=&#8221;4.19.0&#8243; _module_preset=&#8221;default&#8221; global_colors_info=&#8221;{}&#8221;][\/et_pb_image][\/et_pb_column][et_pb_column type=&#8221;1_3&#8243; _builder_version=&#8221;4.19.0&#8243; _module_preset=&#8221;default&#8221; global_colors_info=&#8221;{}&#8221;][et_pb_image src=&#8221;https:\/\/nativediving.com\/wp-content\/uploads\/2022\/11\/Zayak-Glass-Bottom-Snorkel-4.jpg&#8221; _builder_version=&#8221;4.19.0&#8243; _module_preset=&#8221;default&#8221; global_colors_info=&#8221;{}&#8221;][\/et_pb_image][\/et_pb_column][et_pb_column type=&#8221;1_3&#8243; _builder_version=&#8221;4.19.0&#8243; _module_preset=&#8221;default&#8221; global_colors_info=&#8221;{}&#8221;][et_pb_image src=&#8221;https:\/\/nativediving.com\/wp-content\/uploads\/2022\/11\/Zayak-Glass-Bottom-Snorkel-1.jpg&#8221; _builder_version=&#8221;4.19.0&#8243; _module_preset=&#8221;default&#8221; global_colors_info=&#8221;{}&#8221;][\/et_pb_image][\/et_pb_column][\/et_pb_row][et_pb_row column_structure=&#8221;1_3,1_3,1_3&#8243; _builder_version=&#8221;4.19.0&#8243; _module_preset=&#8221;default&#8221; global_colors_info=&#8221;{}&#8221;][et_pb_column type=&#8221;1_3&#8243; _builder_version=&#8221;4.19.0&#8243; _module_preset=&#8221;default&#8221; global_colors_info=&#8221;{}&#8221;][et_pb_image src=&#8221;https:\/\/nativediving.com\/wp-content\/uploads\/2022\/11\/GOPR1344-Copy-scaled.jpg&#8221; _builder_version=&#8221;4.19.0&#8243; _module_preset=&#8221;default&#8221; global_colors_info=&#8221;{}&#8221;][\/et_pb_image][\/et_pb_column][et_pb_column type=&#8221;1_3&#8243; _builder_version=&#8221;4.19.0&#8243; _module_preset=&#8221;default&#8221; global_colors_info=&#8221;{}&#8221;][et_pb_image src=&#8221;https:\/\/nativediving.com\/wp-content\/uploads\/2022\/11\/Zayak-Sea-Sled-1280&#215;720-1.jpg&#8221; _builder_version=&#8221;4.19.0&#8243; _module_preset=&#8221;default&#8221; global_colors_info=&#8221;{}&#8221;][\/et_pb_image][\/et_pb_column][et_pb_column type=&#8221;1_3&#8243; _builder_version=&#8221;4.19.0&#8243; _module_preset=&#8221;default&#8221; global_colors_info=&#8221;{}&#8221;][et_pb_image src=&#8221;https:\/\/nativediving.com\/wp-content\/uploads\/2022\/11\/Zayak-Glass-Bottom-Snorkel-3.jpg&#8221; _builder_version=&#8221;4.19.0&#8243; _module_preset=&#8221;default&#8221; global_colors_info=&#8221;{}&#8221;][\/et_pb_image][\/et_pb_column][\/et_pb_row][\/et_pb_section][et_pb_section fb_built=&#8221;1&#8243; _builder_version=&#8221;4.19.1&#8243; _module_preset=&#8221;default&#8221; global_colors_info=&#8221;{}&#8221;][et_pb_row column_structure=&#8221;1_2,1_2&#8243; _builder_version=&#8221;4.19.1&#8243; _module_preset=&#8221;default&#8221; global_colors_info=&#8221;{}&#8221;][et_pb_column type=&#8221;1_2&#8243; _builder_version=&#8221;4.19.1&#8243; _module_preset=&#8221;default&#8221; global_colors_info=&#8221;{}&#8221;][et_pb_video src=&#8221;https:\/\/youtu.be\/ZQufwVSKVRU&#8221; _builder_version=&#8221;4.16&#8243; global_colors_info=&#8221;{}&#8221;][\/et_pb_video][\/et_pb_column][et_pb_column type=&#8221;1_2&#8243; _builder_version=&#8221;4.19.1&#8243; _module_preset=&#8221;default&#8221; global_colors_info=&#8221;{}&#8221;][et_pb_video src=&#8221;https:\/\/youtu.be\/h5Y3Igkis9s&#8221; _builder_version=&#8221;4.19.0&#8243; _module_preset=&#8221;default&#8221; global_colors_info=&#8221;{}&#8221;][\/et_pb_video][\/et_pb_column][\/et_pb_row][\/et_pb_section]<\/p>\n","protected":false},"excerpt":{"rendered":"<p>GLASS BOTTOM SNORKELGlass Bottom Snorkel to naj\u0142atwiejszy spos\u00f3b na snorkeling, dzi\u0119ki kt\u00f3remu mo\u017cna oddycha\u0107 przez usta i nos bez konieczno\u015bci u\u017cywania konwencjonalnych gogli i fajki. Jest to p\u0142ywaj\u0105ca tratwa z du\u017c\u0105 soczewk\u0105, kt\u00f3ra pozwala ogl\u0105da\u0107 dno morskie bez konieczno\u015bci wk\u0142adania g\u0142owy do wody. Minimalny wiek dzieci to 3 lata. Maksymalna waga klienta 120 kg. Polecamy [&hellip;]<\/p>\n","protected":false},"author":4,"featured_media":0,"parent":0,"menu_order":0,"comment_status":"closed","ping_status":"closed","template":"","meta":{"_et_pb_use_builder":"on","_et_pb_old_content":"","_et_gb_content_width":"","footnotes":""},"yoast_head":"<!-- This site is optimized with the Yoast SEO plugin v22.2 - https:\/\/yoast.com\/wordpress\/plugins\/seo\/ -->\n<title>Glass bottom snorkel | Native Diving<\/title>\n<meta name=\"description\" content=\"Glass Bottom Snorkel.Naj\u0142atwiejszy spos\u00f3b na snorkeling, oddychanie przez usta i nos. Jest to p\u0142ywaj\u0105ca tratwa z du\u017cym obiektywem, kt\u00f3ry Ci na to pozwoli.\" \/>\n<meta name=\"robots\" content=\"index, follow, max-snippet:-1, max-image-preview:large, max-video-preview:-1\" \/>\n<link rel=\"canonical\" href=\"https:\/\/nativediving.com\/pl\/glass-bottom-snorkel\/\" \/>\n<meta property=\"og:locale\" content=\"pl_PL\" \/>\n<meta property=\"og:type\" content=\"article\" \/>\n<meta property=\"og:title\" content=\"Glass bottom snorkel | Native Diving\" \/>\n<meta property=\"og:description\" content=\"Glass Bottom Snorkel.Naj\u0142atwiejszy spos\u00f3b na snorkeling, oddychanie przez usta i nos. Jest to p\u0142ywaj\u0105ca tratwa z du\u017cym obiektywem, kt\u00f3ry Ci na to pozwoli.\" \/>\n<meta property=\"og:url\" content=\"https:\/\/nativediving.com\/pl\/glass-bottom-snorkel\/\" \/>\n<meta property=\"og:site_name\" content=\"Native Diving\" \/>\n<meta property=\"article:publisher\" content=\"https:\/\/www.facebook.com\/Native.Diving.Lanzarote\" \/>\n<meta property=\"article:modified_time\" content=\"2022-11-29T16:50:02+00:00\" \/>\n<meta name=\"twitter:label1\" content=\"Szacowany czas czytania\" \/>\n\t<meta name=\"twitter:data1\" content=\"2 minuty\" \/>\n<script type=\"application\/ld+json\" class=\"yoast-schema-graph\">{\"@context\":\"https:\/\/schema.org\",\"@graph\":[{\"@type\":\"WebPage\",\"@id\":\"https:\/\/nativediving.com\/pl\/glass-bottom-snorkel\/\",\"url\":\"https:\/\/nativediving.com\/pl\/glass-bottom-snorkel\/\",\"name\":\"Glass bottom snorkel | Native Diving\",\"isPartOf\":{\"@id\":\"https:\/\/nativediving.com\/#website\"},\"datePublished\":\"2016-09-29T16:53:20+00:00\",\"dateModified\":\"2022-11-29T16:50:02+00:00\",\"description\":\"Glass Bottom Snorkel.Naj\u0142atwiejszy spos\u00f3b na snorkeling, oddychanie przez usta i nos. Jest to p\u0142ywaj\u0105ca tratwa z du\u017cym obiektywem, kt\u00f3ry Ci na to pozwoli.\",\"breadcrumb\":{\"@id\":\"https:\/\/nativediving.com\/pl\/glass-bottom-snorkel\/#breadcrumb\"},\"inLanguage\":\"pl-PL\",\"potentialAction\":[{\"@type\":\"ReadAction\",\"target\":[\"https:\/\/nativediving.com\/pl\/glass-bottom-snorkel\/\"]}]},{\"@type\":\"BreadcrumbList\",\"@id\":\"https:\/\/nativediving.com\/pl\/glass-bottom-snorkel\/#breadcrumb\",\"itemListElement\":[{\"@type\":\"ListItem\",\"position\":1,\"name\":\"Escuela de buceo\",\"item\":\"https:\/\/nativediving.com\/pl\/\"},{\"@type\":\"ListItem\",\"position\":2,\"name\":\"Glass Bottom Snorkel\"}]},{\"@type\":\"WebSite\",\"@id\":\"https:\/\/nativediving.com\/#website\",\"url\":\"https:\/\/nativediving.com\/\",\"name\":\"Native Diving\",\"description\":\"Centro de buceo SSI y PADI en Lanzarote\",\"publisher\":{\"@id\":\"https:\/\/nativediving.com\/#organization\"},\"potentialAction\":[{\"@type\":\"SearchAction\",\"target\":{\"@type\":\"EntryPoint\",\"urlTemplate\":\"https:\/\/nativediving.com\/?s={search_term_string}\"},\"query-input\":\"required name=search_term_string\"}],\"inLanguage\":\"pl-PL\"},{\"@type\":\"Organization\",\"@id\":\"https:\/\/nativediving.com\/#organization\",\"name\":\"Native Diving Lanzarote\",\"url\":\"https:\/\/nativediving.com\/\",\"logo\":{\"@type\":\"ImageObject\",\"inLanguage\":\"pl-PL\",\"@id\":\"https:\/\/nativediving.com\/#\/schema\/logo\/image\/\",\"url\":\"https:\/\/nativediving.com\/wp-content\/uploads\/2017\/11\/Escudo_NativeDiving_Azul.png\",\"contentUrl\":\"https:\/\/nativediving.com\/wp-content\/uploads\/2017\/11\/Escudo_NativeDiving_Azul.png\",\"width\":3295,\"height\":2480,\"caption\":\"Native Diving Lanzarote\"},\"image\":{\"@id\":\"https:\/\/nativediving.com\/#\/schema\/logo\/image\/\"},\"sameAs\":[\"https:\/\/www.facebook.com\/Native.Diving.Lanzarote\",\"https:\/\/twitter.com\/nativedivingLZ\",\"https:\/\/www.youtube.com\/c\/NativeDivingLanzaroteBuceo\"]}]}<\/script>\n<!-- \/ Yoast SEO plugin. -->","yoast_head_json":{"title":"Glass bottom snorkel | Native Diving","description":"Glass Bottom Snorkel.Naj\u0142atwiejszy spos\u00f3b na snorkeling, oddychanie przez usta i nos. Jest to p\u0142ywaj\u0105ca tratwa z du\u017cym obiektywem, kt\u00f3ry Ci na to pozwoli.","robots":{"index":"index","follow":"follow","max-snippet":"max-snippet:-1","max-image-preview":"max-image-preview:large","max-video-preview":"max-video-preview:-1"},"canonical":"https:\/\/nativediving.com\/pl\/glass-bottom-snorkel\/","og_locale":"pl_PL","og_type":"article","og_title":"Glass bottom snorkel | Native Diving","og_description":"Glass Bottom Snorkel.Naj\u0142atwiejszy spos\u00f3b na snorkeling, oddychanie przez usta i nos. Jest to p\u0142ywaj\u0105ca tratwa z du\u017cym obiektywem, kt\u00f3ry Ci na to pozwoli.","og_url":"https:\/\/nativediving.com\/pl\/glass-bottom-snorkel\/","og_site_name":"Native Diving","article_publisher":"https:\/\/www.facebook.com\/Native.Diving.Lanzarote","article_modified_time":"2022-11-29T16:50:02+00:00","twitter_misc":{"Szacowany czas czytania":"2 minuty"},"schema":{"@context":"https:\/\/schema.org","@graph":[{"@type":"WebPage","@id":"https:\/\/nativediving.com\/pl\/glass-bottom-snorkel\/","url":"https:\/\/nativediving.com\/pl\/glass-bottom-snorkel\/","name":"Glass bottom snorkel | Native Diving","isPartOf":{"@id":"https:\/\/nativediving.com\/#website"},"datePublished":"2016-09-29T16:53:20+00:00","dateModified":"2022-11-29T16:50:02+00:00","description":"Glass Bottom Snorkel.Naj\u0142atwiejszy spos\u00f3b na snorkeling, oddychanie przez usta i nos. Jest to p\u0142ywaj\u0105ca tratwa z du\u017cym obiektywem, kt\u00f3ry Ci na to pozwoli.","breadcrumb":{"@id":"https:\/\/nativediving.com\/pl\/glass-bottom-snorkel\/#breadcrumb"},"inLanguage":"pl-PL","potentialAction":[{"@type":"ReadAction","target":["https:\/\/nativediving.com\/pl\/glass-bottom-snorkel\/"]}]},{"@type":"BreadcrumbList","@id":"https:\/\/nativediving.com\/pl\/glass-bottom-snorkel\/#breadcrumb","itemListElement":[{"@type":"ListItem","position":1,"name":"Escuela de buceo","item":"https:\/\/nativediving.com\/pl\/"},{"@type":"ListItem","position":2,"name":"Glass Bottom Snorkel"}]},{"@type":"WebSite","@id":"https:\/\/nativediving.com\/#website","url":"https:\/\/nativediving.com\/","name":"Native Diving","description":"Centro de buceo SSI y PADI en Lanzarote","publisher":{"@id":"https:\/\/nativediving.com\/#organization"},"potentialAction":[{"@type":"SearchAction","target":{"@type":"EntryPoint","urlTemplate":"https:\/\/nativediving.com\/?s={search_term_string}"},"query-input":"required name=search_term_string"}],"inLanguage":"pl-PL"},{"@type":"Organization","@id":"https:\/\/nativediving.com\/#organization","name":"Native Diving Lanzarote","url":"https:\/\/nativediving.com\/","logo":{"@type":"ImageObject","inLanguage":"pl-PL","@id":"https:\/\/nativediving.com\/#\/schema\/logo\/image\/","url":"https:\/\/nativediving.com\/wp-content\/uploads\/2017\/11\/Escudo_NativeDiving_Azul.png","contentUrl":"https:\/\/nativediving.com\/wp-content\/uploads\/2017\/11\/Escudo_NativeDiving_Azul.png","width":3295,"height":2480,"caption":"Native Diving Lanzarote"},"image":{"@id":"https:\/\/nativediving.com\/#\/schema\/logo\/image\/"},"sameAs":["https:\/\/www.facebook.com\/Native.Diving.Lanzarote","https:\/\/twitter.com\/nativedivingLZ","https:\/\/www.youtube.com\/c\/NativeDivingLanzaroteBuceo"]}]}},"_links":{"self":[{"href":"https:\/\/nativediving.com\/pl\/wp-json\/wp\/v2\/pages\/213106"}],"collection":[{"href":"https:\/\/nativediving.com\/pl\/wp-json\/wp\/v2\/pages"}],"about":[{"href":"https:\/\/nativediving.com\/pl\/wp-json\/wp\/v2\/types\/page"}],"author":[{"embeddable":true,"href":"https:\/\/nativediving.com\/pl\/wp-json\/wp\/v2\/users\/4"}],"replies":[{"embeddable":true,"href":"https:\/\/nativediving.com\/pl\/wp-json\/wp\/v2\/comments?post=213106"}],"version-history":[{"count":0,"href":"https:\/\/nativediving.com\/pl\/wp-json\/wp\/v2\/pages\/213106\/revisions"}],"wp:attachment":[{"href":"https:\/\/nativediving.com\/pl\/wp-json\/wp\/v2\/media?parent=213106"}],"curies":[{"name":"wp","href":"https:\/\/api.w.org\/{rel}","templated":true}]}}