{"id":213091,"date":"2016-06-29T10:43:15","date_gmt":"2016-06-29T10:43:15","guid":{"rendered":"https:\/\/nativediving.com\/mala\/"},"modified":"2020-01-11T11:27:25","modified_gmt":"2020-01-11T11:27:25","slug":"mala","status":"publish","type":"page","link":"https:\/\/nativediving.com\/pl\/nurkowanie\/mala\/","title":{"rendered":"Mala"},"content":{"rendered":"\n\n[et_pb_section fb_built=&#8221;1&#8243; _builder_version=&#8221;3.22&#8243;][et_pb_row _builder_version=&#8221;3.25&#8243; background_size=&#8221;initial&#8221; background_position=&#8221;top_left&#8221; background_repeat=&#8221;repeat&#8221; column_structure=&#8221;1_2,1_2&#8243;][et_pb_column type=&#8221;1_2&#8243; _builder_version=&#8221;3.25&#8243; custom_padding=&#8221;|||&#8221; custom_padding__hover=&#8221;|||&#8221;][et_pb_blurb title=&#8221;NURKOWANIA MALA&#8221; image=&#8221;https:\/\/nativediving.com\/wp-content\/uploads\/2019\/03\/chucho-azul.png&#8221; _builder_version=&#8221;4.0.11&#8243; header_level=&#8221;h1&#8243; header_font=&#8221;||||||||&#8221; header_text_align=&#8221;center&#8221; body_font=&#8221;||||||||&#8221; body_text_align=&#8221;center&#8221; hover_enabled=&#8221;0&#8243;]<p>Tutaj znajduj\u0105 si\u0119  nurkowania, na kt\u00f3rych  mo\u017cemy znale\u017a\u0107 ciekawe podwodne krajobrazy lawy wulkanicznej, jaskinie, bia\u0142y piasek i obfite \u017cycie.<\/p>[\/et_pb_blurb][\/et_pb_column][et_pb_column type=&#8221;1_2&#8243; _builder_version=&#8221;3.25&#8243; custom_padding=&#8221;|||&#8221; custom_padding__hover=&#8221;|||&#8221;][et_pb_image src=&#8221;https:\/\/nativediving.com\/wp-content\/uploads\/2016\/06\/Charco-del-palo-Native-diving-Lanzarote.jpg&#8221; show_in_lightbox=&#8221;on&#8221; align_tablet=&#8221;center&#8221; align_last_edited=&#8221;on|desktop&#8221; admin_label=&#8221;Image&#8221; _builder_version=&#8221;3.23&#8243; animation_style=&#8221;slide&#8221; animation_direction=&#8221;right&#8221; animation_duration=&#8221;500ms&#8221; animation_intensity_slide=&#8221;10%&#8221; animation=&#8221;right&#8221;][\/et_pb_image][\/et_pb_column][\/et_pb_row][\/et_pb_section][et_pb_section fb_built=&#8221;1&#8243; _builder_version=&#8221;3.22&#8243; custom_padding=&#8221;54px|0px|140px|0px|false|false&#8221;][et_pb_row _builder_version=&#8221;3.25&#8243; background_size=&#8221;initial&#8221; background_position=&#8221;top_left&#8221; background_repeat=&#8221;repeat&#8221; column_structure=&#8221;1_2,1_2&#8243;][et_pb_column type=&#8221;1_2&#8243; _builder_version=&#8221;3.25&#8243; custom_padding=&#8221;|||&#8221; custom_padding__hover=&#8221;|||&#8221;][et_pb_cta title=&#8221;CHARCO DEL PALO&#8221; button_url=&#8221;#&#8221; admin_label=&#8221;Call To Action&#8221; _builder_version=&#8221;4.0.11&#8243; use_background_color=&#8221;off&#8221; background_size=&#8221;initial&#8221; background_position=&#8221;top_left&#8221; background_repeat=&#8221;repeat&#8221; background_layout=&#8221;light&#8221; hover_enabled=&#8221;0&#8243; button_text_size__hover_enabled=&#8221;off&#8221; button_one_text_size__hover_enabled=&#8221;off&#8221; button_two_text_size__hover_enabled=&#8221;off&#8221; button_text_color__hover_enabled=&#8221;off&#8221; button_one_text_color__hover_enabled=&#8221;off&#8221; button_two_text_color__hover_enabled=&#8221;off&#8221; button_border_width__hover_enabled=&#8221;off&#8221; button_one_border_width__hover_enabled=&#8221;off&#8221; button_two_border_width__hover_enabled=&#8221;off&#8221; button_border_color__hover_enabled=&#8221;off&#8221; button_one_border_color__hover_enabled=&#8221;off&#8221; button_two_border_color__hover_enabled=&#8221;off&#8221; button_border_radius__hover_enabled=&#8221;off&#8221; button_one_border_radius__hover_enabled=&#8221;off&#8221; button_two_border_radius__hover_enabled=&#8221;off&#8221; button_letter_spacing__hover_enabled=&#8221;off&#8221; button_one_letter_spacing__hover_enabled=&#8221;off&#8221; button_two_letter_spacing__hover_enabled=&#8221;off&#8221; button_bg_color__hover_enabled=&#8221;off&#8221; button_one_bg_color__hover_enabled=&#8221;off&#8221; button_two_bg_color__hover_enabled=&#8221;off&#8221;]<p>Wej\u015bcie z brzegu. Idziemy \u015bcie\u017ck\u0105 ze sprz\u0119tem i wskakujemy do wody lub schodzimy po jednej z  dw\u00f3ch metalowych  par schod\u00f3w. Mo\u017cemy wykona\u0107 dwie trasy na tym miejscu nurkowym. Mamy kilka jaski\u0144 i droga przez nie jest interesuj\u0105ca ze wzgl\u0119du na mo\u017cliwo\u015b\u0107 zaobserwowania szeregu zwierz\u0105t, takich jak w\u0119gorze, o\u015bmiornice, olbrzymie anemony i krewetki. Jest to r\u00f3wnie\u017c dobre miejsce do znalezienia p\u0142aszczek i rekin\u00f3w anio\u0142\u00f3w, szczeg\u00f3lnie w okresie zimowym.<\/p>[\/et_pb_cta][\/et_pb_column][et_pb_column type=&#8221;1_2&#8243; _builder_version=&#8221;3.25&#8243; custom_padding=&#8221;|||&#8221; custom_padding__hover=&#8221;|||&#8221;][et_pb_image src=&#8221;https:\/\/nativediving.com\/wp-content\/uploads\/2017\/08\/Charco-del-Palo-Buceo-en-Lanzarote.jpg&#8221; show_in_lightbox=&#8221;on&#8221; align_tablet=&#8221;center&#8221; align_last_edited=&#8221;on|desktop&#8221; admin_label=&#8221;Image&#8221; _builder_version=&#8221;3.23&#8243; animation_style=&#8221;slide&#8221; animation_direction=&#8221;right&#8221; animation_duration=&#8221;500ms&#8221; animation_intensity_slide=&#8221;10%&#8221; animation=&#8221;right&#8221;][\/et_pb_image][\/et_pb_column][\/et_pb_row][et_pb_row _builder_version=&#8221;3.25&#8243; background_size=&#8221;initial&#8221; background_position=&#8221;top_left&#8221; background_repeat=&#8221;repeat&#8221; column_structure=&#8221;1_2,1_2&#8243;][et_pb_column type=&#8221;1_2&#8243; _builder_version=&#8221;3.25&#8243; custom_padding=&#8221;|||&#8221; custom_padding__hover=&#8221;|||&#8221;][et_pb_cta title=&#8221;EL ASCENSOR Y PUERTO MORRO&#8221; button_url=&#8221;#&#8221; admin_label=&#8221;Call To Action&#8221; _builder_version=&#8221;4.0.11&#8243; use_background_color=&#8221;off&#8221; background_size=&#8221;initial&#8221; background_position=&#8221;top_left&#8221; background_repeat=&#8221;repeat&#8221; background_layout=&#8221;light&#8221; hover_enabled=&#8221;0&#8243; button_text_size__hover_enabled=&#8221;off&#8221; button_one_text_size__hover_enabled=&#8221;off&#8221; button_two_text_size__hover_enabled=&#8221;off&#8221; button_text_color__hover_enabled=&#8221;off&#8221; button_one_text_color__hover_enabled=&#8221;off&#8221; button_two_text_color__hover_enabled=&#8221;off&#8221; button_border_width__hover_enabled=&#8221;off&#8221; button_one_border_width__hover_enabled=&#8221;off&#8221; button_two_border_width__hover_enabled=&#8221;off&#8221; button_border_color__hover_enabled=&#8221;off&#8221; button_one_border_color__hover_enabled=&#8221;off&#8221; button_two_border_color__hover_enabled=&#8221;off&#8221; button_border_radius__hover_enabled=&#8221;off&#8221; button_one_border_radius__hover_enabled=&#8221;off&#8221; button_two_border_radius__hover_enabled=&#8221;off&#8221; button_letter_spacing__hover_enabled=&#8221;off&#8221; button_one_letter_spacing__hover_enabled=&#8221;off&#8221; button_two_letter_spacing__hover_enabled=&#8221;off&#8221; button_bg_color__hover_enabled=&#8221;off&#8221; button_one_bg_color__hover_enabled=&#8221;off&#8221; button_two_bg_color__hover_enabled=&#8221;off&#8221;]<p>Wej\u015bcie z pla\u017cy 0-28m. To zanurzenie prezentuje sob\u0105 wspania\u0142\u0105 rur\u0119 wulkaniczn\u0105, przez kt\u00f3r\u0105 mo\u017cemy podr\u00f3\u017cowa\u0107 jak w windzie. Na jej \u015bcianach, pokrytych g\u0105bkami, kryje si\u0119 du\u017co krewetek narwala. Druga trasa wiedzie do obszaru znanego jako Puerto Moro i winda Chico. Znajduj\u0105 si\u0119 pod nim spektakularna jaskinia, a tak\u017ce przej\u015bcia i \u0142uki. Po osi\u0105gni\u0119ciu 30 m znajdujemy ma\u0142\u0105 rur\u0119 wulkaniczn\u0105 o d\u0142ugo\u015bci mniejszej ni\u017c 10 m, r\u00f3wnie\u017c z kilkoma \u015bwietlikami znan\u0105 jako winda Chico.<\/p>[\/et_pb_cta][\/et_pb_column][et_pb_column type=&#8221;1_2&#8243; _builder_version=&#8221;3.25&#8243; custom_padding=&#8221;|||&#8221; custom_padding__hover=&#8221;|||&#8221;][et_pb_video src=&#8221;https:\/\/youtu.be\/IzKt228S97A&#8221; image_src=&#8221;\/\/i.ytimg.com\/vi\/IzKt228S97A\/hqdefault.jpg&#8221; _builder_version=&#8221;3.21&#8243;][\/et_pb_video][\/et_pb_column][\/et_pb_row][\/et_pb_section]\n\n","protected":false},"excerpt":{"rendered":"<p>Tutaj znajduj\u0105 si\u0119 nurkowania, na kt\u00f3rych mo\u017cemy znale\u017a\u0107 ciekawe podwodne krajobrazy lawy wulkanicznej, jaskinie, bia\u0142y piasek i obfite \u017cycie.Wej\u015bcie z brzegu. Idziemy \u015bcie\u017ck\u0105 ze sprz\u0119tem i wskakujemy do wody lub schodzimy po jednej z dw\u00f3ch metalowych par schod\u00f3w. Mo\u017cemy wykona\u0107 dwie trasy na tym miejscu nurkowym. Mamy kilka jaski\u0144 i droga przez nie jest interesuj\u0105ca [&hellip;]<\/p>\n","protected":false},"author":4,"featured_media":0,"parent":213190,"menu_order":0,"comment_status":"closed","ping_status":"closed","template":"","meta":{"_et_pb_use_builder":"on","_et_pb_old_content":"","_et_gb_content_width":"","footnotes":""},"yoast_head":"<!-- This site is optimized with the Yoast SEO plugin v22.2 - https:\/\/yoast.com\/wordpress\/plugins\/seo\/ -->\n<title>Nurkowanie Mala | Native Diving<\/title>\n<meta name=\"robots\" content=\"index, follow, max-snippet:-1, max-image-preview:large, max-video-preview:-1\" \/>\n<link rel=\"canonical\" href=\"https:\/\/nativediving.com\/pl\/nurkowanie\/mala\/\" \/>\n<meta property=\"og:locale\" content=\"pl_PL\" \/>\n<meta property=\"og:type\" content=\"article\" \/>\n<meta property=\"og:title\" content=\"Nurkowanie Mala | Native Diving\" \/>\n<meta property=\"og:description\" content=\"Tutaj znajduj\u0105 si\u0119 nurkowania, na kt\u00f3rych mo\u017cemy znale\u017a\u0107 ciekawe podwodne krajobrazy lawy wulkanicznej, jaskinie, bia\u0142y piasek i obfite \u017cycie.Wej\u015bcie z brzegu. Idziemy \u015bcie\u017ck\u0105 ze sprz\u0119tem i wskakujemy do wody lub schodzimy po jednej z dw\u00f3ch metalowych par schod\u00f3w. Mo\u017cemy wykona\u0107 dwie trasy na tym miejscu nurkowym. Mamy kilka jaski\u0144 i droga przez nie jest interesuj\u0105ca [&hellip;]\" \/>\n<meta property=\"og:url\" content=\"https:\/\/nativediving.com\/pl\/nurkowanie\/mala\/\" \/>\n<meta property=\"og:site_name\" content=\"Native Diving\" \/>\n<meta property=\"article:publisher\" content=\"https:\/\/www.facebook.com\/Native.Diving.Lanzarote\" \/>\n<meta property=\"article:modified_time\" content=\"2020-01-11T11:27:25+00:00\" \/>\n<meta name=\"twitter:label1\" content=\"Szacowany czas czytania\" \/>\n\t<meta name=\"twitter:data1\" content=\"4 minuty\" \/>\n<script type=\"application\/ld+json\" class=\"yoast-schema-graph\">{\"@context\":\"https:\/\/schema.org\",\"@graph\":[{\"@type\":\"WebPage\",\"@id\":\"https:\/\/nativediving.com\/pl\/nurkowanie\/mala\/\",\"url\":\"https:\/\/nativediving.com\/pl\/nurkowanie\/mala\/\",\"name\":\"Nurkowanie Mala | Native Diving\",\"isPartOf\":{\"@id\":\"https:\/\/nativediving.com\/#website\"},\"datePublished\":\"2016-06-29T10:43:15+00:00\",\"dateModified\":\"2020-01-11T11:27:25+00:00\",\"breadcrumb\":{\"@id\":\"https:\/\/nativediving.com\/pl\/nurkowanie\/mala\/#breadcrumb\"},\"inLanguage\":\"pl-PL\",\"potentialAction\":[{\"@type\":\"ReadAction\",\"target\":[\"https:\/\/nativediving.com\/pl\/nurkowanie\/mala\/\"]}]},{\"@type\":\"BreadcrumbList\",\"@id\":\"https:\/\/nativediving.com\/pl\/nurkowanie\/mala\/#breadcrumb\",\"itemListElement\":[{\"@type\":\"ListItem\",\"position\":1,\"name\":\"Escuela de buceo\",\"item\":\"https:\/\/nativediving.com\/pl\/\"},{\"@type\":\"ListItem\",\"position\":2,\"name\":\"Nurkowanie\",\"item\":\"https:\/\/nativediving.com\/pl\/nurkowanie\/\"},{\"@type\":\"ListItem\",\"position\":3,\"name\":\"Mala\"}]},{\"@type\":\"WebSite\",\"@id\":\"https:\/\/nativediving.com\/#website\",\"url\":\"https:\/\/nativediving.com\/\",\"name\":\"Native Diving\",\"description\":\"Centro de buceo SSI y PADI en Lanzarote\",\"publisher\":{\"@id\":\"https:\/\/nativediving.com\/#organization\"},\"potentialAction\":[{\"@type\":\"SearchAction\",\"target\":{\"@type\":\"EntryPoint\",\"urlTemplate\":\"https:\/\/nativediving.com\/?s={search_term_string}\"},\"query-input\":\"required name=search_term_string\"}],\"inLanguage\":\"pl-PL\"},{\"@type\":\"Organization\",\"@id\":\"https:\/\/nativediving.com\/#organization\",\"name\":\"Native Diving Lanzarote\",\"url\":\"https:\/\/nativediving.com\/\",\"logo\":{\"@type\":\"ImageObject\",\"inLanguage\":\"pl-PL\",\"@id\":\"https:\/\/nativediving.com\/#\/schema\/logo\/image\/\",\"url\":\"https:\/\/nativediving.com\/wp-content\/uploads\/2017\/11\/Escudo_NativeDiving_Azul.png\",\"contentUrl\":\"https:\/\/nativediving.com\/wp-content\/uploads\/2017\/11\/Escudo_NativeDiving_Azul.png\",\"width\":3295,\"height\":2480,\"caption\":\"Native Diving Lanzarote\"},\"image\":{\"@id\":\"https:\/\/nativediving.com\/#\/schema\/logo\/image\/\"},\"sameAs\":[\"https:\/\/www.facebook.com\/Native.Diving.Lanzarote\",\"https:\/\/twitter.com\/nativedivingLZ\",\"https:\/\/www.youtube.com\/c\/NativeDivingLanzaroteBuceo\"]}]}<\/script>\n<!-- \/ Yoast SEO plugin. -->","yoast_head_json":{"title":"Nurkowanie Mala | Native Diving","robots":{"index":"index","follow":"follow","max-snippet":"max-snippet:-1","max-image-preview":"max-image-preview:large","max-video-preview":"max-video-preview:-1"},"canonical":"https:\/\/nativediving.com\/pl\/nurkowanie\/mala\/","og_locale":"pl_PL","og_type":"article","og_title":"Nurkowanie Mala | Native Diving","og_description":"Tutaj znajduj\u0105 si\u0119 nurkowania, na kt\u00f3rych mo\u017cemy znale\u017a\u0107 ciekawe podwodne krajobrazy lawy wulkanicznej, jaskinie, bia\u0142y piasek i obfite \u017cycie.Wej\u015bcie z brzegu. Idziemy \u015bcie\u017ck\u0105 ze sprz\u0119tem i wskakujemy do wody lub schodzimy po jednej z dw\u00f3ch metalowych par schod\u00f3w. Mo\u017cemy wykona\u0107 dwie trasy na tym miejscu nurkowym. Mamy kilka jaski\u0144 i droga przez nie jest interesuj\u0105ca [&hellip;]","og_url":"https:\/\/nativediving.com\/pl\/nurkowanie\/mala\/","og_site_name":"Native Diving","article_publisher":"https:\/\/www.facebook.com\/Native.Diving.Lanzarote","article_modified_time":"2020-01-11T11:27:25+00:00","twitter_misc":{"Szacowany czas czytania":"4 minuty"},"schema":{"@context":"https:\/\/schema.org","@graph":[{"@type":"WebPage","@id":"https:\/\/nativediving.com\/pl\/nurkowanie\/mala\/","url":"https:\/\/nativediving.com\/pl\/nurkowanie\/mala\/","name":"Nurkowanie Mala | Native Diving","isPartOf":{"@id":"https:\/\/nativediving.com\/#website"},"datePublished":"2016-06-29T10:43:15+00:00","dateModified":"2020-01-11T11:27:25+00:00","breadcrumb":{"@id":"https:\/\/nativediving.com\/pl\/nurkowanie\/mala\/#breadcrumb"},"inLanguage":"pl-PL","potentialAction":[{"@type":"ReadAction","target":["https:\/\/nativediving.com\/pl\/nurkowanie\/mala\/"]}]},{"@type":"BreadcrumbList","@id":"https:\/\/nativediving.com\/pl\/nurkowanie\/mala\/#breadcrumb","itemListElement":[{"@type":"ListItem","position":1,"name":"Escuela de buceo","item":"https:\/\/nativediving.com\/pl\/"},{"@type":"ListItem","position":2,"name":"Nurkowanie","item":"https:\/\/nativediving.com\/pl\/nurkowanie\/"},{"@type":"ListItem","position":3,"name":"Mala"}]},{"@type":"WebSite","@id":"https:\/\/nativediving.com\/#website","url":"https:\/\/nativediving.com\/","name":"Native Diving","description":"Centro de buceo SSI y PADI en Lanzarote","publisher":{"@id":"https:\/\/nativediving.com\/#organization"},"potentialAction":[{"@type":"SearchAction","target":{"@type":"EntryPoint","urlTemplate":"https:\/\/nativediving.com\/?s={search_term_string}"},"query-input":"required name=search_term_string"}],"inLanguage":"pl-PL"},{"@type":"Organization","@id":"https:\/\/nativediving.com\/#organization","name":"Native Diving Lanzarote","url":"https:\/\/nativediving.com\/","logo":{"@type":"ImageObject","inLanguage":"pl-PL","@id":"https:\/\/nativediving.com\/#\/schema\/logo\/image\/","url":"https:\/\/nativediving.com\/wp-content\/uploads\/2017\/11\/Escudo_NativeDiving_Azul.png","contentUrl":"https:\/\/nativediving.com\/wp-content\/uploads\/2017\/11\/Escudo_NativeDiving_Azul.png","width":3295,"height":2480,"caption":"Native Diving Lanzarote"},"image":{"@id":"https:\/\/nativediving.com\/#\/schema\/logo\/image\/"},"sameAs":["https:\/\/www.facebook.com\/Native.Diving.Lanzarote","https:\/\/twitter.com\/nativedivingLZ","https:\/\/www.youtube.com\/c\/NativeDivingLanzaroteBuceo"]}]}},"_links":{"self":[{"href":"https:\/\/nativediving.com\/pl\/wp-json\/wp\/v2\/pages\/213091"}],"collection":[{"href":"https:\/\/nativediving.com\/pl\/wp-json\/wp\/v2\/pages"}],"about":[{"href":"https:\/\/nativediving.com\/pl\/wp-json\/wp\/v2\/types\/page"}],"author":[{"embeddable":true,"href":"https:\/\/nativediving.com\/pl\/wp-json\/wp\/v2\/users\/4"}],"replies":[{"embeddable":true,"href":"https:\/\/nativediving.com\/pl\/wp-json\/wp\/v2\/comments?post=213091"}],"version-history":[{"count":0,"href":"https:\/\/nativediving.com\/pl\/wp-json\/wp\/v2\/pages\/213091\/revisions"}],"up":[{"embeddable":true,"href":"https:\/\/nativediving.com\/pl\/wp-json\/wp\/v2\/pages\/213190"}],"wp:attachment":[{"href":"https:\/\/nativediving.com\/pl\/wp-json\/wp\/v2\/media?parent=213091"}],"curies":[{"name":"wp","href":"https:\/\/api.w.org\/{rel}","templated":true}]}}