{"id":213079,"date":"2016-06-29T10:40:50","date_gmt":"2016-06-29T10:40:50","guid":{"rendered":"https:\/\/nativediving.com\/costa-teguise\/"},"modified":"2020-01-11T11:23:16","modified_gmt":"2020-01-11T11:23:16","slug":"costa-teguise","status":"publish","type":"page","link":"https:\/\/nativediving.com\/pl\/nurkowanie\/costa-teguise\/","title":{"rendered":"Costa Teguise"},"content":{"rendered":"\n[et_pb_section fb_built=&#8221;1&#8243; _builder_version=&#8221;3.22&#8243;][et_pb_row _builder_version=&#8221;3.25&#8243; background_size=&#8221;initial&#8221; background_position=&#8221;top_left&#8221; background_repeat=&#8221;repeat&#8221; column_structure=&#8221;1_2,1_2&#8243;][et_pb_column type=&#8221;1_2&#8243; _builder_version=&#8221;3.25&#8243; custom_padding=&#8221;|||&#8221; custom_padding__hover=&#8221;|||&#8221;][et_pb_blurb title=&#8221;NURKOWANIE NA TEGUISE COSTA&#8221; image=&#8221;https:\/\/nativediving.com\/wp-content\/uploads\/2019\/03\/chucho-azul.png&#8221; _builder_version=&#8221;4.0.11&#8243; header_level=&#8221;h1&#8243; header_font=&#8221;||||||||&#8221; header_text_align=&#8221;center&#8221; body_font=&#8221;||||||||&#8221; body_text_align=&#8221;center&#8221; hover_enabled=&#8221;0&#8243;]<p>Jednym z g\u0142\u00f3wnych miejsc turystycznych na Lanzarote jest r\u00f3wnie\u017c miejsce, w kt\u00f3rym otworzyli\u015bmy nasz\u0105 pierwsz\u0105 szko\u0142\u0119 nurkowania PADI. W Costa Teguise nurkujemy na Playa del Jablillo, prostym i idealnym miejscu nurkowym dla wszystkich grup wiekowych.<\/p>[\/et_pb_blurb][\/et_pb_column][et_pb_column type=&#8221;1_2&#8243; _builder_version=&#8221;3.25&#8243; custom_padding=&#8221;|||&#8221; custom_padding__hover=&#8221;|||&#8221;][et_pb_video src=&#8221;https:\/\/youtu.be\/VxK5hmy2Buc&#8221; image_src=&#8221;\/\/i.ytimg.com\/vi\/VxK5hmy2Buc\/hqdefault.jpg&#8221; _builder_version=&#8221;3.21&#8243;][\/et_pb_video][\/et_pb_column][\/et_pb_row][\/et_pb_section][et_pb_section fb_built=&#8221;1&#8243; _builder_version=&#8221;3.22&#8243; custom_padding=&#8221;54px|0px|140px|0px|false|false&#8221;][et_pb_row _builder_version=&#8221;3.25&#8243; background_size=&#8221;initial&#8221; background_position=&#8221;top_left&#8221; background_repeat=&#8221;repeat&#8221; column_structure=&#8221;1_2,1_2&#8243;][et_pb_column type=&#8221;1_2&#8243; _builder_version=&#8221;3.25&#8243; custom_padding=&#8221;|||&#8221; custom_padding__hover=&#8221;|||&#8221;][et_pb_image src=&#8221;https:\/\/nativediving.com\/wp-content\/uploads\/2017\/08\/Playa-del-Jablillo-Buceo-en-Lanzarote.jpg&#8221; show_in_lightbox=&#8221;on&#8221; align_tablet=&#8221;center&#8221; align_last_edited=&#8221;on|desktop&#8221; admin_label=&#8221;Image&#8221; _builder_version=&#8221;3.23&#8243; animation_style=&#8221;slide&#8221; animation_direction=&#8221;right&#8221; animation_duration=&#8221;500ms&#8221; animation_intensity_slide=&#8221;10%&#8221; animation=&#8221;right&#8221;][\/et_pb_image][\/et_pb_column][et_pb_column type=&#8221;1_2&#8243; _builder_version=&#8221;3.25&#8243; custom_padding=&#8221;|||&#8221; custom_padding__hover=&#8221;|||&#8221;][et_pb_cta title=&#8221;PLA\u017bA JABLILLO&#8221; button_url=&#8221;#&#8221; admin_label=&#8221;Call To Action&#8221; _builder_version=&#8221;4.0.11&#8243; use_background_color=&#8221;off&#8221; background_size=&#8221;initial&#8221; background_position=&#8221;top_left&#8221; background_repeat=&#8221;repeat&#8221; background_layout=&#8221;light&#8221; hover_enabled=&#8221;0&#8243; button_text_size__hover_enabled=&#8221;off&#8221; button_one_text_size__hover_enabled=&#8221;off&#8221; button_two_text_size__hover_enabled=&#8221;off&#8221; button_text_color__hover_enabled=&#8221;off&#8221; button_one_text_color__hover_enabled=&#8221;off&#8221; button_two_text_color__hover_enabled=&#8221;off&#8221; button_border_width__hover_enabled=&#8221;off&#8221; button_one_border_width__hover_enabled=&#8221;off&#8221; button_two_border_width__hover_enabled=&#8221;off&#8221; button_border_color__hover_enabled=&#8221;off&#8221; button_one_border_color__hover_enabled=&#8221;off&#8221; button_two_border_color__hover_enabled=&#8221;off&#8221; button_border_radius__hover_enabled=&#8221;off&#8221; button_one_border_radius__hover_enabled=&#8221;off&#8221; button_two_border_radius__hover_enabled=&#8221;off&#8221; button_letter_spacing__hover_enabled=&#8221;off&#8221; button_one_letter_spacing__hover_enabled=&#8221;off&#8221; button_two_letter_spacing__hover_enabled=&#8221;off&#8221; button_bg_color__hover_enabled=&#8221;off&#8221; button_one_bg_color__hover_enabled=&#8221;off&#8221; button_two_bg_color__hover_enabled=&#8221;off&#8221;]<p>\u017bycie morskie jest r\u00f3\u017cnorodne i obfite w liczne grupy salemy, leszcza, dorady, zwyk\u0142ego damselfish, egzotycznego i kolorowego ozdobnego wargacza, kraba paj\u0105ka i fl\u0105dry o szerokich oczach.<\/p>\n<p>Dost\u0119p  z pla\u017cy i  podr\u00f3\u017cuje si\u0119 przez zatok\u0119 z jednej strony na drug\u0105. Maksymalna g\u0142\u0119boko\u015b\u0107 wynosi 3 metry.<\/p>\n[\/et_pb_cta][\/et_pb_column][\/et_pb_row][\/et_pb_section]\n","protected":false},"excerpt":{"rendered":"<p>Jednym z g\u0142\u00f3wnych miejsc turystycznych na Lanzarote jest r\u00f3wnie\u017c miejsce, w kt\u00f3rym otworzyli\u015bmy nasz\u0105 pierwsz\u0105 szko\u0142\u0119 nurkowania PADI. W Costa Teguise nurkujemy na Playa del Jablillo, prostym i idealnym miejscu nurkowym dla wszystkich grup wiekowych.\u017bycie morskie jest r\u00f3\u017cnorodne i obfite w liczne grupy salemy, leszcza, dorady, zwyk\u0142ego damselfish, egzotycznego i kolorowego ozdobnego wargacza, kraba paj\u0105ka [&hellip;]<\/p>\n","protected":false},"author":4,"featured_media":0,"parent":213190,"menu_order":0,"comment_status":"closed","ping_status":"closed","template":"","meta":{"_et_pb_use_builder":"on","_et_pb_old_content":"","_et_gb_content_width":"","footnotes":""},"yoast_head":"<!-- This site is optimized with the Yoast SEO plugin v22.2 - https:\/\/yoast.com\/wordpress\/plugins\/seo\/ -->\n<title>Nurkowanie na Costa Teguise | Native Diving<\/title>\n<meta name=\"robots\" content=\"index, follow, max-snippet:-1, max-image-preview:large, max-video-preview:-1\" \/>\n<link rel=\"canonical\" href=\"https:\/\/nativediving.com\/pl\/nurkowanie\/costa-teguise\/\" \/>\n<meta property=\"og:locale\" content=\"pl_PL\" \/>\n<meta property=\"og:type\" content=\"article\" \/>\n<meta property=\"og:title\" content=\"Nurkowanie na Costa Teguise | Native Diving\" \/>\n<meta property=\"og:description\" content=\"Jednym z g\u0142\u00f3wnych miejsc turystycznych na Lanzarote jest r\u00f3wnie\u017c miejsce, w kt\u00f3rym otworzyli\u015bmy nasz\u0105 pierwsz\u0105 szko\u0142\u0119 nurkowania PADI. W Costa Teguise nurkujemy na Playa del Jablillo, prostym i idealnym miejscu nurkowym dla wszystkich grup wiekowych.\u017bycie morskie jest r\u00f3\u017cnorodne i obfite w liczne grupy salemy, leszcza, dorady, zwyk\u0142ego damselfish, egzotycznego i kolorowego ozdobnego wargacza, kraba paj\u0105ka [&hellip;]\" \/>\n<meta property=\"og:url\" content=\"https:\/\/nativediving.com\/pl\/nurkowanie\/costa-teguise\/\" \/>\n<meta property=\"og:site_name\" content=\"Native Diving\" \/>\n<meta property=\"article:publisher\" content=\"https:\/\/www.facebook.com\/Native.Diving.Lanzarote\" \/>\n<meta property=\"article:modified_time\" content=\"2020-01-11T11:23:16+00:00\" \/>\n<meta name=\"twitter:label1\" content=\"Szacowany czas czytania\" \/>\n\t<meta name=\"twitter:data1\" content=\"3 minuty\" \/>\n<script type=\"application\/ld+json\" class=\"yoast-schema-graph\">{\"@context\":\"https:\/\/schema.org\",\"@graph\":[{\"@type\":\"WebPage\",\"@id\":\"https:\/\/nativediving.com\/pl\/nurkowanie\/costa-teguise\/\",\"url\":\"https:\/\/nativediving.com\/pl\/nurkowanie\/costa-teguise\/\",\"name\":\"Nurkowanie na Costa Teguise | Native Diving\",\"isPartOf\":{\"@id\":\"https:\/\/nativediving.com\/#website\"},\"datePublished\":\"2016-06-29T10:40:50+00:00\",\"dateModified\":\"2020-01-11T11:23:16+00:00\",\"breadcrumb\":{\"@id\":\"https:\/\/nativediving.com\/pl\/nurkowanie\/costa-teguise\/#breadcrumb\"},\"inLanguage\":\"pl-PL\",\"potentialAction\":[{\"@type\":\"ReadAction\",\"target\":[\"https:\/\/nativediving.com\/pl\/nurkowanie\/costa-teguise\/\"]}]},{\"@type\":\"BreadcrumbList\",\"@id\":\"https:\/\/nativediving.com\/pl\/nurkowanie\/costa-teguise\/#breadcrumb\",\"itemListElement\":[{\"@type\":\"ListItem\",\"position\":1,\"name\":\"Escuela de buceo\",\"item\":\"https:\/\/nativediving.com\/pl\/\"},{\"@type\":\"ListItem\",\"position\":2,\"name\":\"Nurkowanie\",\"item\":\"https:\/\/nativediving.com\/pl\/nurkowanie\/\"},{\"@type\":\"ListItem\",\"position\":3,\"name\":\"Costa Teguise\"}]},{\"@type\":\"WebSite\",\"@id\":\"https:\/\/nativediving.com\/#website\",\"url\":\"https:\/\/nativediving.com\/\",\"name\":\"Native Diving\",\"description\":\"Centro de buceo SSI y PADI en Lanzarote\",\"publisher\":{\"@id\":\"https:\/\/nativediving.com\/#organization\"},\"potentialAction\":[{\"@type\":\"SearchAction\",\"target\":{\"@type\":\"EntryPoint\",\"urlTemplate\":\"https:\/\/nativediving.com\/?s={search_term_string}\"},\"query-input\":\"required name=search_term_string\"}],\"inLanguage\":\"pl-PL\"},{\"@type\":\"Organization\",\"@id\":\"https:\/\/nativediving.com\/#organization\",\"name\":\"Native Diving Lanzarote\",\"url\":\"https:\/\/nativediving.com\/\",\"logo\":{\"@type\":\"ImageObject\",\"inLanguage\":\"pl-PL\",\"@id\":\"https:\/\/nativediving.com\/#\/schema\/logo\/image\/\",\"url\":\"https:\/\/nativediving.com\/wp-content\/uploads\/2017\/11\/Escudo_NativeDiving_Azul.png\",\"contentUrl\":\"https:\/\/nativediving.com\/wp-content\/uploads\/2017\/11\/Escudo_NativeDiving_Azul.png\",\"width\":3295,\"height\":2480,\"caption\":\"Native Diving Lanzarote\"},\"image\":{\"@id\":\"https:\/\/nativediving.com\/#\/schema\/logo\/image\/\"},\"sameAs\":[\"https:\/\/www.facebook.com\/Native.Diving.Lanzarote\",\"https:\/\/twitter.com\/nativedivingLZ\",\"https:\/\/www.youtube.com\/c\/NativeDivingLanzaroteBuceo\"]}]}<\/script>\n<!-- \/ Yoast SEO plugin. -->","yoast_head_json":{"title":"Nurkowanie na Costa Teguise | Native Diving","robots":{"index":"index","follow":"follow","max-snippet":"max-snippet:-1","max-image-preview":"max-image-preview:large","max-video-preview":"max-video-preview:-1"},"canonical":"https:\/\/nativediving.com\/pl\/nurkowanie\/costa-teguise\/","og_locale":"pl_PL","og_type":"article","og_title":"Nurkowanie na Costa Teguise | Native Diving","og_description":"Jednym z g\u0142\u00f3wnych miejsc turystycznych na Lanzarote jest r\u00f3wnie\u017c miejsce, w kt\u00f3rym otworzyli\u015bmy nasz\u0105 pierwsz\u0105 szko\u0142\u0119 nurkowania PADI. W Costa Teguise nurkujemy na Playa del Jablillo, prostym i idealnym miejscu nurkowym dla wszystkich grup wiekowych.\u017bycie morskie jest r\u00f3\u017cnorodne i obfite w liczne grupy salemy, leszcza, dorady, zwyk\u0142ego damselfish, egzotycznego i kolorowego ozdobnego wargacza, kraba paj\u0105ka [&hellip;]","og_url":"https:\/\/nativediving.com\/pl\/nurkowanie\/costa-teguise\/","og_site_name":"Native Diving","article_publisher":"https:\/\/www.facebook.com\/Native.Diving.Lanzarote","article_modified_time":"2020-01-11T11:23:16+00:00","twitter_misc":{"Szacowany czas czytania":"3 minuty"},"schema":{"@context":"https:\/\/schema.org","@graph":[{"@type":"WebPage","@id":"https:\/\/nativediving.com\/pl\/nurkowanie\/costa-teguise\/","url":"https:\/\/nativediving.com\/pl\/nurkowanie\/costa-teguise\/","name":"Nurkowanie na Costa Teguise | Native Diving","isPartOf":{"@id":"https:\/\/nativediving.com\/#website"},"datePublished":"2016-06-29T10:40:50+00:00","dateModified":"2020-01-11T11:23:16+00:00","breadcrumb":{"@id":"https:\/\/nativediving.com\/pl\/nurkowanie\/costa-teguise\/#breadcrumb"},"inLanguage":"pl-PL","potentialAction":[{"@type":"ReadAction","target":["https:\/\/nativediving.com\/pl\/nurkowanie\/costa-teguise\/"]}]},{"@type":"BreadcrumbList","@id":"https:\/\/nativediving.com\/pl\/nurkowanie\/costa-teguise\/#breadcrumb","itemListElement":[{"@type":"ListItem","position":1,"name":"Escuela de buceo","item":"https:\/\/nativediving.com\/pl\/"},{"@type":"ListItem","position":2,"name":"Nurkowanie","item":"https:\/\/nativediving.com\/pl\/nurkowanie\/"},{"@type":"ListItem","position":3,"name":"Costa Teguise"}]},{"@type":"WebSite","@id":"https:\/\/nativediving.com\/#website","url":"https:\/\/nativediving.com\/","name":"Native Diving","description":"Centro de buceo SSI y PADI en Lanzarote","publisher":{"@id":"https:\/\/nativediving.com\/#organization"},"potentialAction":[{"@type":"SearchAction","target":{"@type":"EntryPoint","urlTemplate":"https:\/\/nativediving.com\/?s={search_term_string}"},"query-input":"required name=search_term_string"}],"inLanguage":"pl-PL"},{"@type":"Organization","@id":"https:\/\/nativediving.com\/#organization","name":"Native Diving Lanzarote","url":"https:\/\/nativediving.com\/","logo":{"@type":"ImageObject","inLanguage":"pl-PL","@id":"https:\/\/nativediving.com\/#\/schema\/logo\/image\/","url":"https:\/\/nativediving.com\/wp-content\/uploads\/2017\/11\/Escudo_NativeDiving_Azul.png","contentUrl":"https:\/\/nativediving.com\/wp-content\/uploads\/2017\/11\/Escudo_NativeDiving_Azul.png","width":3295,"height":2480,"caption":"Native Diving Lanzarote"},"image":{"@id":"https:\/\/nativediving.com\/#\/schema\/logo\/image\/"},"sameAs":["https:\/\/www.facebook.com\/Native.Diving.Lanzarote","https:\/\/twitter.com\/nativedivingLZ","https:\/\/www.youtube.com\/c\/NativeDivingLanzaroteBuceo"]}]}},"_links":{"self":[{"href":"https:\/\/nativediving.com\/pl\/wp-json\/wp\/v2\/pages\/213079"}],"collection":[{"href":"https:\/\/nativediving.com\/pl\/wp-json\/wp\/v2\/pages"}],"about":[{"href":"https:\/\/nativediving.com\/pl\/wp-json\/wp\/v2\/types\/page"}],"author":[{"embeddable":true,"href":"https:\/\/nativediving.com\/pl\/wp-json\/wp\/v2\/users\/4"}],"replies":[{"embeddable":true,"href":"https:\/\/nativediving.com\/pl\/wp-json\/wp\/v2\/comments?post=213079"}],"version-history":[{"count":0,"href":"https:\/\/nativediving.com\/pl\/wp-json\/wp\/v2\/pages\/213079\/revisions"}],"up":[{"embeddable":true,"href":"https:\/\/nativediving.com\/pl\/wp-json\/wp\/v2\/pages\/213190"}],"wp:attachment":[{"href":"https:\/\/nativediving.com\/pl\/wp-json\/wp\/v2\/media?parent=213079"}],"curies":[{"name":"wp","href":"https:\/\/api.w.org\/{rel}","templated":true}]}}