{"id":7562,"date":"2016-08-04T21:19:55","date_gmt":"2016-08-04T21:19:55","guid":{"rendered":"http:\/\/new.nativediving.com\/links\/"},"modified":"2019-08-22T13:09:51","modified_gmt":"2019-08-22T13:09:51","slug":"links","status":"publish","type":"page","link":"https:\/\/nativediving.com\/fr\/links\/","title":{"rendered":"Links"},"content":{"rendered":"<p>[et_pb_section fb_built=\u00a0\u00bb1&Prime; _builder_version=\u00a0\u00bb3.22&Prime; fb_built=\u00a0\u00bb1&Prime; _i=\u00a0\u00bb0&Prime; _address=\u00a0\u00bb0&Prime;][et_pb_row _builder_version=\u00a0\u00bb3.25&Prime; _i=\u00a0\u00bb0&Prime; _address=\u00a0\u00bb0.0&Prime;][et_pb_column type=\u00a0\u00bb4_4&Prime; _builder_version=\u00a0\u00bb3.25&Prime; custom_padding=\u00a0\u00bb|||\u00a0\u00bb _i=\u00a0\u00bb0&Prime; _address=\u00a0\u00bb0.0.0&Prime; custom_padding__hover=\u00a0\u00bb|||\u00a0\u00bb][et_pb_text _builder_version=\u00a0\u00bb3.27.3&Prime; hover_enabled=\u00a0\u00bb0&Prime; _i=\u00a0\u00bb0&Prime; _address=\u00a0\u00bb0.0.0.0&Prime;]<\/p>\n<ul>\n<li><a href=\"http:\/\/www.cascoantiguo.com\">Casco Antiguo<\/a>, Sp\u00e9cialiste dans la vente de produits de plong\u00e9e sous-marine.<\/li>\n<li><a href=\"http:\/\/nu2.es\">Nu2<\/a> , Mar magazine, la culture, l\u2019art et l\u2019environnement \u00e0 Lanzarote.<\/li>\n<li><a href=\"https:\/\/onetwotrek.com\/\">One Two Trek<\/a> , Randonn\u00e9e \u00e0 Lanzarote et \u00celes Canaries.<\/li>\n<li><a href=\"http:\/\/www.turismolanzarote.com\/en\/\">Tourism Lanzarote<\/a>, Bureau de tourisme de Lanzarote.<\/li>\n<li><a href=\"http:\/\/seelanzarote.com\">See Lanzarote<\/a>, Itin\u00e9raires touristiques avec un photographe.<\/a><\/li>\n<\/ul>\n<p>[\/et_pb_text][\/et_pb_column][\/et_pb_row][\/et_pb_section]<\/p>\n","protected":false},"excerpt":{"rendered":"<p>Casco Antiguo, Sp\u00e9cialiste dans la vente de produits de plong\u00e9e sous-marine. Nu2 , Mar magazine, la culture, l\u2019art et l\u2019environnement \u00e0 Lanzarote. One Two Trek , Randonn\u00e9e \u00e0 Lanzarote et \u00celes Canaries. Tourism Lanzarote, Bureau de tourisme de Lanzarote. See Lanzarote, Itin\u00e9raires touristiques avec un photographe.<\/p>\n","protected":false},"author":4,"featured_media":0,"parent":0,"menu_order":0,"comment_status":"closed","ping_status":"closed","template":"","meta":{"_et_pb_use_builder":"on","_et_pb_old_content":"<ul>\r\n \t<li><span style=\"color: #0000ff;\"><a style=\"color: #0000ff;\" href=\"http:\/\/www.cascoantiguo.com\" target=\"_blank\">Casco Antiguo<\/a><\/span>, especialista en venta de art\u00edculos de submarinismo.<\/li>\r\n \t<li><span style=\"color: #0000ff;\"><a style=\"color: #0000ff;\" href=\"http:\/\/nu2.es\" target=\"_blank\">Nu2<\/a><\/span> , revista de Mar, cultura, arte y medioambiente en Lanzarote.<\/li>\r\n \t<li><span style=\"color: #0000ff;\"><a style=\"color: #0000ff;\" href=\"http:\/\/onetwotrek.com\/es\/\" target=\"_blank\">One Two Trek<\/a><\/span> , rutas de senderismo en Lanzarote y dem\u00e1s Islas Canarias.<\/li>\r\n \t<li><span style=\"color: #0000ff;\"><a style=\"color: #0000ff;\" href=\"http:\/\/www.turismolanzarote.com\" target=\"_blank\">Turismo Lanzarote<\/a><\/span>, Portal oficial de turismo de Lanzarote.<\/li>\r\n \t<li><span style=\"color: #0000ff;\"><a style=\"color: #0000ff;\" href=\"http:\/\/surflanzarote.com\/es\/\" target=\"_blank\">Surf Lanzarote<\/a><\/span> , Surf, Kitesurf y Windsurf en Lanzarote.<\/li>\r\n \t<li><a href=\"http:\/\/optimavillaslanzarote.com\/\" target=\"_blank\"><span style=\"color: #0000ff;\">Optimavillas<\/span><\/a> , encuentra tu villa vacacional en Lanzarote.<\/li>\r\n<\/ul>\r\n&nbsp;","_et_gb_content_width":"","footnotes":""},"yoast_head":"<!-- This site is optimized with the Yoast SEO plugin v22.2 - https:\/\/yoast.com\/wordpress\/plugins\/seo\/ -->\n<title>Links - Native Diving<\/title>\n<meta name=\"robots\" content=\"index, follow, max-snippet:-1, max-image-preview:large, max-video-preview:-1\" \/>\n<link rel=\"canonical\" href=\"https:\/\/nativediving.com\/fr\/links\/\" \/>\n<meta property=\"og:locale\" content=\"fr_FR\" \/>\n<meta property=\"og:type\" content=\"article\" \/>\n<meta property=\"og:title\" content=\"Links - Native Diving\" \/>\n<meta property=\"og:description\" content=\"Casco Antiguo, Sp\u00e9cialiste dans la vente de produits de plong\u00e9e sous-marine. Nu2 , Mar magazine, la culture, l\u2019art et l\u2019environnement \u00e0 Lanzarote. One Two Trek , Randonn\u00e9e \u00e0 Lanzarote et \u00celes Canaries. Tourism Lanzarote, Bureau de tourisme de Lanzarote. See Lanzarote, Itin\u00e9raires touristiques avec un photographe.\" \/>\n<meta property=\"og:url\" content=\"https:\/\/nativediving.com\/fr\/links\/\" \/>\n<meta property=\"og:site_name\" content=\"Native Diving\" \/>\n<meta property=\"article:publisher\" content=\"https:\/\/www.facebook.com\/Native.Diving.Lanzarote\" \/>\n<meta property=\"article:modified_time\" content=\"2019-08-22T13:09:51+00:00\" \/>\n<meta name=\"twitter:label1\" content=\"Dur\u00e9e de lecture estim\u00e9e\" \/>\n\t<meta name=\"twitter:data1\" content=\"1 minute\" \/>\n<script type=\"application\/ld+json\" class=\"yoast-schema-graph\">{\"@context\":\"https:\/\/schema.org\",\"@graph\":[{\"@type\":\"WebPage\",\"@id\":\"https:\/\/nativediving.com\/fr\/links\/\",\"url\":\"https:\/\/nativediving.com\/fr\/links\/\",\"name\":\"Links - Native Diving\",\"isPartOf\":{\"@id\":\"https:\/\/nativediving.com\/#website\"},\"datePublished\":\"2016-08-04T21:19:55+00:00\",\"dateModified\":\"2019-08-22T13:09:51+00:00\",\"breadcrumb\":{\"@id\":\"https:\/\/nativediving.com\/fr\/links\/#breadcrumb\"},\"inLanguage\":\"fr-FR\",\"potentialAction\":[{\"@type\":\"ReadAction\",\"target\":[\"https:\/\/nativediving.com\/fr\/links\/\"]}]},{\"@type\":\"BreadcrumbList\",\"@id\":\"https:\/\/nativediving.com\/fr\/links\/#breadcrumb\",\"itemListElement\":[{\"@type\":\"ListItem\",\"position\":1,\"name\":\"Escuela de buceo\",\"item\":\"https:\/\/nativediving.com\/fr\/\"},{\"@type\":\"ListItem\",\"position\":2,\"name\":\"Links\"}]},{\"@type\":\"WebSite\",\"@id\":\"https:\/\/nativediving.com\/#website\",\"url\":\"https:\/\/nativediving.com\/\",\"name\":\"Native Diving\",\"description\":\"Centro de buceo SSI y PADI en Lanzarote\",\"publisher\":{\"@id\":\"https:\/\/nativediving.com\/#organization\"},\"potentialAction\":[{\"@type\":\"SearchAction\",\"target\":{\"@type\":\"EntryPoint\",\"urlTemplate\":\"https:\/\/nativediving.com\/?s={search_term_string}\"},\"query-input\":\"required name=search_term_string\"}],\"inLanguage\":\"fr-FR\"},{\"@type\":\"Organization\",\"@id\":\"https:\/\/nativediving.com\/#organization\",\"name\":\"Native Diving Lanzarote\",\"url\":\"https:\/\/nativediving.com\/\",\"logo\":{\"@type\":\"ImageObject\",\"inLanguage\":\"fr-FR\",\"@id\":\"https:\/\/nativediving.com\/#\/schema\/logo\/image\/\",\"url\":\"https:\/\/nativediving.com\/wp-content\/uploads\/2017\/11\/Escudo_NativeDiving_Azul.png\",\"contentUrl\":\"https:\/\/nativediving.com\/wp-content\/uploads\/2017\/11\/Escudo_NativeDiving_Azul.png\",\"width\":3295,\"height\":2480,\"caption\":\"Native Diving Lanzarote\"},\"image\":{\"@id\":\"https:\/\/nativediving.com\/#\/schema\/logo\/image\/\"},\"sameAs\":[\"https:\/\/www.facebook.com\/Native.Diving.Lanzarote\",\"https:\/\/twitter.com\/nativedivingLZ\",\"https:\/\/www.youtube.com\/c\/NativeDivingLanzaroteBuceo\"]}]}<\/script>\n<!-- \/ Yoast SEO plugin. -->","yoast_head_json":{"title":"Links - Native Diving","robots":{"index":"index","follow":"follow","max-snippet":"max-snippet:-1","max-image-preview":"max-image-preview:large","max-video-preview":"max-video-preview:-1"},"canonical":"https:\/\/nativediving.com\/fr\/links\/","og_locale":"fr_FR","og_type":"article","og_title":"Links - Native Diving","og_description":"Casco Antiguo, Sp\u00e9cialiste dans la vente de produits de plong\u00e9e sous-marine. Nu2 , Mar magazine, la culture, l\u2019art et l\u2019environnement \u00e0 Lanzarote. One Two Trek , Randonn\u00e9e \u00e0 Lanzarote et \u00celes Canaries. Tourism Lanzarote, Bureau de tourisme de Lanzarote. See Lanzarote, Itin\u00e9raires touristiques avec un photographe.","og_url":"https:\/\/nativediving.com\/fr\/links\/","og_site_name":"Native Diving","article_publisher":"https:\/\/www.facebook.com\/Native.Diving.Lanzarote","article_modified_time":"2019-08-22T13:09:51+00:00","twitter_misc":{"Dur\u00e9e de lecture estim\u00e9e":"1 minute"},"schema":{"@context":"https:\/\/schema.org","@graph":[{"@type":"WebPage","@id":"https:\/\/nativediving.com\/fr\/links\/","url":"https:\/\/nativediving.com\/fr\/links\/","name":"Links - Native Diving","isPartOf":{"@id":"https:\/\/nativediving.com\/#website"},"datePublished":"2016-08-04T21:19:55+00:00","dateModified":"2019-08-22T13:09:51+00:00","breadcrumb":{"@id":"https:\/\/nativediving.com\/fr\/links\/#breadcrumb"},"inLanguage":"fr-FR","potentialAction":[{"@type":"ReadAction","target":["https:\/\/nativediving.com\/fr\/links\/"]}]},{"@type":"BreadcrumbList","@id":"https:\/\/nativediving.com\/fr\/links\/#breadcrumb","itemListElement":[{"@type":"ListItem","position":1,"name":"Escuela de buceo","item":"https:\/\/nativediving.com\/fr\/"},{"@type":"ListItem","position":2,"name":"Links"}]},{"@type":"WebSite","@id":"https:\/\/nativediving.com\/#website","url":"https:\/\/nativediving.com\/","name":"Native Diving","description":"Centro de buceo SSI y PADI en Lanzarote","publisher":{"@id":"https:\/\/nativediving.com\/#organization"},"potentialAction":[{"@type":"SearchAction","target":{"@type":"EntryPoint","urlTemplate":"https:\/\/nativediving.com\/?s={search_term_string}"},"query-input":"required name=search_term_string"}],"inLanguage":"fr-FR"},{"@type":"Organization","@id":"https:\/\/nativediving.com\/#organization","name":"Native Diving Lanzarote","url":"https:\/\/nativediving.com\/","logo":{"@type":"ImageObject","inLanguage":"fr-FR","@id":"https:\/\/nativediving.com\/#\/schema\/logo\/image\/","url":"https:\/\/nativediving.com\/wp-content\/uploads\/2017\/11\/Escudo_NativeDiving_Azul.png","contentUrl":"https:\/\/nativediving.com\/wp-content\/uploads\/2017\/11\/Escudo_NativeDiving_Azul.png","width":3295,"height":2480,"caption":"Native Diving Lanzarote"},"image":{"@id":"https:\/\/nativediving.com\/#\/schema\/logo\/image\/"},"sameAs":["https:\/\/www.facebook.com\/Native.Diving.Lanzarote","https:\/\/twitter.com\/nativedivingLZ","https:\/\/www.youtube.com\/c\/NativeDivingLanzaroteBuceo"]}]}},"_links":{"self":[{"href":"https:\/\/nativediving.com\/fr\/wp-json\/wp\/v2\/pages\/7562"}],"collection":[{"href":"https:\/\/nativediving.com\/fr\/wp-json\/wp\/v2\/pages"}],"about":[{"href":"https:\/\/nativediving.com\/fr\/wp-json\/wp\/v2\/types\/page"}],"author":[{"embeddable":true,"href":"https:\/\/nativediving.com\/fr\/wp-json\/wp\/v2\/users\/4"}],"replies":[{"embeddable":true,"href":"https:\/\/nativediving.com\/fr\/wp-json\/wp\/v2\/comments?post=7562"}],"version-history":[{"count":0,"href":"https:\/\/nativediving.com\/fr\/wp-json\/wp\/v2\/pages\/7562\/revisions"}],"wp:attachment":[{"href":"https:\/\/nativediving.com\/fr\/wp-json\/wp\/v2\/media?parent=7562"}],"curies":[{"name":"wp","href":"https:\/\/api.w.org\/{rel}","templated":true}]}}