{"id":5996,"date":"2016-06-29T10:43:15","date_gmt":"2016-06-29T10:43:15","guid":{"rendered":"http:\/\/new.nativediving.com\/plongee-a-lanzarote\/mala\/"},"modified":"2019-03-27T10:26:08","modified_gmt":"2019-03-27T10:26:08","slug":"mala","status":"publish","type":"page","link":"https:\/\/nativediving.com\/fr\/plongee-a-lanzarote\/mala\/","title":{"rendered":"Mala"},"content":{"rendered":"<p>[et_pb_section fb_built=\u00a0\u00bb1&Prime; _builder_version=\u00a0\u00bb3.21&Prime;][et_pb_row _builder_version=\u00a0\u00bb3.0.47&Prime; background_size=\u00a0\u00bbinitial\u00a0\u00bb background_position=\u00a0\u00bbtop_left\u00a0\u00bb background_repeat=\u00a0\u00bbrepeat\u00a0\u00bb][et_pb_column type=\u00a0\u00bb1_2&Prime; _builder_version=\u00a0\u00bb3.0.47&Prime;][et_pb_blurb title=\u00a0\u00bbPLONG\u00c9ES \u00c0 MALA\u00a0\u00bb image=\u00a0\u00bbhttps:\/\/nativediving.com\/wp-content\/uploads\/2019\/03\/chucho-azul.png\u00a0\u00bb _builder_version=\u00a0\u00bb3.21&Prime; header_level=\u00a0\u00bbh1&Prime; header_font=\u00a0\u00bb||||||||\u00a0\u00bb header_text_align=\u00a0\u00bbcenter\u00a0\u00bb body_font=\u00a0\u00bb||||||||\u00a0\u00bb body_text_align=\u00a0\u00bbcenter\u00a0\u00bb]<\/p>\n<p>Cette plong\u00e9e est riche en formations volcaniques, grottes, fonds p\u00e9lagiques de sable blanc et regorge d\u2019une vie sous-marine abondante et diversifi\u00e9e.<\/p>\n<p>[\/et_pb_blurb][\/et_pb_column][et_pb_column type=\u00a0\u00bb1_2&Prime; _builder_version=\u00a0\u00bb3.0.47&Prime;][et_pb_image src=\u00a0\u00bbhttps:\/\/nativediving.com\/wp-content\/uploads\/2016\/06\/Charco-del-palo-Native-diving-Lanzarote.jpg\u00a0\u00bb show_in_lightbox=\u00a0\u00bbon\u00a0\u00bb admin_label=\u00a0\u00bbImage\u00a0\u00bb _builder_version=\u00a0\u00bb3.0.74&Prime; animation_style=\u00a0\u00bbslide\u00a0\u00bb animation_direction=\u00a0\u00bbright\u00a0\u00bb animation_duration=\u00a0\u00bb500ms\u00a0\u00bb animation_intensity_slide=\u00a0\u00bb10%\u00a0\u00bb animation=\u00a0\u00bbright\u00a0\u00bb][\/et_pb_image][\/et_pb_column][\/et_pb_row][\/et_pb_section][et_pb_section fb_built=\u00a0\u00bb1&Prime; _builder_version=\u00a0\u00bb3.21&Prime; custom_padding=\u00a0\u00bb54px|0px|140px|0px|false|false\u00a0\u00bb][et_pb_row _builder_version=\u00a0\u00bb3.0.47&Prime; background_size=\u00a0\u00bbinitial\u00a0\u00bb background_position=\u00a0\u00bbtop_left\u00a0\u00bb background_repeat=\u00a0\u00bbrepeat\u00a0\u00bb][et_pb_column type=\u00a0\u00bb1_2&Prime; _builder_version=\u00a0\u00bb3.0.47&Prime;][et_pb_cta title=\u00a0\u00bbCHARCO DEL PALO\u00a0\u00bb button_url=\u00a0\u00bb#\u00a0\u00bb admin_label=\u00a0\u00bbCall To Action\u00a0\u00bb _builder_version=\u00a0\u00bb3.21&Prime; use_background_color=\u00a0\u00bboff\u00a0\u00bb background_size=\u00a0\u00bbinitial\u00a0\u00bb background_position=\u00a0\u00bbtop_left\u00a0\u00bb background_repeat=\u00a0\u00bbrepeat\u00a0\u00bb background_layout=\u00a0\u00bblight\u00a0\u00bb button_text_size__hover_enabled=\u00a0\u00bboff\u00a0\u00bb button_one_text_size__hover_enabled=\u00a0\u00bboff\u00a0\u00bb button_two_text_size__hover_enabled=\u00a0\u00bboff\u00a0\u00bb button_text_color__hover_enabled=\u00a0\u00bboff\u00a0\u00bb button_one_text_color__hover_enabled=\u00a0\u00bboff\u00a0\u00bb button_two_text_color__hover_enabled=\u00a0\u00bboff\u00a0\u00bb button_border_width__hover_enabled=\u00a0\u00bboff\u00a0\u00bb button_one_border_width__hover_enabled=\u00a0\u00bboff\u00a0\u00bb button_two_border_width__hover_enabled=\u00a0\u00bboff\u00a0\u00bb button_border_color__hover_enabled=\u00a0\u00bboff\u00a0\u00bb button_one_border_color__hover_enabled=\u00a0\u00bboff\u00a0\u00bb button_two_border_color__hover_enabled=\u00a0\u00bboff\u00a0\u00bb button_border_radius__hover_enabled=\u00a0\u00bboff\u00a0\u00bb button_one_border_radius__hover_enabled=\u00a0\u00bboff\u00a0\u00bb button_two_border_radius__hover_enabled=\u00a0\u00bboff\u00a0\u00bb button_letter_spacing__hover_enabled=\u00a0\u00bboff\u00a0\u00bb button_one_letter_spacing__hover_enabled=\u00a0\u00bboff\u00a0\u00bb button_two_letter_spacing__hover_enabled=\u00a0\u00bboff\u00a0\u00bb button_bg_color__hover_enabled=\u00a0\u00bboff\u00a0\u00bb button_one_bg_color__hover_enabled=\u00a0\u00bboff\u00a0\u00bb button_two_bg_color__hover_enabled=\u00a0\u00bboff\u00a0\u00bb]<\/p>\n<p>La mise \u00e0 l\u2019eau se fait de la plage. Plong\u00e9e jusqu&rsquo;\u00e0 28m de profondeur. Remarquable par son paysage purement volcanique, les deux itin\u00e9raires peuvent \u00eatre adapt\u00e9s aux diff\u00e9rents niveaux en variant la profondeur. Dans les grottes et les diff\u00e9rentes cavit\u00e9s, on peut trouvez des mur\u00e8nes, poulpes, an\u00e9mones g\u00e9antes et crevettes. Lorsque vous serez dans la partie sableuse, regardez attentivement car il est fr\u00e9quent de voir des requins anges et diff\u00e9rents type de raies.<\/p>\n<p>[\/et_pb_cta][\/et_pb_column][et_pb_column type=\u00a0\u00bb1_2&Prime; _builder_version=\u00a0\u00bb3.0.47&Prime;][et_pb_image src=\u00a0\u00bbhttps:\/\/nativediving.com\/wp-content\/uploads\/2017\/08\/Charco-del-Palo-Buceo-en-Lanzarote.jpg\u00a0\u00bb show_in_lightbox=\u00a0\u00bbon\u00a0\u00bb admin_label=\u00a0\u00bbImage\u00a0\u00bb _builder_version=\u00a0\u00bb3.0.74&Prime; animation_style=\u00a0\u00bbslide\u00a0\u00bb animation_direction=\u00a0\u00bbright\u00a0\u00bb animation_duration=\u00a0\u00bb500ms\u00a0\u00bb animation_intensity_slide=\u00a0\u00bb10%\u00a0\u00bb animation=\u00a0\u00bbright\u00a0\u00bb][\/et_pb_image][\/et_pb_column][\/et_pb_row][et_pb_row _builder_version=\u00a0\u00bb3.0.47&Prime; background_size=\u00a0\u00bbinitial\u00a0\u00bb background_position=\u00a0\u00bbtop_left\u00a0\u00bb background_repeat=\u00a0\u00bbrepeat\u00a0\u00bb][et_pb_column type=\u00a0\u00bb1_2&Prime; _builder_version=\u00a0\u00bb3.0.47&Prime;][et_pb_cta title=\u00a0\u00bbEL ASCENSOR ET PUERTO MORRO\u00a0\u00bb button_url=\u00a0\u00bb#\u00a0\u00bb admin_label=\u00a0\u00bbCall To Action\u00a0\u00bb _builder_version=\u00a0\u00bb3.21&Prime; use_background_color=\u00a0\u00bboff\u00a0\u00bb background_size=\u00a0\u00bbinitial\u00a0\u00bb background_position=\u00a0\u00bbtop_left\u00a0\u00bb background_repeat=\u00a0\u00bbrepeat\u00a0\u00bb background_layout=\u00a0\u00bblight\u00a0\u00bb button_text_size__hover_enabled=\u00a0\u00bboff\u00a0\u00bb button_one_text_size__hover_enabled=\u00a0\u00bboff\u00a0\u00bb button_two_text_size__hover_enabled=\u00a0\u00bboff\u00a0\u00bb button_text_color__hover_enabled=\u00a0\u00bboff\u00a0\u00bb button_one_text_color__hover_enabled=\u00a0\u00bboff\u00a0\u00bb button_two_text_color__hover_enabled=\u00a0\u00bboff\u00a0\u00bb button_border_width__hover_enabled=\u00a0\u00bboff\u00a0\u00bb button_one_border_width__hover_enabled=\u00a0\u00bboff\u00a0\u00bb button_two_border_width__hover_enabled=\u00a0\u00bboff\u00a0\u00bb button_border_color__hover_enabled=\u00a0\u00bboff\u00a0\u00bb button_one_border_color__hover_enabled=\u00a0\u00bboff\u00a0\u00bb button_two_border_color__hover_enabled=\u00a0\u00bboff\u00a0\u00bb button_border_radius__hover_enabled=\u00a0\u00bboff\u00a0\u00bb button_one_border_radius__hover_enabled=\u00a0\u00bboff\u00a0\u00bb button_two_border_radius__hover_enabled=\u00a0\u00bboff\u00a0\u00bb button_letter_spacing__hover_enabled=\u00a0\u00bboff\u00a0\u00bb button_one_letter_spacing__hover_enabled=\u00a0\u00bboff\u00a0\u00bb button_two_letter_spacing__hover_enabled=\u00a0\u00bboff\u00a0\u00bb button_bg_color__hover_enabled=\u00a0\u00bboff\u00a0\u00bb button_one_bg_color__hover_enabled=\u00a0\u00bboff\u00a0\u00bb button_two_bg_color__hover_enabled=\u00a0\u00bboff\u00a0\u00bb]<\/p>\n<p>La mise \u00e0 l\u2019eau se fait de la plage. Plong\u00e9e jusqu&rsquo;\u00e0 40 m\u00e8tres de profondeur. Cette plong\u00e9e pr\u00e9sente un magnifique tube volcanique d\u2019o\u00f9 son nom \u00ab d\u2019El Ascensor \u00bb. Nous pouvons voir diff\u00e9rentes vari\u00e9t\u00e9s d\u2019\u00e9ponge et beaucoup de crevettes narvals. Le second itin\u00e9raire m\u00e8ne \u00e0 la zone connue de Puerto Moro et le \u00ab petit Ascenseur \u00bb. Il pr\u00e9sente une grotte spectaculaire et beaucoup de belles arches. A 30 m\u00e8tres, nous pouvons trouver un petit tunnel volcanique de moins de 10 m\u00e8tres de longueur avec plusieurs puits de lumi\u00e8re r\u00e9v\u00e9lant une luminosit\u00e9 incroyable.<\/p>\n<p>[\/et_pb_cta][\/et_pb_column][et_pb_column type=\u00a0\u00bb1_2&Prime; _builder_version=\u00a0\u00bb3.0.47&Prime;][et_pb_video src=\u00a0\u00bbhttps:\/\/youtu.be\/IzKt228S97A\u00a0\u00bb image_src=\u00a0\u00bb\/\/i.ytimg.com\/vi\/IzKt228S97A\/hqdefault.jpg\u00a0\u00bb _builder_version=\u00a0\u00bb3.21&Prime;][\/et_pb_video][\/et_pb_column][\/et_pb_row][\/et_pb_section]<\/p>\n","protected":false},"excerpt":{"rendered":"<p>Cette plong\u00e9e est riche en formations volcaniques, grottes, fonds p\u00e9lagiques de sable blanc et regorge d\u2019une vie sous-marine abondante et diversifi\u00e9e.La mise \u00e0 l\u2019eau se fait de la plage. Plong\u00e9e jusqu&rsquo;\u00e0 28m de profondeur. Remarquable par son paysage purement volcanique, les deux itin\u00e9raires peuvent \u00eatre adapt\u00e9s aux diff\u00e9rents niveaux en variant la profondeur. Dans les [&hellip;]<\/p>\n","protected":false},"author":4,"featured_media":0,"parent":5946,"menu_order":0,"comment_status":"closed","ping_status":"closed","template":"","meta":{"_et_pb_use_builder":"on","_et_pb_old_content":"","_et_gb_content_width":"","footnotes":""},"yoast_head":"<!-- This site is optimized with the Yoast SEO plugin v22.2 - https:\/\/yoast.com\/wordpress\/plugins\/seo\/ -->\n<title>Plong\u00e9e \u00e0 Mala | Native Diving<\/title>\n<meta name=\"robots\" content=\"index, follow, max-snippet:-1, max-image-preview:large, max-video-preview:-1\" \/>\n<link rel=\"canonical\" href=\"https:\/\/nativediving.com\/fr\/plongee-a-lanzarote\/mala\/\" \/>\n<meta property=\"og:locale\" content=\"fr_FR\" \/>\n<meta property=\"og:type\" content=\"article\" \/>\n<meta property=\"og:title\" content=\"Plong\u00e9e \u00e0 Mala | Native Diving\" \/>\n<meta property=\"og:description\" content=\"Cette plong\u00e9e est riche en formations volcaniques, grottes, fonds p\u00e9lagiques de sable blanc et regorge d\u2019une vie sous-marine abondante et diversifi\u00e9e.La mise \u00e0 l\u2019eau se fait de la plage. Plong\u00e9e jusqu&#039;\u00e0 28m de profondeur. Remarquable par son paysage purement volcanique, les deux itin\u00e9raires peuvent \u00eatre adapt\u00e9s aux diff\u00e9rents niveaux en variant la profondeur. Dans les [&hellip;]\" \/>\n<meta property=\"og:url\" content=\"https:\/\/nativediving.com\/fr\/plongee-a-lanzarote\/mala\/\" \/>\n<meta property=\"og:site_name\" content=\"Native Diving\" \/>\n<meta property=\"article:publisher\" content=\"https:\/\/www.facebook.com\/Native.Diving.Lanzarote\" \/>\n<meta property=\"article:modified_time\" content=\"2019-03-27T10:26:08+00:00\" \/>\n<meta name=\"twitter:label1\" content=\"Dur\u00e9e de lecture estim\u00e9e\" \/>\n\t<meta name=\"twitter:data1\" content=\"4 minutes\" \/>\n<script type=\"application\/ld+json\" class=\"yoast-schema-graph\">{\"@context\":\"https:\/\/schema.org\",\"@graph\":[{\"@type\":\"WebPage\",\"@id\":\"https:\/\/nativediving.com\/fr\/plongee-a-lanzarote\/mala\/\",\"url\":\"https:\/\/nativediving.com\/fr\/plongee-a-lanzarote\/mala\/\",\"name\":\"Plong\u00e9e \u00e0 Mala | Native Diving\",\"isPartOf\":{\"@id\":\"https:\/\/nativediving.com\/#website\"},\"datePublished\":\"2016-06-29T10:43:15+00:00\",\"dateModified\":\"2019-03-27T10:26:08+00:00\",\"breadcrumb\":{\"@id\":\"https:\/\/nativediving.com\/fr\/plongee-a-lanzarote\/mala\/#breadcrumb\"},\"inLanguage\":\"fr-FR\",\"potentialAction\":[{\"@type\":\"ReadAction\",\"target\":[\"https:\/\/nativediving.com\/fr\/plongee-a-lanzarote\/mala\/\"]}]},{\"@type\":\"BreadcrumbList\",\"@id\":\"https:\/\/nativediving.com\/fr\/plongee-a-lanzarote\/mala\/#breadcrumb\",\"itemListElement\":[{\"@type\":\"ListItem\",\"position\":1,\"name\":\"Escuela de buceo\",\"item\":\"https:\/\/nativediving.com\/fr\/\"},{\"@type\":\"ListItem\",\"position\":2,\"name\":\"Plong\u00e9e \u00e0 Lanzarote\",\"item\":\"https:\/\/nativediving.com\/fr\/plongee-a-lanzarote\/\"},{\"@type\":\"ListItem\",\"position\":3,\"name\":\"Mala\"}]},{\"@type\":\"WebSite\",\"@id\":\"https:\/\/nativediving.com\/#website\",\"url\":\"https:\/\/nativediving.com\/\",\"name\":\"Native Diving\",\"description\":\"Centro de buceo SSI y PADI en Lanzarote\",\"publisher\":{\"@id\":\"https:\/\/nativediving.com\/#organization\"},\"potentialAction\":[{\"@type\":\"SearchAction\",\"target\":{\"@type\":\"EntryPoint\",\"urlTemplate\":\"https:\/\/nativediving.com\/?s={search_term_string}\"},\"query-input\":\"required name=search_term_string\"}],\"inLanguage\":\"fr-FR\"},{\"@type\":\"Organization\",\"@id\":\"https:\/\/nativediving.com\/#organization\",\"name\":\"Native Diving Lanzarote\",\"url\":\"https:\/\/nativediving.com\/\",\"logo\":{\"@type\":\"ImageObject\",\"inLanguage\":\"fr-FR\",\"@id\":\"https:\/\/nativediving.com\/#\/schema\/logo\/image\/\",\"url\":\"https:\/\/nativediving.com\/wp-content\/uploads\/2017\/11\/Escudo_NativeDiving_Azul.png\",\"contentUrl\":\"https:\/\/nativediving.com\/wp-content\/uploads\/2017\/11\/Escudo_NativeDiving_Azul.png\",\"width\":3295,\"height\":2480,\"caption\":\"Native Diving Lanzarote\"},\"image\":{\"@id\":\"https:\/\/nativediving.com\/#\/schema\/logo\/image\/\"},\"sameAs\":[\"https:\/\/www.facebook.com\/Native.Diving.Lanzarote\",\"https:\/\/twitter.com\/nativedivingLZ\",\"https:\/\/www.youtube.com\/c\/NativeDivingLanzaroteBuceo\"]}]}<\/script>\n<!-- \/ Yoast SEO plugin. -->","yoast_head_json":{"title":"Plong\u00e9e \u00e0 Mala | Native Diving","robots":{"index":"index","follow":"follow","max-snippet":"max-snippet:-1","max-image-preview":"max-image-preview:large","max-video-preview":"max-video-preview:-1"},"canonical":"https:\/\/nativediving.com\/fr\/plongee-a-lanzarote\/mala\/","og_locale":"fr_FR","og_type":"article","og_title":"Plong\u00e9e \u00e0 Mala | Native Diving","og_description":"Cette plong\u00e9e est riche en formations volcaniques, grottes, fonds p\u00e9lagiques de sable blanc et regorge d\u2019une vie sous-marine abondante et diversifi\u00e9e.La mise \u00e0 l\u2019eau se fait de la plage. Plong\u00e9e jusqu'\u00e0 28m de profondeur. Remarquable par son paysage purement volcanique, les deux itin\u00e9raires peuvent \u00eatre adapt\u00e9s aux diff\u00e9rents niveaux en variant la profondeur. Dans les [&hellip;]","og_url":"https:\/\/nativediving.com\/fr\/plongee-a-lanzarote\/mala\/","og_site_name":"Native Diving","article_publisher":"https:\/\/www.facebook.com\/Native.Diving.Lanzarote","article_modified_time":"2019-03-27T10:26:08+00:00","twitter_misc":{"Dur\u00e9e de lecture estim\u00e9e":"4 minutes"},"schema":{"@context":"https:\/\/schema.org","@graph":[{"@type":"WebPage","@id":"https:\/\/nativediving.com\/fr\/plongee-a-lanzarote\/mala\/","url":"https:\/\/nativediving.com\/fr\/plongee-a-lanzarote\/mala\/","name":"Plong\u00e9e \u00e0 Mala | Native Diving","isPartOf":{"@id":"https:\/\/nativediving.com\/#website"},"datePublished":"2016-06-29T10:43:15+00:00","dateModified":"2019-03-27T10:26:08+00:00","breadcrumb":{"@id":"https:\/\/nativediving.com\/fr\/plongee-a-lanzarote\/mala\/#breadcrumb"},"inLanguage":"fr-FR","potentialAction":[{"@type":"ReadAction","target":["https:\/\/nativediving.com\/fr\/plongee-a-lanzarote\/mala\/"]}]},{"@type":"BreadcrumbList","@id":"https:\/\/nativediving.com\/fr\/plongee-a-lanzarote\/mala\/#breadcrumb","itemListElement":[{"@type":"ListItem","position":1,"name":"Escuela de buceo","item":"https:\/\/nativediving.com\/fr\/"},{"@type":"ListItem","position":2,"name":"Plong\u00e9e \u00e0 Lanzarote","item":"https:\/\/nativediving.com\/fr\/plongee-a-lanzarote\/"},{"@type":"ListItem","position":3,"name":"Mala"}]},{"@type":"WebSite","@id":"https:\/\/nativediving.com\/#website","url":"https:\/\/nativediving.com\/","name":"Native Diving","description":"Centro de buceo SSI y PADI en Lanzarote","publisher":{"@id":"https:\/\/nativediving.com\/#organization"},"potentialAction":[{"@type":"SearchAction","target":{"@type":"EntryPoint","urlTemplate":"https:\/\/nativediving.com\/?s={search_term_string}"},"query-input":"required name=search_term_string"}],"inLanguage":"fr-FR"},{"@type":"Organization","@id":"https:\/\/nativediving.com\/#organization","name":"Native Diving Lanzarote","url":"https:\/\/nativediving.com\/","logo":{"@type":"ImageObject","inLanguage":"fr-FR","@id":"https:\/\/nativediving.com\/#\/schema\/logo\/image\/","url":"https:\/\/nativediving.com\/wp-content\/uploads\/2017\/11\/Escudo_NativeDiving_Azul.png","contentUrl":"https:\/\/nativediving.com\/wp-content\/uploads\/2017\/11\/Escudo_NativeDiving_Azul.png","width":3295,"height":2480,"caption":"Native Diving Lanzarote"},"image":{"@id":"https:\/\/nativediving.com\/#\/schema\/logo\/image\/"},"sameAs":["https:\/\/www.facebook.com\/Native.Diving.Lanzarote","https:\/\/twitter.com\/nativedivingLZ","https:\/\/www.youtube.com\/c\/NativeDivingLanzaroteBuceo"]}]}},"_links":{"self":[{"href":"https:\/\/nativediving.com\/fr\/wp-json\/wp\/v2\/pages\/5996"}],"collection":[{"href":"https:\/\/nativediving.com\/fr\/wp-json\/wp\/v2\/pages"}],"about":[{"href":"https:\/\/nativediving.com\/fr\/wp-json\/wp\/v2\/types\/page"}],"author":[{"embeddable":true,"href":"https:\/\/nativediving.com\/fr\/wp-json\/wp\/v2\/users\/4"}],"replies":[{"embeddable":true,"href":"https:\/\/nativediving.com\/fr\/wp-json\/wp\/v2\/comments?post=5996"}],"version-history":[{"count":0,"href":"https:\/\/nativediving.com\/fr\/wp-json\/wp\/v2\/pages\/5996\/revisions"}],"up":[{"embeddable":true,"href":"https:\/\/nativediving.com\/fr\/wp-json\/wp\/v2\/pages\/5946"}],"wp:attachment":[{"href":"https:\/\/nativediving.com\/fr\/wp-json\/wp\/v2\/media?parent=5996"}],"curies":[{"name":"wp","href":"https:\/\/api.w.org\/{rel}","templated":true}]}}