{"id":217992,"date":"2024-01-08T17:09:18","date_gmt":"2024-01-08T17:09:18","guid":{"rendered":"https:\/\/nativediving.com\/cursos-buceo\/"},"modified":"2024-01-16T11:08:01","modified_gmt":"2024-01-16T11:08:01","slug":"cours-de-plongee-nativediving","status":"publish","type":"page","link":"https:\/\/nativediving.com\/fr\/cours-de-plongee-nativediving\/","title":{"rendered":"Cours de plong\u00e9e"},"content":{"rendered":"<p>[et_pb_section fb_built=\u00a0\u00bb1&Prime; _builder_version=\u00a0\u00bb4.21.0&Prime; _module_preset=\u00a0\u00bbdefault\u00a0\u00bb min_height=\u00a0\u00bb156.3px\u00a0\u00bb custom_margin=\u00a0\u00bb||0px||false|false\u00a0\u00bb custom_padding=\u00a0\u00bb0px||0px||false|false\u00a0\u00bb global_colors_info=\u00a0\u00bb{}\u00a0\u00bb][et_pb_row _builder_version=\u00a0\u00bb4.21.0&Prime; _module_preset=\u00a0\u00bbdefault\u00a0\u00bb custom_margin=\u00a0\u00bb30px||||false|false\u00a0\u00bb custom_padding=\u00a0\u00bb||7px|||\u00a0\u00bb global_colors_info=\u00a0\u00bb{}\u00a0\u00bb][et_pb_column type=\u00a0\u00bb4_4&Prime; _builder_version=\u00a0\u00bb4.19.1&Prime; _module_preset=\u00a0\u00bbdefault\u00a0\u00bb global_colors_info=\u00a0\u00bb{}\u00a0\u00bb][et_pb_text _builder_version=\u00a0\u00bb4.21.0&Prime; _module_preset=\u00a0\u00bbdefault\u00a0\u00bb header_text_color=\u00a0\u00bb#144168&Prime; text_orientation=\u00a0\u00bbcenter\u00a0\u00bb global_colors_info=\u00a0\u00bb{}\u00a0\u00bb]<\/p>\n<h1>COURS DE PLONG\u00c9E<\/h1>\n<p>[\/et_pb_text][\/et_pb_column][\/et_pb_row][et_pb_row _builder_version=\u00a0\u00bb4.19.1&Prime; _module_preset=\u00a0\u00bbdefault\u00a0\u00bb global_colors_info=\u00a0\u00bb{}\u00a0\u00bb][et_pb_column type=\u00a0\u00bb4_4&Prime; _builder_version=\u00a0\u00bb4.19.1&Prime; _module_preset=\u00a0\u00bbdefault\u00a0\u00bb global_colors_info=\u00a0\u00bb{}\u00a0\u00bb][et_pb_text _builder_version=\u00a0\u00bb4.21.0&Prime; _module_preset=\u00a0\u00bbdefault\u00a0\u00bb text_orientation=\u00a0\u00bbcenter\u00a0\u00bb global_colors_info=\u00a0\u00bb{}\u00a0\u00bb]<\/p>\n<p><b>Explorez le monde sous-marin fascinant gr\u00e2ce aux cours de plong\u00e9e passionnants de Nativediving Lanzarote !<\/b><\/p>\n<p>Depuis 1999, Nativediving Lanzarote se consacre \u00e0 la formation des plongeurs et fait d\u00e9couvrir les merveilles de l&rsquo;oc\u00e9an \u00e0 des personnes de tous \u00e2ges et de toutes conditions physiques. Notre engagement est de vous offrir des exp\u00e9riences inoubliables et s\u00fbres \u00e0 chaque plong\u00e9e.<\/p>\n<p>[\/et_pb_text][\/et_pb_column][\/et_pb_row][\/et_pb_section][et_pb_section fb_built=\u00a0\u00bb1&Prime; _builder_version=\u00a0\u00bb4.21.0&Prime; _module_preset=\u00a0\u00bbdefault\u00a0\u00bb custom_margin=\u00a0\u00bb0px||||false|false\u00a0\u00bb custom_padding=\u00a0\u00bb0px||||false|false\u00a0\u00bb global_colors_info=\u00a0\u00bb{}\u00a0\u00bb][et_pb_row column_structure=\u00a0\u00bb1_2,1_2&Prime; _builder_version=\u00a0\u00bb4.21.0&Prime; _module_preset=\u00a0\u00bbdefault\u00a0\u00bb global_colors_info=\u00a0\u00bb{}\u00a0\u00bb][et_pb_column type=\u00a0\u00bb1_2&Prime; _builder_version=\u00a0\u00bb4.19.1&Prime; _module_preset=\u00a0\u00bbdefault\u00a0\u00bb global_colors_info=\u00a0\u00bb{}\u00a0\u00bb][et_pb_image src=\u00a0\u00bbhttps:\/\/nativediving.com\/wp-content\/uploads\/2023\/05\/GOPR7974-scaled-e1684009889539.jpg\u00a0\u00bb _builder_version=\u00a0\u00bb4.21.0&Prime; _module_preset=\u00a0\u00bbdefault\u00a0\u00bb global_colors_info=\u00a0\u00bb{}\u00a0\u00bb][\/et_pb_image][\/et_pb_column][et_pb_column type=\u00a0\u00bb1_2&Prime; _builder_version=\u00a0\u00bb4.19.1&Prime; _module_preset=\u00a0\u00bbdefault\u00a0\u00bb global_colors_info=\u00a0\u00bb{}\u00a0\u00bb][et_pb_text _builder_version=\u00a0\u00bb4.21.0&Prime; _module_preset=\u00a0\u00bbdefault\u00a0\u00bb hover_enabled=\u00a0\u00bb0&Prime; global_colors_info=\u00a0\u00bb{}\u00a0\u00bb sticky_enabled=\u00a0\u00bb0&Prime;]<\/p>\n<h2>Une large gamme de cours de plong\u00e9e<\/h2>\n<p>Nous proposons une large gamme de cours de plong\u00e9e \u00e0 diff\u00e9rents niveaux, approuv\u00e9s par les meilleurs certificateurs au monde tels que SSI ou PADI. Nous travaillons avec des instructeurs hautement qualifi\u00e9s et exp\u00e9riment\u00e9s, qui s&rsquo;engagent \u00e0 fournir les connaissances et les comp\u00e9tences n\u00e9cessaires pour explorer les profondeurs de la mer de mani\u00e8re s\u00fbre, respectueuse et responsable.<\/p>\n<h3 style=\"padding-top: 25px;\">A Nativediving Lanzarote, nous disposons d&rsquo;un \u00e9quipement de pointe pour assurer votre confort et votre s\u00e9curit\u00e9 pendant toutes les plong\u00e9es.<\/h3>\n<p>[\/et_pb_text][\/et_pb_column][\/et_pb_row][et_pb_row column_structure=\u00a0\u00bb1_2,1_2&Prime; _builder_version=\u00a0\u00bb4.21.0&Prime; _module_preset=\u00a0\u00bbdefault\u00a0\u00bb global_colors_info=\u00a0\u00bb{}\u00a0\u00bb][et_pb_column type=\u00a0\u00bb1_2&Prime; _builder_version=\u00a0\u00bb4.19.1&Prime; _module_preset=\u00a0\u00bbdefault\u00a0\u00bb global_colors_info=\u00a0\u00bb{}\u00a0\u00bb][et_pb_text _builder_version=\u00a0\u00bb4.21.0&Prime; _module_preset=\u00a0\u00bbdefault\u00a0\u00bb hover_enabled=\u00a0\u00bb0&Prime; global_colors_info=\u00a0\u00bb{}\u00a0\u00bb sticky_enabled=\u00a0\u00bb0&Prime;]<\/p>\n<p>L&rsquo;accessibilit\u00e9 est fondamentale pour notre \u00e9cole. C&rsquo;est pourquoi nous sommes fiers de proposer des activit\u00e9s sp\u00e9cialement adapt\u00e9es aux personnes \u00e0 mobilit\u00e9 r\u00e9duite, leur donnant l&rsquo;opportunit\u00e9 de profiter de la magie de la plong\u00e9e sur un pied d&rsquo;\u00e9galit\u00e9.<\/p>\n<p>Nous reconnaissons l&rsquo;importance de se sentir \u00e0 l&rsquo;aise et compris. C&rsquo;est pourquoi, \u00e0 Nativediving Lanzarote, nous nous occupons de vous dans votre langue, en vous offrant un service personnalis\u00e9 et amical d\u00e8s le premier contact.<\/p>\n<p>Nous sommes fiers non seulement de notre exp\u00e9rience et de notre professionnalisme, mais aussi de la satisfaction de nos clients. Notre engagement envers la qualit\u00e9 se refl\u00e8te dans les excellentes critiques et \u00e9valuations re\u00e7ues de la part de ceux qui nous ont fait confiance pour d\u00e9couvrir le monde sous-marin.<\/p>\n<p>[\/et_pb_text][\/et_pb_column][et_pb_column type=\u00a0\u00bb1_2&Prime; _builder_version=\u00a0\u00bb4.19.1&Prime; _module_preset=\u00a0\u00bbdefault\u00a0\u00bb global_colors_info=\u00a0\u00bb{}\u00a0\u00bb][et_pb_image src=\u00a0\u00bbhttps:\/\/nativediving.com\/wp-content\/uploads\/2023\/05\/GOPR1802.jpg\u00a0\u00bb _builder_version=\u00a0\u00bb4.21.0&Prime; _module_preset=\u00a0\u00bbdefault\u00a0\u00bb global_colors_info=\u00a0\u00bb{}\u00a0\u00bb][\/et_pb_image][\/et_pb_column][\/et_pb_row][et_pb_row column_structure=\u00a0\u00bb1_2,1_2&Prime; _builder_version=\u00a0\u00bb4.21.0&Prime; _module_preset=\u00a0\u00bbdefault\u00a0\u00bb background_color=\u00a0\u00bb#f8f8f8&Prime; global_colors_info=\u00a0\u00bb{}\u00a0\u00bb][et_pb_column type=\u00a0\u00bb1_2&Prime; _builder_version=\u00a0\u00bb4.19.1&Prime; _module_preset=\u00a0\u00bbdefault\u00a0\u00bb global_colors_info=\u00a0\u00bb{}\u00a0\u00bb][et_pb_button button_url=\u00a0\u00bb\/fr\/cours-de-plongee-ssi\u00a0\u00bb button_text=\u00a0\u00bbD\u00e9couvrez nos cours SSI\u00a0\u00bb button_alignment=\u00a0\u00bbcenter\u00a0\u00bb _builder_version=\u00a0\u00bb4.21.0&Prime; _module_preset=\u00a0\u00bbdefault\u00a0\u00bb custom_button=\u00a0\u00bbon\u00a0\u00bb button_text_color=\u00a0\u00bb#FFFFFF\u00a0\u00bb hover_enabled=\u00a0\u00bb0&Prime; global_colors_info=\u00a0\u00bb{}\u00a0\u00bb sticky_enabled=\u00a0\u00bb0&Prime;][\/et_pb_button][\/et_pb_column][et_pb_column type=\u00a0\u00bb1_2&Prime; _builder_version=\u00a0\u00bb4.19.1&Prime; _module_preset=\u00a0\u00bbdefault\u00a0\u00bb global_colors_info=\u00a0\u00bb{}\u00a0\u00bb][et_pb_button button_url=\u00a0\u00bb\/fr\/cours-de-plongee-padi\u00a0\u00bb button_text=\u00a0\u00bbD\u00e9couvrez nos cours PADI\u00a0\u00bb button_alignment=\u00a0\u00bbcenter\u00a0\u00bb _builder_version=\u00a0\u00bb4.21.0&Prime; _module_preset=\u00a0\u00bbdefault\u00a0\u00bb custom_button=\u00a0\u00bbon\u00a0\u00bb button_text_color=\u00a0\u00bb#FFFFFF\u00a0\u00bb hover_enabled=\u00a0\u00bb0&Prime; global_colors_info=\u00a0\u00bb{}\u00a0\u00bb sticky_enabled=\u00a0\u00bb0&Prime;][\/et_pb_button][\/et_pb_column][\/et_pb_row][et_pb_row _builder_version=\u00a0\u00bb4.21.0&Prime; _module_preset=\u00a0\u00bbdefault\u00a0\u00bb global_colors_info=\u00a0\u00bb{}\u00a0\u00bb][et_pb_column type=\u00a0\u00bb4_4&Prime; _builder_version=\u00a0\u00bb4.19.1&Prime; _module_preset=\u00a0\u00bbdefault\u00a0\u00bb global_colors_info=\u00a0\u00bb{}\u00a0\u00bb][et_pb_text _builder_version=\u00a0\u00bb4.21.0&Prime; _module_preset=\u00a0\u00bbdefault\u00a0\u00bb text_orientation=\u00a0\u00bbcenter\u00a0\u00bb hover_enabled=\u00a0\u00bb0&Prime; global_colors_info=\u00a0\u00bb{}\u00a0\u00bb sticky_enabled=\u00a0\u00bb0&Prime;]<\/p>\n<h4>Vous ne savez pas quel cours choisir?<\/h4>\n<p><a href=\"\/fr\/contact\">Contactez-nous<\/a> et nous vous recommanderons le cours qui vous convient le mieux.<\/p>\n<p>Plongez avec nativediving.com et vivez une exp\u00e9rience unique et passionnante sous la mer! N&rsquo;attendez plus, d\u00e9couvrez le monde fascinant de la plong\u00e9e avec nous!<\/p>\n<p>[\/et_pb_text][\/et_pb_column][\/et_pb_row][\/et_pb_section]<\/p>\n","protected":false},"excerpt":{"rendered":"<p>COURS DE PLONG\u00c9EExplorez le monde sous-marin fascinant gr\u00e2ce aux cours de plong\u00e9e passionnants de Nativediving Lanzarote ! Depuis 1999, Nativediving Lanzarote se consacre \u00e0 la formation des plongeurs et fait d\u00e9couvrir les merveilles de l&rsquo;oc\u00e9an \u00e0 des personnes de tous \u00e2ges et de toutes conditions physiques. Notre engagement est de vous offrir des exp\u00e9riences inoubliables [&hellip;]<\/p>\n","protected":false},"author":4,"featured_media":0,"parent":0,"menu_order":0,"comment_status":"closed","ping_status":"closed","template":"","meta":{"_et_pb_use_builder":"on","_et_pb_old_content":"[et_pb_section fb_built=\"1\" _builder_version=\"4.16\" global_colors_info=\"{}\"][et_pb_row column_structure=\"1_3,1_3,1_3\" _builder_version=\"4.19.1\" _module_preset=\"default\" global_colors_info=\"{}\"][et_pb_column type=\"1_3\" _builder_version=\"4.19.1\" _module_preset=\"default\" global_colors_info=\"{}\"][et_pb_image src=\"https:\/\/nativediving.com\/wp-content\/uploads\/2022\/11\/Centro-de-Buceo-en-Costa-Teguise-Lanzarote.jpg\" alt=\"Centro de Buceo en Costa Teguise, Lanzarote\" title_text=\"Centro de Buceo en Costa Teguise, Lanzarote\" disabled_on=\"off|off|off\" _builder_version=\"4.19.1\" _module_preset=\"default\" global_colors_info=\"{}\"][\/et_pb_image][\/et_pb_column][et_pb_column type=\"1_3\" _builder_version=\"4.19.1\" _module_preset=\"default\" global_colors_info=\"{}\"][et_pb_image src=\"https:\/\/nativediving.com\/wp-content\/uploads\/2022\/11\/291575350_460372846088526_5434387003260458_n-300x257.jpg\" align=\"center\" _builder_version=\"4.19.1\" _module_preset=\"default\" global_colors_info=\"{}\"][\/et_pb_image][\/et_pb_column][et_pb_column type=\"1_3\" _builder_version=\"4.19.1\" _module_preset=\"default\" global_colors_info=\"{}\"][et_pb_image src=\"https:\/\/nativediving.com\/wp-content\/uploads\/2022\/11\/spa-dr.-fish-e1669241442759.jpg\" title_text=\"FISH SPA LANZAROTE\" align=\"center\" _builder_version=\"4.19.1\" _module_preset=\"default\" width=\"82%\" global_colors_info=\"{}\"][\/et_pb_image][\/et_pb_column][\/et_pb_row][\/et_pb_section][et_pb_section fb_built=\"1\" _builder_version=\"4.19.1\" _module_preset=\"default\" min_height=\"156.3px\" custom_padding=\"0px|||||\" global_colors_info=\"{}\"][et_pb_row _builder_version=\"4.19.1\" _module_preset=\"default\" custom_padding=\"||7px|||\" global_colors_info=\"{}\"][et_pb_column type=\"4_4\" _builder_version=\"4.19.1\" _module_preset=\"default\" global_colors_info=\"{}\"][et_pb_text _builder_version=\"4.19.1\" _module_preset=\"default\" header_text_color=\"#144168\" text_orientation=\"center\" global_colors_info=\"{}\"]<h1>FISH SPA LANZAROTE<\/h1>[\/et_pb_text][\/et_pb_column][\/et_pb_row][et_pb_row _builder_version=\"4.19.1\" _module_preset=\"default\" global_colors_info=\"{}\"][et_pb_column type=\"4_4\" _builder_version=\"4.19.1\" _module_preset=\"default\" global_colors_info=\"{}\"][et_pb_text _builder_version=\"4.19.1\" _module_preset=\"default\" global_colors_info=\"{}\"]<h2>\u00bfQu\u00e9 es la Ictioterapia?<\/h2>\r\n<p>Consiste en poner los pies dentro de una pecera llena de peces garra rufas o peces doctor mientras contemplan las vista de la Playa del Jablillo. Estas especies acu\u00e1ticas succionan las c\u00e9lulas muertas que puedan estar en nuestro pie, dejando la piel m\u00e1s tersa y suave.<\/p>[\/et_pb_text][et_pb_text _builder_version=\"4.19.1\" _module_preset=\"default\" global_colors_info=\"{}\"]<h2>\u00bfPor qu\u00e9 elegir Fish Spa Lanzarote en Costa Teguise?<\/h2>\r\n<p>Estamos situados en primera l\u00ednea de mar, frente a la Playa del Jablillo, con unas vistas increibles y somos\u00a0 el \u00fanico centro de Ictioterapia de Lanzarote.<\/p>\r\n<p>Solo tienes que venir y dejarte mimar por el doctor Fish.<\/p>[\/et_pb_text][et_pb_text _builder_version=\"4.19.1\" _module_preset=\"default\" text_orientation=\"center\" custom_padding=\"63px|||||\" global_colors_info=\"{}\"]<h3>INFORMACI\u00d3N<\/h3>\r\n<p><strong>HORARIO<\/strong>: 08:30 am a 17:00h pm.<br \/>No necesitan reservar.<br \/><strong>IMPORTANTE<\/strong>:<br \/>No pueden realizar la terapia personas que tengan hongos, heridas o enfermedades de la piel.<br \/><strong>PRECIO<\/strong>:<br \/>9.50 \u20ac 15 minutos<br \/>10 \u20ac 40 minutos<\/p>[\/et_pb_text][\/et_pb_column][\/et_pb_row][\/et_pb_section][et_pb_section fb_built=\"1\" _builder_version=\"4.19.1\" _module_preset=\"default\" global_colors_info=\"{}\"][et_pb_row column_structure=\"1_2,1_2\" _builder_version=\"4.19.1\" _module_preset=\"default\" global_colors_info=\"{}\"][et_pb_column type=\"1_2\" _builder_version=\"4.19.1\" _module_preset=\"default\" global_colors_info=\"{}\"][et_pb_blurb title=\"\u00bfPara qu\u00e9 sirve la ictioterapia?\" image=\"https:\/\/nativediving.com\/wp-content\/uploads\/2022\/11\/277096607_7199784576762551_5936505148004450905_n-300x224.jpg\" _builder_version=\"4.19.1\" _module_preset=\"default\" header_text_align=\"center\" text_orientation=\"center\" global_colors_info=\"{}\"]<p>Este m\u00e9todo se utiliza principalmente para limpiar las pieles muertas de los pies. Se considera por tanto b\u00e1sicamente como un tratamiento de est\u00e9tica. Tras cuatro o cinco sesiones, estos se suavizan de forma espectacular, incluidos los callos y las durezas. Mejora las heridas ya cicatrizadas y es muy beneficioso para la<strong><span style=\"color: #000000;\"> psoriasis<\/span><\/strong>, ya que ayuda a regenerar las zonas da\u00f1adas con muy buenos resultados. En algunos pa\u00edses, como Holanda o Alemania, se utiliza como tratamiento terap\u00e9utico para estos casos e incluso se incluye en algunos seguros m\u00e9dicos.<\/p>\r\n<p>Por otro lado mejora tambi\u00e9n la circulaci\u00f3n sangu\u00ednea perif\u00e9rica, ya que los peces efect\u00faan un peque\u00f1o masaje, dando a su vez con un agradable cosquilleo una sensaci\u00f3n de bienestar y relajaci\u00f3n.<\/p>[\/et_pb_blurb][\/et_pb_column][et_pb_column type=\"1_2\" _builder_version=\"4.19.1\" _module_preset=\"default\" global_colors_info=\"{}\"][et_pb_blurb title=\"\u00bfQui\u00e9n es el Doctor pez Garra Rufa?\" image=\"https:\/\/nativediving.com\/wp-content\/uploads\/2022\/11\/248016634_6440261259381557_8252495385632614439_n-1-300x224.jpg\" _builder_version=\"4.19.1\" _module_preset=\"default\" header_text_align=\"center\" text_orientation=\"center\" global_colors_info=\"{}\"]<p>Este es el nombre cient\u00edfico de este peque\u00f1o pez con aspecto de anfibio que vive en aguas semic\u00e1lidas de las cuencas de algunos r\u00edos de Eurasia, especialmente en Turqu\u00eda.<\/p>\r\n<p>Los ejemplares que suelen utilizarse miden entre tres y seis cent\u00edmetros (alcanzan los diez y doce en la madurez). No tienen dientes, s\u00f3lo succionan, por lo que no pueden producir heridas. Adem\u00e1s tienen una sustancia curativa, una enzima llamada dithranol, que en ocasiones se usa como ingrediente en algunas cremas regeneradoras, especialmente para la psoriasis.<\/p>[\/et_pb_blurb][\/et_pb_column][\/et_pb_row][et_pb_row column_structure=\"1_3,1_3,1_3\" _builder_version=\"4.19.1\" _module_preset=\"default\" hover_enabled=\"0\" global_colors_info=\"{}\" sticky_enabled=\"0\"][et_pb_column type=\"1_3\" _builder_version=\"4.19.1\" _module_preset=\"default\" global_colors_info=\"{}\"][et_pb_image src=\"https:\/\/nativediving.com\/wp-content\/uploads\/2022\/11\/272281256_6880615082012837_8965081906392670656_n-224x300.jpg\" _builder_version=\"4.19.1\" _module_preset=\"default\" hover_enabled=\"0\" global_colors_info=\"{}\" align=\"center\" sticky_enabled=\"0\"][\/et_pb_image][\/et_pb_column][et_pb_column type=\"1_3\" _builder_version=\"4.19.1\" _module_preset=\"default\" global_colors_info=\"{}\"][et_pb_image src=\"https:\/\/nativediving.com\/wp-content\/uploads\/2022\/11\/248161417_6325388344202183_1871060505886271877_n-Copy-224x300.jpg\" _builder_version=\"4.19.1\" _module_preset=\"default\" global_colors_info=\"{}\" align=\"center\"][\/et_pb_image][\/et_pb_column][et_pb_column type=\"1_3\" _builder_version=\"4.19.1\" _module_preset=\"default\" global_colors_info=\"{}\"][et_pb_image src=\"https:\/\/nativediving.com\/wp-content\/uploads\/2022\/11\/277108036_7199784923429183_90176330513109501_n-1-224x300.jpg\" _builder_version=\"4.19.1\" _module_preset=\"default\" global_colors_info=\"{}\" align=\"center\"][\/et_pb_image][\/et_pb_column][\/et_pb_row][et_pb_row column_structure=\"1_3,1_3,1_3\" _builder_version=\"4.19.1\" _module_preset=\"default\" global_colors_info=\"{}\"][et_pb_column type=\"1_3\" _builder_version=\"4.19.1\" _module_preset=\"default\" global_colors_info=\"{}\"][et_pb_image src=\"https:\/\/nativediving.com\/wp-content\/uploads\/2022\/11\/spa-dr.-fish-300x225.jpg\" _builder_version=\"4.19.1\" _module_preset=\"default\" global_colors_info=\"{}\" align=\"center\"][\/et_pb_image][\/et_pb_column][et_pb_column type=\"1_3\" _builder_version=\"4.19.1\" _module_preset=\"default\" global_colors_info=\"{}\"][et_pb_image src=\"https:\/\/nativediving.com\/wp-content\/uploads\/2022\/11\/253381356_6393178687423148_4396096199814203136_n-300x224.jpg\" _builder_version=\"4.19.1\" _module_preset=\"default\" global_colors_info=\"{}\" align=\"center\"][\/et_pb_image][\/et_pb_column][et_pb_column type=\"1_3\" _builder_version=\"4.19.1\" _module_preset=\"default\" global_colors_info=\"{}\"][et_pb_image src=\"https:\/\/nativediving.com\/wp-content\/uploads\/2022\/11\/descarga.jpeg\" title_text=\"descarga\" _builder_version=\"4.19.1\" _module_preset=\"default\" global_colors_info=\"{}\" align=\"center\"][\/et_pb_image][\/et_pb_column][\/et_pb_row][\/et_pb_section]","_et_gb_content_width":"","footnotes":""},"yoast_head":"<!-- This site is optimized with the Yoast SEO plugin v22.2 - https:\/\/yoast.com\/wordpress\/plugins\/seo\/ -->\n<title>Cours de plong\u00e9e - Native Diving<\/title>\n<meta name=\"robots\" content=\"index, follow, max-snippet:-1, max-image-preview:large, max-video-preview:-1\" \/>\n<link rel=\"canonical\" href=\"https:\/\/nativediving.com\/fr\/cours-de-plongee-nativediving\/\" \/>\n<meta property=\"og:locale\" content=\"fr_FR\" \/>\n<meta property=\"og:type\" content=\"article\" \/>\n<meta property=\"og:title\" content=\"Cours de plong\u00e9e - Native Diving\" \/>\n<meta property=\"og:description\" content=\"COURS DE PLONG\u00c9EExplorez le monde sous-marin fascinant gr\u00e2ce aux cours de plong\u00e9e passionnants de Nativediving Lanzarote ! Depuis 1999, Nativediving Lanzarote se consacre \u00e0 la formation des plongeurs et fait d\u00e9couvrir les merveilles de l&#039;oc\u00e9an \u00e0 des personnes de tous \u00e2ges et de toutes conditions physiques. Notre engagement est de vous offrir des exp\u00e9riences inoubliables [&hellip;]\" \/>\n<meta property=\"og:url\" content=\"https:\/\/nativediving.com\/fr\/cours-de-plongee-nativediving\/\" \/>\n<meta property=\"og:site_name\" content=\"Native Diving\" \/>\n<meta property=\"article:publisher\" content=\"https:\/\/www.facebook.com\/Native.Diving.Lanzarote\" \/>\n<meta property=\"article:modified_time\" content=\"2024-01-16T11:08:01+00:00\" \/>\n<meta name=\"twitter:label1\" content=\"Dur\u00e9e de lecture estim\u00e9e\" \/>\n\t<meta name=\"twitter:data1\" content=\"2 minutes\" \/>\n<script type=\"application\/ld+json\" class=\"yoast-schema-graph\">{\"@context\":\"https:\/\/schema.org\",\"@graph\":[{\"@type\":\"WebPage\",\"@id\":\"https:\/\/nativediving.com\/fr\/cours-de-plongee-nativediving\/\",\"url\":\"https:\/\/nativediving.com\/fr\/cours-de-plongee-nativediving\/\",\"name\":\"Cours de plong\u00e9e - Native Diving\",\"isPartOf\":{\"@id\":\"https:\/\/nativediving.com\/#website\"},\"datePublished\":\"2024-01-08T17:09:18+00:00\",\"dateModified\":\"2024-01-16T11:08:01+00:00\",\"breadcrumb\":{\"@id\":\"https:\/\/nativediving.com\/fr\/cours-de-plongee-nativediving\/#breadcrumb\"},\"inLanguage\":\"fr-FR\",\"potentialAction\":[{\"@type\":\"ReadAction\",\"target\":[\"https:\/\/nativediving.com\/fr\/cours-de-plongee-nativediving\/\"]}]},{\"@type\":\"BreadcrumbList\",\"@id\":\"https:\/\/nativediving.com\/fr\/cours-de-plongee-nativediving\/#breadcrumb\",\"itemListElement\":[{\"@type\":\"ListItem\",\"position\":1,\"name\":\"Escuela de buceo\",\"item\":\"https:\/\/nativediving.com\/fr\/\"},{\"@type\":\"ListItem\",\"position\":2,\"name\":\"Cours de plong\u00e9e\"}]},{\"@type\":\"WebSite\",\"@id\":\"https:\/\/nativediving.com\/#website\",\"url\":\"https:\/\/nativediving.com\/\",\"name\":\"Native Diving\",\"description\":\"Centro de buceo SSI y PADI en Lanzarote\",\"publisher\":{\"@id\":\"https:\/\/nativediving.com\/#organization\"},\"potentialAction\":[{\"@type\":\"SearchAction\",\"target\":{\"@type\":\"EntryPoint\",\"urlTemplate\":\"https:\/\/nativediving.com\/?s={search_term_string}\"},\"query-input\":\"required name=search_term_string\"}],\"inLanguage\":\"fr-FR\"},{\"@type\":\"Organization\",\"@id\":\"https:\/\/nativediving.com\/#organization\",\"name\":\"Native Diving Lanzarote\",\"url\":\"https:\/\/nativediving.com\/\",\"logo\":{\"@type\":\"ImageObject\",\"inLanguage\":\"fr-FR\",\"@id\":\"https:\/\/nativediving.com\/#\/schema\/logo\/image\/\",\"url\":\"https:\/\/nativediving.com\/wp-content\/uploads\/2017\/11\/Escudo_NativeDiving_Azul.png\",\"contentUrl\":\"https:\/\/nativediving.com\/wp-content\/uploads\/2017\/11\/Escudo_NativeDiving_Azul.png\",\"width\":3295,\"height\":2480,\"caption\":\"Native Diving Lanzarote\"},\"image\":{\"@id\":\"https:\/\/nativediving.com\/#\/schema\/logo\/image\/\"},\"sameAs\":[\"https:\/\/www.facebook.com\/Native.Diving.Lanzarote\",\"https:\/\/twitter.com\/nativedivingLZ\",\"https:\/\/www.youtube.com\/c\/NativeDivingLanzaroteBuceo\"]}]}<\/script>\n<!-- \/ Yoast SEO plugin. -->","yoast_head_json":{"title":"Cours de plong\u00e9e - Native Diving","robots":{"index":"index","follow":"follow","max-snippet":"max-snippet:-1","max-image-preview":"max-image-preview:large","max-video-preview":"max-video-preview:-1"},"canonical":"https:\/\/nativediving.com\/fr\/cours-de-plongee-nativediving\/","og_locale":"fr_FR","og_type":"article","og_title":"Cours de plong\u00e9e - Native Diving","og_description":"COURS DE PLONG\u00c9EExplorez le monde sous-marin fascinant gr\u00e2ce aux cours de plong\u00e9e passionnants de Nativediving Lanzarote ! Depuis 1999, Nativediving Lanzarote se consacre \u00e0 la formation des plongeurs et fait d\u00e9couvrir les merveilles de l'oc\u00e9an \u00e0 des personnes de tous \u00e2ges et de toutes conditions physiques. Notre engagement est de vous offrir des exp\u00e9riences inoubliables [&hellip;]","og_url":"https:\/\/nativediving.com\/fr\/cours-de-plongee-nativediving\/","og_site_name":"Native Diving","article_publisher":"https:\/\/www.facebook.com\/Native.Diving.Lanzarote","article_modified_time":"2024-01-16T11:08:01+00:00","twitter_misc":{"Dur\u00e9e de lecture estim\u00e9e":"2 minutes"},"schema":{"@context":"https:\/\/schema.org","@graph":[{"@type":"WebPage","@id":"https:\/\/nativediving.com\/fr\/cours-de-plongee-nativediving\/","url":"https:\/\/nativediving.com\/fr\/cours-de-plongee-nativediving\/","name":"Cours de plong\u00e9e - Native Diving","isPartOf":{"@id":"https:\/\/nativediving.com\/#website"},"datePublished":"2024-01-08T17:09:18+00:00","dateModified":"2024-01-16T11:08:01+00:00","breadcrumb":{"@id":"https:\/\/nativediving.com\/fr\/cours-de-plongee-nativediving\/#breadcrumb"},"inLanguage":"fr-FR","potentialAction":[{"@type":"ReadAction","target":["https:\/\/nativediving.com\/fr\/cours-de-plongee-nativediving\/"]}]},{"@type":"BreadcrumbList","@id":"https:\/\/nativediving.com\/fr\/cours-de-plongee-nativediving\/#breadcrumb","itemListElement":[{"@type":"ListItem","position":1,"name":"Escuela de buceo","item":"https:\/\/nativediving.com\/fr\/"},{"@type":"ListItem","position":2,"name":"Cours de plong\u00e9e"}]},{"@type":"WebSite","@id":"https:\/\/nativediving.com\/#website","url":"https:\/\/nativediving.com\/","name":"Native Diving","description":"Centro de buceo SSI y PADI en Lanzarote","publisher":{"@id":"https:\/\/nativediving.com\/#organization"},"potentialAction":[{"@type":"SearchAction","target":{"@type":"EntryPoint","urlTemplate":"https:\/\/nativediving.com\/?s={search_term_string}"},"query-input":"required name=search_term_string"}],"inLanguage":"fr-FR"},{"@type":"Organization","@id":"https:\/\/nativediving.com\/#organization","name":"Native Diving Lanzarote","url":"https:\/\/nativediving.com\/","logo":{"@type":"ImageObject","inLanguage":"fr-FR","@id":"https:\/\/nativediving.com\/#\/schema\/logo\/image\/","url":"https:\/\/nativediving.com\/wp-content\/uploads\/2017\/11\/Escudo_NativeDiving_Azul.png","contentUrl":"https:\/\/nativediving.com\/wp-content\/uploads\/2017\/11\/Escudo_NativeDiving_Azul.png","width":3295,"height":2480,"caption":"Native Diving Lanzarote"},"image":{"@id":"https:\/\/nativediving.com\/#\/schema\/logo\/image\/"},"sameAs":["https:\/\/www.facebook.com\/Native.Diving.Lanzarote","https:\/\/twitter.com\/nativedivingLZ","https:\/\/www.youtube.com\/c\/NativeDivingLanzaroteBuceo"]}]}},"_links":{"self":[{"href":"https:\/\/nativediving.com\/fr\/wp-json\/wp\/v2\/pages\/217992"}],"collection":[{"href":"https:\/\/nativediving.com\/fr\/wp-json\/wp\/v2\/pages"}],"about":[{"href":"https:\/\/nativediving.com\/fr\/wp-json\/wp\/v2\/types\/page"}],"author":[{"embeddable":true,"href":"https:\/\/nativediving.com\/fr\/wp-json\/wp\/v2\/users\/4"}],"replies":[{"embeddable":true,"href":"https:\/\/nativediving.com\/fr\/wp-json\/wp\/v2\/comments?post=217992"}],"version-history":[{"count":2,"href":"https:\/\/nativediving.com\/fr\/wp-json\/wp\/v2\/pages\/217992\/revisions"}],"predecessor-version":[{"id":217997,"href":"https:\/\/nativediving.com\/fr\/wp-json\/wp\/v2\/pages\/217992\/revisions\/217997"}],"wp:attachment":[{"href":"https:\/\/nativediving.com\/fr\/wp-json\/wp\/v2\/media?parent=217992"}],"curies":[{"name":"wp","href":"https:\/\/api.w.org\/{rel}","templated":true}]}}