{"id":217379,"date":"2023-05-09T17:25:29","date_gmt":"2023-05-09T17:25:29","guid":{"rendered":"https:\/\/nativediving.com\/?page_id=217379"},"modified":"2024-12-02T17:02:39","modified_gmt":"2024-12-02T17:02:39","slug":"super-snorkel","status":"publish","type":"page","link":"https:\/\/nativediving.com\/fr\/super-snorkel\/","title":{"rendered":"Super Snorkel"},"content":{"rendered":"<p>[et_pb_section fb_built=\u00a0\u00bb1&Prime; _builder_version=\u00a0\u00bb4.21.0&Prime; _module_preset=\u00a0\u00bbdefault\u00a0\u00bb background_image=\u00a0\u00bbhttps:\/\/nativediving.com\/wp-content\/uploads\/2023\/05\/hero-nuevo.jpg\u00a0\u00bb min_height=\u00a0\u00bb550px\u00a0\u00bb global_colors_info=\u00a0\u00bb{}\u00a0\u00bb][et_pb_row _builder_version=\u00a0\u00bb4.20.4&Prime; _module_preset=\u00a0\u00bbdefault\u00a0\u00bb global_colors_info=\u00a0\u00bb{}\u00a0\u00bb][et_pb_column type=\u00a0\u00bb4_4&Prime; _builder_version=\u00a0\u00bb4.20.4&Prime; _module_preset=\u00a0\u00bbdefault\u00a0\u00bb global_colors_info=\u00a0\u00bb{}\u00a0\u00bb][et_pb_post_title meta=\u00a0\u00bboff\u00a0\u00bb featured_image=\u00a0\u00bboff\u00a0\u00bb text_color=\u00a0\u00bblight\u00a0\u00bb _builder_version=\u00a0\u00bb4.20.4&Prime; _module_preset=\u00a0\u00bbdefault\u00a0\u00bb title_text_color=\u00a0\u00bb#FFFFFF\u00a0\u00bb title_font_size=\u00a0\u00bb45px\u00a0\u00bb custom_margin=\u00a0\u00bb180px||||false|false\u00a0\u00bb global_colors_info=\u00a0\u00bb{}\u00a0\u00bb][\/et_pb_post_title][\/et_pb_column][\/et_pb_row][\/et_pb_section][et_pb_section fb_built=\u00a0\u00bb1&Prime; _builder_version=\u00a0\u00bb4.20.4&Prime; _module_preset=\u00a0\u00bbdefault\u00a0\u00bb global_colors_info=\u00a0\u00bb{}\u00a0\u00bb][et_pb_row _builder_version=\u00a0\u00bb4.20.4&Prime; _module_preset=\u00a0\u00bbdefault\u00a0\u00bb global_colors_info=\u00a0\u00bb{}\u00a0\u00bb][et_pb_column type=\u00a0\u00bb4_4&Prime; _builder_version=\u00a0\u00bb4.20.4&Prime; _module_preset=\u00a0\u00bbdefault\u00a0\u00bb global_colors_info=\u00a0\u00bb{}\u00a0\u00bb][et_pb_text _builder_version=\u00a0\u00bb4.20.4&Prime; _module_preset=\u00a0\u00bbdefault\u00a0\u00bb text_font_size=\u00a0\u00bb18px\u00a0\u00bb global_colors_info=\u00a0\u00bb{}\u00a0\u00bb]<\/p>\n<h2 style=\"text-align: center;\">Qu&rsquo;est-ce que le Super Snorkel?<\/h2>\n<p style=\"text-align: center;\"><span style=\"font-weight: 400;\">Un m\u00e9lange entre la plong\u00e9e sous-marine et la plong\u00e9e avec tuba. Vous n&rsquo;avez pas besoin de porter une bouteille sur votre dos et vous pouvez faire de la plong\u00e9e ou du snorkeling comme vous le souhaitez.<\/span><\/p>\n<p style=\"text-align: center;\"><span style=\"font-weight: 600; font-size: 24px;\">*Il suffit de savoir nager*.<\/span><\/p>\n<p>[\/et_pb_text][et_pb_image src=\u00a0\u00bbhttps:\/\/nativediving.com\/wp-content\/uploads\/2023\/05\/logo-super-snorkel.jpg\u00a0\u00bb title_text=\u00a0\u00bblogo-super-snorkel\u00a0\u00bb align=\u00a0\u00bbcenter\u00a0\u00bb align_tablet=\u00a0\u00bbcenter\u00a0\u00bb align_phone=\u00a0\u00bbcenter\u00a0\u00bb align_last_edited=\u00a0\u00bbon|phone\u00a0\u00bb _builder_version=\u00a0\u00bb4.21.0&Prime; _module_preset=\u00a0\u00bbdefault\u00a0\u00bb width=\u00a0\u00bb30%\u00a0\u00bb width_tablet=\u00a0\u00bb100%\u00a0\u00bb width_phone=\u00a0\u00bb100%\u00a0\u00bb width_last_edited=\u00a0\u00bbon|phone\u00a0\u00bb global_colors_info=\u00a0\u00bb{}\u00a0\u00bb][\/et_pb_image][et_pb_divider show_divider=\u00a0\u00bboff\u00a0\u00bb _builder_version=\u00a0\u00bb4.20.4&Prime; _module_preset=\u00a0\u00bbdefault\u00a0\u00bb global_colors_info=\u00a0\u00bb{}\u00a0\u00bb][\/et_pb_divider][et_pb_gallery gallery_ids=\u00a0\u00bb217305,217310,217315,217320,217325,217330,217335,217340&Prime; posts_number=\u00a0\u00bb8&Prime; orientation=\u00a0\u00bbportrait\u00a0\u00bb show_title_and_caption=\u00a0\u00bboff\u00a0\u00bb show_pagination=\u00a0\u00bboff\u00a0\u00bb _builder_version=\u00a0\u00bb4.21.0&Prime; _module_preset=\u00a0\u00bbdefault\u00a0\u00bb custom_margin=\u00a0\u00bb||||false|false\u00a0\u00bb global_colors_info=\u00a0\u00bb{}\u00a0\u00bb][\/et_pb_gallery][\/et_pb_column][\/et_pb_row][et_pb_row column_structure=\u00a0\u00bb1_2,1_2&Prime; _builder_version=\u00a0\u00bb4.21.0&Prime; _module_preset=\u00a0\u00bbdefault\u00a0\u00bb custom_margin=\u00a0\u00bb40px||||false|false\u00a0\u00bb global_colors_info=\u00a0\u00bb{}\u00a0\u00bb][et_pb_column type=\u00a0\u00bb1_2&Prime; _builder_version=\u00a0\u00bb4.20.4&Prime; _module_preset=\u00a0\u00bbdefault\u00a0\u00bb global_colors_info=\u00a0\u00bb{}\u00a0\u00bb][et_pb_text module_class=\u00a0\u00bb.texto-snorkel\u00a0\u00bb _builder_version=\u00a0\u00bb4.21.0&Prime; _module_preset=\u00a0\u00bbdefault\u00a0\u00bb text_text_color=\u00a0\u00bb#FFFFFF\u00a0\u00bb text_font_size=\u00a0\u00bb18px\u00a0\u00bb text_line_height=\u00a0\u00bb2em\u00a0\u00bb header_text_color=\u00a0\u00bb#FFFFFF\u00a0\u00bb background_color=\u00a0\u00bb#2ea3f2&Prime; min_height=\u00a0\u00bb500px\u00a0\u00bb custom_padding=\u00a0\u00bb40px|40px|40px|40px|false|false\u00a0\u00bb global_colors_info=\u00a0\u00bb{}\u00a0\u00bb]<\/p>\n<h2 style=\"text-align: left; margin-bottom: 20px; line-height: 1.4;\"><span style=\"color: #ffffff;\"><b>En quoi consiste le Super Snorkel?<\/b><\/span><\/h2>\n<ul>\n<li style=\"font-weight: 400; text-align: left;\" aria-level=\"1\">\n<p>D\u00e9couvrez la magie du monde sous-marin : Aventure de plong\u00e9e et de snorkeling<\/p>\n<p>Embarquez pour une aventure sous-marine passionnante combinant la plong\u00e9e avec tuba et la plong\u00e9e sous-marine, con\u00e7ue pour tous ceux qui savent nager. Nous vous fournissons tout l&rsquo;\u00e9quipement n\u00e9cessaire : lunettes, tuba, palmes et combinaison. De plus, vous disposerez d&rsquo;une bouteille d&rsquo;air portable innovante qui vous permettra d&rsquo;explorer les profondeurs pendant 10 minutes sans avoir \u00e0 remonter \u00e0 la surface pour respirer.<\/p>\n<p>L&rsquo;ensemble de l&rsquo;exp\u00e9rience sera supervis\u00e9 par un instructeur professionnel, garantissant votre s\u00e9curit\u00e9 et votre plaisir \u00e0 tout moment. Plongez et d\u00e9couvrez la beaut\u00e9 \u00e9poustouflante du monde sous-marin, plein de vie et de couleurs \u00e9tonnantes. L&rsquo;activit\u00e9 se d\u00e9roule \u00e0 une profondeur maximale de 5 m\u00e8tres et dure 1 heure.<\/p>\n<p>Rejoignez-nous et vivez une aventure inoubliable sous la mer !<\/p>\n<\/li>\n<\/ul>\n<p>[\/et_pb_text][\/et_pb_column][et_pb_column type=\u00a0\u00bb1_2&Prime; _builder_version=\u00a0\u00bb4.20.4&Prime; _module_preset=\u00a0\u00bbdefault\u00a0\u00bb global_colors_info=\u00a0\u00bb{}\u00a0\u00bb][et_pb_image src=\u00a0\u00bbhttps:\/\/nativediving.com\/wp-content\/uploads\/2023\/04\/imagen-chica.jpg\u00a0\u00bb title_text=\u00a0\u00bbimagen-chica\u00a0\u00bb _builder_version=\u00a0\u00bb4.21.0&Prime; _module_preset=\u00a0\u00bbdefault\u00a0\u00bb global_colors_info=\u00a0\u00bb{}\u00a0\u00bb][\/et_pb_image][\/et_pb_column][\/et_pb_row][et_pb_row column_structure=\u00a0\u00bb1_2,1_2&Prime; _builder_version=\u00a0\u00bb4.20.4&Prime; _module_preset=\u00a0\u00bbdefault\u00a0\u00bb custom_margin=\u00a0\u00bb80px||||false|false\u00a0\u00bb global_colors_info=\u00a0\u00bb{}\u00a0\u00bb][et_pb_column type=\u00a0\u00bb1_2&Prime; _builder_version=\u00a0\u00bb4.20.4&Prime; _module_preset=\u00a0\u00bbdefault\u00a0\u00bb global_colors_info=\u00a0\u00bb{}\u00a0\u00bb][et_pb_pricing_tables _builder_version=\u00a0\u00bb4.21.0&Prime; _module_preset=\u00a0\u00bbdefault\u00a0\u00bb global_colors_info=\u00a0\u00bb{}\u00a0\u00bb][et_pb_pricing_table title=\u00a0\u00bbSuper Snorkel\u00a0\u00bb sum=\u00a0\u00bb60\u20ac\u00a0\u00bb bullet_color=\u00a0\u00bb#FFFFFF\u00a0\u00bb header_background_color=\u00a0\u00bb#2ea3f2&Prime; _builder_version=\u00a0\u00bb4.21.0&Prime; _module_preset=\u00a0\u00bbdefault\u00a0\u00bb global_colors_info=\u00a0\u00bb{}\u00a0\u00bb sticky_transition=\u00a0\u00bbon\u00a0\u00bb]<\/p>\n<p><b>Dur\u00e9e du s\u00e9jour<\/b><\/p>\n<p><span style=\"font-weight: 400;\">15 minutes pour remplir le formulaire m\u00e9dical, r\u00e9cup\u00e9rer l&rsquo;\u00e9quipement de plong\u00e9e, s&rsquo;habiller et ranger le tout dans le casier.<\/span><\/p>\n<p><span style=\"font-weight: 400;\">10 min. d&rsquo;explications <\/span><\/p>\n<p><span style=\"font-weight: 400;\">5 minutes de pratique sur le rivage de la plage.<\/span><\/p>\n<p><span style=\"font-weight: 400;\">40 minutes de visite.<\/span><\/p>\n<p><b>Qu&rsquo;est-ce qui est inclus?<\/b><\/p>\n<p><span style=\"font-weight: 400;\">Lunettes et tuba<br \/><\/span><span style=\"font-weight: 400;\">Combinaison de plong\u00e9e<br \/><\/span><span style=\"font-weight: 400;\">Palmes<\/span><\/p>\n<p>Bouteille de plong\u00e9e 1l<br \/><span style=\"font-weight: 400;\">Assurance de l&rsquo;activit\u00e9<\/span><\/p>\n<p><b>Que devez-vous apporter?<\/b><\/p>\n<p><span style=\"font-weight: 400;\">Maillot de bain<br \/><\/span><span style=\"font-weight: 400;\">Serviette de bain<\/span><\/p>\n<p><b>Suppl\u00e9ments<\/b><\/p>\n<p><span style=\"font-weight: 400;\">Reportage photo et vid\u00e9o 25\u20ac<\/span><\/p>\n<p><b>Exigences : Savoir nager.<\/b><\/p>\n<p><b>Prix de l&rsquo;activit\u00e9:<\/b><\/p>\n<p><span style=\"font-weight: 400;\">60\u20ac adultes<br \/><\/span><span style=\"font-weight: 400;\">50\u20ac pour les enfants de 8 \u00e0 12 ans.<br \/><\/span><\/p>\n<p>[\/et_pb_pricing_table][\/et_pb_pricing_tables][\/et_pb_column][et_pb_column type=\u00a0\u00bb1_2&Prime; _builder_version=\u00a0\u00bb4.20.4&Prime; _module_preset=\u00a0\u00bbdefault\u00a0\u00bb global_colors_info=\u00a0\u00bb{}\u00a0\u00bb][et_pb_text _builder_version=\u00a0\u00bb4.21.0&Prime; _module_preset=\u00a0\u00bbdefault\u00a0\u00bb global_colors_info=\u00a0\u00bb{}\u00a0\u00bb]<\/p>\n<p><strong>Pourquoi le Super Tuba ?<\/strong><br \/>C&rsquo;est l&rsquo;exp\u00e9rience aquatique parfaite pour toute la famille.<br \/>Vous pouvez choisir de faire du snorkeling \u00e0 la surface ou sous la mer jusqu&rsquo;\u00e0 5 m\u00e8tres.<\/p>\n<p>L&rsquo;\u00e2ge minimum est de 8 ans.<\/p>\n<p>Le programme Super Kids Snorkel est accessible aux enfants de 4 \u00e0 7 ans (en surface uniquement).<\/p>\n<p>Toute la famille peut le faire en m\u00eame temps.<\/p>\n<p>Le nombre maximum de participants est de 4 personnes.<\/p>\n<p><strong>Emplacement<\/strong><br \/>La plage de Jablillo est la meilleure plage de Lanzarote pour le Super Snorkeling et toute autre activit\u00e9 telle que la plong\u00e9e sous-marine, le Sea Trek ou simplement le snorkeling en famille.<\/p>\n<p>Elle poss\u00e8de des eaux cristallines, du sable dor\u00e9, une grande vari\u00e9t\u00e9 de faune marine et est tr\u00e8s calme gr\u00e2ce \u00e0 son brise-lames.<\/p>\n<p>[\/et_pb_text][et_pb_gallery gallery_ids=\u00a0\u00bb217346,217351,217356,217361,217366,217371&Prime; posts_number=\u00a0\u00bb6&Prime; show_title_and_caption=\u00a0\u00bboff\u00a0\u00bb show_pagination=\u00a0\u00bboff\u00a0\u00bb _builder_version=\u00a0\u00bb4.21.0&Prime; _module_preset=\u00a0\u00bbdefault\u00a0\u00bb custom_margin=\u00a0\u00bb40px||||false|false\u00a0\u00bb global_colors_info=\u00a0\u00bb{}\u00a0\u00bb][\/et_pb_gallery][\/et_pb_column][\/et_pb_row][et_pb_row _builder_version=\u00a0\u00bb4.21.0&Prime; _module_preset=\u00a0\u00bbdefault\u00a0\u00bb hover_enabled=\u00a0\u00bb0&Prime; global_colors_info=\u00a0\u00bb{}\u00a0\u00bb module_id=\u00a0\u00bbcalendario-reserva\u00a0\u00bb sticky_enabled=\u00a0\u00bb0&Prime;][et_pb_column type=\u00a0\u00bb4_4&Prime; _builder_version=\u00a0\u00bb4.21.0&Prime; _module_preset=\u00a0\u00bbdefault\u00a0\u00bb global_colors_info=\u00a0\u00bb{}\u00a0\u00bb][et_pb_code _builder_version=\u00a0\u00bb4.21.0&Prime; _module_preset=\u00a0\u00bbdefault\u00a0\u00bb global_colors_info=\u00a0\u00bb{}\u00a0\u00bb]<script src=\"https:\/\/fareharbor.com\/embeds\/script\/calendar\/nativediving\/items\/464387\/?fallback=simple&flow=125376\"><\/script>[\/et_pb_code][\/et_pb_column][\/et_pb_row][\/et_pb_section][et_pb_section fb_built=\u00a0\u00bb1&Prime; fullwidth=\u00a0\u00bbon\u00a0\u00bb theme_builder_area=\u00a0\u00bbpost_content\u00a0\u00bb _builder_version=\u00a0\u00bb4.21.0&Prime; _module_preset=\u00a0\u00bbdefault\u00a0\u00bb][et_pb_fullwidth_code _builder_version=\u00a0\u00bb4.21.0&Prime; _module_preset=\u00a0\u00bbdefault\u00a0\u00bb theme_builder_area=\u00a0\u00bbpost_content\u00a0\u00bb hover_enabled=\u00a0\u00bb0&Prime; sticky_enabled=\u00a0\u00bb0&Prime;]<a class=\"btn-calendario\" href=\"#calendario-reserva\">R\u00e9server<\/a>[\/et_pb_fullwidth_code][\/et_pb_section]<\/p>\n","protected":false},"excerpt":{"rendered":"<p>Qu&rsquo;est-ce que le Super Snorkel? Un m\u00e9lange entre la plong\u00e9e sous-marine et la plong\u00e9e avec tuba. Vous n&rsquo;avez pas besoin de porter une bouteille sur votre dos et vous pouvez faire de la plong\u00e9e ou du snorkeling comme vous le souhaitez. *Il suffit de savoir nager*. En quoi consiste le Super Snorkel? D\u00e9couvrez la magie [&hellip;]<\/p>\n","protected":false},"author":5,"featured_media":0,"parent":0,"menu_order":0,"comment_status":"closed","ping_status":"closed","template":"","meta":{"_et_pb_use_builder":"on","_et_pb_old_content":"","_et_gb_content_width":"","footnotes":""},"yoast_head":"<!-- This site is optimized with the Yoast SEO plugin v22.2 - https:\/\/yoast.com\/wordpress\/plugins\/seo\/ -->\n<title>Super Snorkel - Native Diving<\/title>\n<meta name=\"robots\" content=\"index, follow, max-snippet:-1, max-image-preview:large, max-video-preview:-1\" \/>\n<link rel=\"canonical\" href=\"https:\/\/nativediving.com\/fr\/super-snorkel\/\" \/>\n<meta property=\"og:locale\" content=\"fr_FR\" \/>\n<meta property=\"og:type\" content=\"article\" \/>\n<meta property=\"og:title\" content=\"Super Snorkel - Native Diving\" \/>\n<meta property=\"og:description\" content=\"Qu&#039;est-ce que le Super Snorkel? Un m\u00e9lange entre la plong\u00e9e sous-marine et la plong\u00e9e avec tuba. Vous n&#039;avez pas besoin de porter une bouteille sur votre dos et vous pouvez faire de la plong\u00e9e ou du snorkeling comme vous le souhaitez. *Il suffit de savoir nager*. En quoi consiste le Super Snorkel? D\u00e9couvrez la magie [&hellip;]\" \/>\n<meta property=\"og:url\" content=\"https:\/\/nativediving.com\/fr\/super-snorkel\/\" \/>\n<meta property=\"og:site_name\" content=\"Native Diving\" \/>\n<meta property=\"article:publisher\" content=\"https:\/\/www.facebook.com\/Native.Diving.Lanzarote\" \/>\n<meta property=\"article:modified_time\" content=\"2024-12-02T17:02:39+00:00\" \/>\n<meta name=\"twitter:label1\" content=\"Dur\u00e9e de lecture estim\u00e9e\" \/>\n\t<meta name=\"twitter:data1\" content=\"6 minutes\" \/>\n<script type=\"application\/ld+json\" class=\"yoast-schema-graph\">{\"@context\":\"https:\/\/schema.org\",\"@graph\":[{\"@type\":\"WebPage\",\"@id\":\"https:\/\/nativediving.com\/fr\/super-snorkel\/\",\"url\":\"https:\/\/nativediving.com\/fr\/super-snorkel\/\",\"name\":\"Super Snorkel - Native Diving\",\"isPartOf\":{\"@id\":\"https:\/\/nativediving.com\/#website\"},\"datePublished\":\"2023-05-09T17:25:29+00:00\",\"dateModified\":\"2024-12-02T17:02:39+00:00\",\"breadcrumb\":{\"@id\":\"https:\/\/nativediving.com\/fr\/super-snorkel\/#breadcrumb\"},\"inLanguage\":\"fr-FR\",\"potentialAction\":[{\"@type\":\"ReadAction\",\"target\":[\"https:\/\/nativediving.com\/fr\/super-snorkel\/\"]}]},{\"@type\":\"BreadcrumbList\",\"@id\":\"https:\/\/nativediving.com\/fr\/super-snorkel\/#breadcrumb\",\"itemListElement\":[{\"@type\":\"ListItem\",\"position\":1,\"name\":\"Escuela de buceo\",\"item\":\"https:\/\/nativediving.com\/fr\/\"},{\"@type\":\"ListItem\",\"position\":2,\"name\":\"Super Snorkel\"}]},{\"@type\":\"WebSite\",\"@id\":\"https:\/\/nativediving.com\/#website\",\"url\":\"https:\/\/nativediving.com\/\",\"name\":\"Native Diving\",\"description\":\"Centro de buceo SSI y PADI en Lanzarote\",\"publisher\":{\"@id\":\"https:\/\/nativediving.com\/#organization\"},\"potentialAction\":[{\"@type\":\"SearchAction\",\"target\":{\"@type\":\"EntryPoint\",\"urlTemplate\":\"https:\/\/nativediving.com\/?s={search_term_string}\"},\"query-input\":\"required name=search_term_string\"}],\"inLanguage\":\"fr-FR\"},{\"@type\":\"Organization\",\"@id\":\"https:\/\/nativediving.com\/#organization\",\"name\":\"Native Diving Lanzarote\",\"url\":\"https:\/\/nativediving.com\/\",\"logo\":{\"@type\":\"ImageObject\",\"inLanguage\":\"fr-FR\",\"@id\":\"https:\/\/nativediving.com\/#\/schema\/logo\/image\/\",\"url\":\"https:\/\/nativediving.com\/wp-content\/uploads\/2017\/11\/Escudo_NativeDiving_Azul.png\",\"contentUrl\":\"https:\/\/nativediving.com\/wp-content\/uploads\/2017\/11\/Escudo_NativeDiving_Azul.png\",\"width\":3295,\"height\":2480,\"caption\":\"Native Diving Lanzarote\"},\"image\":{\"@id\":\"https:\/\/nativediving.com\/#\/schema\/logo\/image\/\"},\"sameAs\":[\"https:\/\/www.facebook.com\/Native.Diving.Lanzarote\",\"https:\/\/twitter.com\/nativedivingLZ\",\"https:\/\/www.youtube.com\/c\/NativeDivingLanzaroteBuceo\"]}]}<\/script>\n<!-- \/ Yoast SEO plugin. -->","yoast_head_json":{"title":"Super Snorkel - Native Diving","robots":{"index":"index","follow":"follow","max-snippet":"max-snippet:-1","max-image-preview":"max-image-preview:large","max-video-preview":"max-video-preview:-1"},"canonical":"https:\/\/nativediving.com\/fr\/super-snorkel\/","og_locale":"fr_FR","og_type":"article","og_title":"Super Snorkel - Native Diving","og_description":"Qu'est-ce que le Super Snorkel? Un m\u00e9lange entre la plong\u00e9e sous-marine et la plong\u00e9e avec tuba. Vous n'avez pas besoin de porter une bouteille sur votre dos et vous pouvez faire de la plong\u00e9e ou du snorkeling comme vous le souhaitez. *Il suffit de savoir nager*. En quoi consiste le Super Snorkel? D\u00e9couvrez la magie [&hellip;]","og_url":"https:\/\/nativediving.com\/fr\/super-snorkel\/","og_site_name":"Native Diving","article_publisher":"https:\/\/www.facebook.com\/Native.Diving.Lanzarote","article_modified_time":"2024-12-02T17:02:39+00:00","twitter_misc":{"Dur\u00e9e de lecture estim\u00e9e":"6 minutes"},"schema":{"@context":"https:\/\/schema.org","@graph":[{"@type":"WebPage","@id":"https:\/\/nativediving.com\/fr\/super-snorkel\/","url":"https:\/\/nativediving.com\/fr\/super-snorkel\/","name":"Super Snorkel - Native Diving","isPartOf":{"@id":"https:\/\/nativediving.com\/#website"},"datePublished":"2023-05-09T17:25:29+00:00","dateModified":"2024-12-02T17:02:39+00:00","breadcrumb":{"@id":"https:\/\/nativediving.com\/fr\/super-snorkel\/#breadcrumb"},"inLanguage":"fr-FR","potentialAction":[{"@type":"ReadAction","target":["https:\/\/nativediving.com\/fr\/super-snorkel\/"]}]},{"@type":"BreadcrumbList","@id":"https:\/\/nativediving.com\/fr\/super-snorkel\/#breadcrumb","itemListElement":[{"@type":"ListItem","position":1,"name":"Escuela de buceo","item":"https:\/\/nativediving.com\/fr\/"},{"@type":"ListItem","position":2,"name":"Super Snorkel"}]},{"@type":"WebSite","@id":"https:\/\/nativediving.com\/#website","url":"https:\/\/nativediving.com\/","name":"Native Diving","description":"Centro de buceo SSI y PADI en Lanzarote","publisher":{"@id":"https:\/\/nativediving.com\/#organization"},"potentialAction":[{"@type":"SearchAction","target":{"@type":"EntryPoint","urlTemplate":"https:\/\/nativediving.com\/?s={search_term_string}"},"query-input":"required name=search_term_string"}],"inLanguage":"fr-FR"},{"@type":"Organization","@id":"https:\/\/nativediving.com\/#organization","name":"Native Diving Lanzarote","url":"https:\/\/nativediving.com\/","logo":{"@type":"ImageObject","inLanguage":"fr-FR","@id":"https:\/\/nativediving.com\/#\/schema\/logo\/image\/","url":"https:\/\/nativediving.com\/wp-content\/uploads\/2017\/11\/Escudo_NativeDiving_Azul.png","contentUrl":"https:\/\/nativediving.com\/wp-content\/uploads\/2017\/11\/Escudo_NativeDiving_Azul.png","width":3295,"height":2480,"caption":"Native Diving Lanzarote"},"image":{"@id":"https:\/\/nativediving.com\/#\/schema\/logo\/image\/"},"sameAs":["https:\/\/www.facebook.com\/Native.Diving.Lanzarote","https:\/\/twitter.com\/nativedivingLZ","https:\/\/www.youtube.com\/c\/NativeDivingLanzaroteBuceo"]}]}},"_links":{"self":[{"href":"https:\/\/nativediving.com\/fr\/wp-json\/wp\/v2\/pages\/217379"}],"collection":[{"href":"https:\/\/nativediving.com\/fr\/wp-json\/wp\/v2\/pages"}],"about":[{"href":"https:\/\/nativediving.com\/fr\/wp-json\/wp\/v2\/types\/page"}],"author":[{"embeddable":true,"href":"https:\/\/nativediving.com\/fr\/wp-json\/wp\/v2\/users\/5"}],"replies":[{"embeddable":true,"href":"https:\/\/nativediving.com\/fr\/wp-json\/wp\/v2\/comments?post=217379"}],"version-history":[{"count":2,"href":"https:\/\/nativediving.com\/fr\/wp-json\/wp\/v2\/pages\/217379\/revisions"}],"predecessor-version":[{"id":218355,"href":"https:\/\/nativediving.com\/fr\/wp-json\/wp\/v2\/pages\/217379\/revisions\/218355"}],"wp:attachment":[{"href":"https:\/\/nativediving.com\/fr\/wp-json\/wp\/v2\/media?parent=217379"}],"curies":[{"name":"wp","href":"https:\/\/api.w.org\/{rel}","templated":true}]}}