{"id":217980,"date":"2024-01-08T17:09:18","date_gmt":"2024-01-08T17:09:18","guid":{"rendered":"https:\/\/nativediving.com\/cursos-buceo\/"},"modified":"2024-01-16T10:46:02","modified_gmt":"2024-01-16T10:46:02","slug":"courses-for-diving","status":"publish","type":"page","link":"https:\/\/nativediving.com\/en\/courses-for-diving\/","title":{"rendered":"Cursos de buceo"},"content":{"rendered":"<p>[et_pb_section fb_built=&#8221;1&#8243; _builder_version=&#8221;4.21.0&#8243; _module_preset=&#8221;default&#8221; min_height=&#8221;156.3px&#8221; custom_margin=&#8221;||0px||false|false&#8221; custom_padding=&#8221;0px||0px||false|false&#8221; global_colors_info=&#8221;{}&#8221;][et_pb_row _builder_version=&#8221;4.21.0&#8243; _module_preset=&#8221;default&#8221; custom_margin=&#8221;30px||||false|false&#8221; custom_padding=&#8221;||7px|||&#8221; global_colors_info=&#8221;{}&#8221;][et_pb_column type=&#8221;4_4&#8243; _builder_version=&#8221;4.19.1&#8243; _module_preset=&#8221;default&#8221; global_colors_info=&#8221;{}&#8221;][et_pb_text _builder_version=&#8221;4.21.0&#8243; _module_preset=&#8221;default&#8221; header_text_color=&#8221;#144168&#8243; text_orientation=&#8221;center&#8221; hover_enabled=&#8221;0&#8243; global_colors_info=&#8221;{}&#8221; sticky_enabled=&#8221;0&#8243;]<\/p>\n<h1>DIVING COURSES<\/h1>\n<p>[\/et_pb_text][\/et_pb_column][\/et_pb_row][et_pb_row _builder_version=&#8221;4.19.1&#8243; _module_preset=&#8221;default&#8221; global_colors_info=&#8221;{}&#8221;][et_pb_column type=&#8221;4_4&#8243; _builder_version=&#8221;4.19.1&#8243; _module_preset=&#8221;default&#8221; global_colors_info=&#8221;{}&#8221;][et_pb_text _builder_version=&#8221;4.21.0&#8243; _module_preset=&#8221;default&#8221; text_orientation=&#8221;center&#8221; hover_enabled=&#8221;0&#8243; global_colors_info=&#8221;{}&#8221; sticky_enabled=&#8221;0&#8243;]<\/p>\n<p><b>Explore the fascinating underwater world through the exciting diving courses at Nativediving Lanzarote!<\/b><\/p>\n<p>Since 1999, Nativediving Lanzarote has been dedicated to training divers and bringing the wonders of the ocean to people of all ages and physical conditions. Our commitment is to offer you unforgettable and safe experiences on every dive.<\/p>\n<p>[\/et_pb_text][\/et_pb_column][\/et_pb_row][\/et_pb_section][et_pb_section fb_built=&#8221;1&#8243; _builder_version=&#8221;4.21.0&#8243; _module_preset=&#8221;default&#8221; custom_margin=&#8221;0px||||false|false&#8221; custom_padding=&#8221;0px||||false|false&#8221; global_colors_info=&#8221;{}&#8221;][et_pb_row column_structure=&#8221;1_2,1_2&#8243; _builder_version=&#8221;4.21.0&#8243; _module_preset=&#8221;default&#8221; global_colors_info=&#8221;{}&#8221;][et_pb_column type=&#8221;1_2&#8243; _builder_version=&#8221;4.19.1&#8243; _module_preset=&#8221;default&#8221; global_colors_info=&#8221;{}&#8221;][et_pb_image src=&#8221;https:\/\/nativediving.com\/wp-content\/uploads\/2023\/05\/GOPR7974-scaled-e1684009889539.jpg&#8221; _builder_version=&#8221;4.21.0&#8243; _module_preset=&#8221;default&#8221; global_colors_info=&#8221;{}&#8221;][\/et_pb_image][\/et_pb_column][et_pb_column type=&#8221;1_2&#8243; _builder_version=&#8221;4.19.1&#8243; _module_preset=&#8221;default&#8221; global_colors_info=&#8221;{}&#8221;][et_pb_text _builder_version=&#8221;4.21.0&#8243; _module_preset=&#8221;default&#8221; hover_enabled=&#8221;0&#8243; global_colors_info=&#8221;{}&#8221; sticky_enabled=&#8221;0&#8243;]<\/p>\n<h2>A wide range of diving courses<\/h2>\n<p>We offer a wide range of diving courses at different levels, endorsed by the best certifiers in the world such as SSI or PADI. We work with highly qualified and experienced instructors, committed to providing the knowledge and skills necessary to explore the deep sea in a safe, respectful and responsible manner.<\/p>\n<h3 style=\"padding-top: 25px;\">At Nativediving Lanzarote, we have state of the art equipment to ensure your comfort and safety during all dives.<\/h3>\n<p>[\/et_pb_text][\/et_pb_column][\/et_pb_row][et_pb_row column_structure=&#8221;1_2,1_2&#8243; _builder_version=&#8221;4.21.0&#8243; _module_preset=&#8221;default&#8221; global_colors_info=&#8221;{}&#8221;][et_pb_column type=&#8221;1_2&#8243; _builder_version=&#8221;4.19.1&#8243; _module_preset=&#8221;default&#8221; global_colors_info=&#8221;{}&#8221;][et_pb_text _builder_version=&#8221;4.21.0&#8243; _module_preset=&#8221;default&#8221; hover_enabled=&#8221;0&#8243; global_colors_info=&#8221;{}&#8221; sticky_enabled=&#8221;0&#8243;]<\/p>\n<p>Accessibility is fundamental to our school. That&#8217;s why we are proud to offer activities specially adapted for people with reduced mobility, giving them the opportunity to enjoy the magic of diving on equal terms.<\/p>\n<p>We recognise the importance of feeling comfortable and understood. That&#8217;s why at Nativediving Lanzarote we attend to you in your language, offering you a personalised and friendly service from the first contact.<\/p>\n<p>We pride ourselves not only on our experience and professionalism, but also on the satisfaction of our clients. Our commitment to quality is reflected in the excellent reviews and ratings received from those who trusted us to discover the underwater world.<\/p>\n<p>[\/et_pb_text][\/et_pb_column][et_pb_column type=&#8221;1_2&#8243; _builder_version=&#8221;4.19.1&#8243; _module_preset=&#8221;default&#8221; global_colors_info=&#8221;{}&#8221;][et_pb_image src=&#8221;https:\/\/nativediving.com\/wp-content\/uploads\/2023\/05\/GOPR1802.jpg&#8221; _builder_version=&#8221;4.21.0&#8243; _module_preset=&#8221;default&#8221; global_colors_info=&#8221;{}&#8221;][\/et_pb_image][\/et_pb_column][\/et_pb_row][et_pb_row column_structure=&#8221;1_2,1_2&#8243; _builder_version=&#8221;4.21.0&#8243; _module_preset=&#8221;default&#8221; background_color=&#8221;#f8f8f8&#8243; global_colors_info=&#8221;{}&#8221;][et_pb_column type=&#8221;1_2&#8243; _builder_version=&#8221;4.19.1&#8243; _module_preset=&#8221;default&#8221; global_colors_info=&#8221;{}&#8221;][et_pb_button button_url=&#8221;\/en\/ssi-diving-courses&#8221; button_text=&#8221;Discover our SSI courses&#8221; button_alignment=&#8221;center&#8221; _builder_version=&#8221;4.21.0&#8243; _module_preset=&#8221;default&#8221; custom_button=&#8221;on&#8221; button_text_color=&#8221;#FFFFFF&#8221; hover_enabled=&#8221;0&#8243; global_colors_info=&#8221;{}&#8221; sticky_enabled=&#8221;0&#8243;][\/et_pb_button][\/et_pb_column][et_pb_column type=&#8221;1_2&#8243; _builder_version=&#8221;4.19.1&#8243; _module_preset=&#8221;default&#8221; global_colors_info=&#8221;{}&#8221;][et_pb_button button_url=&#8221;\/en\/padi-diving-courses&#8221; button_text=&#8221;Discover our PADI courses&#8221; button_alignment=&#8221;center&#8221; _builder_version=&#8221;4.21.0&#8243; _module_preset=&#8221;default&#8221; custom_button=&#8221;on&#8221; button_text_color=&#8221;#FFFFFF&#8221; hover_enabled=&#8221;0&#8243; global_colors_info=&#8221;{}&#8221; sticky_enabled=&#8221;0&#8243;][\/et_pb_button][\/et_pb_column][\/et_pb_row][et_pb_row _builder_version=&#8221;4.21.0&#8243; _module_preset=&#8221;default&#8221; global_colors_info=&#8221;{}&#8221;][et_pb_column type=&#8221;4_4&#8243; _builder_version=&#8221;4.19.1&#8243; _module_preset=&#8221;default&#8221; global_colors_info=&#8221;{}&#8221;][et_pb_text _builder_version=&#8221;4.21.0&#8243; _module_preset=&#8221;default&#8221; text_orientation=&#8221;center&#8221; hover_enabled=&#8221;0&#8243; global_colors_info=&#8221;{}&#8221; sticky_enabled=&#8221;0&#8243;]<\/p>\n<h4>Not sure which course to choose?<\/h4>\n<p><a href=\"\/en\/contact\">Contact us<\/a> and we will recommend the most suitable course for you.<\/p>\n<p>Dive with nativediving.com and live a unique and exciting experience under the sea! Don&#8217;t wait any longer, discover the fascinating world of diving with us!<\/p>\n<p>[\/et_pb_text][\/et_pb_column][\/et_pb_row][\/et_pb_section]<\/p>\n","protected":false},"excerpt":{"rendered":"<p>DIVING COURSESExplore the fascinating underwater world through the exciting diving courses at Nativediving Lanzarote! Since 1999, Nativediving Lanzarote has been dedicated to training divers and bringing the wonders of the ocean to people of all ages and physical conditions. Our commitment is to offer you unforgettable and safe experiences on every dive.A wide range of [&hellip;]<\/p>\n","protected":false},"author":4,"featured_media":0,"parent":0,"menu_order":0,"comment_status":"closed","ping_status":"closed","template":"","meta":{"_et_pb_use_builder":"on","_et_pb_old_content":"[et_pb_section fb_built=\"1\" _builder_version=\"4.16\" global_colors_info=\"{}\"][et_pb_row column_structure=\"1_3,1_3,1_3\" _builder_version=\"4.19.1\" _module_preset=\"default\" global_colors_info=\"{}\"][et_pb_column type=\"1_3\" _builder_version=\"4.19.1\" _module_preset=\"default\" global_colors_info=\"{}\"][et_pb_image src=\"https:\/\/nativediving.com\/wp-content\/uploads\/2022\/11\/Centro-de-Buceo-en-Costa-Teguise-Lanzarote.jpg\" alt=\"Centro de Buceo en Costa Teguise, Lanzarote\" title_text=\"Centro de Buceo en Costa Teguise, Lanzarote\" disabled_on=\"off|off|off\" _builder_version=\"4.19.1\" _module_preset=\"default\" global_colors_info=\"{}\"][\/et_pb_image][\/et_pb_column][et_pb_column type=\"1_3\" _builder_version=\"4.19.1\" _module_preset=\"default\" global_colors_info=\"{}\"][et_pb_image src=\"https:\/\/nativediving.com\/wp-content\/uploads\/2022\/11\/291575350_460372846088526_5434387003260458_n-300x257.jpg\" align=\"center\" _builder_version=\"4.19.1\" _module_preset=\"default\" global_colors_info=\"{}\"][\/et_pb_image][\/et_pb_column][et_pb_column type=\"1_3\" _builder_version=\"4.19.1\" _module_preset=\"default\" global_colors_info=\"{}\"][et_pb_image src=\"https:\/\/nativediving.com\/wp-content\/uploads\/2022\/11\/spa-dr.-fish-e1669241442759.jpg\" title_text=\"FISH SPA LANZAROTE\" align=\"center\" _builder_version=\"4.19.1\" _module_preset=\"default\" width=\"82%\" global_colors_info=\"{}\"][\/et_pb_image][\/et_pb_column][\/et_pb_row][\/et_pb_section][et_pb_section fb_built=\"1\" _builder_version=\"4.19.1\" _module_preset=\"default\" min_height=\"156.3px\" custom_padding=\"0px|||||\" global_colors_info=\"{}\"][et_pb_row _builder_version=\"4.19.1\" _module_preset=\"default\" custom_padding=\"||7px|||\" global_colors_info=\"{}\"][et_pb_column type=\"4_4\" _builder_version=\"4.19.1\" _module_preset=\"default\" global_colors_info=\"{}\"][et_pb_text _builder_version=\"4.19.1\" _module_preset=\"default\" header_text_color=\"#144168\" text_orientation=\"center\" global_colors_info=\"{}\"]<h1>FISH SPA LANZAROTE<\/h1>[\/et_pb_text][\/et_pb_column][\/et_pb_row][et_pb_row _builder_version=\"4.19.1\" _module_preset=\"default\" global_colors_info=\"{}\"][et_pb_column type=\"4_4\" _builder_version=\"4.19.1\" _module_preset=\"default\" global_colors_info=\"{}\"][et_pb_text _builder_version=\"4.19.1\" _module_preset=\"default\" global_colors_info=\"{}\"]<h2>\u00bfQu\u00e9 es la Ictioterapia?<\/h2>\r\n<p>Consiste en poner los pies dentro de una pecera llena de peces garra rufas o peces doctor mientras contemplan las vista de la Playa del Jablillo. Estas especies acu\u00e1ticas succionan las c\u00e9lulas muertas que puedan estar en nuestro pie, dejando la piel m\u00e1s tersa y suave.<\/p>[\/et_pb_text][et_pb_text _builder_version=\"4.19.1\" _module_preset=\"default\" global_colors_info=\"{}\"]<h2>\u00bfPor qu\u00e9 elegir Fish Spa Lanzarote en Costa Teguise?<\/h2>\r\n<p>Estamos situados en primera l\u00ednea de mar, frente a la Playa del Jablillo, con unas vistas increibles y somos\u00a0 el \u00fanico centro de Ictioterapia de Lanzarote.<\/p>\r\n<p>Solo tienes que venir y dejarte mimar por el doctor Fish.<\/p>[\/et_pb_text][et_pb_text _builder_version=\"4.19.1\" _module_preset=\"default\" text_orientation=\"center\" custom_padding=\"63px|||||\" global_colors_info=\"{}\"]<h3>INFORMACI\u00d3N<\/h3>\r\n<p><strong>HORARIO<\/strong>: 08:30 am a 17:00h pm.<br \/>No necesitan reservar.<br \/><strong>IMPORTANTE<\/strong>:<br \/>No pueden realizar la terapia personas que tengan hongos, heridas o enfermedades de la piel.<br \/><strong>PRECIO<\/strong>:<br \/>9.50 \u20ac 15 minutos<br \/>10 \u20ac 40 minutos<\/p>[\/et_pb_text][\/et_pb_column][\/et_pb_row][\/et_pb_section][et_pb_section fb_built=\"1\" _builder_version=\"4.19.1\" _module_preset=\"default\" global_colors_info=\"{}\"][et_pb_row column_structure=\"1_2,1_2\" _builder_version=\"4.19.1\" _module_preset=\"default\" global_colors_info=\"{}\"][et_pb_column type=\"1_2\" _builder_version=\"4.19.1\" _module_preset=\"default\" global_colors_info=\"{}\"][et_pb_blurb title=\"\u00bfPara qu\u00e9 sirve la ictioterapia?\" image=\"https:\/\/nativediving.com\/wp-content\/uploads\/2022\/11\/277096607_7199784576762551_5936505148004450905_n-300x224.jpg\" _builder_version=\"4.19.1\" _module_preset=\"default\" header_text_align=\"center\" text_orientation=\"center\" global_colors_info=\"{}\"]<p>Este m\u00e9todo se utiliza principalmente para limpiar las pieles muertas de los pies. Se considera por tanto b\u00e1sicamente como un tratamiento de est\u00e9tica. Tras cuatro o cinco sesiones, estos se suavizan de forma espectacular, incluidos los callos y las durezas. Mejora las heridas ya cicatrizadas y es muy beneficioso para la<strong><span style=\"color: #000000;\"> psoriasis<\/span><\/strong>, ya que ayuda a regenerar las zonas da\u00f1adas con muy buenos resultados. En algunos pa\u00edses, como Holanda o Alemania, se utiliza como tratamiento terap\u00e9utico para estos casos e incluso se incluye en algunos seguros m\u00e9dicos.<\/p>\r\n<p>Por otro lado mejora tambi\u00e9n la circulaci\u00f3n sangu\u00ednea perif\u00e9rica, ya que los peces efect\u00faan un peque\u00f1o masaje, dando a su vez con un agradable cosquilleo una sensaci\u00f3n de bienestar y relajaci\u00f3n.<\/p>[\/et_pb_blurb][\/et_pb_column][et_pb_column type=\"1_2\" _builder_version=\"4.19.1\" _module_preset=\"default\" global_colors_info=\"{}\"][et_pb_blurb title=\"\u00bfQui\u00e9n es el Doctor pez Garra Rufa?\" image=\"https:\/\/nativediving.com\/wp-content\/uploads\/2022\/11\/248016634_6440261259381557_8252495385632614439_n-1-300x224.jpg\" _builder_version=\"4.19.1\" _module_preset=\"default\" header_text_align=\"center\" text_orientation=\"center\" global_colors_info=\"{}\"]<p>Este es el nombre cient\u00edfico de este peque\u00f1o pez con aspecto de anfibio que vive en aguas semic\u00e1lidas de las cuencas de algunos r\u00edos de Eurasia, especialmente en Turqu\u00eda.<\/p>\r\n<p>Los ejemplares que suelen utilizarse miden entre tres y seis cent\u00edmetros (alcanzan los diez y doce en la madurez). No tienen dientes, s\u00f3lo succionan, por lo que no pueden producir heridas. Adem\u00e1s tienen una sustancia curativa, una enzima llamada dithranol, que en ocasiones se usa como ingrediente en algunas cremas regeneradoras, especialmente para la psoriasis.<\/p>[\/et_pb_blurb][\/et_pb_column][\/et_pb_row][et_pb_row column_structure=\"1_3,1_3,1_3\" _builder_version=\"4.19.1\" _module_preset=\"default\" hover_enabled=\"0\" global_colors_info=\"{}\" sticky_enabled=\"0\"][et_pb_column type=\"1_3\" _builder_version=\"4.19.1\" _module_preset=\"default\" global_colors_info=\"{}\"][et_pb_image src=\"https:\/\/nativediving.com\/wp-content\/uploads\/2022\/11\/272281256_6880615082012837_8965081906392670656_n-224x300.jpg\" _builder_version=\"4.19.1\" _module_preset=\"default\" hover_enabled=\"0\" global_colors_info=\"{}\" align=\"center\" sticky_enabled=\"0\"][\/et_pb_image][\/et_pb_column][et_pb_column type=\"1_3\" _builder_version=\"4.19.1\" _module_preset=\"default\" global_colors_info=\"{}\"][et_pb_image src=\"https:\/\/nativediving.com\/wp-content\/uploads\/2022\/11\/248161417_6325388344202183_1871060505886271877_n-Copy-224x300.jpg\" _builder_version=\"4.19.1\" _module_preset=\"default\" global_colors_info=\"{}\" align=\"center\"][\/et_pb_image][\/et_pb_column][et_pb_column type=\"1_3\" _builder_version=\"4.19.1\" _module_preset=\"default\" global_colors_info=\"{}\"][et_pb_image src=\"https:\/\/nativediving.com\/wp-content\/uploads\/2022\/11\/277108036_7199784923429183_90176330513109501_n-1-224x300.jpg\" _builder_version=\"4.19.1\" _module_preset=\"default\" global_colors_info=\"{}\" align=\"center\"][\/et_pb_image][\/et_pb_column][\/et_pb_row][et_pb_row column_structure=\"1_3,1_3,1_3\" _builder_version=\"4.19.1\" _module_preset=\"default\" global_colors_info=\"{}\"][et_pb_column type=\"1_3\" _builder_version=\"4.19.1\" _module_preset=\"default\" global_colors_info=\"{}\"][et_pb_image src=\"https:\/\/nativediving.com\/wp-content\/uploads\/2022\/11\/spa-dr.-fish-300x225.jpg\" _builder_version=\"4.19.1\" _module_preset=\"default\" global_colors_info=\"{}\" align=\"center\"][\/et_pb_image][\/et_pb_column][et_pb_column type=\"1_3\" _builder_version=\"4.19.1\" _module_preset=\"default\" global_colors_info=\"{}\"][et_pb_image src=\"https:\/\/nativediving.com\/wp-content\/uploads\/2022\/11\/253381356_6393178687423148_4396096199814203136_n-300x224.jpg\" _builder_version=\"4.19.1\" _module_preset=\"default\" global_colors_info=\"{}\" align=\"center\"][\/et_pb_image][\/et_pb_column][et_pb_column type=\"1_3\" _builder_version=\"4.19.1\" _module_preset=\"default\" global_colors_info=\"{}\"][et_pb_image src=\"https:\/\/nativediving.com\/wp-content\/uploads\/2022\/11\/descarga.jpeg\" title_text=\"descarga\" _builder_version=\"4.19.1\" _module_preset=\"default\" global_colors_info=\"{}\" align=\"center\"][\/et_pb_image][\/et_pb_column][\/et_pb_row][\/et_pb_section]","_et_gb_content_width":"","footnotes":""},"yoast_head":"<!-- This site is optimized with the Yoast SEO plugin v22.2 - https:\/\/yoast.com\/wordpress\/plugins\/seo\/ -->\n<title>Cursos de buceo - Native Diving<\/title>\n<meta name=\"robots\" content=\"index, follow, max-snippet:-1, max-image-preview:large, max-video-preview:-1\" \/>\n<link rel=\"canonical\" href=\"https:\/\/nativediving.com\/en\/courses-for-diving\/\" \/>\n<meta property=\"og:locale\" content=\"en_US\" \/>\n<meta property=\"og:type\" content=\"article\" \/>\n<meta property=\"og:title\" content=\"Cursos de buceo - Native Diving\" \/>\n<meta property=\"og:description\" content=\"DIVING COURSESExplore the fascinating underwater world through the exciting diving courses at Nativediving Lanzarote! Since 1999, Nativediving Lanzarote has been dedicated to training divers and bringing the wonders of the ocean to people of all ages and physical conditions. Our commitment is to offer you unforgettable and safe experiences on every dive.A wide range of [&hellip;]\" \/>\n<meta property=\"og:url\" content=\"https:\/\/nativediving.com\/en\/courses-for-diving\/\" \/>\n<meta property=\"og:site_name\" content=\"Native Diving\" \/>\n<meta property=\"article:publisher\" content=\"https:\/\/www.facebook.com\/Native.Diving.Lanzarote\" \/>\n<meta property=\"article:modified_time\" content=\"2024-01-16T10:46:02+00:00\" \/>\n<meta name=\"twitter:label1\" content=\"Est. reading time\" \/>\n\t<meta name=\"twitter:data1\" content=\"2 minutes\" \/>\n<script type=\"application\/ld+json\" class=\"yoast-schema-graph\">{\"@context\":\"https:\/\/schema.org\",\"@graph\":[{\"@type\":\"WebPage\",\"@id\":\"https:\/\/nativediving.com\/en\/courses-for-diving\/\",\"url\":\"https:\/\/nativediving.com\/en\/courses-for-diving\/\",\"name\":\"Cursos de buceo - Native Diving\",\"isPartOf\":{\"@id\":\"https:\/\/nativediving.com\/#website\"},\"datePublished\":\"2024-01-08T17:09:18+00:00\",\"dateModified\":\"2024-01-16T10:46:02+00:00\",\"breadcrumb\":{\"@id\":\"https:\/\/nativediving.com\/en\/courses-for-diving\/#breadcrumb\"},\"inLanguage\":\"en-US\",\"potentialAction\":[{\"@type\":\"ReadAction\",\"target\":[\"https:\/\/nativediving.com\/en\/courses-for-diving\/\"]}]},{\"@type\":\"BreadcrumbList\",\"@id\":\"https:\/\/nativediving.com\/en\/courses-for-diving\/#breadcrumb\",\"itemListElement\":[{\"@type\":\"ListItem\",\"position\":1,\"name\":\"Escuela de buceo\",\"item\":\"https:\/\/nativediving.com\/en\/\"},{\"@type\":\"ListItem\",\"position\":2,\"name\":\"Cursos de buceo\"}]},{\"@type\":\"WebSite\",\"@id\":\"https:\/\/nativediving.com\/#website\",\"url\":\"https:\/\/nativediving.com\/\",\"name\":\"Native Diving\",\"description\":\"Centro de buceo SSI y PADI en Lanzarote\",\"publisher\":{\"@id\":\"https:\/\/nativediving.com\/#organization\"},\"potentialAction\":[{\"@type\":\"SearchAction\",\"target\":{\"@type\":\"EntryPoint\",\"urlTemplate\":\"https:\/\/nativediving.com\/?s={search_term_string}\"},\"query-input\":\"required name=search_term_string\"}],\"inLanguage\":\"en-US\"},{\"@type\":\"Organization\",\"@id\":\"https:\/\/nativediving.com\/#organization\",\"name\":\"Native Diving Lanzarote\",\"url\":\"https:\/\/nativediving.com\/\",\"logo\":{\"@type\":\"ImageObject\",\"inLanguage\":\"en-US\",\"@id\":\"https:\/\/nativediving.com\/#\/schema\/logo\/image\/\",\"url\":\"https:\/\/nativediving.com\/wp-content\/uploads\/2017\/11\/Escudo_NativeDiving_Azul.png\",\"contentUrl\":\"https:\/\/nativediving.com\/wp-content\/uploads\/2017\/11\/Escudo_NativeDiving_Azul.png\",\"width\":3295,\"height\":2480,\"caption\":\"Native Diving Lanzarote\"},\"image\":{\"@id\":\"https:\/\/nativediving.com\/#\/schema\/logo\/image\/\"},\"sameAs\":[\"https:\/\/www.facebook.com\/Native.Diving.Lanzarote\",\"https:\/\/twitter.com\/nativedivingLZ\",\"https:\/\/www.youtube.com\/c\/NativeDivingLanzaroteBuceo\"]}]}<\/script>\n<!-- \/ Yoast SEO plugin. -->","yoast_head_json":{"title":"Cursos de buceo - Native Diving","robots":{"index":"index","follow":"follow","max-snippet":"max-snippet:-1","max-image-preview":"max-image-preview:large","max-video-preview":"max-video-preview:-1"},"canonical":"https:\/\/nativediving.com\/en\/courses-for-diving\/","og_locale":"en_US","og_type":"article","og_title":"Cursos de buceo - Native Diving","og_description":"DIVING COURSESExplore the fascinating underwater world through the exciting diving courses at Nativediving Lanzarote! Since 1999, Nativediving Lanzarote has been dedicated to training divers and bringing the wonders of the ocean to people of all ages and physical conditions. Our commitment is to offer you unforgettable and safe experiences on every dive.A wide range of [&hellip;]","og_url":"https:\/\/nativediving.com\/en\/courses-for-diving\/","og_site_name":"Native Diving","article_publisher":"https:\/\/www.facebook.com\/Native.Diving.Lanzarote","article_modified_time":"2024-01-16T10:46:02+00:00","twitter_misc":{"Est. reading time":"2 minutes"},"schema":{"@context":"https:\/\/schema.org","@graph":[{"@type":"WebPage","@id":"https:\/\/nativediving.com\/en\/courses-for-diving\/","url":"https:\/\/nativediving.com\/en\/courses-for-diving\/","name":"Cursos de buceo - Native Diving","isPartOf":{"@id":"https:\/\/nativediving.com\/#website"},"datePublished":"2024-01-08T17:09:18+00:00","dateModified":"2024-01-16T10:46:02+00:00","breadcrumb":{"@id":"https:\/\/nativediving.com\/en\/courses-for-diving\/#breadcrumb"},"inLanguage":"en-US","potentialAction":[{"@type":"ReadAction","target":["https:\/\/nativediving.com\/en\/courses-for-diving\/"]}]},{"@type":"BreadcrumbList","@id":"https:\/\/nativediving.com\/en\/courses-for-diving\/#breadcrumb","itemListElement":[{"@type":"ListItem","position":1,"name":"Escuela de buceo","item":"https:\/\/nativediving.com\/en\/"},{"@type":"ListItem","position":2,"name":"Cursos de buceo"}]},{"@type":"WebSite","@id":"https:\/\/nativediving.com\/#website","url":"https:\/\/nativediving.com\/","name":"Native Diving","description":"Centro de buceo SSI y PADI en Lanzarote","publisher":{"@id":"https:\/\/nativediving.com\/#organization"},"potentialAction":[{"@type":"SearchAction","target":{"@type":"EntryPoint","urlTemplate":"https:\/\/nativediving.com\/?s={search_term_string}"},"query-input":"required name=search_term_string"}],"inLanguage":"en-US"},{"@type":"Organization","@id":"https:\/\/nativediving.com\/#organization","name":"Native Diving Lanzarote","url":"https:\/\/nativediving.com\/","logo":{"@type":"ImageObject","inLanguage":"en-US","@id":"https:\/\/nativediving.com\/#\/schema\/logo\/image\/","url":"https:\/\/nativediving.com\/wp-content\/uploads\/2017\/11\/Escudo_NativeDiving_Azul.png","contentUrl":"https:\/\/nativediving.com\/wp-content\/uploads\/2017\/11\/Escudo_NativeDiving_Azul.png","width":3295,"height":2480,"caption":"Native Diving Lanzarote"},"image":{"@id":"https:\/\/nativediving.com\/#\/schema\/logo\/image\/"},"sameAs":["https:\/\/www.facebook.com\/Native.Diving.Lanzarote","https:\/\/twitter.com\/nativedivingLZ","https:\/\/www.youtube.com\/c\/NativeDivingLanzaroteBuceo"]}]}},"_links":{"self":[{"href":"https:\/\/nativediving.com\/en\/wp-json\/wp\/v2\/pages\/217980"}],"collection":[{"href":"https:\/\/nativediving.com\/en\/wp-json\/wp\/v2\/pages"}],"about":[{"href":"https:\/\/nativediving.com\/en\/wp-json\/wp\/v2\/types\/page"}],"author":[{"embeddable":true,"href":"https:\/\/nativediving.com\/en\/wp-json\/wp\/v2\/users\/4"}],"replies":[{"embeddable":true,"href":"https:\/\/nativediving.com\/en\/wp-json\/wp\/v2\/comments?post=217980"}],"version-history":[{"count":2,"href":"https:\/\/nativediving.com\/en\/wp-json\/wp\/v2\/pages\/217980\/revisions"}],"predecessor-version":[{"id":217984,"href":"https:\/\/nativediving.com\/en\/wp-json\/wp\/v2\/pages\/217980\/revisions\/217984"}],"wp:attachment":[{"href":"https:\/\/nativediving.com\/en\/wp-json\/wp\/v2\/media?parent=217980"}],"curies":[{"name":"wp","href":"https:\/\/api.w.org\/{rel}","templated":true}]}}