{"id":206317,"date":"2018-05-26T10:35:46","date_gmt":"2018-05-26T10:35:46","guid":{"rendered":"https:\/\/nativediving.com\/?page_id=206317"},"modified":"2018-05-26T10:42:38","modified_gmt":"2018-05-26T10:42:38","slug":"privacy-policy","status":"publish","type":"page","link":"https:\/\/nativediving.com\/en\/privacy-policy\/","title":{"rendered":"Privacy policy"},"content":{"rendered":"<p>In compliance with the provisions of the GDPR, we inform you that your data will be treated in our files, for the purpose of maintaining and fulfilling the relationship with our entity, including sending communications within the framework of the aforementioned relationship.<\/p>\n<p>Likewise, your data will be transferred in all those cases in which it is necessary for the development, fulfillment and control of the relationship with our entity or in the cases in which it is authorized by a norm with the rank of law. In compliance with the GDPR you can exercise your ARCO rights before FISH SPA LANZAROTE S.L. (NATIVE DIVING), with address at Calle Tenerife, 2., 35510 &#8211; Puerto del Carmen, Lanzarote, attaching a photocopy of your ID.<\/p>\n<p>The content of this communication, as well as that of all the attached documentation, is subject to the duty of secrecy and is addressed only to its addressee. In the event that you were not the addressee, we ask you to indicate it to us and not to communicate its contents to third parties, proceeding to their destruction.<\/p>\n<p>The service provider of the information society must take into account that, in addition to the information provided to the recipients of the service through its &#8220;Privacy Policy&#8221;, it must have additional legal texts related to other mandatory regulations , such as, without limiting or excluding, general conditions of contracting, intellectual and industrial property, conditions of use of the website and responsibilities in this regard, or what the Law 34\/2002, of July 11, of Services of the Information Society and Electronic Commerce can establish in any other precepts outside of its Article 10 or even complete the information that, in relation to this, was necessary.<\/p>\n<p>&nbsp;<\/p>\n<p>&nbsp;<\/p>\n<p>&nbsp;<\/p>\n","protected":false},"excerpt":{"rendered":"<p>In compliance with the provisions of the GDPR, we inform you that your data will be treated in our files, for the purpose of maintaining and fulfilling the relationship with our entity, including sending communications within the framework of the aforementioned relationship. Likewise, your data will be transferred in all those cases in which it [&hellip;]<\/p>\n","protected":false},"author":4,"featured_media":0,"parent":0,"menu_order":0,"comment_status":"closed","ping_status":"closed","template":"","meta":{"_et_pb_use_builder":"on","_et_pb_old_content":"<div id=\"clickdatos\">\r\n\r\nEn cumplimiento de lo establecido en la RGPD, le informamos que sus datos ser\u00e1n tratados en nuestros ficheros, con la finalidad del mantenimiento y cumplimiento de la relaci\u00f3n con nuestra entidad, incluyendo el env\u00edo de comunicaciones en el marco de la citada relaci\u00f3n.\r\n\r\nAs\u00ed mismo, sus datos ser\u00e1n cedidos en todos aquellos casos en que sea necesario para el desarrollo, cumplimiento y control de la relaci\u00f3n con nuestra entidad o en los supuestos en que lo autorice una norma con rango de ley. En cumplimiento de la RGPD puede ejercitar sus derechos ARCO ante <strong>FISH SPA LANZAROTE S.L. (NATIVE DIVING)<\/strong>, con direcci\u00f3n en <strong>Calle Tenerife, 2., 35510 - Puerto del Carmen, Lanzarote<\/strong>, adjuntando fotocopia de su DNI.\r\n\r\nEl contenido de esta comunicaci\u00f3n, as\u00ed como el de toda la documentaci\u00f3n anexa, est\u00e1 sujeta al deber de secreto y va dirigida \u00fanicamente a su destinatario. En el supuesto de que usted no fuera el destinatario, le solicitamos que nos lo indique y no comunique su contenido a terceros, procediendo a su destrucci\u00f3n.\r\n\r\nEl prestador de servicios de la sociedad de la informaci\u00f3n deber\u00e1 tener en cuenta que, adem\u00e1s de la informaci\u00f3n que facilite a los destinatarios del servicio a trav\u00e9s de su \u201cPol\u00edtica de Privacidad\u201d, deber\u00e1 disponer de textos legales adicionales relativos a otras normativas de obligado cumplimiento, tales como, sin car\u00e1cter limitativo o excluyente, condiciones generales de la contrataci\u00f3n, propiedad intelectual e industrial, condiciones de utilizaci\u00f3n de la p\u00e1gina web y responsabilidades al respecto, o lo que la propia Ley 34\/2002, de 11 de julio, de Servicios de la Sociedad de la Informaci\u00f3n y de Comercio Electr\u00f3nico pueda establecer en cualesquiera otros preceptos al margen de su art\u00edculo 10 o incluso completar la informaci\u00f3n que, en relaci\u00f3n a \u00e9ste, fuese necesaria.\r\n\r\n<\/div>\r\n&nbsp;\r\n\r\n&nbsp;\r\n\r\n&nbsp;\r\n\r\n&nbsp;","_et_gb_content_width":"","footnotes":""},"yoast_head":"<!-- This site is optimized with the Yoast SEO plugin v22.2 - https:\/\/yoast.com\/wordpress\/plugins\/seo\/ -->\n<title>Privacy policy - Native Diving<\/title>\n<meta name=\"robots\" content=\"index, follow, max-snippet:-1, max-image-preview:large, max-video-preview:-1\" \/>\n<link rel=\"canonical\" href=\"https:\/\/nativediving.com\/en\/privacy-policy\/\" \/>\n<meta property=\"og:locale\" content=\"en_US\" \/>\n<meta property=\"og:type\" content=\"article\" \/>\n<meta property=\"og:title\" content=\"Privacy policy - Native Diving\" \/>\n<meta property=\"og:description\" content=\"In compliance with the provisions of the GDPR, we inform you that your data will be treated in our files, for the purpose of maintaining and fulfilling the relationship with our entity, including sending communications within the framework of the aforementioned relationship. Likewise, your data will be transferred in all those cases in which it [&hellip;]\" \/>\n<meta property=\"og:url\" content=\"https:\/\/nativediving.com\/en\/privacy-policy\/\" \/>\n<meta property=\"og:site_name\" content=\"Native Diving\" \/>\n<meta property=\"article:publisher\" content=\"https:\/\/www.facebook.com\/Native.Diving.Lanzarote\" \/>\n<meta property=\"article:modified_time\" content=\"2018-05-26T10:42:38+00:00\" \/>\n<meta name=\"twitter:label1\" content=\"Est. reading time\" \/>\n\t<meta name=\"twitter:data1\" content=\"1 minute\" \/>\n<script type=\"application\/ld+json\" class=\"yoast-schema-graph\">{\"@context\":\"https:\/\/schema.org\",\"@graph\":[{\"@type\":\"WebPage\",\"@id\":\"https:\/\/nativediving.com\/en\/privacy-policy\/\",\"url\":\"https:\/\/nativediving.com\/en\/privacy-policy\/\",\"name\":\"Privacy policy - Native Diving\",\"isPartOf\":{\"@id\":\"https:\/\/nativediving.com\/#website\"},\"datePublished\":\"2018-05-26T10:35:46+00:00\",\"dateModified\":\"2018-05-26T10:42:38+00:00\",\"breadcrumb\":{\"@id\":\"https:\/\/nativediving.com\/en\/privacy-policy\/#breadcrumb\"},\"inLanguage\":\"en-US\",\"potentialAction\":[{\"@type\":\"ReadAction\",\"target\":[\"https:\/\/nativediving.com\/en\/privacy-policy\/\"]}]},{\"@type\":\"BreadcrumbList\",\"@id\":\"https:\/\/nativediving.com\/en\/privacy-policy\/#breadcrumb\",\"itemListElement\":[{\"@type\":\"ListItem\",\"position\":1,\"name\":\"Escuela de buceo\",\"item\":\"https:\/\/nativediving.com\/en\/\"},{\"@type\":\"ListItem\",\"position\":2,\"name\":\"Privacy policy\"}]},{\"@type\":\"WebSite\",\"@id\":\"https:\/\/nativediving.com\/#website\",\"url\":\"https:\/\/nativediving.com\/\",\"name\":\"Native Diving\",\"description\":\"Centro de buceo SSI y PADI en Lanzarote\",\"publisher\":{\"@id\":\"https:\/\/nativediving.com\/#organization\"},\"potentialAction\":[{\"@type\":\"SearchAction\",\"target\":{\"@type\":\"EntryPoint\",\"urlTemplate\":\"https:\/\/nativediving.com\/?s={search_term_string}\"},\"query-input\":\"required name=search_term_string\"}],\"inLanguage\":\"en-US\"},{\"@type\":\"Organization\",\"@id\":\"https:\/\/nativediving.com\/#organization\",\"name\":\"Native Diving Lanzarote\",\"url\":\"https:\/\/nativediving.com\/\",\"logo\":{\"@type\":\"ImageObject\",\"inLanguage\":\"en-US\",\"@id\":\"https:\/\/nativediving.com\/#\/schema\/logo\/image\/\",\"url\":\"https:\/\/nativediving.com\/wp-content\/uploads\/2017\/11\/Escudo_NativeDiving_Azul.png\",\"contentUrl\":\"https:\/\/nativediving.com\/wp-content\/uploads\/2017\/11\/Escudo_NativeDiving_Azul.png\",\"width\":3295,\"height\":2480,\"caption\":\"Native Diving Lanzarote\"},\"image\":{\"@id\":\"https:\/\/nativediving.com\/#\/schema\/logo\/image\/\"},\"sameAs\":[\"https:\/\/www.facebook.com\/Native.Diving.Lanzarote\",\"https:\/\/twitter.com\/nativedivingLZ\",\"https:\/\/www.youtube.com\/c\/NativeDivingLanzaroteBuceo\"]}]}<\/script>\n<!-- \/ Yoast SEO plugin. -->","yoast_head_json":{"title":"Privacy policy - Native Diving","robots":{"index":"index","follow":"follow","max-snippet":"max-snippet:-1","max-image-preview":"max-image-preview:large","max-video-preview":"max-video-preview:-1"},"canonical":"https:\/\/nativediving.com\/en\/privacy-policy\/","og_locale":"en_US","og_type":"article","og_title":"Privacy policy - Native Diving","og_description":"In compliance with the provisions of the GDPR, we inform you that your data will be treated in our files, for the purpose of maintaining and fulfilling the relationship with our entity, including sending communications within the framework of the aforementioned relationship. Likewise, your data will be transferred in all those cases in which it [&hellip;]","og_url":"https:\/\/nativediving.com\/en\/privacy-policy\/","og_site_name":"Native Diving","article_publisher":"https:\/\/www.facebook.com\/Native.Diving.Lanzarote","article_modified_time":"2018-05-26T10:42:38+00:00","twitter_misc":{"Est. reading time":"1 minute"},"schema":{"@context":"https:\/\/schema.org","@graph":[{"@type":"WebPage","@id":"https:\/\/nativediving.com\/en\/privacy-policy\/","url":"https:\/\/nativediving.com\/en\/privacy-policy\/","name":"Privacy policy - Native Diving","isPartOf":{"@id":"https:\/\/nativediving.com\/#website"},"datePublished":"2018-05-26T10:35:46+00:00","dateModified":"2018-05-26T10:42:38+00:00","breadcrumb":{"@id":"https:\/\/nativediving.com\/en\/privacy-policy\/#breadcrumb"},"inLanguage":"en-US","potentialAction":[{"@type":"ReadAction","target":["https:\/\/nativediving.com\/en\/privacy-policy\/"]}]},{"@type":"BreadcrumbList","@id":"https:\/\/nativediving.com\/en\/privacy-policy\/#breadcrumb","itemListElement":[{"@type":"ListItem","position":1,"name":"Escuela de buceo","item":"https:\/\/nativediving.com\/en\/"},{"@type":"ListItem","position":2,"name":"Privacy policy"}]},{"@type":"WebSite","@id":"https:\/\/nativediving.com\/#website","url":"https:\/\/nativediving.com\/","name":"Native Diving","description":"Centro de buceo SSI y PADI en Lanzarote","publisher":{"@id":"https:\/\/nativediving.com\/#organization"},"potentialAction":[{"@type":"SearchAction","target":{"@type":"EntryPoint","urlTemplate":"https:\/\/nativediving.com\/?s={search_term_string}"},"query-input":"required name=search_term_string"}],"inLanguage":"en-US"},{"@type":"Organization","@id":"https:\/\/nativediving.com\/#organization","name":"Native Diving Lanzarote","url":"https:\/\/nativediving.com\/","logo":{"@type":"ImageObject","inLanguage":"en-US","@id":"https:\/\/nativediving.com\/#\/schema\/logo\/image\/","url":"https:\/\/nativediving.com\/wp-content\/uploads\/2017\/11\/Escudo_NativeDiving_Azul.png","contentUrl":"https:\/\/nativediving.com\/wp-content\/uploads\/2017\/11\/Escudo_NativeDiving_Azul.png","width":3295,"height":2480,"caption":"Native Diving Lanzarote"},"image":{"@id":"https:\/\/nativediving.com\/#\/schema\/logo\/image\/"},"sameAs":["https:\/\/www.facebook.com\/Native.Diving.Lanzarote","https:\/\/twitter.com\/nativedivingLZ","https:\/\/www.youtube.com\/c\/NativeDivingLanzaroteBuceo"]}]}},"_links":{"self":[{"href":"https:\/\/nativediving.com\/en\/wp-json\/wp\/v2\/pages\/206317"}],"collection":[{"href":"https:\/\/nativediving.com\/en\/wp-json\/wp\/v2\/pages"}],"about":[{"href":"https:\/\/nativediving.com\/en\/wp-json\/wp\/v2\/types\/page"}],"author":[{"embeddable":true,"href":"https:\/\/nativediving.com\/en\/wp-json\/wp\/v2\/users\/4"}],"replies":[{"embeddable":true,"href":"https:\/\/nativediving.com\/en\/wp-json\/wp\/v2\/comments?post=206317"}],"version-history":[{"count":0,"href":"https:\/\/nativediving.com\/en\/wp-json\/wp\/v2\/pages\/206317\/revisions"}],"wp:attachment":[{"href":"https:\/\/nativediving.com\/en\/wp-json\/wp\/v2\/media?parent=206317"}],"curies":[{"name":"wp","href":"https:\/\/api.w.org\/{rel}","templated":true}]}}