{"id":9141,"date":"2017-08-25T16:00:38","date_gmt":"2017-08-25T16:00:38","guid":{"rendered":"http:\/\/new.nativediving.com\/sea-trek-adaptado\/"},"modified":"2024-12-02T16:54:52","modified_gmt":"2024-12-02T16:54:52","slug":"sea-trek-angepasst","status":"publish","type":"page","link":"https:\/\/nativediving.com\/de\/sea-trek-angepasst\/","title":{"rendered":"Sea Trek angepasst"},"content":{"rendered":"<p>[et_pb_section fb_built=&#8220;1&#8243; fullwidth=&#8220;on&#8220; _builder_version=&#8220;4.19.1&#8243; background_image=&#8220;https:\/\/nativediving.com\/wp-content\/uploads\/2022\/11\/GOPR1313-Copy-1-scaled.jpg&#8220; custom_padding=&#8220;0px|0px|588px|0px&#8220; global_colors_info=&#8220;{}&#8220;][\/et_pb_section][et_pb_section fb_built=&#8220;1&#8243; _builder_version=&#8220;4.16&#8243; custom_padding=&#8220;54px|0px|17px|0px|false|false&#8220; global_colors_info=&#8220;{}&#8220;][et_pb_row column_structure=&#8220;1_2,1_2&#8243; _builder_version=&#8220;4.16&#8243; global_colors_info=&#8220;{}&#8220;][et_pb_column type=&#8220;1_2&#8243; _builder_version=&#8220;4.16&#8243; custom_padding=&#8220;|||&#8220; global_colors_info=&#8220;{}&#8220; custom_padding__hover=&#8220;|||&#8220;][et_pb_text _builder_version=&#8220;4.19.1&#8243; global_colors_info=&#8220;{}&#8220;]<\/p>\n<h1>SEA TREK ANGEPASST<\/h1>\n<h1><span style=\"font-size: large;\">EINZIGARTIG IN DER WELT !!!<\/span><\/h1>\n<p><strong>VON DER EINHEIMISCHEN TAUCHERGRUPPE ENTWORFEN UND HERGESTELLT,<\/strong><\/p>\n<p>Dies ist eine neue und weltweit einzigartige Unterwasseraktivit\u00e4t. Der angepasste Stuhl, den wir bei Native Diving Lanzarote entwickelt und gebaut haben, ist f\u00fcr alle Personen mit eingeschr\u00e4nkter Mobilit\u00e4t geeignet, die davon tr\u00e4umen, 30 Minuten lang mit den Meeresbewohnern am Strand von Jablillo unter Wasser zu sein.<\/p>\n<p>Sub Sea System, der kalifornische Hauptsitz von Sea Trek, hat uns dazu begl\u00fcckw\u00fcnscht, dass wir es als erste gewagt haben, diese Erfahrung zu machen, und uns den Preis f\u00fcr den besten Veranstalter der Welt 2016 verliehen. Wir sind bereit, Ihre Tr\u00e4ume wahr werden zu lassen. .<\/p>\n<p>&nbsp;<\/p>\n<p>[\/et_pb_text][\/et_pb_column][et_pb_column type=&#8220;1_2&#8243; _builder_version=&#8220;4.16&#8243; custom_padding=&#8220;|||&#8220; global_colors_info=&#8220;{}&#8220; custom_padding__hover=&#8220;|||&#8220;][et_pb_image src=&#8220;https:\/\/nativediving.com\/wp-content\/uploads\/2022\/11\/16426208_1401823169890266_656364064532855385_n-300&#215;300.png&#8220; _builder_version=&#8220;4.19.1&#8243; _module_preset=&#8220;default&#8220; global_colors_info=&#8220;{}&#8220;][\/et_pb_image][\/et_pb_column][\/et_pb_row][et_pb_row column_structure=&#8220;1_2,1_2&#8243; _builder_version=&#8220;4.19.1&#8243; _module_preset=&#8220;default&#8220; global_colors_info=&#8220;{}&#8220;][et_pb_column type=&#8220;1_2&#8243; _builder_version=&#8220;4.19.1&#8243; _module_preset=&#8220;default&#8220; global_colors_info=&#8220;{}&#8220;][et_pb_text _builder_version=&#8220;4.19.1&#8243; _module_preset=&#8220;default&#8220; global_colors_info=&#8220;{}&#8220;]Wir bekamen Besuch von Josu (Pa\u00eds Vasco), Nathan und Nic (England), Menschen mit eingeschr\u00e4nkter Mobilit\u00e4t. Nachdem wir uns ihre Geschichten angeh\u00f6rt hatten, f\u00fchlten wir uns verpflichtet, sie unter Wasser zu bringen, und dank unserer Rettungsschwimmerkollegen, die uns einen f\u00fcr das Wasser geeigneten Stuhl liehen, konnten wir ihre Tr\u00e4ume wahr werden lassen. Dies sind einige der Bilder, die sie erlebt haben.[\/et_pb_text][\/et_pb_column][et_pb_column type=&#8220;1_2&#8243; _builder_version=&#8220;4.19.1&#8243; _module_preset=&#8220;default&#8220; global_colors_info=&#8220;{}&#8220;][et_pb_video src=&#8220;https:\/\/youtu.be\/yC9yMW4Ui1M&#8220; _builder_version=&#8220;4.19.1&#8243; _module_preset=&#8220;default&#8220; global_colors_info=&#8220;{}&#8220;][\/et_pb_video][\/et_pb_column][\/et_pb_row][et_pb_row column_structure=&#8220;1_2,1_2&#8243; _builder_version=&#8220;4.19.1&#8243; _module_preset=&#8220;default&#8220; global_colors_info=&#8220;{}&#8220;][et_pb_column type=&#8220;1_2&#8243; _builder_version=&#8220;4.19.1&#8243; _module_preset=&#8220;default&#8220; global_colors_info=&#8220;{}&#8220;][et_pb_text _builder_version=&#8220;4.19.1&#8243; _module_preset=&#8220;default&#8220; global_colors_info=&#8220;{}&#8220;]<\/p>\n<p><strong>Wer kann Adapted Sea Trek machen?<\/strong><\/p>\n<p>Jeder kann Sea Trek machen, aber Sie m\u00fcssen uns vor der Buchung konsultieren.<\/p>\n<p><strong>Ausnahmen:<\/strong><\/p>\n<p>Wenn Ihr Arzt nein sagt.<\/p>\n<p>Wenn Sie nicht in der Lage sind, den Anweisungen der Ausbilder zu folgen.<\/p>\n<p>Maximales Gewicht der Person 150kg.<\/p>\n<p>[\/et_pb_text][\/et_pb_column][et_pb_column type=&#8220;1_2&#8243; _builder_version=&#8220;4.19.1&#8243; _module_preset=&#8220;default&#8220; global_colors_info=&#8220;{}&#8220;][et_pb_video src=&#8220;https:\/\/youtu.be\/jgL0P5n7v2c&#8220; _builder_version=&#8220;4.19.1&#8243; _module_preset=&#8220;default&#8220; global_colors_info=&#8220;{}&#8220;][\/et_pb_video][\/et_pb_column][\/et_pb_row][et_pb_row column_structure=&#8220;1_2,1_2&#8243; _builder_version=&#8220;4.19.1&#8243; _module_preset=&#8220;default&#8220; global_colors_info=&#8220;{}&#8220;][et_pb_column type=&#8220;1_2&#8243; _builder_version=&#8220;4.19.1&#8243; _module_preset=&#8220;default&#8220; global_colors_info=&#8220;{}&#8220;][et_pb_text _builder_version=&#8220;4.19.1&#8243; _module_preset=&#8220;default&#8220; global_colors_info=&#8220;{}&#8220;]Der Strand von Jablillo bietet uns die n\u00f6tige Sicherheit, um Sea Trek, Tauchen oder Schnorcheln auf sichere Weise zu praktizieren. Das Wasser ist kristallklar, der Sand ist golden und es gibt eine gro\u00dfe Vielfalt an Meereslebewesen.[\/et_pb_text][\/et_pb_column][et_pb_column type=&#8220;1_2&#8243; _builder_version=&#8220;4.19.1&#8243; _module_preset=&#8220;default&#8220; global_colors_info=&#8220;{}&#8220;][et_pb_video src=&#8220;https:\/\/youtu.be\/sF1uha-Iut0&#8243; _builder_version=&#8220;4.19.1&#8243; _module_preset=&#8220;default&#8220; global_colors_info=&#8220;{}&#8220;][\/et_pb_video][\/et_pb_column][\/et_pb_row][et_pb_row _builder_version=&#8220;4.21.0&#8243; hover_enabled=&#8220;0&#8243; global_colors_info=&#8220;{}&#8220; module_id=&#8220;calendario-reserva&#8220; sticky_enabled=&#8220;0&#8243;][et_pb_column type=&#8220;4_4&#8243; _builder_version=&#8220;4.16&#8243; custom_padding=&#8220;|||&#8220; global_colors_info=&#8220;{}&#8220; custom_padding__hover=&#8220;|||&#8220;][et_pb_code _builder_version=&#8220;4.16&#8243; global_colors_info=&#8220;{}&#8220;]<!-- FareHarbor calendar of item #121757 --><!-- [et_pb_line_break_holder] --><script src=\"https:\/\/fareharbor.com\/embeds\/script\/calendar\/nativediving\/items\/121757\/?fallback=simple&#038;full-items=yes&#038;flow=125433\"><\/script>[\/et_pb_code][\/et_pb_column][\/et_pb_row][\/et_pb_section][et_pb_section fb_built=&#8220;1&#8243; _builder_version=&#8220;4.16&#8243; global_colors_info=&#8220;{}&#8220;][et_pb_row use_custom_gutter=&#8220;on&#8220; gutter_width=&#8220;1&#8243; module_class=&#8220; et_pb_row_fullwidth&#8220; _builder_version=&#8220;4.16&#8243; width=&#8220;100%&#8220; width_tablet=&#8220;100%&#8220; width_phone=&#8220;&#8220; width_last_edited=&#8220;on|desktop&#8220; max_width=&#8220;100%&#8220; max_width_tablet=&#8220;100%&#8220; max_width_phone=&#8220;&#8220; max_width_last_edited=&#8220;on|desktop&#8220; make_fullwidth=&#8220;on&#8220; global_colors_info=&#8220;{}&#8220;][et_pb_column type=&#8220;4_4&#8243; _builder_version=&#8220;4.16&#8243; custom_padding=&#8220;|||&#8220; global_colors_info=&#8220;{}&#8220; custom_padding__hover=&#8220;|||&#8220;][et_pb_gallery gallery_ids=&#8220;7215,7144,7137,7143,7142,7141,7140,7139,7138,7136,7132,7135,7133,7130,7134,7131&#8243; posts_number=&#8220;16&#8243; show_title_and_caption=&#8220;off&#8220; show_pagination=&#8220;off&#8220; _builder_version=&#8220;4.16&#8243; max_width=&#8220;90%&#8220; module_alignment=&#8220;center&#8220; global_colors_info=&#8220;{}&#8220;][\/et_pb_gallery][\/et_pb_column][\/et_pb_row][\/et_pb_section][et_pb_section fb_built=&#8220;1&#8243; _builder_version=&#8220;4.16&#8243; global_colors_info=&#8220;{}&#8220;][et_pb_row _builder_version=&#8220;4.16&#8243; global_colors_info=&#8220;{}&#8220;][et_pb_column type=&#8220;4_4&#8243; _builder_version=&#8220;4.16&#8243; custom_padding=&#8220;|||&#8220; global_colors_info=&#8220;{}&#8220; custom_padding__hover=&#8220;|||&#8220;][et_pb_pricing_tables _builder_version=&#8220;4.16&#8243; body_font=&#8220;||||||||&#8220; body_text_align=&#8220;center&#8220; center_list_items=&#8220;on&#8220; global_colors_info=&#8220;{}&#8220; button_text_size__hover_enabled=&#8220;off&#8220; button_one_text_size__hover_enabled=&#8220;off&#8220; button_two_text_size__hover_enabled=&#8220;off&#8220; button_text_color__hover_enabled=&#8220;off&#8220; button_one_text_color__hover_enabled=&#8220;off&#8220; button_two_text_color__hover_enabled=&#8220;off&#8220; button_border_width__hover_enabled=&#8220;off&#8220; button_one_border_width__hover_enabled=&#8220;off&#8220; button_two_border_width__hover_enabled=&#8220;off&#8220; button_border_color__hover_enabled=&#8220;off&#8220; button_one_border_color__hover_enabled=&#8220;off&#8220; button_two_border_color__hover_enabled=&#8220;off&#8220; button_border_radius__hover_enabled=&#8220;off&#8220; button_one_border_radius__hover_enabled=&#8220;off&#8220; button_two_border_radius__hover_enabled=&#8220;off&#8220; button_letter_spacing__hover_enabled=&#8220;off&#8220; button_one_letter_spacing__hover_enabled=&#8220;off&#8220; button_two_letter_spacing__hover_enabled=&#8220;off&#8220; button_bg_color__hover_enabled=&#8220;off&#8220; button_one_bg_color__hover_enabled=&#8220;off&#8220; button_two_bg_color__hover_enabled=&#8220;off&#8220;][et_pb_pricing_table featured=&#8220;on&#8220; title=&#8220;Sea Trek f\u00fcr Menschen mit eingeschr\u00e4nkter Mobilit\u00e4t angepasst&#8220; subtitle=&#8220; Unterwasseraktivit\u00e4t&#8220; sum=&#8220;180\u20ac&#8220; _builder_version=&#8220;4.16&#8243; body_font=&#8220;||||||||&#8220; body_font_size=&#8220;20px&#8220; global_colors_info=&#8220;{}&#8220; button_text_size__hover_enabled=&#8220;off&#8220; button_one_text_size__hover_enabled=&#8220;off&#8220; button_two_text_size__hover_enabled=&#8220;off&#8220; button_text_color__hover_enabled=&#8220;off&#8220; button_one_text_color__hover_enabled=&#8220;off&#8220; button_two_text_color__hover_enabled=&#8220;off&#8220; button_border_width__hover_enabled=&#8220;off&#8220; button_one_border_width__hover_enabled=&#8220;off&#8220; button_two_border_width__hover_enabled=&#8220;off&#8220; button_border_color__hover_enabled=&#8220;off&#8220; button_one_border_color__hover_enabled=&#8220;off&#8220; button_two_border_color__hover_enabled=&#8220;off&#8220; button_border_radius__hover_enabled=&#8220;off&#8220; button_one_border_radius__hover_enabled=&#8220;off&#8220; button_two_border_radius__hover_enabled=&#8220;off&#8220; button_letter_spacing__hover_enabled=&#8220;off&#8220; button_one_letter_spacing__hover_enabled=&#8220;off&#8220; button_two_letter_spacing__hover_enabled=&#8220;off&#8220; button_bg_color__hover_enabled=&#8220;off&#8220; button_one_bg_color__hover_enabled=&#8220;off&#8220; button_two_bg_color__hover_enabled=&#8220;off&#8220; sticky_transition=&#8220;on&#8220;]Mindestalter 8 Jahre<br \/>\nDauer 30 Minuten<br \/>\nMaximale Tiefe 4 Meter<br \/>\n3 Instruktoren pro Person<br \/>\n Angepasste Stuhl Native Diving.<br \/>\n Wir machen keine Pickups mit St\u00fchlen.<br \/>\n \u00dcberpr\u00fcfen Sie die Verf\u00fcgbarkeit.<\/p>\n<p>Diese Aktivit\u00e4t muss im Voraus gebucht werden.<\/p>\n<p><a href=\"https:\/\/fareharbor.com\/embeds\/book\/nativediving\/items\/121757\/?full-items=yes&#038;flow=125433\" class=\"fh-button-2d-lightblue fh-icon--check-square fh-shape--default fh-size--default\">Jetzt Buchen<\/a>[\/et_pb_pricing_table][\/et_pb_pricing_tables][\/et_pb_column][\/et_pb_row][\/et_pb_section][et_pb_section fb_built=&#8220;1&#8243; _builder_version=&#8220;4.16&#8243; global_colors_info=&#8220;{}&#8220;][et_pb_row column_structure=&#8220;1_6,1_6,1_6,1_6,1_6,1_6&#8243; _builder_version=&#8220;4.16&#8243; global_colors_info=&#8220;{}&#8220;][et_pb_column type=&#8220;1_6&#8243; _builder_version=&#8220;4.16&#8243; custom_padding=&#8220;|||&#8220; global_colors_info=&#8220;{}&#8220; custom_padding__hover=&#8220;|||&#8220;][et_pb_image src=&#8220;https:\/\/nativediving.com\/wp-content\/uploads\/2016\/06\/sea-trek-lanzarote.jpg&#8220; align_tablet=&#8220;center&#8220; align_phone=&#8220;&#8220; align_last_edited=&#8220;on|desktop&#8220; _builder_version=&#8220;4.16&#8243; animation_style=&#8220;slide&#8220; animation_direction=&#8220;bottom&#8220; animation_duration=&#8220;500ms&#8220; animation_intensity_slide=&#8220;10%&#8220; animation=&#8220;bottom&#8220; global_colors_info=&#8220;{}&#8220;][\/et_pb_image][\/et_pb_column][et_pb_column type=&#8220;1_6&#8243; _builder_version=&#8220;4.16&#8243; custom_padding=&#8220;|||&#8220; global_colors_info=&#8220;{}&#8220; custom_padding__hover=&#8220;|||&#8220;][et_pb_image src=&#8220;https:\/\/nativediving.com\/wp-content\/uploads\/2017\/08\/sub-sea-systems-logo.jpg&#8220; align=&#8220;center&#8220; align_tablet=&#8220;center&#8220; align_phone=&#8220;&#8220; align_last_edited=&#8220;on|desktop&#8220; _builder_version=&#8220;4.16&#8243; animation_style=&#8220;slide&#8220; animation_direction=&#8220;bottom&#8220; animation_duration=&#8220;500ms&#8220; animation_intensity_slide=&#8220;10%&#8220; border_width_all=&#8220;0px&#8220; border_color_all=&#8220;#cccccc&#8220; border_style_all=&#8220;solid&#8220; use_border_color=&#8220;on&#8220; border_color=&#8220;#cccccc&#8220; animation=&#8220;bottom&#8220; global_colors_info=&#8220;{}&#8220;][\/et_pb_image][\/et_pb_column][et_pb_column type=&#8220;1_6&#8243; _builder_version=&#8220;4.16&#8243; custom_padding=&#8220;|||&#8220; global_colors_info=&#8220;{}&#8220; custom_padding__hover=&#8220;|||&#8220;][et_pb_image src=&#8220;https:\/\/nativediving.com\/wp-content\/uploads\/2017\/08\/Escudo_NativeDiving_azul.png&#8220; align_tablet=&#8220;center&#8220; align_phone=&#8220;&#8220; align_last_edited=&#8220;on|desktop&#8220; _builder_version=&#8220;4.16&#8243; custom_margin=&#8220;|||&#8220; animation_style=&#8220;slide&#8220; animation_direction=&#8220;bottom&#8220; animation_duration=&#8220;500ms&#8220; animation_intensity_slide=&#8220;10%&#8220; animation=&#8220;bottom&#8220; global_colors_info=&#8220;{}&#8220;][\/et_pb_image][\/et_pb_column][et_pb_column type=&#8220;1_6&#8243; _builder_version=&#8220;4.16&#8243; custom_padding=&#8220;|||&#8220; global_colors_info=&#8220;{}&#8220; custom_padding__hover=&#8220;|||&#8220;][et_pb_image src=&#8220;https:\/\/nativediving.com\/wp-content\/uploads\/2016\/11\/seatrek-wheelchair-icon.png&#8220; align_tablet=&#8220;center&#8220; align_phone=&#8220;&#8220; align_last_edited=&#8220;on|desktop&#8220; _builder_version=&#8220;4.16&#8243; max_width=&#8220;130px&#8220; animation_style=&#8220;slide&#8220; animation_direction=&#8220;bottom&#8220; animation_duration=&#8220;500ms&#8220; animation_intensity_slide=&#8220;10%&#8220; animation=&#8220;bottom&#8220; global_colors_info=&#8220;{}&#8220;][\/et_pb_image][\/et_pb_column][et_pb_column type=&#8220;1_6&#8243; _builder_version=&#8220;4.16&#8243; custom_padding=&#8220;|||&#8220; global_colors_info=&#8220;{}&#8220; custom_padding__hover=&#8220;|||&#8220;][et_pb_image src=&#8220;https:\/\/nativediving.com\/wp-content\/uploads\/2022\/11\/16426208_1401823169890266_656364064532855385_n-300&#215;300.png&#8220; _builder_version=&#8220;4.19.1&#8243; _module_preset=&#8220;default&#8220; global_colors_info=&#8220;{}&#8220;][\/et_pb_image][\/et_pb_column][et_pb_column type=&#8220;1_6&#8243; _builder_version=&#8220;4.16&#8243; custom_padding=&#8220;|||&#8220; global_colors_info=&#8220;{}&#8220; custom_padding__hover=&#8220;|||&#8220;][et_pb_image src=&#8220;https:\/\/nativediving.com\/wp-content\/uploads\/2022\/11\/TrekkerWITHhisName_forWEB-230&#215;300-1-230&#215;300.jpg&#8220; _builder_version=&#8220;4.19.1&#8243; _module_preset=&#8220;default&#8220; global_colors_info=&#8220;{}&#8220;][\/et_pb_image][\/et_pb_column][\/et_pb_row][\/et_pb_section][et_pb_section fb_built=&#8220;1&#8243; fullwidth=&#8220;on&#8220; theme_builder_area=&#8220;post_content&#8220; _builder_version=&#8220;4.21.0&#8243; _module_preset=&#8220;default&#8220;][et_pb_fullwidth_code _builder_version=&#8220;4.21.0&#8243; _module_preset=&#8220;default&#8220; theme_builder_area=&#8220;post_content&#8220; hover_enabled=&#8220;0&#8243; sticky_enabled=&#8220;0&#8243;]<a class=\"btn-calendario\" href=\"#calendario-reserva\">Jetzt buchen<\/a>[\/et_pb_fullwidth_code][\/et_pb_section]<\/p>\n","protected":false},"excerpt":{"rendered":"<p>SEA TREK ANGEPASST EINZIGARTIG IN DER WELT !!! VON DER EINHEIMISCHEN TAUCHERGRUPPE ENTWORFEN UND HERGESTELLT, Dies ist eine neue und weltweit einzigartige Unterwasseraktivit\u00e4t. Der angepasste Stuhl, den wir bei Native Diving Lanzarote entwickelt und gebaut haben, ist f\u00fcr alle Personen mit eingeschr\u00e4nkter Mobilit\u00e4t geeignet, die davon tr\u00e4umen, 30 Minuten lang mit den Meeresbewohnern am Strand [&hellip;]<\/p>\n","protected":false},"author":4,"featured_media":207051,"parent":0,"menu_order":0,"comment_status":"closed","ping_status":"closed","template":"","meta":{"_et_pb_use_builder":"on","_et_pb_old_content":"","_et_gb_content_width":"","footnotes":""},"yoast_head":"<!-- This site is optimized with the Yoast SEO plugin v22.2 - https:\/\/yoast.com\/wordpress\/plugins\/seo\/ -->\n<title>Sea Trek angepasst - Native Diving<\/title>\n<meta name=\"robots\" content=\"index, follow, max-snippet:-1, max-image-preview:large, max-video-preview:-1\" \/>\n<link rel=\"canonical\" href=\"https:\/\/nativediving.com\/de\/sea-trek-angepasst\/\" \/>\n<meta property=\"og:locale\" content=\"de_DE\" \/>\n<meta property=\"og:type\" content=\"article\" \/>\n<meta property=\"og:title\" content=\"Sea Trek angepasst - Native Diving\" \/>\n<meta property=\"og:description\" content=\"SEA TREK ANGEPASST EINZIGARTIG IN DER WELT !!! VON DER EINHEIMISCHEN TAUCHERGRUPPE ENTWORFEN UND HERGESTELLT, Dies ist eine neue und weltweit einzigartige Unterwasseraktivit\u00e4t. Der angepasste Stuhl, den wir bei Native Diving Lanzarote entwickelt und gebaut haben, ist f\u00fcr alle Personen mit eingeschr\u00e4nkter Mobilit\u00e4t geeignet, die davon tr\u00e4umen, 30 Minuten lang mit den Meeresbewohnern am Strand [&hellip;]\" \/>\n<meta property=\"og:url\" content=\"https:\/\/nativediving.com\/de\/sea-trek-angepasst\/\" \/>\n<meta property=\"og:site_name\" content=\"Native Diving\" \/>\n<meta property=\"article:publisher\" content=\"https:\/\/www.facebook.com\/Native.Diving.Lanzarote\" \/>\n<meta property=\"article:modified_time\" content=\"2024-12-02T16:54:52+00:00\" \/>\n<meta property=\"og:image\" content=\"https:\/\/nativediving.com\/wp-content\/uploads\/2016\/12\/sea-trek-for-handicaped-persons-16.jpg\" \/>\n\t<meta property=\"og:image:width\" content=\"1000\" \/>\n\t<meta property=\"og:image:height\" content=\"750\" \/>\n\t<meta property=\"og:image:type\" content=\"image\/jpeg\" \/>\n<meta name=\"twitter:label1\" content=\"Gesch\u00e4tzte Lesezeit\" \/>\n\t<meta name=\"twitter:data1\" content=\"7 Minuten\" \/>\n<script type=\"application\/ld+json\" class=\"yoast-schema-graph\">{\"@context\":\"https:\/\/schema.org\",\"@graph\":[{\"@type\":\"WebPage\",\"@id\":\"https:\/\/nativediving.com\/de\/sea-trek-angepasst\/\",\"url\":\"https:\/\/nativediving.com\/de\/sea-trek-angepasst\/\",\"name\":\"Sea Trek angepasst - Native Diving\",\"isPartOf\":{\"@id\":\"https:\/\/nativediving.com\/#website\"},\"primaryImageOfPage\":{\"@id\":\"https:\/\/nativediving.com\/de\/sea-trek-angepasst\/#primaryimage\"},\"image\":{\"@id\":\"https:\/\/nativediving.com\/de\/sea-trek-angepasst\/#primaryimage\"},\"thumbnailUrl\":\"https:\/\/nativediving.com\/wp-content\/uploads\/2016\/12\/sea-trek-for-handicaped-persons-16.jpg\",\"datePublished\":\"2017-08-25T16:00:38+00:00\",\"dateModified\":\"2024-12-02T16:54:52+00:00\",\"breadcrumb\":{\"@id\":\"https:\/\/nativediving.com\/de\/sea-trek-angepasst\/#breadcrumb\"},\"inLanguage\":\"de-DE\",\"potentialAction\":[{\"@type\":\"ReadAction\",\"target\":[\"https:\/\/nativediving.com\/de\/sea-trek-angepasst\/\"]}]},{\"@type\":\"ImageObject\",\"inLanguage\":\"de-DE\",\"@id\":\"https:\/\/nativediving.com\/de\/sea-trek-angepasst\/#primaryimage\",\"url\":\"https:\/\/nativediving.com\/wp-content\/uploads\/2016\/12\/sea-trek-for-handicaped-persons-16.jpg\",\"contentUrl\":\"https:\/\/nativediving.com\/wp-content\/uploads\/2016\/12\/sea-trek-for-handicaped-persons-16.jpg\",\"width\":1000,\"height\":750},{\"@type\":\"BreadcrumbList\",\"@id\":\"https:\/\/nativediving.com\/de\/sea-trek-angepasst\/#breadcrumb\",\"itemListElement\":[{\"@type\":\"ListItem\",\"position\":1,\"name\":\"Escuela de buceo\",\"item\":\"https:\/\/nativediving.com\/de\/\"},{\"@type\":\"ListItem\",\"position\":2,\"name\":\"Sea Trek angepasst\"}]},{\"@type\":\"WebSite\",\"@id\":\"https:\/\/nativediving.com\/#website\",\"url\":\"https:\/\/nativediving.com\/\",\"name\":\"Native Diving\",\"description\":\"Centro de buceo SSI y PADI en Lanzarote\",\"publisher\":{\"@id\":\"https:\/\/nativediving.com\/#organization\"},\"potentialAction\":[{\"@type\":\"SearchAction\",\"target\":{\"@type\":\"EntryPoint\",\"urlTemplate\":\"https:\/\/nativediving.com\/?s={search_term_string}\"},\"query-input\":\"required name=search_term_string\"}],\"inLanguage\":\"de-DE\"},{\"@type\":\"Organization\",\"@id\":\"https:\/\/nativediving.com\/#organization\",\"name\":\"Native Diving Lanzarote\",\"url\":\"https:\/\/nativediving.com\/\",\"logo\":{\"@type\":\"ImageObject\",\"inLanguage\":\"de-DE\",\"@id\":\"https:\/\/nativediving.com\/#\/schema\/logo\/image\/\",\"url\":\"https:\/\/nativediving.com\/wp-content\/uploads\/2017\/11\/Escudo_NativeDiving_Azul.png\",\"contentUrl\":\"https:\/\/nativediving.com\/wp-content\/uploads\/2017\/11\/Escudo_NativeDiving_Azul.png\",\"width\":3295,\"height\":2480,\"caption\":\"Native Diving Lanzarote\"},\"image\":{\"@id\":\"https:\/\/nativediving.com\/#\/schema\/logo\/image\/\"},\"sameAs\":[\"https:\/\/www.facebook.com\/Native.Diving.Lanzarote\",\"https:\/\/twitter.com\/nativedivingLZ\",\"https:\/\/www.youtube.com\/c\/NativeDivingLanzaroteBuceo\"]}]}<\/script>\n<!-- \/ Yoast SEO plugin. -->","yoast_head_json":{"title":"Sea Trek angepasst - Native Diving","robots":{"index":"index","follow":"follow","max-snippet":"max-snippet:-1","max-image-preview":"max-image-preview:large","max-video-preview":"max-video-preview:-1"},"canonical":"https:\/\/nativediving.com\/de\/sea-trek-angepasst\/","og_locale":"de_DE","og_type":"article","og_title":"Sea Trek angepasst - Native Diving","og_description":"SEA TREK ANGEPASST EINZIGARTIG IN DER WELT !!! VON DER EINHEIMISCHEN TAUCHERGRUPPE ENTWORFEN UND HERGESTELLT, Dies ist eine neue und weltweit einzigartige Unterwasseraktivit\u00e4t. Der angepasste Stuhl, den wir bei Native Diving Lanzarote entwickelt und gebaut haben, ist f\u00fcr alle Personen mit eingeschr\u00e4nkter Mobilit\u00e4t geeignet, die davon tr\u00e4umen, 30 Minuten lang mit den Meeresbewohnern am Strand [&hellip;]","og_url":"https:\/\/nativediving.com\/de\/sea-trek-angepasst\/","og_site_name":"Native Diving","article_publisher":"https:\/\/www.facebook.com\/Native.Diving.Lanzarote","article_modified_time":"2024-12-02T16:54:52+00:00","og_image":[{"width":1000,"height":750,"url":"https:\/\/nativediving.com\/wp-content\/uploads\/2016\/12\/sea-trek-for-handicaped-persons-16.jpg","type":"image\/jpeg"}],"twitter_misc":{"Gesch\u00e4tzte Lesezeit":"7 Minuten"},"schema":{"@context":"https:\/\/schema.org","@graph":[{"@type":"WebPage","@id":"https:\/\/nativediving.com\/de\/sea-trek-angepasst\/","url":"https:\/\/nativediving.com\/de\/sea-trek-angepasst\/","name":"Sea Trek angepasst - Native Diving","isPartOf":{"@id":"https:\/\/nativediving.com\/#website"},"primaryImageOfPage":{"@id":"https:\/\/nativediving.com\/de\/sea-trek-angepasst\/#primaryimage"},"image":{"@id":"https:\/\/nativediving.com\/de\/sea-trek-angepasst\/#primaryimage"},"thumbnailUrl":"https:\/\/nativediving.com\/wp-content\/uploads\/2016\/12\/sea-trek-for-handicaped-persons-16.jpg","datePublished":"2017-08-25T16:00:38+00:00","dateModified":"2024-12-02T16:54:52+00:00","breadcrumb":{"@id":"https:\/\/nativediving.com\/de\/sea-trek-angepasst\/#breadcrumb"},"inLanguage":"de-DE","potentialAction":[{"@type":"ReadAction","target":["https:\/\/nativediving.com\/de\/sea-trek-angepasst\/"]}]},{"@type":"ImageObject","inLanguage":"de-DE","@id":"https:\/\/nativediving.com\/de\/sea-trek-angepasst\/#primaryimage","url":"https:\/\/nativediving.com\/wp-content\/uploads\/2016\/12\/sea-trek-for-handicaped-persons-16.jpg","contentUrl":"https:\/\/nativediving.com\/wp-content\/uploads\/2016\/12\/sea-trek-for-handicaped-persons-16.jpg","width":1000,"height":750},{"@type":"BreadcrumbList","@id":"https:\/\/nativediving.com\/de\/sea-trek-angepasst\/#breadcrumb","itemListElement":[{"@type":"ListItem","position":1,"name":"Escuela de buceo","item":"https:\/\/nativediving.com\/de\/"},{"@type":"ListItem","position":2,"name":"Sea Trek angepasst"}]},{"@type":"WebSite","@id":"https:\/\/nativediving.com\/#website","url":"https:\/\/nativediving.com\/","name":"Native Diving","description":"Centro de buceo SSI y PADI en Lanzarote","publisher":{"@id":"https:\/\/nativediving.com\/#organization"},"potentialAction":[{"@type":"SearchAction","target":{"@type":"EntryPoint","urlTemplate":"https:\/\/nativediving.com\/?s={search_term_string}"},"query-input":"required name=search_term_string"}],"inLanguage":"de-DE"},{"@type":"Organization","@id":"https:\/\/nativediving.com\/#organization","name":"Native Diving Lanzarote","url":"https:\/\/nativediving.com\/","logo":{"@type":"ImageObject","inLanguage":"de-DE","@id":"https:\/\/nativediving.com\/#\/schema\/logo\/image\/","url":"https:\/\/nativediving.com\/wp-content\/uploads\/2017\/11\/Escudo_NativeDiving_Azul.png","contentUrl":"https:\/\/nativediving.com\/wp-content\/uploads\/2017\/11\/Escudo_NativeDiving_Azul.png","width":3295,"height":2480,"caption":"Native Diving Lanzarote"},"image":{"@id":"https:\/\/nativediving.com\/#\/schema\/logo\/image\/"},"sameAs":["https:\/\/www.facebook.com\/Native.Diving.Lanzarote","https:\/\/twitter.com\/nativedivingLZ","https:\/\/www.youtube.com\/c\/NativeDivingLanzaroteBuceo"]}]}},"_links":{"self":[{"href":"https:\/\/nativediving.com\/de\/wp-json\/wp\/v2\/pages\/9141"}],"collection":[{"href":"https:\/\/nativediving.com\/de\/wp-json\/wp\/v2\/pages"}],"about":[{"href":"https:\/\/nativediving.com\/de\/wp-json\/wp\/v2\/types\/page"}],"author":[{"embeddable":true,"href":"https:\/\/nativediving.com\/de\/wp-json\/wp\/v2\/users\/4"}],"replies":[{"embeddable":true,"href":"https:\/\/nativediving.com\/de\/wp-json\/wp\/v2\/comments?post=9141"}],"version-history":[{"count":1,"href":"https:\/\/nativediving.com\/de\/wp-json\/wp\/v2\/pages\/9141\/revisions"}],"predecessor-version":[{"id":218328,"href":"https:\/\/nativediving.com\/de\/wp-json\/wp\/v2\/pages\/9141\/revisions\/218328"}],"wp:featuredmedia":[{"embeddable":true,"href":"https:\/\/nativediving.com\/de\/wp-json\/wp\/v2\/media\/207051"}],"wp:attachment":[{"href":"https:\/\/nativediving.com\/de\/wp-json\/wp\/v2\/media?parent=9141"}],"curies":[{"name":"wp","href":"https:\/\/api.w.org\/{rel}","templated":true}]}}