{"id":6597,"date":"2016-09-29T16:53:20","date_gmt":"2016-09-29T16:53:20","guid":{"rendered":"http:\/\/new.nativediving.com\/home\/glass-bottom-snorkel\/"},"modified":"2022-11-29T16:40:28","modified_gmt":"2022-11-29T16:40:28","slug":"glass-bottom-snorkel","status":"publish","type":"page","link":"https:\/\/nativediving.com\/de\/glass-bottom-snorkel\/","title":{"rendered":"Glass Bottom Snorkel"},"content":{"rendered":"<p>[et_pb_section fb_built=&#8220;1&#8243; _builder_version=&#8220;4.16&#8243; background_image=&#8220;https:\/\/nativediving.com\/wp-content\/uploads\/2016\/06\/Glass-bottom-snorkel-buceo-lanzarote.jpg&#8220; custom_margin=&#8220;||45px|||&#8220; custom_padding=&#8220;474px|0px|0px|0px||&#8220; global_colors_info=&#8220;{}&#8220;][et_pb_row column_structure=&#8220;1_2,1_2&#8243; _builder_version=&#8220;4.16&#8243; custom_padding=&#8220;0px|||||&#8220; global_colors_info=&#8220;{}&#8220;][et_pb_column type=&#8220;1_2&#8243; _builder_version=&#8220;4.16&#8243; custom_padding=&#8220;|||&#8220; global_colors_info=&#8220;{}&#8220; custom_padding__hover=&#8220;|||&#8220;][et_pb_text _builder_version=&#8220;4.16&#8243; text_font=&#8220;|on|||&#8220; text_font_size=&#8220;55px&#8220; text_letter_spacing=&#8220;17px&#8220; text_line_height=&#8220;2em&#8220; header_font=&#8220;||||||||&#8220; header_font_size=&#8220;40px&#8220; text_orientation=&#8220;justified&#8220; background_layout=&#8220;dark&#8220; header_font_size_tablet=&#8220;&#8220; header_font_size_phone=&#8220;35px&#8220; header_font_size_last_edited=&#8220;on|tablet&#8220; header_letter_spacing_tablet=&#8220;0px&#8220; header_letter_spacing_phone=&#8220;&#8220; header_letter_spacing_last_edited=&#8220;on|desktop&#8220; global_colors_info=&#8220;{}&#8220;]<\/p>\n<h1>GLASS BOTTOM SNORKEL<\/h1>\n<p>[\/et_pb_text][\/et_pb_column][et_pb_column type=&#8220;1_2&#8243; _builder_version=&#8220;4.16&#8243; custom_padding=&#8220;|||&#8220; global_colors_info=&#8220;{}&#8220; custom_padding__hover=&#8220;|||&#8220;][\/et_pb_column][\/et_pb_row][\/et_pb_section][et_pb_section fb_built=&#8220;1&#8243; _builder_version=&#8220;4.16&#8243; custom_padding=&#8220;0px|0px|87px|0px|false|false&#8220; global_colors_info=&#8220;{}&#8220;][et_pb_row _builder_version=&#8220;4.16&#8243; background_size=&#8220;initial&#8220; background_position=&#8220;top_left&#8220; background_repeat=&#8220;repeat&#8220; hover_enabled=&#8220;0&#8243; global_colors_info=&#8220;{}&#8220; sticky_enabled=&#8220;0&#8243;][et_pb_column type=&#8220;4_4&#8243; _builder_version=&#8220;4.16&#8243; custom_padding=&#8220;|||&#8220; global_colors_info=&#8220;{}&#8220; custom_padding__hover=&#8220;|||&#8220;][et_pb_text admin_label=&#8220;Text&#8220; _builder_version=&#8220;4.19.1&#8243; background_size=&#8220;initial&#8220; background_position=&#8220;top_left&#8220; background_repeat=&#8220;repeat&#8220; custom_padding=&#8220;||0px|||&#8220; hover_enabled=&#8220;0&#8243; global_colors_info=&#8220;{}&#8220; text_orientation=&#8220;center&#8220; sticky_enabled=&#8220;0&#8243;]<\/p>\n<p>Der Glasbodenschnorchel ist die einfachste Art zu schnorcheln, da man durch Mund und Nase atmen kann, ohne eine herk\u00f6mmliche Taucherbrille und einen Schnorchel benutzen zu m\u00fcssen. Es handelt sich um ein schwimmendes Flo\u00df mit einer gro\u00dfen Linse, durch die man den Meeresboden sehen kann, ohne den Kopf ins Wasser stecken zu m\u00fcssen.<\/p>\n<p>Das Mindestalter f\u00fcr Kinder betr\u00e4gt 3 Jahre.<\/p>\n<p>Das maximale Kundengewicht betr\u00e4gt 120 kg.<\/p>\n<p>Wir empfehlen, Flossen zu mieten, um sich besser bewegen zu k\u00f6nnen (5 \u20ac pro Tag).<\/p>\n<p>Preis pro Tag (von 09.00 Uhr bis 17.00 Uhr) 10\u20ac.<\/p>\n<p>[\/et_pb_text][\/et_pb_column][\/et_pb_row][et_pb_row column_structure=&#8220;1_3,1_3,1_3&#8243; _builder_version=&#8220;4.16&#8243; global_colors_info=&#8220;{}&#8220;][et_pb_column type=&#8220;1_3&#8243; _builder_version=&#8220;4.16&#8243; custom_padding=&#8220;|||&#8220; global_colors_info=&#8220;{}&#8220; custom_padding__hover=&#8220;|||&#8220;][et_pb_image src=&#8220;https:\/\/nativediving.com\/wp-content\/uploads\/2016\/06\/zayak-buceo-lanzarote.jpg&#8220; show_in_lightbox=&#8220;on&#8220; align_tablet=&#8220;center&#8220; align_phone=&#8220;&#8220; align_last_edited=&#8220;on|desktop&#8220; _builder_version=&#8220;4.16&#8243; animation_style=&#8220;slide&#8220; animation_direction=&#8220;left&#8220; animation_duration=&#8220;500ms&#8220; animation_intensity_slide=&#8220;10%&#8220; global_colors_info=&#8220;{}&#8220;][\/et_pb_image][\/et_pb_column][et_pb_column type=&#8220;1_3&#8243; _builder_version=&#8220;4.16&#8243; custom_padding=&#8220;|||&#8220; global_colors_info=&#8220;{}&#8220; custom_padding__hover=&#8220;|||&#8220;][et_pb_image src=&#8220;https:\/\/nativediving.com\/wp-content\/uploads\/2016\/06\/Glass-bottom-snorkel-Zayak-buceo-lanzarote.jpg&#8220; show_in_lightbox=&#8220;on&#8220; align_tablet=&#8220;center&#8220; align_phone=&#8220;&#8220; align_last_edited=&#8220;on|desktop&#8220; _builder_version=&#8220;4.16&#8243; animation_style=&#8220;slide&#8220; animation_direction=&#8220;left&#8220; animation_duration=&#8220;500ms&#8220; animation_intensity_slide=&#8220;10%&#8220; global_colors_info=&#8220;{}&#8220;][\/et_pb_image][\/et_pb_column][et_pb_column type=&#8220;1_3&#8243; _builder_version=&#8220;4.16&#8243; custom_padding=&#8220;|||&#8220; global_colors_info=&#8220;{}&#8220; custom_padding__hover=&#8220;|||&#8220;][et_pb_image src=&#8220;https:\/\/nativediving.com\/wp-content\/uploads\/2016\/06\/zayak-glass-bottom-snorkel-buceo-lanzarote.jpg&#8220; show_in_lightbox=&#8220;on&#8220; align_tablet=&#8220;center&#8220; align_phone=&#8220;&#8220; align_last_edited=&#8220;on|desktop&#8220; _builder_version=&#8220;4.16&#8243; animation_style=&#8220;slide&#8220; animation_direction=&#8220;left&#8220; animation_duration=&#8220;500ms&#8220; animation_intensity_slide=&#8220;10%&#8220; global_colors_info=&#8220;{}&#8220;][\/et_pb_image][\/et_pb_column][\/et_pb_row][et_pb_row column_structure=&#8220;1_3,1_3,1_3&#8243; _builder_version=&#8220;4.19.0&#8243; _module_preset=&#8220;default&#8220; global_colors_info=&#8220;{}&#8220;][et_pb_column type=&#8220;1_3&#8243; _builder_version=&#8220;4.19.0&#8243; _module_preset=&#8220;default&#8220; global_colors_info=&#8220;{}&#8220;][et_pb_gallery gallery_ids=&#8220;216138&#8243; _builder_version=&#8220;4.19.0&#8243; _module_preset=&#8220;default&#8220; global_colors_info=&#8220;{}&#8220;][\/et_pb_gallery][\/et_pb_column][et_pb_column type=&#8220;1_3&#8243; _builder_version=&#8220;4.19.0&#8243; _module_preset=&#8220;default&#8220; global_colors_info=&#8220;{}&#8220;][et_pb_image src=&#8220;https:\/\/nativediving.com\/wp-content\/uploads\/2022\/11\/Zayak-Glass-Bottom-Snorkel-4.jpg&#8220; _builder_version=&#8220;4.19.0&#8243; _module_preset=&#8220;default&#8220; global_colors_info=&#8220;{}&#8220;][\/et_pb_image][\/et_pb_column][et_pb_column type=&#8220;1_3&#8243; _builder_version=&#8220;4.19.0&#8243; _module_preset=&#8220;default&#8220; global_colors_info=&#8220;{}&#8220;][et_pb_image src=&#8220;https:\/\/nativediving.com\/wp-content\/uploads\/2022\/11\/Zayak-Glass-Bottom-Snorkel-1.jpg&#8220; _builder_version=&#8220;4.19.0&#8243; _module_preset=&#8220;default&#8220; global_colors_info=&#8220;{}&#8220;][\/et_pb_image][\/et_pb_column][\/et_pb_row][\/et_pb_section][et_pb_section fb_built=&#8220;1&#8243; theme_builder_area=&#8220;post_content&#8220; _builder_version=&#8220;4.19.1&#8243; _module_preset=&#8220;default&#8220;][et_pb_row _builder_version=&#8220;4.19.1&#8243; _module_preset=&#8220;default&#8220; column_structure=&#8220;1_2,1_2&#8243; theme_builder_area=&#8220;post_content&#8220;][et_pb_column _builder_version=&#8220;4.19.1&#8243; _module_preset=&#8220;default&#8220; type=&#8220;1_2&#8243; theme_builder_area=&#8220;post_content&#8220;][et_pb_video src=&#8220;https:\/\/youtu.be\/h5Y3Igkis9s&#8220; _builder_version=&#8220;4.19.0&#8243; _module_preset=&#8220;default&#8220; global_colors_info=&#8220;{}&#8220; theme_builder_area=&#8220;post_content&#8220;][\/et_pb_video][\/et_pb_column][et_pb_column _builder_version=&#8220;4.19.1&#8243; _module_preset=&#8220;default&#8220; type=&#8220;1_2&#8243; theme_builder_area=&#8220;post_content&#8220;][et_pb_video src=&#8220;https:\/\/youtu.be\/ZQufwVSKVRU&#8220; _builder_version=&#8220;4.16&#8243; global_colors_info=&#8220;{}&#8220; theme_builder_area=&#8220;post_content&#8220;][\/et_pb_video][\/et_pb_column][\/et_pb_row][\/et_pb_section]<\/p>\n","protected":false},"excerpt":{"rendered":"<p>GLASS BOTTOM SNORKELDer Glasbodenschnorchel ist die einfachste Art zu schnorcheln, da man durch Mund und Nase atmen kann, ohne eine herk\u00f6mmliche Taucherbrille und einen Schnorchel benutzen zu m\u00fcssen. Es handelt sich um ein schwimmendes Flo\u00df mit einer gro\u00dfen Linse, durch die man den Meeresboden sehen kann, ohne den Kopf ins Wasser stecken zu m\u00fcssen. Das [&hellip;]<\/p>\n","protected":false},"author":4,"featured_media":0,"parent":0,"menu_order":0,"comment_status":"closed","ping_status":"closed","template":"","meta":{"_et_pb_use_builder":"on","_et_pb_old_content":"","_et_gb_content_width":"","footnotes":""},"yoast_head":"<!-- This site is optimized with the Yoast SEO plugin v22.2 - https:\/\/yoast.com\/wordpress\/plugins\/seo\/ -->\n<title>Glass bottom snorkel | Native Diving<\/title>\n<meta name=\"robots\" content=\"index, follow, max-snippet:-1, max-image-preview:large, max-video-preview:-1\" \/>\n<link rel=\"canonical\" href=\"https:\/\/nativediving.com\/de\/glass-bottom-snorkel\/\" \/>\n<meta property=\"og:locale\" content=\"de_DE\" \/>\n<meta property=\"og:type\" content=\"article\" \/>\n<meta property=\"og:title\" content=\"Glass bottom snorkel | Native Diving\" \/>\n<meta property=\"og:description\" content=\"GLASS BOTTOM SNORKELDer Glasbodenschnorchel ist die einfachste Art zu schnorcheln, da man durch Mund und Nase atmen kann, ohne eine herk\u00f6mmliche Taucherbrille und einen Schnorchel benutzen zu m\u00fcssen. Es handelt sich um ein schwimmendes Flo\u00df mit einer gro\u00dfen Linse, durch die man den Meeresboden sehen kann, ohne den Kopf ins Wasser stecken zu m\u00fcssen. Das [&hellip;]\" \/>\n<meta property=\"og:url\" content=\"https:\/\/nativediving.com\/de\/glass-bottom-snorkel\/\" \/>\n<meta property=\"og:site_name\" content=\"Native Diving\" \/>\n<meta property=\"article:publisher\" content=\"https:\/\/www.facebook.com\/Native.Diving.Lanzarote\" \/>\n<meta property=\"article:modified_time\" content=\"2022-11-29T16:40:28+00:00\" \/>\n<meta name=\"twitter:label1\" content=\"Gesch\u00e4tzte Lesezeit\" \/>\n\t<meta name=\"twitter:data1\" content=\"2 Minuten\" \/>\n<script type=\"application\/ld+json\" class=\"yoast-schema-graph\">{\"@context\":\"https:\/\/schema.org\",\"@graph\":[{\"@type\":\"WebPage\",\"@id\":\"https:\/\/nativediving.com\/de\/glass-bottom-snorkel\/\",\"url\":\"https:\/\/nativediving.com\/de\/glass-bottom-snorkel\/\",\"name\":\"Glass bottom snorkel | Native Diving\",\"isPartOf\":{\"@id\":\"https:\/\/nativediving.com\/#website\"},\"datePublished\":\"2016-09-29T16:53:20+00:00\",\"dateModified\":\"2022-11-29T16:40:28+00:00\",\"breadcrumb\":{\"@id\":\"https:\/\/nativediving.com\/de\/glass-bottom-snorkel\/#breadcrumb\"},\"inLanguage\":\"de-DE\",\"potentialAction\":[{\"@type\":\"ReadAction\",\"target\":[\"https:\/\/nativediving.com\/de\/glass-bottom-snorkel\/\"]}]},{\"@type\":\"BreadcrumbList\",\"@id\":\"https:\/\/nativediving.com\/de\/glass-bottom-snorkel\/#breadcrumb\",\"itemListElement\":[{\"@type\":\"ListItem\",\"position\":1,\"name\":\"Escuela de buceo\",\"item\":\"https:\/\/nativediving.com\/de\/\"},{\"@type\":\"ListItem\",\"position\":2,\"name\":\"Glass Bottom Snorkel\"}]},{\"@type\":\"WebSite\",\"@id\":\"https:\/\/nativediving.com\/#website\",\"url\":\"https:\/\/nativediving.com\/\",\"name\":\"Native Diving\",\"description\":\"Centro de buceo SSI y PADI en Lanzarote\",\"publisher\":{\"@id\":\"https:\/\/nativediving.com\/#organization\"},\"potentialAction\":[{\"@type\":\"SearchAction\",\"target\":{\"@type\":\"EntryPoint\",\"urlTemplate\":\"https:\/\/nativediving.com\/?s={search_term_string}\"},\"query-input\":\"required name=search_term_string\"}],\"inLanguage\":\"de-DE\"},{\"@type\":\"Organization\",\"@id\":\"https:\/\/nativediving.com\/#organization\",\"name\":\"Native Diving Lanzarote\",\"url\":\"https:\/\/nativediving.com\/\",\"logo\":{\"@type\":\"ImageObject\",\"inLanguage\":\"de-DE\",\"@id\":\"https:\/\/nativediving.com\/#\/schema\/logo\/image\/\",\"url\":\"https:\/\/nativediving.com\/wp-content\/uploads\/2017\/11\/Escudo_NativeDiving_Azul.png\",\"contentUrl\":\"https:\/\/nativediving.com\/wp-content\/uploads\/2017\/11\/Escudo_NativeDiving_Azul.png\",\"width\":3295,\"height\":2480,\"caption\":\"Native Diving Lanzarote\"},\"image\":{\"@id\":\"https:\/\/nativediving.com\/#\/schema\/logo\/image\/\"},\"sameAs\":[\"https:\/\/www.facebook.com\/Native.Diving.Lanzarote\",\"https:\/\/twitter.com\/nativedivingLZ\",\"https:\/\/www.youtube.com\/c\/NativeDivingLanzaroteBuceo\"]}]}<\/script>\n<!-- \/ Yoast SEO plugin. -->","yoast_head_json":{"title":"Glass bottom snorkel | Native Diving","robots":{"index":"index","follow":"follow","max-snippet":"max-snippet:-1","max-image-preview":"max-image-preview:large","max-video-preview":"max-video-preview:-1"},"canonical":"https:\/\/nativediving.com\/de\/glass-bottom-snorkel\/","og_locale":"de_DE","og_type":"article","og_title":"Glass bottom snorkel | Native Diving","og_description":"GLASS BOTTOM SNORKELDer Glasbodenschnorchel ist die einfachste Art zu schnorcheln, da man durch Mund und Nase atmen kann, ohne eine herk\u00f6mmliche Taucherbrille und einen Schnorchel benutzen zu m\u00fcssen. Es handelt sich um ein schwimmendes Flo\u00df mit einer gro\u00dfen Linse, durch die man den Meeresboden sehen kann, ohne den Kopf ins Wasser stecken zu m\u00fcssen. Das [&hellip;]","og_url":"https:\/\/nativediving.com\/de\/glass-bottom-snorkel\/","og_site_name":"Native Diving","article_publisher":"https:\/\/www.facebook.com\/Native.Diving.Lanzarote","article_modified_time":"2022-11-29T16:40:28+00:00","twitter_misc":{"Gesch\u00e4tzte Lesezeit":"2 Minuten"},"schema":{"@context":"https:\/\/schema.org","@graph":[{"@type":"WebPage","@id":"https:\/\/nativediving.com\/de\/glass-bottom-snorkel\/","url":"https:\/\/nativediving.com\/de\/glass-bottom-snorkel\/","name":"Glass bottom snorkel | Native Diving","isPartOf":{"@id":"https:\/\/nativediving.com\/#website"},"datePublished":"2016-09-29T16:53:20+00:00","dateModified":"2022-11-29T16:40:28+00:00","breadcrumb":{"@id":"https:\/\/nativediving.com\/de\/glass-bottom-snorkel\/#breadcrumb"},"inLanguage":"de-DE","potentialAction":[{"@type":"ReadAction","target":["https:\/\/nativediving.com\/de\/glass-bottom-snorkel\/"]}]},{"@type":"BreadcrumbList","@id":"https:\/\/nativediving.com\/de\/glass-bottom-snorkel\/#breadcrumb","itemListElement":[{"@type":"ListItem","position":1,"name":"Escuela de buceo","item":"https:\/\/nativediving.com\/de\/"},{"@type":"ListItem","position":2,"name":"Glass Bottom Snorkel"}]},{"@type":"WebSite","@id":"https:\/\/nativediving.com\/#website","url":"https:\/\/nativediving.com\/","name":"Native Diving","description":"Centro de buceo SSI y PADI en Lanzarote","publisher":{"@id":"https:\/\/nativediving.com\/#organization"},"potentialAction":[{"@type":"SearchAction","target":{"@type":"EntryPoint","urlTemplate":"https:\/\/nativediving.com\/?s={search_term_string}"},"query-input":"required name=search_term_string"}],"inLanguage":"de-DE"},{"@type":"Organization","@id":"https:\/\/nativediving.com\/#organization","name":"Native Diving Lanzarote","url":"https:\/\/nativediving.com\/","logo":{"@type":"ImageObject","inLanguage":"de-DE","@id":"https:\/\/nativediving.com\/#\/schema\/logo\/image\/","url":"https:\/\/nativediving.com\/wp-content\/uploads\/2017\/11\/Escudo_NativeDiving_Azul.png","contentUrl":"https:\/\/nativediving.com\/wp-content\/uploads\/2017\/11\/Escudo_NativeDiving_Azul.png","width":3295,"height":2480,"caption":"Native Diving Lanzarote"},"image":{"@id":"https:\/\/nativediving.com\/#\/schema\/logo\/image\/"},"sameAs":["https:\/\/www.facebook.com\/Native.Diving.Lanzarote","https:\/\/twitter.com\/nativedivingLZ","https:\/\/www.youtube.com\/c\/NativeDivingLanzaroteBuceo"]}]}},"_links":{"self":[{"href":"https:\/\/nativediving.com\/de\/wp-json\/wp\/v2\/pages\/6597"}],"collection":[{"href":"https:\/\/nativediving.com\/de\/wp-json\/wp\/v2\/pages"}],"about":[{"href":"https:\/\/nativediving.com\/de\/wp-json\/wp\/v2\/types\/page"}],"author":[{"embeddable":true,"href":"https:\/\/nativediving.com\/de\/wp-json\/wp\/v2\/users\/4"}],"replies":[{"embeddable":true,"href":"https:\/\/nativediving.com\/de\/wp-json\/wp\/v2\/comments?post=6597"}],"version-history":[{"count":0,"href":"https:\/\/nativediving.com\/de\/wp-json\/wp\/v2\/pages\/6597\/revisions"}],"wp:attachment":[{"href":"https:\/\/nativediving.com\/de\/wp-json\/wp\/v2\/media?parent=6597"}],"curies":[{"name":"wp","href":"https:\/\/api.w.org\/{rel}","templated":true}]}}