{"id":6014,"date":"2016-06-29T10:44:38","date_gmt":"2016-06-29T10:44:38","guid":{"rendered":"http:\/\/new.nativediving.com\/tauchen-lanzarote\/playa-blanca\/"},"modified":"2021-07-08T10:27:41","modified_gmt":"2021-07-08T10:27:41","slug":"playa-blanca","status":"publish","type":"page","link":"https:\/\/nativediving.com\/de\/tauchen-lanzarote\/playa-blanca\/","title":{"rendered":"Playa Blanca"},"content":{"rendered":"<p>[et_pb_section fb_built=&#8220;1&#8243; _builder_version=&#8220;3.22&#8243;][et_pb_row column_structure=&#8220;1_2,1_2&#8243; _builder_version=&#8220;3.25&#8243; background_size=&#8220;initial&#8220; background_position=&#8220;top_left&#8220; background_repeat=&#8220;repeat&#8220;][et_pb_column type=&#8220;1_2&#8243; _builder_version=&#8220;3.25&#8243; custom_padding=&#8220;|||&#8220; custom_padding__hover=&#8220;|||&#8220;][et_pb_blurb title=&#8220;TAUCHG\u00c4NGE IN PLAYA BLANCA&#8220; image=&#8220;https:\/\/nativediving.com\/wp-content\/uploads\/2019\/03\/chucho-azul.png&#8220; _builder_version=&#8220;3.21&#8243; header_level=&#8220;h1&#8243; header_font=&#8220;||||||||&#8220; header_text_align=&#8220;center&#8220; body_font=&#8220;||||||||&#8220; body_text_align=&#8220;center&#8220;]<\/p>\n<p>Hier k\u00f6nnen wir bei den Tauchg\u00e4ngen seltene Unterwasserlandschaften aus vulkanischer Lava, H\u00f6hlen, wei\u00dfen Sand und eine reiche Meeresfauna finden.<\/p>\n<p>[\/et_pb_blurb][\/et_pb_column][et_pb_column type=&#8220;1_2&#8243; _builder_version=&#8220;3.25&#8243; custom_padding=&#8220;|||&#8220; custom_padding__hover=&#8220;|||&#8220;][et_pb_image src=&#8220;https:\/\/nativediving.com\/wp-content\/uploads\/2016\/06\/roncadores-playa-blanca-lanzarote.jpg&#8220; show_in_lightbox=&#8220;on&#8220; align_tablet=&#8220;center&#8220; align_phone=&#8220;&#8220; align_last_edited=&#8220;on|desktop&#8220; admin_label=&#8220;Image&#8220; _builder_version=&#8220;3.23&#8243; animation_style=&#8220;slide&#8220; animation_direction=&#8220;right&#8220; animation_duration=&#8220;500ms&#8220; animation_intensity_slide=&#8220;10%&#8220; animation=&#8220;right&#8220;][\/et_pb_image][\/et_pb_column][\/et_pb_row][\/et_pb_section][et_pb_section fb_built=&#8220;1&#8243; _builder_version=&#8220;3.22&#8243;][et_pb_row column_structure=&#8220;1_3,1_3,1_3&#8243; _builder_version=&#8220;3.25&#8243;][et_pb_column type=&#8220;1_3&#8243; _builder_version=&#8220;3.25&#8243; custom_padding=&#8220;|||&#8220; custom_padding__hover=&#8220;|||&#8220;][et_pb_cta title=&#8220;UNTERWASSER MUSEUM&#8220; button_url=&#8220;#&#8220; admin_label=&#8220;Call To Action&#8220; _builder_version=&#8220;4.9.7&#8243; use_background_color=&#8220;off&#8220; background_size=&#8220;initial&#8220; background_position=&#8220;top_left&#8220; background_repeat=&#8220;repeat&#8220; background_layout=&#8220;light&#8220; button_text_size__hover_enabled=&#8220;off&#8220; button_one_text_size__hover_enabled=&#8220;off&#8220; button_two_text_size__hover_enabled=&#8220;off&#8220; button_text_color__hover_enabled=&#8220;off&#8220; button_one_text_color__hover_enabled=&#8220;off&#8220; button_two_text_color__hover_enabled=&#8220;off&#8220; button_border_width__hover_enabled=&#8220;off&#8220; button_one_border_width__hover_enabled=&#8220;off&#8220; button_two_border_width__hover_enabled=&#8220;off&#8220; button_border_color__hover_enabled=&#8220;off&#8220; button_one_border_color__hover_enabled=&#8220;off&#8220; button_two_border_color__hover_enabled=&#8220;off&#8220; button_border_radius__hover_enabled=&#8220;off&#8220; button_one_border_radius__hover_enabled=&#8220;off&#8220; button_two_border_radius__hover_enabled=&#8220;off&#8220; button_letter_spacing__hover_enabled=&#8220;off&#8220; button_one_letter_spacing__hover_enabled=&#8220;off&#8220; button_two_letter_spacing__hover_enabled=&#8220;off&#8220; button_bg_color__hover_enabled=&#8220;off&#8220; button_one_bg_color__hover_enabled=&#8220;off&#8220; button_two_bg_color__hover_enabled=&#8220;off&#8220;]<\/p>\n<p>Das Atlantische Museum von Lanzarote liegt in der Bucht von Las Coloradas s\u00fcdlich von Lanzarote und ist die Arbeit des britischen K\u00fcnstlers Jason deCaires Taylor und ist der erste in Europa, mit zwei bereits in Mexiko und einer in den Westindischen Inseln. Erweiterung von 2.500 Quadratmetern finden wir mehr als 300 Figuren, einige der Modelle f\u00fcr die Skulpturen des Atlantischen Museums sind neben der Insel Lanzarote.<\/p>\n<p>[\/et_pb_cta][et_pb_button button_url=&#8220;https:\/\/nativediving.com\/de\/unterwasser-museum\/&#8220; button_text=&#8220;Mehr sehen&#8220; button_alignment=&#8220;center&#8220; _builder_version=&#8220;4.9.7&#8243; _module_preset=&#8220;default&#8220; custom_button=&#8220;on&#8220; button_text_size=&#8220;20px&#8220; button_text_color=&#8220;#FFFFFF&#8220; button_bg_color=&#8220;#003366&#8243; button_border_color=&#8220;#003366&#8243; background_layout=&#8220;dark&#8220; button_bg_color_tablet=&#8220;&#8220; button_bg_color_phone=&#8220;&#8220; button_bg_color_last_edited=&#8220;on|desktop&#8220; button_bg_color__hover_enabled=&#8220;on|hover&#8220; button_text_color__hover_enabled=&#8220;on|hover&#8220; button_text_color__hover=&#8220;#003366&#8243; button_border_color__hover_enabled=&#8220;on|hover&#8220; button_border_color__hover=&#8220;#003366&#8243; button_bg_color__hover=&#8220;#FFFFFF&#8220; button_bg_enable_color__hover=&#8220;on&#8220;][\/et_pb_button][\/et_pb_column][et_pb_column type=&#8220;1_3&#8243; _builder_version=&#8220;3.25&#8243; custom_padding=&#8220;|||&#8220; custom_padding__hover=&#8220;|||&#8220;][et_pb_image src=&#8220;https:\/\/nativediving.com\/wp-content\/uploads\/2017\/08\/Museo-submarino-Lanzarote-2.jpg&#8220; show_in_lightbox=&#8220;on&#8220; align_tablet=&#8220;center&#8220; align_phone=&#8220;&#8220; align_last_edited=&#8220;on|desktop&#8220; admin_label=&#8220;Image&#8220; _builder_version=&#8220;4.9.7&#8243; animation_style=&#8220;slide&#8220; animation_direction=&#8220;right&#8220; animation_duration=&#8220;500ms&#8220; animation_intensity_slide=&#8220;10%&#8220; animation=&#8220;right&#8220;][\/et_pb_image][\/et_pb_column][et_pb_column type=&#8220;1_3&#8243; _builder_version=&#8220;3.25&#8243; custom_padding=&#8220;|||&#8220; custom_padding__hover=&#8220;|||&#8220;][et_pb_video src=&#8220;https:\/\/nativediving.com\/wp-content\/uploads\/2017\/10\/MUSEO_WEB1.webm&#8220; _builder_version=&#8220;4.9.7&#8243; hover_enabled=&#8220;0&#8243; sticky_enabled=&#8220;0&#8243;][\/et_pb_video][\/et_pb_column][\/et_pb_row][\/et_pb_section][et_pb_section fb_built=&#8220;1&#8243; _builder_version=&#8220;3.22&#8243;][et_pb_row column_structure=&#8220;1_3,1_3,1_3&#8243; _builder_version=&#8220;3.25&#8243;][et_pb_column type=&#8220;1_3&#8243; _builder_version=&#8220;3.25&#8243; custom_padding=&#8220;|||&#8220; custom_padding__hover=&#8220;|||&#8220;][et_pb_cta title=&#8220;LAS COLORADAS&#8220; button_url=&#8220;#&#8220; admin_label=&#8220;Call To Action&#8220; _builder_version=&#8220;3.21&#8243; use_background_color=&#8220;off&#8220; background_size=&#8220;initial&#8220; background_position=&#8220;top_left&#8220; background_repeat=&#8220;repeat&#8220; background_layout=&#8220;light&#8220; button_text_size__hover_enabled=&#8220;off&#8220; button_one_text_size__hover_enabled=&#8220;off&#8220; button_two_text_size__hover_enabled=&#8220;off&#8220; button_text_color__hover_enabled=&#8220;off&#8220; button_one_text_color__hover_enabled=&#8220;off&#8220; button_two_text_color__hover_enabled=&#8220;off&#8220; button_border_width__hover_enabled=&#8220;off&#8220; button_one_border_width__hover_enabled=&#8220;off&#8220; button_two_border_width__hover_enabled=&#8220;off&#8220; button_border_color__hover_enabled=&#8220;off&#8220; button_one_border_color__hover_enabled=&#8220;off&#8220; button_two_border_color__hover_enabled=&#8220;off&#8220; button_border_radius__hover_enabled=&#8220;off&#8220; button_one_border_radius__hover_enabled=&#8220;off&#8220; button_two_border_radius__hover_enabled=&#8220;off&#8220; button_letter_spacing__hover_enabled=&#8220;off&#8220; button_one_letter_spacing__hover_enabled=&#8220;off&#8220; button_two_letter_spacing__hover_enabled=&#8220;off&#8220; button_bg_color__hover_enabled=&#8220;off&#8220; button_one_bg_color__hover_enabled=&#8220;off&#8220; button_two_bg_color__hover_enabled=&#8220;off&#8220;]<\/p>\n<p>Es empfehlen sich zwei Routen, deren gemeinsamer Ausgangspunkt der Felsenbogen in der Mitte ist. Von hier aus lassen wir die Felswand entweder rechts liegen oder wenden uns in die entgegengesetzte Richtung und lassen die Wand links liegen. Die Formationen sehen wie in den Fels gemei\u00dfelt aus und sind auf beiden Seiten sehr unterschiedlich. Daher ist dieser bequeme und gem\u00fctliche Tauchgang auch f\u00fcr erfahrene Taucher interessant. Wegen der geringen Tiefe ist er ideal f\u00fcr Anf\u00e4nger.<\/p>\n<p>[\/et_pb_cta][\/et_pb_column][et_pb_column type=&#8220;1_3&#8243; _builder_version=&#8220;3.25&#8243; custom_padding=&#8220;|||&#8220; custom_padding__hover=&#8220;|||&#8220;][et_pb_image src=&#8220;https:\/\/nativediving.com\/wp-content\/uploads\/2017\/08\/Las-Coloradas-Buceo-Lanzarote.jpg&#8220; show_in_lightbox=&#8220;on&#8220; align_tablet=&#8220;center&#8220; align_phone=&#8220;&#8220; align_last_edited=&#8220;on|desktop&#8220; admin_label=&#8220;Image&#8220; _builder_version=&#8220;3.23&#8243; animation_style=&#8220;slide&#8220; animation_direction=&#8220;right&#8220; animation_duration=&#8220;500ms&#8220; animation_intensity_slide=&#8220;10%&#8220; animation=&#8220;right&#8220;][\/et_pb_image][\/et_pb_column][et_pb_column type=&#8220;1_3&#8243; _builder_version=&#8220;3.25&#8243; custom_padding=&#8220;|||&#8220; custom_padding__hover=&#8220;|||&#8220;][et_pb_video src=&#8220;https:\/\/youtu.be\/SzdUr9xvJ00&#8243; image_src=&#8220;\/\/i.ytimg.com\/vi\/SzdUr9xvJ00\/hqdefault.jpg&#8220; _builder_version=&#8220;3.21&#8243;][\/et_pb_video][\/et_pb_column][\/et_pb_row][\/et_pb_section][et_pb_section fb_built=&#8220;1&#8243; _builder_version=&#8220;3.22&#8243;][et_pb_row column_structure=&#8220;1_3,1_3,1_3&#8243; _builder_version=&#8220;3.25&#8243;][et_pb_column type=&#8220;1_3&#8243; _builder_version=&#8220;3.25&#8243; custom_padding=&#8220;|||&#8220; custom_padding__hover=&#8220;|||&#8220;][et_pb_cta title=&#8220;PLAYA FLAMINGO&#8220; button_url=&#8220;#&#8220; admin_label=&#8220;Call To Action&#8220; _builder_version=&#8220;3.21&#8243; use_background_color=&#8220;off&#8220; background_size=&#8220;initial&#8220; background_position=&#8220;top_left&#8220; background_repeat=&#8220;repeat&#8220; background_layout=&#8220;light&#8220; button_text_size__hover_enabled=&#8220;off&#8220; button_one_text_size__hover_enabled=&#8220;off&#8220; button_two_text_size__hover_enabled=&#8220;off&#8220; button_text_color__hover_enabled=&#8220;off&#8220; button_one_text_color__hover_enabled=&#8220;off&#8220; button_two_text_color__hover_enabled=&#8220;off&#8220; button_border_width__hover_enabled=&#8220;off&#8220; button_one_border_width__hover_enabled=&#8220;off&#8220; button_two_border_width__hover_enabled=&#8220;off&#8220; button_border_color__hover_enabled=&#8220;off&#8220; button_one_border_color__hover_enabled=&#8220;off&#8220; button_two_border_color__hover_enabled=&#8220;off&#8220; button_border_radius__hover_enabled=&#8220;off&#8220; button_one_border_radius__hover_enabled=&#8220;off&#8220; button_two_border_radius__hover_enabled=&#8220;off&#8220; button_letter_spacing__hover_enabled=&#8220;off&#8220; button_one_letter_spacing__hover_enabled=&#8220;off&#8220; button_two_letter_spacing__hover_enabled=&#8220;off&#8220; button_bg_color__hover_enabled=&#8220;off&#8220; button_one_bg_color__hover_enabled=&#8220;off&#8220; button_two_bg_color__hover_enabled=&#8220;off&#8220;]<\/p>\n<p>Dieser f\u00fcr Anf\u00e4nger und Schnuppertaucher ideale Tauchplatz kann sowohl vom Land als auch vom Boot erreicht werden. Erfahrene Taucher k\u00f6nnen sich am glasklaren Wasser und der reichhaltigen Fauna erfreuen. Die zwei Wellenbrecher, die die Bucht bilden, sind der Bezugspunkt f\u00fcr die Ortung der gro\u00dfen Fischschw\u00e4rme, die an ihrer M\u00fcndung vorbeiziehen. Die Mauern aus Bl\u00f6cken kann man nach Zackenbarschen, Gro\u00dfaugenbarschen, Meerbarbenk\u00f6nigen und anderen scheuen Tieren, die sich gerne verstecken, absuchen.<\/p>\n<p>[\/et_pb_cta][\/et_pb_column][et_pb_column type=&#8220;1_3&#8243; _builder_version=&#8220;3.25&#8243; custom_padding=&#8220;|||&#8220; custom_padding__hover=&#8220;|||&#8220;][et_pb_image src=&#8220;https:\/\/nativediving.com\/wp-content\/uploads\/2017\/08\/Playa-Flamingo-Buceo-Lanzarote.jpg&#8220; show_in_lightbox=&#8220;on&#8220; align_tablet=&#8220;center&#8220; align_phone=&#8220;&#8220; align_last_edited=&#8220;on|desktop&#8220; admin_label=&#8220;Image&#8220; _builder_version=&#8220;3.23&#8243; animation_style=&#8220;slide&#8220; animation_direction=&#8220;right&#8220; animation_duration=&#8220;500ms&#8220; animation_intensity_slide=&#8220;10%&#8220; animation=&#8220;right&#8220;][\/et_pb_image][\/et_pb_column][et_pb_column type=&#8220;1_3&#8243; _builder_version=&#8220;3.25&#8243; custom_padding=&#8220;|||&#8220; custom_padding__hover=&#8220;|||&#8220;][et_pb_video src=&#8220;https:\/\/youtu.be\/JhA0m3Pdqrs&#8220; image_src=&#8220;\/\/i.ytimg.com\/vi\/JhA0m3Pdqrs\/hqdefault.jpg&#8220; _builder_version=&#8220;3.21&#8243;][\/et_pb_video][\/et_pb_column][\/et_pb_row][\/et_pb_section][et_pb_section fb_built=&#8220;1&#8243; _builder_version=&#8220;3.22&#8243; custom_padding=&#8220;54px|0px|141px|0px|false|false&#8220;][et_pb_row column_structure=&#8220;1_2,1_2&#8243; _builder_version=&#8220;3.25&#8243; background_size=&#8220;initial&#8220; background_position=&#8220;top_left&#8220; background_repeat=&#8220;repeat&#8220;][et_pb_column type=&#8220;1_2&#8243; _builder_version=&#8220;3.25&#8243; custom_padding=&#8220;|||&#8220; custom_padding__hover=&#8220;|||&#8220;][et_pb_cta title=&#8220;PLAYA PAPAGAYO&#8220; button_url=&#8220;#&#8220; admin_label=&#8220;Call To Action&#8220; _builder_version=&#8220;3.21&#8243; use_background_color=&#8220;off&#8220; background_size=&#8220;initial&#8220; background_position=&#8220;top_left&#8220; background_repeat=&#8220;repeat&#8220; background_layout=&#8220;light&#8220; button_text_size__hover_enabled=&#8220;off&#8220; button_one_text_size__hover_enabled=&#8220;off&#8220; button_two_text_size__hover_enabled=&#8220;off&#8220; button_text_color__hover_enabled=&#8220;off&#8220; button_one_text_color__hover_enabled=&#8220;off&#8220; button_two_text_color__hover_enabled=&#8220;off&#8220; button_border_width__hover_enabled=&#8220;off&#8220; button_one_border_width__hover_enabled=&#8220;off&#8220; button_two_border_width__hover_enabled=&#8220;off&#8220; button_border_color__hover_enabled=&#8220;off&#8220; button_one_border_color__hover_enabled=&#8220;off&#8220; button_two_border_color__hover_enabled=&#8220;off&#8220; button_border_radius__hover_enabled=&#8220;off&#8220; button_one_border_radius__hover_enabled=&#8220;off&#8220; button_two_border_radius__hover_enabled=&#8220;off&#8220; button_letter_spacing__hover_enabled=&#8220;off&#8220; button_one_letter_spacing__hover_enabled=&#8220;off&#8220; button_two_letter_spacing__hover_enabled=&#8220;off&#8220; button_bg_color__hover_enabled=&#8220;off&#8220; button_one_bg_color__hover_enabled=&#8220;off&#8220; button_two_bg_color__hover_enabled=&#8220;off&#8220;]<\/p>\n<p>Einstieg vom Boot oder vom Strand, 0-18m. Dieser Tauchgang beeindruckt durch seine Einfachheit und die Anzahl und Vielfalt der Fischschw\u00e4rme. Wir k\u00f6nnen Banken von Grunzen, Brassen, Meer\u00e4schen, Gelbstriemen, Thunfischen, Meerhechten und Barrakudas genie\u00dfen. Auf dem wei\u00dfen Sand ist es einfach, Stechrochen, Engelhaie und Zitterrochen zu sichten. In den Felsw\u00e4nden k\u00f6nnen wir nach Zackenbarschen und vielen anderen Gattungen suchen.<\/p>\n<p>[\/et_pb_cta][\/et_pb_column][et_pb_column type=&#8220;1_2&#8243; _builder_version=&#8220;3.25&#8243; custom_padding=&#8220;|||&#8220; custom_padding__hover=&#8220;|||&#8220;][et_pb_image src=&#8220;https:\/\/nativediving.com\/wp-content\/uploads\/2017\/08\/Papagayo-Buceo-en-Lanzarote.jpg&#8220; show_in_lightbox=&#8220;on&#8220; align_tablet=&#8220;center&#8220; align_phone=&#8220;&#8220; align_last_edited=&#8220;on|desktop&#8220; admin_label=&#8220;Image&#8220; _builder_version=&#8220;3.23&#8243; animation_style=&#8220;slide&#8220; animation_direction=&#8220;right&#8220; animation_duration=&#8220;500ms&#8220; animation_intensity_slide=&#8220;10%&#8220; animation=&#8220;right&#8220;][\/et_pb_image][\/et_pb_column][\/et_pb_row][\/et_pb_section]<\/p>\n","protected":false},"excerpt":{"rendered":"<p>Hier k\u00f6nnen wir bei den Tauchg\u00e4ngen seltene Unterwasserlandschaften aus vulkanischer Lava, H\u00f6hlen, wei\u00dfen Sand und eine reiche Meeresfauna finden.Das Atlantische Museum von Lanzarote liegt in der Bucht von Las Coloradas s\u00fcdlich von Lanzarote und ist die Arbeit des britischen K\u00fcnstlers Jason deCaires Taylor und ist der erste in Europa, mit zwei bereits in Mexiko und [&hellip;]<\/p>\n","protected":false},"author":4,"featured_media":0,"parent":5947,"menu_order":0,"comment_status":"closed","ping_status":"closed","template":"","meta":{"_et_pb_use_builder":"on","_et_pb_old_content":"","_et_gb_content_width":"","footnotes":""},"yoast_head":"<!-- This site is optimized with the Yoast SEO plugin v22.2 - https:\/\/yoast.com\/wordpress\/plugins\/seo\/ -->\n<title>Playa Blanca - Native Diving<\/title>\n<meta name=\"robots\" content=\"index, follow, max-snippet:-1, max-image-preview:large, max-video-preview:-1\" \/>\n<link rel=\"canonical\" href=\"https:\/\/nativediving.com\/de\/tauchen-lanzarote\/playa-blanca\/\" \/>\n<meta property=\"og:locale\" content=\"de_DE\" \/>\n<meta property=\"og:type\" content=\"article\" \/>\n<meta property=\"og:title\" content=\"Playa Blanca - Native Diving\" \/>\n<meta property=\"og:description\" content=\"Hier k\u00f6nnen wir bei den Tauchg\u00e4ngen seltene Unterwasserlandschaften aus vulkanischer Lava, H\u00f6hlen, wei\u00dfen Sand und eine reiche Meeresfauna finden.Das Atlantische Museum von Lanzarote liegt in der Bucht von Las Coloradas s\u00fcdlich von Lanzarote und ist die Arbeit des britischen K\u00fcnstlers Jason deCaires Taylor und ist der erste in Europa, mit zwei bereits in Mexiko und [&hellip;]\" \/>\n<meta property=\"og:url\" content=\"https:\/\/nativediving.com\/de\/tauchen-lanzarote\/playa-blanca\/\" \/>\n<meta property=\"og:site_name\" content=\"Native Diving\" \/>\n<meta property=\"article:publisher\" content=\"https:\/\/www.facebook.com\/Native.Diving.Lanzarote\" \/>\n<meta property=\"article:modified_time\" content=\"2021-07-08T10:27:41+00:00\" \/>\n<meta name=\"twitter:label1\" content=\"Gesch\u00e4tzte Lesezeit\" \/>\n\t<meta name=\"twitter:data1\" content=\"9 Minuten\" \/>\n<script type=\"application\/ld+json\" class=\"yoast-schema-graph\">{\"@context\":\"https:\/\/schema.org\",\"@graph\":[{\"@type\":\"WebPage\",\"@id\":\"https:\/\/nativediving.com\/de\/tauchen-lanzarote\/playa-blanca\/\",\"url\":\"https:\/\/nativediving.com\/de\/tauchen-lanzarote\/playa-blanca\/\",\"name\":\"Playa Blanca - Native Diving\",\"isPartOf\":{\"@id\":\"https:\/\/nativediving.com\/#website\"},\"datePublished\":\"2016-06-29T10:44:38+00:00\",\"dateModified\":\"2021-07-08T10:27:41+00:00\",\"breadcrumb\":{\"@id\":\"https:\/\/nativediving.com\/de\/tauchen-lanzarote\/playa-blanca\/#breadcrumb\"},\"inLanguage\":\"de-DE\",\"potentialAction\":[{\"@type\":\"ReadAction\",\"target\":[\"https:\/\/nativediving.com\/de\/tauchen-lanzarote\/playa-blanca\/\"]}]},{\"@type\":\"BreadcrumbList\",\"@id\":\"https:\/\/nativediving.com\/de\/tauchen-lanzarote\/playa-blanca\/#breadcrumb\",\"itemListElement\":[{\"@type\":\"ListItem\",\"position\":1,\"name\":\"Escuela de buceo\",\"item\":\"https:\/\/nativediving.com\/de\/\"},{\"@type\":\"ListItem\",\"position\":2,\"name\":\"Tauchen Lanzarote\",\"item\":\"https:\/\/nativediving.com\/de\/tauchen-lanzarote\/\"},{\"@type\":\"ListItem\",\"position\":3,\"name\":\"Playa Blanca\"}]},{\"@type\":\"WebSite\",\"@id\":\"https:\/\/nativediving.com\/#website\",\"url\":\"https:\/\/nativediving.com\/\",\"name\":\"Native Diving\",\"description\":\"Centro de buceo SSI y PADI en Lanzarote\",\"publisher\":{\"@id\":\"https:\/\/nativediving.com\/#organization\"},\"potentialAction\":[{\"@type\":\"SearchAction\",\"target\":{\"@type\":\"EntryPoint\",\"urlTemplate\":\"https:\/\/nativediving.com\/?s={search_term_string}\"},\"query-input\":\"required name=search_term_string\"}],\"inLanguage\":\"de-DE\"},{\"@type\":\"Organization\",\"@id\":\"https:\/\/nativediving.com\/#organization\",\"name\":\"Native Diving Lanzarote\",\"url\":\"https:\/\/nativediving.com\/\",\"logo\":{\"@type\":\"ImageObject\",\"inLanguage\":\"de-DE\",\"@id\":\"https:\/\/nativediving.com\/#\/schema\/logo\/image\/\",\"url\":\"https:\/\/nativediving.com\/wp-content\/uploads\/2017\/11\/Escudo_NativeDiving_Azul.png\",\"contentUrl\":\"https:\/\/nativediving.com\/wp-content\/uploads\/2017\/11\/Escudo_NativeDiving_Azul.png\",\"width\":3295,\"height\":2480,\"caption\":\"Native Diving Lanzarote\"},\"image\":{\"@id\":\"https:\/\/nativediving.com\/#\/schema\/logo\/image\/\"},\"sameAs\":[\"https:\/\/www.facebook.com\/Native.Diving.Lanzarote\",\"https:\/\/twitter.com\/nativedivingLZ\",\"https:\/\/www.youtube.com\/c\/NativeDivingLanzaroteBuceo\"]}]}<\/script>\n<!-- \/ Yoast SEO plugin. -->","yoast_head_json":{"title":"Playa Blanca - Native Diving","robots":{"index":"index","follow":"follow","max-snippet":"max-snippet:-1","max-image-preview":"max-image-preview:large","max-video-preview":"max-video-preview:-1"},"canonical":"https:\/\/nativediving.com\/de\/tauchen-lanzarote\/playa-blanca\/","og_locale":"de_DE","og_type":"article","og_title":"Playa Blanca - Native Diving","og_description":"Hier k\u00f6nnen wir bei den Tauchg\u00e4ngen seltene Unterwasserlandschaften aus vulkanischer Lava, H\u00f6hlen, wei\u00dfen Sand und eine reiche Meeresfauna finden.Das Atlantische Museum von Lanzarote liegt in der Bucht von Las Coloradas s\u00fcdlich von Lanzarote und ist die Arbeit des britischen K\u00fcnstlers Jason deCaires Taylor und ist der erste in Europa, mit zwei bereits in Mexiko und [&hellip;]","og_url":"https:\/\/nativediving.com\/de\/tauchen-lanzarote\/playa-blanca\/","og_site_name":"Native Diving","article_publisher":"https:\/\/www.facebook.com\/Native.Diving.Lanzarote","article_modified_time":"2021-07-08T10:27:41+00:00","twitter_misc":{"Gesch\u00e4tzte Lesezeit":"9 Minuten"},"schema":{"@context":"https:\/\/schema.org","@graph":[{"@type":"WebPage","@id":"https:\/\/nativediving.com\/de\/tauchen-lanzarote\/playa-blanca\/","url":"https:\/\/nativediving.com\/de\/tauchen-lanzarote\/playa-blanca\/","name":"Playa Blanca - Native Diving","isPartOf":{"@id":"https:\/\/nativediving.com\/#website"},"datePublished":"2016-06-29T10:44:38+00:00","dateModified":"2021-07-08T10:27:41+00:00","breadcrumb":{"@id":"https:\/\/nativediving.com\/de\/tauchen-lanzarote\/playa-blanca\/#breadcrumb"},"inLanguage":"de-DE","potentialAction":[{"@type":"ReadAction","target":["https:\/\/nativediving.com\/de\/tauchen-lanzarote\/playa-blanca\/"]}]},{"@type":"BreadcrumbList","@id":"https:\/\/nativediving.com\/de\/tauchen-lanzarote\/playa-blanca\/#breadcrumb","itemListElement":[{"@type":"ListItem","position":1,"name":"Escuela de buceo","item":"https:\/\/nativediving.com\/de\/"},{"@type":"ListItem","position":2,"name":"Tauchen Lanzarote","item":"https:\/\/nativediving.com\/de\/tauchen-lanzarote\/"},{"@type":"ListItem","position":3,"name":"Playa Blanca"}]},{"@type":"WebSite","@id":"https:\/\/nativediving.com\/#website","url":"https:\/\/nativediving.com\/","name":"Native Diving","description":"Centro de buceo SSI y PADI en Lanzarote","publisher":{"@id":"https:\/\/nativediving.com\/#organization"},"potentialAction":[{"@type":"SearchAction","target":{"@type":"EntryPoint","urlTemplate":"https:\/\/nativediving.com\/?s={search_term_string}"},"query-input":"required name=search_term_string"}],"inLanguage":"de-DE"},{"@type":"Organization","@id":"https:\/\/nativediving.com\/#organization","name":"Native Diving Lanzarote","url":"https:\/\/nativediving.com\/","logo":{"@type":"ImageObject","inLanguage":"de-DE","@id":"https:\/\/nativediving.com\/#\/schema\/logo\/image\/","url":"https:\/\/nativediving.com\/wp-content\/uploads\/2017\/11\/Escudo_NativeDiving_Azul.png","contentUrl":"https:\/\/nativediving.com\/wp-content\/uploads\/2017\/11\/Escudo_NativeDiving_Azul.png","width":3295,"height":2480,"caption":"Native Diving Lanzarote"},"image":{"@id":"https:\/\/nativediving.com\/#\/schema\/logo\/image\/"},"sameAs":["https:\/\/www.facebook.com\/Native.Diving.Lanzarote","https:\/\/twitter.com\/nativedivingLZ","https:\/\/www.youtube.com\/c\/NativeDivingLanzaroteBuceo"]}]}},"_links":{"self":[{"href":"https:\/\/nativediving.com\/de\/wp-json\/wp\/v2\/pages\/6014"}],"collection":[{"href":"https:\/\/nativediving.com\/de\/wp-json\/wp\/v2\/pages"}],"about":[{"href":"https:\/\/nativediving.com\/de\/wp-json\/wp\/v2\/types\/page"}],"author":[{"embeddable":true,"href":"https:\/\/nativediving.com\/de\/wp-json\/wp\/v2\/users\/4"}],"replies":[{"embeddable":true,"href":"https:\/\/nativediving.com\/de\/wp-json\/wp\/v2\/comments?post=6014"}],"version-history":[{"count":0,"href":"https:\/\/nativediving.com\/de\/wp-json\/wp\/v2\/pages\/6014\/revisions"}],"up":[{"embeddable":true,"href":"https:\/\/nativediving.com\/de\/wp-json\/wp\/v2\/pages\/5947"}],"wp:attachment":[{"href":"https:\/\/nativediving.com\/de\/wp-json\/wp\/v2\/media?parent=6014"}],"curies":[{"name":"wp","href":"https:\/\/api.w.org\/{rel}","templated":true}]}}