{"id":5972,"date":"2016-06-29T10:40:50","date_gmt":"2016-06-29T10:40:50","guid":{"rendered":"http:\/\/new.nativediving.com\/tauchen-lanzarote\/costa-teguise\/"},"modified":"2019-03-27T09:11:49","modified_gmt":"2019-03-27T09:11:49","slug":"costa-teguise","status":"publish","type":"page","link":"https:\/\/nativediving.com\/de\/tauchen-lanzarote\/costa-teguise\/","title":{"rendered":"Costa Teguise"},"content":{"rendered":"<p>[et_pb_section fb_built=&#8220;1&#8243; _builder_version=&#8220;3.21&#8243;][et_pb_row _builder_version=&#8220;3.0.47&#8243; background_size=&#8220;initial&#8220; background_position=&#8220;top_left&#8220; background_repeat=&#8220;repeat&#8220;][et_pb_column type=&#8220;1_2&#8243; _builder_version=&#8220;3.0.47&#8243;][et_pb_blurb title=&#8220;TAUCHG\u00c4NGE IN COSTA TEGUISE&#8220; image=&#8220;https:\/\/nativediving.com\/wp-content\/uploads\/2019\/03\/chucho-azul.png&#8220; _builder_version=&#8220;3.21&#8243; header_level=&#8220;h1&#8243; header_font=&#8220;||||||||&#8220; header_text_align=&#8220;center&#8220; body_font=&#8220;||||||||&#8220; body_text_align=&#8220;center&#8220;]<\/p>\n<p>Eines der wichtigsten Reiseziele zum Tauchen in Lanzarote ist auch der Ort, wo wir unsere erste PADI Tauchschule ge\u00f6ffnet. In Costa Teguise Tauchen wir in Playa del Jablillo, ein Eintauchen einfach und ideal f\u00fcr alle Altersgruppen.<\/p>\n<p>[\/et_pb_blurb][\/et_pb_column][et_pb_column type=&#8220;1_2&#8243; _builder_version=&#8220;3.0.47&#8243;][et_pb_video src=&#8220;https:\/\/youtu.be\/VxK5hmy2Buc&#8220; image_src=&#8220;\/\/i.ytimg.com\/vi\/VxK5hmy2Buc\/hqdefault.jpg&#8220; _builder_version=&#8220;3.21&#8243;][\/et_pb_video][\/et_pb_column][\/et_pb_row][\/et_pb_section][et_pb_section fb_built=&#8220;1&#8243; _builder_version=&#8220;3.21&#8243; custom_padding=&#8220;54px|0px|140px|0px|false|false&#8220;][et_pb_row _builder_version=&#8220;3.0.47&#8243; background_size=&#8220;initial&#8220; background_position=&#8220;top_left&#8220; background_repeat=&#8220;repeat&#8220;][et_pb_column type=&#8220;1_2&#8243; _builder_version=&#8220;3.0.47&#8243;][et_pb_image src=&#8220;https:\/\/nativediving.com\/wp-content\/uploads\/2017\/08\/Playa-del-Jablillo-Buceo-en-Lanzarote.jpg&#8220; show_in_lightbox=&#8220;on&#8220; admin_label=&#8220;Image&#8220; _builder_version=&#8220;3.0.74&#8243; animation_style=&#8220;slide&#8220; animation_direction=&#8220;right&#8220; animation_duration=&#8220;500ms&#8220; animation_intensity_slide=&#8220;10%&#8220; animation=&#8220;right&#8220;][\/et_pb_image][\/et_pb_column][et_pb_column type=&#8220;1_2&#8243; _builder_version=&#8220;3.0.47&#8243;][et_pb_cta title=&#8220;PLAYA DEL JABLILLO&#8220; button_url=&#8220;#&#8220; admin_label=&#8220;Call To Action&#8220; _builder_version=&#8220;3.21&#8243; use_background_color=&#8220;off&#8220; background_size=&#8220;initial&#8220; background_position=&#8220;top_left&#8220; background_repeat=&#8220;repeat&#8220; background_layout=&#8220;light&#8220; button_text_size__hover_enabled=&#8220;off&#8220; button_one_text_size__hover_enabled=&#8220;off&#8220; button_two_text_size__hover_enabled=&#8220;off&#8220; button_text_color__hover_enabled=&#8220;off&#8220; button_one_text_color__hover_enabled=&#8220;off&#8220; button_two_text_color__hover_enabled=&#8220;off&#8220; button_border_width__hover_enabled=&#8220;off&#8220; button_one_border_width__hover_enabled=&#8220;off&#8220; button_two_border_width__hover_enabled=&#8220;off&#8220; button_border_color__hover_enabled=&#8220;off&#8220; button_one_border_color__hover_enabled=&#8220;off&#8220; button_two_border_color__hover_enabled=&#8220;off&#8220; button_border_radius__hover_enabled=&#8220;off&#8220; button_one_border_radius__hover_enabled=&#8220;off&#8220; button_two_border_radius__hover_enabled=&#8220;off&#8220; button_letter_spacing__hover_enabled=&#8220;off&#8220; button_one_letter_spacing__hover_enabled=&#8220;off&#8220; button_two_letter_spacing__hover_enabled=&#8220;off&#8220; button_bg_color__hover_enabled=&#8220;off&#8220; button_one_bg_color__hover_enabled=&#8220;off&#8220; button_two_bg_color__hover_enabled=&#8220;off&#8220;]<\/p>\n<p>Unsere Schnuppertauchg\u00e4nge machen wir direkt am Strand von Native Diving, in Jablillo Strand. Mit einer maximelen Tiefe von 5 metern, kristallklarem Wasser, vielen Fischen und reicher Fauna ist dieser Tauchplatz ideal f\u00fcr Anf\u00e4ngertauchkurse und Auffrischungskurse. Anf\u00e4ngerniveau.<\/p>\n<p>[\/et_pb_cta][\/et_pb_column][\/et_pb_row][\/et_pb_section]<\/p>\n","protected":false},"excerpt":{"rendered":"<p>Eines der wichtigsten Reiseziele zum Tauchen in Lanzarote ist auch der Ort, wo wir unsere erste PADI Tauchschule ge\u00f6ffnet. In Costa Teguise Tauchen wir in Playa del Jablillo, ein Eintauchen einfach und ideal f\u00fcr alle Altersgruppen.Unsere Schnuppertauchg\u00e4nge machen wir direkt am Strand von Native Diving, in Jablillo Strand. Mit einer maximelen Tiefe von 5 metern, [&hellip;]<\/p>\n","protected":false},"author":4,"featured_media":0,"parent":5947,"menu_order":0,"comment_status":"closed","ping_status":"closed","template":"","meta":{"_et_pb_use_builder":"on","_et_pb_old_content":"","_et_gb_content_width":"","footnotes":""},"yoast_head":"<!-- This site is optimized with the Yoast SEO plugin v22.2 - https:\/\/yoast.com\/wordpress\/plugins\/seo\/ -->\n<title>Tauchen in Lanzarote | Native Diving<\/title>\n<meta name=\"robots\" content=\"index, follow, max-snippet:-1, max-image-preview:large, max-video-preview:-1\" \/>\n<link rel=\"canonical\" href=\"https:\/\/nativediving.com\/de\/tauchen-lanzarote\/costa-teguise\/\" \/>\n<meta property=\"og:locale\" content=\"de_DE\" \/>\n<meta property=\"og:type\" content=\"article\" \/>\n<meta property=\"og:title\" content=\"Tauchen in Lanzarote | Native Diving\" \/>\n<meta property=\"og:description\" content=\"Eines der wichtigsten Reiseziele zum Tauchen in Lanzarote ist auch der Ort, wo wir unsere erste PADI Tauchschule ge\u00f6ffnet. In Costa Teguise Tauchen wir in Playa del Jablillo, ein Eintauchen einfach und ideal f\u00fcr alle Altersgruppen.Unsere Schnuppertauchg\u00e4nge machen wir direkt am Strand von Native Diving, in Jablillo Strand. Mit einer maximelen Tiefe von 5 metern, [&hellip;]\" \/>\n<meta property=\"og:url\" content=\"https:\/\/nativediving.com\/de\/tauchen-lanzarote\/costa-teguise\/\" \/>\n<meta property=\"og:site_name\" content=\"Native Diving\" \/>\n<meta property=\"article:publisher\" content=\"https:\/\/www.facebook.com\/Native.Diving.Lanzarote\" \/>\n<meta property=\"article:modified_time\" content=\"2019-03-27T09:11:49+00:00\" \/>\n<meta name=\"twitter:label1\" content=\"Gesch\u00e4tzte Lesezeit\" \/>\n\t<meta name=\"twitter:data1\" content=\"2 Minuten\" \/>\n<script type=\"application\/ld+json\" class=\"yoast-schema-graph\">{\"@context\":\"https:\/\/schema.org\",\"@graph\":[{\"@type\":\"WebPage\",\"@id\":\"https:\/\/nativediving.com\/de\/tauchen-lanzarote\/costa-teguise\/\",\"url\":\"https:\/\/nativediving.com\/de\/tauchen-lanzarote\/costa-teguise\/\",\"name\":\"Tauchen in Lanzarote | Native Diving\",\"isPartOf\":{\"@id\":\"https:\/\/nativediving.com\/#website\"},\"datePublished\":\"2016-06-29T10:40:50+00:00\",\"dateModified\":\"2019-03-27T09:11:49+00:00\",\"breadcrumb\":{\"@id\":\"https:\/\/nativediving.com\/de\/tauchen-lanzarote\/costa-teguise\/#breadcrumb\"},\"inLanguage\":\"de-DE\",\"potentialAction\":[{\"@type\":\"ReadAction\",\"target\":[\"https:\/\/nativediving.com\/de\/tauchen-lanzarote\/costa-teguise\/\"]}]},{\"@type\":\"BreadcrumbList\",\"@id\":\"https:\/\/nativediving.com\/de\/tauchen-lanzarote\/costa-teguise\/#breadcrumb\",\"itemListElement\":[{\"@type\":\"ListItem\",\"position\":1,\"name\":\"Escuela de buceo\",\"item\":\"https:\/\/nativediving.com\/de\/\"},{\"@type\":\"ListItem\",\"position\":2,\"name\":\"Tauchen Lanzarote\",\"item\":\"https:\/\/nativediving.com\/de\/tauchen-lanzarote\/\"},{\"@type\":\"ListItem\",\"position\":3,\"name\":\"Costa Teguise\"}]},{\"@type\":\"WebSite\",\"@id\":\"https:\/\/nativediving.com\/#website\",\"url\":\"https:\/\/nativediving.com\/\",\"name\":\"Native Diving\",\"description\":\"Centro de buceo SSI y PADI en Lanzarote\",\"publisher\":{\"@id\":\"https:\/\/nativediving.com\/#organization\"},\"potentialAction\":[{\"@type\":\"SearchAction\",\"target\":{\"@type\":\"EntryPoint\",\"urlTemplate\":\"https:\/\/nativediving.com\/?s={search_term_string}\"},\"query-input\":\"required name=search_term_string\"}],\"inLanguage\":\"de-DE\"},{\"@type\":\"Organization\",\"@id\":\"https:\/\/nativediving.com\/#organization\",\"name\":\"Native Diving Lanzarote\",\"url\":\"https:\/\/nativediving.com\/\",\"logo\":{\"@type\":\"ImageObject\",\"inLanguage\":\"de-DE\",\"@id\":\"https:\/\/nativediving.com\/#\/schema\/logo\/image\/\",\"url\":\"https:\/\/nativediving.com\/wp-content\/uploads\/2017\/11\/Escudo_NativeDiving_Azul.png\",\"contentUrl\":\"https:\/\/nativediving.com\/wp-content\/uploads\/2017\/11\/Escudo_NativeDiving_Azul.png\",\"width\":3295,\"height\":2480,\"caption\":\"Native Diving Lanzarote\"},\"image\":{\"@id\":\"https:\/\/nativediving.com\/#\/schema\/logo\/image\/\"},\"sameAs\":[\"https:\/\/www.facebook.com\/Native.Diving.Lanzarote\",\"https:\/\/twitter.com\/nativedivingLZ\",\"https:\/\/www.youtube.com\/c\/NativeDivingLanzaroteBuceo\"]}]}<\/script>\n<!-- \/ Yoast SEO plugin. -->","yoast_head_json":{"title":"Tauchen in Lanzarote | Native Diving","robots":{"index":"index","follow":"follow","max-snippet":"max-snippet:-1","max-image-preview":"max-image-preview:large","max-video-preview":"max-video-preview:-1"},"canonical":"https:\/\/nativediving.com\/de\/tauchen-lanzarote\/costa-teguise\/","og_locale":"de_DE","og_type":"article","og_title":"Tauchen in Lanzarote | Native Diving","og_description":"Eines der wichtigsten Reiseziele zum Tauchen in Lanzarote ist auch der Ort, wo wir unsere erste PADI Tauchschule ge\u00f6ffnet. In Costa Teguise Tauchen wir in Playa del Jablillo, ein Eintauchen einfach und ideal f\u00fcr alle Altersgruppen.Unsere Schnuppertauchg\u00e4nge machen wir direkt am Strand von Native Diving, in Jablillo Strand. Mit einer maximelen Tiefe von 5 metern, [&hellip;]","og_url":"https:\/\/nativediving.com\/de\/tauchen-lanzarote\/costa-teguise\/","og_site_name":"Native Diving","article_publisher":"https:\/\/www.facebook.com\/Native.Diving.Lanzarote","article_modified_time":"2019-03-27T09:11:49+00:00","twitter_misc":{"Gesch\u00e4tzte Lesezeit":"2 Minuten"},"schema":{"@context":"https:\/\/schema.org","@graph":[{"@type":"WebPage","@id":"https:\/\/nativediving.com\/de\/tauchen-lanzarote\/costa-teguise\/","url":"https:\/\/nativediving.com\/de\/tauchen-lanzarote\/costa-teguise\/","name":"Tauchen in Lanzarote | Native Diving","isPartOf":{"@id":"https:\/\/nativediving.com\/#website"},"datePublished":"2016-06-29T10:40:50+00:00","dateModified":"2019-03-27T09:11:49+00:00","breadcrumb":{"@id":"https:\/\/nativediving.com\/de\/tauchen-lanzarote\/costa-teguise\/#breadcrumb"},"inLanguage":"de-DE","potentialAction":[{"@type":"ReadAction","target":["https:\/\/nativediving.com\/de\/tauchen-lanzarote\/costa-teguise\/"]}]},{"@type":"BreadcrumbList","@id":"https:\/\/nativediving.com\/de\/tauchen-lanzarote\/costa-teguise\/#breadcrumb","itemListElement":[{"@type":"ListItem","position":1,"name":"Escuela de buceo","item":"https:\/\/nativediving.com\/de\/"},{"@type":"ListItem","position":2,"name":"Tauchen Lanzarote","item":"https:\/\/nativediving.com\/de\/tauchen-lanzarote\/"},{"@type":"ListItem","position":3,"name":"Costa Teguise"}]},{"@type":"WebSite","@id":"https:\/\/nativediving.com\/#website","url":"https:\/\/nativediving.com\/","name":"Native Diving","description":"Centro de buceo SSI y PADI en Lanzarote","publisher":{"@id":"https:\/\/nativediving.com\/#organization"},"potentialAction":[{"@type":"SearchAction","target":{"@type":"EntryPoint","urlTemplate":"https:\/\/nativediving.com\/?s={search_term_string}"},"query-input":"required name=search_term_string"}],"inLanguage":"de-DE"},{"@type":"Organization","@id":"https:\/\/nativediving.com\/#organization","name":"Native Diving Lanzarote","url":"https:\/\/nativediving.com\/","logo":{"@type":"ImageObject","inLanguage":"de-DE","@id":"https:\/\/nativediving.com\/#\/schema\/logo\/image\/","url":"https:\/\/nativediving.com\/wp-content\/uploads\/2017\/11\/Escudo_NativeDiving_Azul.png","contentUrl":"https:\/\/nativediving.com\/wp-content\/uploads\/2017\/11\/Escudo_NativeDiving_Azul.png","width":3295,"height":2480,"caption":"Native Diving Lanzarote"},"image":{"@id":"https:\/\/nativediving.com\/#\/schema\/logo\/image\/"},"sameAs":["https:\/\/www.facebook.com\/Native.Diving.Lanzarote","https:\/\/twitter.com\/nativedivingLZ","https:\/\/www.youtube.com\/c\/NativeDivingLanzaroteBuceo"]}]}},"_links":{"self":[{"href":"https:\/\/nativediving.com\/de\/wp-json\/wp\/v2\/pages\/5972"}],"collection":[{"href":"https:\/\/nativediving.com\/de\/wp-json\/wp\/v2\/pages"}],"about":[{"href":"https:\/\/nativediving.com\/de\/wp-json\/wp\/v2\/types\/page"}],"author":[{"embeddable":true,"href":"https:\/\/nativediving.com\/de\/wp-json\/wp\/v2\/users\/4"}],"replies":[{"embeddable":true,"href":"https:\/\/nativediving.com\/de\/wp-json\/wp\/v2\/comments?post=5972"}],"version-history":[{"count":0,"href":"https:\/\/nativediving.com\/de\/wp-json\/wp\/v2\/pages\/5972\/revisions"}],"up":[{"embeddable":true,"href":"https:\/\/nativediving.com\/de\/wp-json\/wp\/v2\/pages\/5947"}],"wp:attachment":[{"href":"https:\/\/nativediving.com\/de\/wp-json\/wp\/v2\/media?parent=5972"}],"curies":[{"name":"wp","href":"https:\/\/api.w.org\/{rel}","templated":true}]}}