{"id":217987,"date":"2024-01-08T17:09:18","date_gmt":"2024-01-08T17:09:18","guid":{"rendered":"https:\/\/nativediving.com\/cursos-buceo\/"},"modified":"2024-01-16T11:01:25","modified_gmt":"2024-01-16T11:01:25","slug":"kurse-zum-tauchen","status":"publish","type":"page","link":"https:\/\/nativediving.com\/de\/kurse-zum-tauchen\/","title":{"rendered":"Tauchkurse"},"content":{"rendered":"<p>[et_pb_section fb_built=&#8220;1&#8243; _builder_version=&#8220;4.21.0&#8243; _module_preset=&#8220;default&#8220; min_height=&#8220;156.3px&#8220; custom_margin=&#8220;||0px||false|false&#8220; custom_padding=&#8220;0px||0px||false|false&#8220; global_colors_info=&#8220;{}&#8220;][et_pb_row _builder_version=&#8220;4.21.0&#8243; _module_preset=&#8220;default&#8220; custom_margin=&#8220;30px||||false|false&#8220; custom_padding=&#8220;||7px|||&#8220; global_colors_info=&#8220;{}&#8220;][et_pb_column type=&#8220;4_4&#8243; _builder_version=&#8220;4.19.1&#8243; _module_preset=&#8220;default&#8220; global_colors_info=&#8220;{}&#8220;][et_pb_text _builder_version=&#8220;4.21.0&#8243; _module_preset=&#8220;default&#8220; header_text_color=&#8220;#144168&#8243; text_orientation=&#8220;center&#8220; hover_enabled=&#8220;0&#8243; global_colors_info=&#8220;{}&#8220; sticky_enabled=&#8220;0&#8243;]<\/p>\n<h1>TAUCHKURSE<\/h1>\n<p>[\/et_pb_text][\/et_pb_column][\/et_pb_row][et_pb_row _builder_version=&#8220;4.19.1&#8243; _module_preset=&#8220;default&#8220; global_colors_info=&#8220;{}&#8220;][et_pb_column type=&#8220;4_4&#8243; _builder_version=&#8220;4.19.1&#8243; _module_preset=&#8220;default&#8220; global_colors_info=&#8220;{}&#8220;][et_pb_text _builder_version=&#8220;4.21.0&#8243; _module_preset=&#8220;default&#8220; text_orientation=&#8220;center&#8220; hover_enabled=&#8220;0&#8243; global_colors_info=&#8220;{}&#8220; sticky_enabled=&#8220;0&#8243;]<\/p>\n<p><b>Erforsche die faszinierende Unterwasserwelt in den spannenden Tauchkursen von Nativediving Lanzarote!<\/b><\/p>\n<p>Seit 1999 widmet sich Nativediving Lanzarote der Ausbildung von Tauchern und bringt Menschen jeden Alters und jeder k\u00f6rperlichen Verfassung die Wunder des Ozeans n\u00e4her. Unser Ziel ist es, Ihnen bei jedem Tauchgang unvergessliche und sichere Erlebnisse zu bieten.<\/p>\n<p>[\/et_pb_text][\/et_pb_column][\/et_pb_row][\/et_pb_section][et_pb_section fb_built=&#8220;1&#8243; _builder_version=&#8220;4.21.0&#8243; _module_preset=&#8220;default&#8220; custom_margin=&#8220;0px||||false|false&#8220; custom_padding=&#8220;0px||||false|false&#8220; global_colors_info=&#8220;{}&#8220;][et_pb_row column_structure=&#8220;1_2,1_2&#8243; _builder_version=&#8220;4.21.0&#8243; _module_preset=&#8220;default&#8220; global_colors_info=&#8220;{}&#8220;][et_pb_column type=&#8220;1_2&#8243; _builder_version=&#8220;4.19.1&#8243; _module_preset=&#8220;default&#8220; global_colors_info=&#8220;{}&#8220;][et_pb_image src=&#8220;https:\/\/nativediving.com\/wp-content\/uploads\/2023\/05\/GOPR7974-scaled-e1684009889539.jpg&#8220; _builder_version=&#8220;4.21.0&#8243; _module_preset=&#8220;default&#8220; global_colors_info=&#8220;{}&#8220;][\/et_pb_image][\/et_pb_column][et_pb_column type=&#8220;1_2&#8243; _builder_version=&#8220;4.19.1&#8243; _module_preset=&#8220;default&#8220; global_colors_info=&#8220;{}&#8220;][et_pb_text _builder_version=&#8220;4.21.0&#8243; _module_preset=&#8220;default&#8220; hover_enabled=&#8220;0&#8243; global_colors_info=&#8220;{}&#8220; sticky_enabled=&#8220;0&#8243;]<\/p>\n<h2>Breite Palette an Tauchkursen<\/h2>\n<p>Wir bieten eine breite Palette von Tauchkursen auf verschiedenen Niveaus an, die von den besten Zertifizierungsstellen der Welt wie SSI oder PADI anerkannt werden. Wir arbeiten mit hochqualifizierten und erfahrenen Tauchlehrern zusammen, die sich daf\u00fcr einsetzen, das Wissen und die F\u00e4higkeiten zu vermitteln, die notwendig sind, um die Tiefsee auf sichere, respektvolle und verantwortungsvolle Weise zu erkunden.<\/p>\n<h3 style=\"padding-top: 25px;\">Bei Nativediving Lanzarote verf\u00fcgen wir \u00fcber die modernste Ausr\u00fcstung, um Ihren Komfort und Ihre Sicherheit w\u00e4hrend aller Tauchg\u00e4nge zu gew\u00e4hrleisten.<\/h3>\n<p>[\/et_pb_text][\/et_pb_column][\/et_pb_row][et_pb_row column_structure=&#8220;1_2,1_2&#8243; _builder_version=&#8220;4.21.0&#8243; _module_preset=&#8220;default&#8220; global_colors_info=&#8220;{}&#8220;][et_pb_column type=&#8220;1_2&#8243; _builder_version=&#8220;4.19.1&#8243; _module_preset=&#8220;default&#8220; global_colors_info=&#8220;{}&#8220;][et_pb_text _builder_version=&#8220;4.21.0&#8243; _module_preset=&#8220;default&#8220; hover_enabled=&#8220;0&#8243; global_colors_info=&#8220;{}&#8220; sticky_enabled=&#8220;0&#8243;]<\/p>\n<p>Barrierefreiheit ist f\u00fcr unsere Schule von grundlegender Bedeutung. Deshalb sind wir stolz darauf, Aktivit\u00e4ten anbieten zu k\u00f6nnen, die speziell auf Menschen mit eingeschr\u00e4nkter Mobilit\u00e4t zugeschnitten sind und ihnen die M\u00f6glichkeit geben, die Magie des Tauchens unter gleichen Bedingungen zu genie\u00dfen.<\/p>\n<p>Wir wissen, wie wichtig es ist, sich wohl und verstanden zu f\u00fchlen. Deshalb betreuen wir Sie bei Nativediving Lanzarote in Ihrer Sprache und bieten Ihnen vom ersten Kontakt an einen pers\u00f6nlichen und freundlichen Service.<\/p>\n<p>Wir sind nicht nur stolz auf unsere Erfahrung und Professionalit\u00e4t, sondern auch auf die Zufriedenheit unserer Kunden. Unser Engagement f\u00fcr Qualit\u00e4t spiegelt sich in den ausgezeichneten Kritiken und Bewertungen wider, die wir von denjenigen erhalten haben, die uns bei der Entdeckung der Unterwasserwelt vertraut haben.<\/p>\n<p>[\/et_pb_text][\/et_pb_column][et_pb_column type=&#8220;1_2&#8243; _builder_version=&#8220;4.19.1&#8243; _module_preset=&#8220;default&#8220; global_colors_info=&#8220;{}&#8220;][et_pb_image src=&#8220;https:\/\/nativediving.com\/wp-content\/uploads\/2023\/05\/GOPR1802.jpg&#8220; _builder_version=&#8220;4.21.0&#8243; _module_preset=&#8220;default&#8220; global_colors_info=&#8220;{}&#8220;][\/et_pb_image][\/et_pb_column][\/et_pb_row][et_pb_row column_structure=&#8220;1_2,1_2&#8243; _builder_version=&#8220;4.21.0&#8243; _module_preset=&#8220;default&#8220; background_color=&#8220;#f8f8f8&#8243; global_colors_info=&#8220;{}&#8220;][et_pb_column type=&#8220;1_2&#8243; _builder_version=&#8220;4.19.1&#8243; _module_preset=&#8220;default&#8220; global_colors_info=&#8220;{}&#8220;][et_pb_button button_url=&#8220;\/de\/ssi-tauchkurse&#8220; button_text=&#8220;Entdecken Sie unsere SSI-Kurse&#8220; button_alignment=&#8220;center&#8220; _builder_version=&#8220;4.21.0&#8243; _module_preset=&#8220;default&#8220; custom_button=&#8220;on&#8220; button_text_color=&#8220;#FFFFFF&#8220; hover_enabled=&#8220;0&#8243; global_colors_info=&#8220;{}&#8220; sticky_enabled=&#8220;0&#8243;][\/et_pb_button][\/et_pb_column][et_pb_column type=&#8220;1_2&#8243; _builder_version=&#8220;4.19.1&#8243; _module_preset=&#8220;default&#8220; global_colors_info=&#8220;{}&#8220;][et_pb_button button_url=&#8220;\/de\/padi-tauchkurse&#8220; button_text=&#8220;Entdecken Sie unsere PADI-Kurse&#8220; button_alignment=&#8220;center&#8220; _builder_version=&#8220;4.21.0&#8243; _module_preset=&#8220;default&#8220; custom_button=&#8220;on&#8220; button_text_color=&#8220;#FFFFFF&#8220; hover_enabled=&#8220;0&#8243; global_colors_info=&#8220;{}&#8220; sticky_enabled=&#8220;0&#8243;][\/et_pb_button][\/et_pb_column][\/et_pb_row][et_pb_row _builder_version=&#8220;4.21.0&#8243; _module_preset=&#8220;default&#8220; global_colors_info=&#8220;{}&#8220;][et_pb_column type=&#8220;4_4&#8243; _builder_version=&#8220;4.19.1&#8243; _module_preset=&#8220;default&#8220; global_colors_info=&#8220;{}&#8220;][et_pb_text _builder_version=&#8220;4.21.0&#8243; _module_preset=&#8220;default&#8220; text_orientation=&#8220;center&#8220; hover_enabled=&#8220;0&#8243; global_colors_info=&#8220;{}&#8220; sticky_enabled=&#8220;0&#8243;]<\/p>\n<h4>Sie sind sich nicht sicher, welchen Kurs Sie w\u00e4hlen sollen?<\/h4>\n<p><a href=\"\/de\/kontakt\">Setzen Sie sich mit uns in Verbindung<\/a> und wir werden Ihnen den f\u00fcr Sie am besten geeigneten Kurs empfehlen.<\/p>\n<p>Tauche mit nativediving.com und erlebe eine einzigartige und aufregende Erfahrung unter dem Meer! Warten Sie nicht l\u00e4nger und entdecken Sie die faszinierende Welt des Tauchens mit uns!<\/p>\n<p>[\/et_pb_text][\/et_pb_column][\/et_pb_row][\/et_pb_section]<\/p>\n","protected":false},"excerpt":{"rendered":"<p>TAUCHKURSEErforsche die faszinierende Unterwasserwelt in den spannenden Tauchkursen von Nativediving Lanzarote! Seit 1999 widmet sich Nativediving Lanzarote der Ausbildung von Tauchern und bringt Menschen jeden Alters und jeder k\u00f6rperlichen Verfassung die Wunder des Ozeans n\u00e4her. Unser Ziel ist es, Ihnen bei jedem Tauchgang unvergessliche und sichere Erlebnisse zu bieten.Breite Palette an Tauchkursen Wir bieten eine [&hellip;]<\/p>\n","protected":false},"author":4,"featured_media":0,"parent":0,"menu_order":0,"comment_status":"closed","ping_status":"closed","template":"","meta":{"_et_pb_use_builder":"on","_et_pb_old_content":"[et_pb_section fb_built=\"1\" _builder_version=\"4.16\" global_colors_info=\"{}\"][et_pb_row column_structure=\"1_3,1_3,1_3\" _builder_version=\"4.19.1\" _module_preset=\"default\" global_colors_info=\"{}\"][et_pb_column type=\"1_3\" _builder_version=\"4.19.1\" _module_preset=\"default\" global_colors_info=\"{}\"][et_pb_image src=\"https:\/\/nativediving.com\/wp-content\/uploads\/2022\/11\/Centro-de-Buceo-en-Costa-Teguise-Lanzarote.jpg\" alt=\"Centro de Buceo en Costa Teguise, Lanzarote\" title_text=\"Centro de Buceo en Costa Teguise, Lanzarote\" disabled_on=\"off|off|off\" _builder_version=\"4.19.1\" _module_preset=\"default\" global_colors_info=\"{}\"][\/et_pb_image][\/et_pb_column][et_pb_column type=\"1_3\" _builder_version=\"4.19.1\" _module_preset=\"default\" global_colors_info=\"{}\"][et_pb_image src=\"https:\/\/nativediving.com\/wp-content\/uploads\/2022\/11\/291575350_460372846088526_5434387003260458_n-300x257.jpg\" align=\"center\" _builder_version=\"4.19.1\" _module_preset=\"default\" global_colors_info=\"{}\"][\/et_pb_image][\/et_pb_column][et_pb_column type=\"1_3\" _builder_version=\"4.19.1\" _module_preset=\"default\" global_colors_info=\"{}\"][et_pb_image src=\"https:\/\/nativediving.com\/wp-content\/uploads\/2022\/11\/spa-dr.-fish-e1669241442759.jpg\" title_text=\"FISH SPA LANZAROTE\" align=\"center\" _builder_version=\"4.19.1\" _module_preset=\"default\" width=\"82%\" global_colors_info=\"{}\"][\/et_pb_image][\/et_pb_column][\/et_pb_row][\/et_pb_section][et_pb_section fb_built=\"1\" _builder_version=\"4.19.1\" _module_preset=\"default\" min_height=\"156.3px\" custom_padding=\"0px|||||\" global_colors_info=\"{}\"][et_pb_row _builder_version=\"4.19.1\" _module_preset=\"default\" custom_padding=\"||7px|||\" global_colors_info=\"{}\"][et_pb_column type=\"4_4\" _builder_version=\"4.19.1\" _module_preset=\"default\" global_colors_info=\"{}\"][et_pb_text _builder_version=\"4.19.1\" _module_preset=\"default\" header_text_color=\"#144168\" text_orientation=\"center\" global_colors_info=\"{}\"]<h1>FISH SPA LANZAROTE<\/h1>[\/et_pb_text][\/et_pb_column][\/et_pb_row][et_pb_row _builder_version=\"4.19.1\" _module_preset=\"default\" global_colors_info=\"{}\"][et_pb_column type=\"4_4\" _builder_version=\"4.19.1\" _module_preset=\"default\" global_colors_info=\"{}\"][et_pb_text _builder_version=\"4.19.1\" _module_preset=\"default\" global_colors_info=\"{}\"]<h2>\u00bfQu\u00e9 es la Ictioterapia?<\/h2>\r\n<p>Consiste en poner los pies dentro de una pecera llena de peces garra rufas o peces doctor mientras contemplan las vista de la Playa del Jablillo. Estas especies acu\u00e1ticas succionan las c\u00e9lulas muertas que puedan estar en nuestro pie, dejando la piel m\u00e1s tersa y suave.<\/p>[\/et_pb_text][et_pb_text _builder_version=\"4.19.1\" _module_preset=\"default\" global_colors_info=\"{}\"]<h2>\u00bfPor qu\u00e9 elegir Fish Spa Lanzarote en Costa Teguise?<\/h2>\r\n<p>Estamos situados en primera l\u00ednea de mar, frente a la Playa del Jablillo, con unas vistas increibles y somos\u00a0 el \u00fanico centro de Ictioterapia de Lanzarote.<\/p>\r\n<p>Solo tienes que venir y dejarte mimar por el doctor Fish.<\/p>[\/et_pb_text][et_pb_text _builder_version=\"4.19.1\" _module_preset=\"default\" text_orientation=\"center\" custom_padding=\"63px|||||\" global_colors_info=\"{}\"]<h3>INFORMACI\u00d3N<\/h3>\r\n<p><strong>HORARIO<\/strong>: 08:30 am a 17:00h pm.<br \/>No necesitan reservar.<br \/><strong>IMPORTANTE<\/strong>:<br \/>No pueden realizar la terapia personas que tengan hongos, heridas o enfermedades de la piel.<br \/><strong>PRECIO<\/strong>:<br \/>9.50 \u20ac 15 minutos<br \/>10 \u20ac 40 minutos<\/p>[\/et_pb_text][\/et_pb_column][\/et_pb_row][\/et_pb_section][et_pb_section fb_built=\"1\" _builder_version=\"4.19.1\" _module_preset=\"default\" global_colors_info=\"{}\"][et_pb_row column_structure=\"1_2,1_2\" _builder_version=\"4.19.1\" _module_preset=\"default\" global_colors_info=\"{}\"][et_pb_column type=\"1_2\" _builder_version=\"4.19.1\" _module_preset=\"default\" global_colors_info=\"{}\"][et_pb_blurb title=\"\u00bfPara qu\u00e9 sirve la ictioterapia?\" image=\"https:\/\/nativediving.com\/wp-content\/uploads\/2022\/11\/277096607_7199784576762551_5936505148004450905_n-300x224.jpg\" _builder_version=\"4.19.1\" _module_preset=\"default\" header_text_align=\"center\" text_orientation=\"center\" global_colors_info=\"{}\"]<p>Este m\u00e9todo se utiliza principalmente para limpiar las pieles muertas de los pies. Se considera por tanto b\u00e1sicamente como un tratamiento de est\u00e9tica. Tras cuatro o cinco sesiones, estos se suavizan de forma espectacular, incluidos los callos y las durezas. Mejora las heridas ya cicatrizadas y es muy beneficioso para la<strong><span style=\"color: #000000;\"> psoriasis<\/span><\/strong>, ya que ayuda a regenerar las zonas da\u00f1adas con muy buenos resultados. En algunos pa\u00edses, como Holanda o Alemania, se utiliza como tratamiento terap\u00e9utico para estos casos e incluso se incluye en algunos seguros m\u00e9dicos.<\/p>\r\n<p>Por otro lado mejora tambi\u00e9n la circulaci\u00f3n sangu\u00ednea perif\u00e9rica, ya que los peces efect\u00faan un peque\u00f1o masaje, dando a su vez con un agradable cosquilleo una sensaci\u00f3n de bienestar y relajaci\u00f3n.<\/p>[\/et_pb_blurb][\/et_pb_column][et_pb_column type=\"1_2\" _builder_version=\"4.19.1\" _module_preset=\"default\" global_colors_info=\"{}\"][et_pb_blurb title=\"\u00bfQui\u00e9n es el Doctor pez Garra Rufa?\" image=\"https:\/\/nativediving.com\/wp-content\/uploads\/2022\/11\/248016634_6440261259381557_8252495385632614439_n-1-300x224.jpg\" _builder_version=\"4.19.1\" _module_preset=\"default\" header_text_align=\"center\" text_orientation=\"center\" global_colors_info=\"{}\"]<p>Este es el nombre cient\u00edfico de este peque\u00f1o pez con aspecto de anfibio que vive en aguas semic\u00e1lidas de las cuencas de algunos r\u00edos de Eurasia, especialmente en Turqu\u00eda.<\/p>\r\n<p>Los ejemplares que suelen utilizarse miden entre tres y seis cent\u00edmetros (alcanzan los diez y doce en la madurez). No tienen dientes, s\u00f3lo succionan, por lo que no pueden producir heridas. Adem\u00e1s tienen una sustancia curativa, una enzima llamada dithranol, que en ocasiones se usa como ingrediente en algunas cremas regeneradoras, especialmente para la psoriasis.<\/p>[\/et_pb_blurb][\/et_pb_column][\/et_pb_row][et_pb_row column_structure=\"1_3,1_3,1_3\" _builder_version=\"4.19.1\" _module_preset=\"default\" hover_enabled=\"0\" global_colors_info=\"{}\" sticky_enabled=\"0\"][et_pb_column type=\"1_3\" _builder_version=\"4.19.1\" _module_preset=\"default\" global_colors_info=\"{}\"][et_pb_image src=\"https:\/\/nativediving.com\/wp-content\/uploads\/2022\/11\/272281256_6880615082012837_8965081906392670656_n-224x300.jpg\" _builder_version=\"4.19.1\" _module_preset=\"default\" hover_enabled=\"0\" global_colors_info=\"{}\" align=\"center\" sticky_enabled=\"0\"][\/et_pb_image][\/et_pb_column][et_pb_column type=\"1_3\" _builder_version=\"4.19.1\" _module_preset=\"default\" global_colors_info=\"{}\"][et_pb_image src=\"https:\/\/nativediving.com\/wp-content\/uploads\/2022\/11\/248161417_6325388344202183_1871060505886271877_n-Copy-224x300.jpg\" _builder_version=\"4.19.1\" _module_preset=\"default\" global_colors_info=\"{}\" align=\"center\"][\/et_pb_image][\/et_pb_column][et_pb_column type=\"1_3\" _builder_version=\"4.19.1\" _module_preset=\"default\" global_colors_info=\"{}\"][et_pb_image src=\"https:\/\/nativediving.com\/wp-content\/uploads\/2022\/11\/277108036_7199784923429183_90176330513109501_n-1-224x300.jpg\" _builder_version=\"4.19.1\" _module_preset=\"default\" global_colors_info=\"{}\" align=\"center\"][\/et_pb_image][\/et_pb_column][\/et_pb_row][et_pb_row column_structure=\"1_3,1_3,1_3\" _builder_version=\"4.19.1\" _module_preset=\"default\" global_colors_info=\"{}\"][et_pb_column type=\"1_3\" _builder_version=\"4.19.1\" _module_preset=\"default\" global_colors_info=\"{}\"][et_pb_image src=\"https:\/\/nativediving.com\/wp-content\/uploads\/2022\/11\/spa-dr.-fish-300x225.jpg\" _builder_version=\"4.19.1\" _module_preset=\"default\" global_colors_info=\"{}\" align=\"center\"][\/et_pb_image][\/et_pb_column][et_pb_column type=\"1_3\" _builder_version=\"4.19.1\" _module_preset=\"default\" global_colors_info=\"{}\"][et_pb_image src=\"https:\/\/nativediving.com\/wp-content\/uploads\/2022\/11\/253381356_6393178687423148_4396096199814203136_n-300x224.jpg\" _builder_version=\"4.19.1\" _module_preset=\"default\" global_colors_info=\"{}\" align=\"center\"][\/et_pb_image][\/et_pb_column][et_pb_column type=\"1_3\" _builder_version=\"4.19.1\" _module_preset=\"default\" global_colors_info=\"{}\"][et_pb_image src=\"https:\/\/nativediving.com\/wp-content\/uploads\/2022\/11\/descarga.jpeg\" title_text=\"descarga\" _builder_version=\"4.19.1\" _module_preset=\"default\" global_colors_info=\"{}\" align=\"center\"][\/et_pb_image][\/et_pb_column][\/et_pb_row][\/et_pb_section]","_et_gb_content_width":"","footnotes":""},"yoast_head":"<!-- This site is optimized with the Yoast SEO plugin v22.2 - https:\/\/yoast.com\/wordpress\/plugins\/seo\/ -->\n<title>Tauchkurse - Native Diving<\/title>\n<meta name=\"robots\" content=\"index, follow, max-snippet:-1, max-image-preview:large, max-video-preview:-1\" \/>\n<link rel=\"canonical\" href=\"https:\/\/nativediving.com\/de\/kurse-zum-tauchen\/\" \/>\n<meta property=\"og:locale\" content=\"de_DE\" \/>\n<meta property=\"og:type\" content=\"article\" \/>\n<meta property=\"og:title\" content=\"Tauchkurse - Native Diving\" \/>\n<meta property=\"og:description\" content=\"TAUCHKURSEErforsche die faszinierende Unterwasserwelt in den spannenden Tauchkursen von Nativediving Lanzarote! Seit 1999 widmet sich Nativediving Lanzarote der Ausbildung von Tauchern und bringt Menschen jeden Alters und jeder k\u00f6rperlichen Verfassung die Wunder des Ozeans n\u00e4her. Unser Ziel ist es, Ihnen bei jedem Tauchgang unvergessliche und sichere Erlebnisse zu bieten.Breite Palette an Tauchkursen Wir bieten eine [&hellip;]\" \/>\n<meta property=\"og:url\" content=\"https:\/\/nativediving.com\/de\/kurse-zum-tauchen\/\" \/>\n<meta property=\"og:site_name\" content=\"Native Diving\" \/>\n<meta property=\"article:publisher\" content=\"https:\/\/www.facebook.com\/Native.Diving.Lanzarote\" \/>\n<meta property=\"article:modified_time\" content=\"2024-01-16T11:01:25+00:00\" \/>\n<meta name=\"twitter:label1\" content=\"Gesch\u00e4tzte Lesezeit\" \/>\n\t<meta name=\"twitter:data1\" content=\"2 Minuten\" \/>\n<script type=\"application\/ld+json\" class=\"yoast-schema-graph\">{\"@context\":\"https:\/\/schema.org\",\"@graph\":[{\"@type\":\"WebPage\",\"@id\":\"https:\/\/nativediving.com\/de\/kurse-zum-tauchen\/\",\"url\":\"https:\/\/nativediving.com\/de\/kurse-zum-tauchen\/\",\"name\":\"Tauchkurse - Native Diving\",\"isPartOf\":{\"@id\":\"https:\/\/nativediving.com\/#website\"},\"datePublished\":\"2024-01-08T17:09:18+00:00\",\"dateModified\":\"2024-01-16T11:01:25+00:00\",\"breadcrumb\":{\"@id\":\"https:\/\/nativediving.com\/de\/kurse-zum-tauchen\/#breadcrumb\"},\"inLanguage\":\"de-DE\",\"potentialAction\":[{\"@type\":\"ReadAction\",\"target\":[\"https:\/\/nativediving.com\/de\/kurse-zum-tauchen\/\"]}]},{\"@type\":\"BreadcrumbList\",\"@id\":\"https:\/\/nativediving.com\/de\/kurse-zum-tauchen\/#breadcrumb\",\"itemListElement\":[{\"@type\":\"ListItem\",\"position\":1,\"name\":\"Escuela de buceo\",\"item\":\"https:\/\/nativediving.com\/de\/\"},{\"@type\":\"ListItem\",\"position\":2,\"name\":\"Tauchkurse\"}]},{\"@type\":\"WebSite\",\"@id\":\"https:\/\/nativediving.com\/#website\",\"url\":\"https:\/\/nativediving.com\/\",\"name\":\"Native Diving\",\"description\":\"Centro de buceo SSI y PADI en Lanzarote\",\"publisher\":{\"@id\":\"https:\/\/nativediving.com\/#organization\"},\"potentialAction\":[{\"@type\":\"SearchAction\",\"target\":{\"@type\":\"EntryPoint\",\"urlTemplate\":\"https:\/\/nativediving.com\/?s={search_term_string}\"},\"query-input\":\"required name=search_term_string\"}],\"inLanguage\":\"de-DE\"},{\"@type\":\"Organization\",\"@id\":\"https:\/\/nativediving.com\/#organization\",\"name\":\"Native Diving Lanzarote\",\"url\":\"https:\/\/nativediving.com\/\",\"logo\":{\"@type\":\"ImageObject\",\"inLanguage\":\"de-DE\",\"@id\":\"https:\/\/nativediving.com\/#\/schema\/logo\/image\/\",\"url\":\"https:\/\/nativediving.com\/wp-content\/uploads\/2017\/11\/Escudo_NativeDiving_Azul.png\",\"contentUrl\":\"https:\/\/nativediving.com\/wp-content\/uploads\/2017\/11\/Escudo_NativeDiving_Azul.png\",\"width\":3295,\"height\":2480,\"caption\":\"Native Diving Lanzarote\"},\"image\":{\"@id\":\"https:\/\/nativediving.com\/#\/schema\/logo\/image\/\"},\"sameAs\":[\"https:\/\/www.facebook.com\/Native.Diving.Lanzarote\",\"https:\/\/twitter.com\/nativedivingLZ\",\"https:\/\/www.youtube.com\/c\/NativeDivingLanzaroteBuceo\"]}]}<\/script>\n<!-- \/ Yoast SEO plugin. -->","yoast_head_json":{"title":"Tauchkurse - Native Diving","robots":{"index":"index","follow":"follow","max-snippet":"max-snippet:-1","max-image-preview":"max-image-preview:large","max-video-preview":"max-video-preview:-1"},"canonical":"https:\/\/nativediving.com\/de\/kurse-zum-tauchen\/","og_locale":"de_DE","og_type":"article","og_title":"Tauchkurse - Native Diving","og_description":"TAUCHKURSEErforsche die faszinierende Unterwasserwelt in den spannenden Tauchkursen von Nativediving Lanzarote! Seit 1999 widmet sich Nativediving Lanzarote der Ausbildung von Tauchern und bringt Menschen jeden Alters und jeder k\u00f6rperlichen Verfassung die Wunder des Ozeans n\u00e4her. Unser Ziel ist es, Ihnen bei jedem Tauchgang unvergessliche und sichere Erlebnisse zu bieten.Breite Palette an Tauchkursen Wir bieten eine [&hellip;]","og_url":"https:\/\/nativediving.com\/de\/kurse-zum-tauchen\/","og_site_name":"Native Diving","article_publisher":"https:\/\/www.facebook.com\/Native.Diving.Lanzarote","article_modified_time":"2024-01-16T11:01:25+00:00","twitter_misc":{"Gesch\u00e4tzte Lesezeit":"2 Minuten"},"schema":{"@context":"https:\/\/schema.org","@graph":[{"@type":"WebPage","@id":"https:\/\/nativediving.com\/de\/kurse-zum-tauchen\/","url":"https:\/\/nativediving.com\/de\/kurse-zum-tauchen\/","name":"Tauchkurse - Native Diving","isPartOf":{"@id":"https:\/\/nativediving.com\/#website"},"datePublished":"2024-01-08T17:09:18+00:00","dateModified":"2024-01-16T11:01:25+00:00","breadcrumb":{"@id":"https:\/\/nativediving.com\/de\/kurse-zum-tauchen\/#breadcrumb"},"inLanguage":"de-DE","potentialAction":[{"@type":"ReadAction","target":["https:\/\/nativediving.com\/de\/kurse-zum-tauchen\/"]}]},{"@type":"BreadcrumbList","@id":"https:\/\/nativediving.com\/de\/kurse-zum-tauchen\/#breadcrumb","itemListElement":[{"@type":"ListItem","position":1,"name":"Escuela de buceo","item":"https:\/\/nativediving.com\/de\/"},{"@type":"ListItem","position":2,"name":"Tauchkurse"}]},{"@type":"WebSite","@id":"https:\/\/nativediving.com\/#website","url":"https:\/\/nativediving.com\/","name":"Native Diving","description":"Centro de buceo SSI y PADI en Lanzarote","publisher":{"@id":"https:\/\/nativediving.com\/#organization"},"potentialAction":[{"@type":"SearchAction","target":{"@type":"EntryPoint","urlTemplate":"https:\/\/nativediving.com\/?s={search_term_string}"},"query-input":"required name=search_term_string"}],"inLanguage":"de-DE"},{"@type":"Organization","@id":"https:\/\/nativediving.com\/#organization","name":"Native Diving Lanzarote","url":"https:\/\/nativediving.com\/","logo":{"@type":"ImageObject","inLanguage":"de-DE","@id":"https:\/\/nativediving.com\/#\/schema\/logo\/image\/","url":"https:\/\/nativediving.com\/wp-content\/uploads\/2017\/11\/Escudo_NativeDiving_Azul.png","contentUrl":"https:\/\/nativediving.com\/wp-content\/uploads\/2017\/11\/Escudo_NativeDiving_Azul.png","width":3295,"height":2480,"caption":"Native Diving Lanzarote"},"image":{"@id":"https:\/\/nativediving.com\/#\/schema\/logo\/image\/"},"sameAs":["https:\/\/www.facebook.com\/Native.Diving.Lanzarote","https:\/\/twitter.com\/nativedivingLZ","https:\/\/www.youtube.com\/c\/NativeDivingLanzaroteBuceo"]}]}},"_links":{"self":[{"href":"https:\/\/nativediving.com\/de\/wp-json\/wp\/v2\/pages\/217987"}],"collection":[{"href":"https:\/\/nativediving.com\/de\/wp-json\/wp\/v2\/pages"}],"about":[{"href":"https:\/\/nativediving.com\/de\/wp-json\/wp\/v2\/types\/page"}],"author":[{"embeddable":true,"href":"https:\/\/nativediving.com\/de\/wp-json\/wp\/v2\/users\/4"}],"replies":[{"embeddable":true,"href":"https:\/\/nativediving.com\/de\/wp-json\/wp\/v2\/comments?post=217987"}],"version-history":[{"count":3,"href":"https:\/\/nativediving.com\/de\/wp-json\/wp\/v2\/pages\/217987\/revisions"}],"predecessor-version":[{"id":217991,"href":"https:\/\/nativediving.com\/de\/wp-json\/wp\/v2\/pages\/217987\/revisions\/217991"}],"wp:attachment":[{"href":"https:\/\/nativediving.com\/de\/wp-json\/wp\/v2\/media?parent=217987"}],"curies":[{"name":"wp","href":"https:\/\/api.w.org\/{rel}","templated":true}]}}