{"id":217382,"date":"2023-05-09T17:25:44","date_gmt":"2023-05-09T17:25:44","guid":{"rendered":"https:\/\/nativediving.com\/?page_id=217382"},"modified":"2024-12-02T17:02:31","modified_gmt":"2024-12-02T17:02:31","slug":"super-snorkel","status":"publish","type":"page","link":"https:\/\/nativediving.com\/de\/super-snorkel\/","title":{"rendered":"Super Snorkel"},"content":{"rendered":"<p>[et_pb_section fb_built=&#8220;1&#8243; _builder_version=&#8220;4.21.0&#8243; _module_preset=&#8220;default&#8220; background_image=&#8220;https:\/\/nativediving.com\/wp-content\/uploads\/2023\/05\/hero-nuevo.jpg&#8220; min_height=&#8220;550px&#8220; global_colors_info=&#8220;{}&#8220;][et_pb_row _builder_version=&#8220;4.20.4&#8243; _module_preset=&#8220;default&#8220; global_colors_info=&#8220;{}&#8220;][et_pb_column type=&#8220;4_4&#8243; _builder_version=&#8220;4.20.4&#8243; _module_preset=&#8220;default&#8220; global_colors_info=&#8220;{}&#8220;][et_pb_post_title meta=&#8220;off&#8220; featured_image=&#8220;off&#8220; text_color=&#8220;light&#8220; _builder_version=&#8220;4.20.4&#8243; _module_preset=&#8220;default&#8220; title_text_color=&#8220;#FFFFFF&#8220; title_font_size=&#8220;45px&#8220; custom_margin=&#8220;180px||||false|false&#8220; global_colors_info=&#8220;{}&#8220;][\/et_pb_post_title][\/et_pb_column][\/et_pb_row][\/et_pb_section][et_pb_section fb_built=&#8220;1&#8243; _builder_version=&#8220;4.20.4&#8243; _module_preset=&#8220;default&#8220; global_colors_info=&#8220;{}&#8220;][et_pb_row _builder_version=&#8220;4.20.4&#8243; _module_preset=&#8220;default&#8220; global_colors_info=&#8220;{}&#8220;][et_pb_column type=&#8220;4_4&#8243; _builder_version=&#8220;4.20.4&#8243; _module_preset=&#8220;default&#8220; global_colors_info=&#8220;{}&#8220;][et_pb_text _builder_version=&#8220;4.20.4&#8243; _module_preset=&#8220;default&#8220; text_font_size=&#8220;18px&#8220; global_colors_info=&#8220;{}&#8220;]<\/p>\n<h2 style=\"text-align: center;\">Was ist Super Snorkel?<\/h2>\n<p style=\"text-align: center;\"><span style=\"font-weight: 400;\">Eine Mischung aus Tauchen und Schnorcheln. Sie brauchen keine Flasche auf dem R\u00fccken zu tragen und k\u00f6nnen schnorcheln oder tauchen, wie Sie wollen.<\/span><\/p>\n<p style=\"text-align: center;\"><span style=\"font-weight: 600; font-size: 24px;\">*<b>Sie m\u00fcssen nur schwimmen k\u00f6nnen<\/b>*.<\/span><\/p>\n<p>[\/et_pb_text][et_pb_image src=&#8220;https:\/\/nativediving.com\/wp-content\/uploads\/2023\/05\/logo-super-snorkel.jpg&#8220; title_text=&#8220;logo-super-snorkel&#8220; align=&#8220;center&#8220; align_tablet=&#8220;center&#8220; align_phone=&#8220;center&#8220; align_last_edited=&#8220;on|desktop&#8220; _builder_version=&#8220;4.21.0&#8243; _module_preset=&#8220;default&#8220; width=&#8220;30%&#8220; width_tablet=&#8220;100%&#8220; width_phone=&#8220;100%&#8220; width_last_edited=&#8220;on|phone&#8220; global_colors_info=&#8220;{}&#8220;][\/et_pb_image][et_pb_divider show_divider=&#8220;off&#8220; _builder_version=&#8220;4.20.4&#8243; _module_preset=&#8220;default&#8220; global_colors_info=&#8220;{}&#8220;][\/et_pb_divider][et_pb_gallery gallery_ids=&#8220;217306,217311,217316,217321,217326,217331,217336,217341&#8243; posts_number=&#8220;8&#8243; orientation=&#8220;portrait&#8220; show_title_and_caption=&#8220;off&#8220; show_pagination=&#8220;off&#8220; _builder_version=&#8220;4.21.0&#8243; _module_preset=&#8220;default&#8220; custom_margin=&#8220;||||false|false&#8220; global_colors_info=&#8220;{}&#8220;][\/et_pb_gallery][\/et_pb_column][\/et_pb_row][et_pb_row column_structure=&#8220;1_2,1_2&#8243; _builder_version=&#8220;4.21.0&#8243; _module_preset=&#8220;default&#8220; custom_margin=&#8220;40px||||false|false&#8220; global_colors_info=&#8220;{}&#8220;][et_pb_column type=&#8220;1_2&#8243; _builder_version=&#8220;4.20.4&#8243; _module_preset=&#8220;default&#8220; global_colors_info=&#8220;{}&#8220;][et_pb_text module_class=&#8220;.texto-snorkel&#8220; _builder_version=&#8220;4.21.0&#8243; _module_preset=&#8220;default&#8220; text_text_color=&#8220;#FFFFFF&#8220; text_font_size=&#8220;18px&#8220; text_line_height=&#8220;2em&#8220; header_text_color=&#8220;#FFFFFF&#8220; background_color=&#8220;#2ea3f2&#8243; min_height=&#8220;500px&#8220; custom_padding=&#8220;40px|40px|40px|40px|false|false&#8220; global_colors_info=&#8220;{}&#8220;]<\/p>\n<h2 style=\"text-align: left; margin-bottom: 20px; line-height: 1.4;\"><span style=\"color: #ffffff;\"><b>Woraus besteht Super Snorkel?<\/b><\/span><b><\/b><\/h2>\n<ul>\n<li style=\"font-weight: 400; text-align: left;\" aria-level=\"1\">\n<p>Entdecken Sie die Magie der Unterwasserwelt: Schnorchel- und Tauchabenteuer<\/p>\n<p>Begeben Sie sich auf ein aufregendes Unterwasserabenteuer, das Schnorcheln und Tauchen kombiniert und f\u00fcr alle geeignet ist, die schwimmen k\u00f6nnen. Wir stellen Ihnen die gesamte erforderliche Ausr\u00fcstung zur Verf\u00fcgung: Taucherbrille, Schnorchel, Flossen und Neoprenanzug. Au\u00dferdem verf\u00fcgen Sie \u00fcber eine innovative tragbare Luftflasche, mit der Sie 10 Minuten lang die Tiefen erkunden k\u00f6nnen, ohne zum Atmen an die Oberfl\u00e4che kommen zu m\u00fcssen.<\/p>\n<p>Das ganze Erlebnis wird von einem professionellen Tauchlehrer begleitet, so dass Ihre Sicherheit und Ihr Vergn\u00fcgen zu jeder Zeit gew\u00e4hrleistet sind. Tauchen Sie und entdecken Sie die atemberaubende Sch\u00f6nheit der Unterwasserwelt, die voller Leben und erstaunlicher Farben ist. Die Aktivit\u00e4t findet in einer maximalen Tiefe von 5 Metern statt und dauert 1 Stunde.<\/p>\n<p>Kommen Sie zu uns und erleben Sie ein unvergessliches Abenteuer unter dem Meer!<\/p>\n<p>&nbsp;<\/p>\n<\/li>\n<\/ul>\n<p>[\/et_pb_text][\/et_pb_column][et_pb_column type=&#8220;1_2&#8243; _builder_version=&#8220;4.20.4&#8243; _module_preset=&#8220;default&#8220; global_colors_info=&#8220;{}&#8220;][et_pb_image src=&#8220;https:\/\/nativediving.com\/wp-content\/uploads\/2023\/04\/imagen-chica.jpg&#8220; title_text=&#8220;imagen-chica&#8220; _builder_version=&#8220;4.21.0&#8243; _module_preset=&#8220;default&#8220; global_colors_info=&#8220;{}&#8220;][\/et_pb_image][\/et_pb_column][\/et_pb_row][et_pb_row column_structure=&#8220;1_2,1_2&#8243; _builder_version=&#8220;4.20.4&#8243; _module_preset=&#8220;default&#8220; custom_margin=&#8220;80px||||false|false&#8220; global_colors_info=&#8220;{}&#8220;][et_pb_column type=&#8220;1_2&#8243; _builder_version=&#8220;4.20.4&#8243; _module_preset=&#8220;default&#8220; global_colors_info=&#8220;{}&#8220;][et_pb_pricing_tables _builder_version=&#8220;4.21.0&#8243; _module_preset=&#8220;default&#8220; global_colors_info=&#8220;{}&#8220;][et_pb_pricing_table title=&#8220;Super Snorkel&#8220; sum=&#8220;60\u20ac&#8220; bullet_color=&#8220;#FFFFFF&#8220; header_background_color=&#8220;#2ea3f2&#8243; _builder_version=&#8220;4.21.0&#8243; _module_preset=&#8220;default&#8220; global_colors_info=&#8220;{}&#8220; sticky_transition=&#8220;on&#8220;]<\/p>\n<p><b>Dauer<\/b><\/p>\n<p>15 Minuten, um das medizinische Formular auszuf\u00fcllen, die Schnorchelausr\u00fcstung zu holen, sich anzuziehen und alles in den Spind zu legen.<\/p>\n<p><span style=\"font-weight: 400;\">10 Min. Erkl\u00e4rung <\/span><\/p>\n<p><span style=\"font-weight: 400;\">5 Min. \u00dcben der Fertigkeiten am Ufer des Strandes.<\/span><\/p>\n<p><span style=\"font-weight: 400;\">40 Min. Rundgang<\/span><\/p>\n<p><b>Was ist inbegriffen?<\/b><\/p>\n<p><span style=\"font-weight: 400;\">Taucherbrille und Schnorchel<br \/><\/span><span style=\"font-weight: 400;\">Neoprenanzug<br \/><\/span>Flossen<br \/>Versicherung f\u00fcr die Aktivit\u00e4t<\/p>\n<p><b>Was m\u00fcssen Sie mitbringen?<\/b><\/p>\n<p><span style=\"font-weight: 400;\">Badeanzug<br \/><\/span>Handtuch<\/p>\n<p><b>Extras<\/b><\/p>\n<p>Foto- und Videobericht 25\u20ac<\/p>\n<p><b>Voraussetzungen: Kenntnisse im Schwimmen.<br \/><\/b><\/p>\n<p><b>Preis:<\/b><\/p>\n<p><span style=\"font-weight: 400;\">60\u20ac Erwachsene<br \/><\/span><span style=\"font-weight: 400;\">50\u20ac Kinder von 8 bis 12 Jahren<br \/><\/span><\/p>\n<p>[\/et_pb_pricing_table][\/et_pb_pricing_tables][\/et_pb_column][et_pb_column type=&#8220;1_2&#8243; _builder_version=&#8220;4.20.4&#8243; _module_preset=&#8220;default&#8220; global_colors_info=&#8220;{}&#8220;][et_pb_text _builder_version=&#8220;4.21.0&#8243; _module_preset=&#8220;default&#8220; global_colors_info=&#8220;{}&#8220;]<\/p>\n<p><strong>Warum Superschnorcheln?<\/strong><br \/>Es ist das perfekte Wassererlebnis f\u00fcr die ganze Familie.<br \/>Sie k\u00f6nnen w\u00e4hlen, ob Sie an der Oberfl\u00e4che oder unter Wasser in bis zu 5 Metern Tiefe schnorcheln m\u00f6chten.<\/p>\n<p>Das Mindestalter betr\u00e4gt 8 Jahre.<\/p>\n<p>Das Programm Super Kids Snorkel ist f\u00fcr Kinder von 4 bis 7 Jahren geeignet (nur an der Oberfl\u00e4che).<\/p>\n<p>Die ganze Familie kann es gleichzeitig machen.<\/p>\n<p>Die maximale Teilnehmerzahl betr\u00e4gt 4 Personen.<\/p>\n<p><strong>Standort<\/strong><br \/>Der Strand von Jablillo ist der beste Strand auf Lanzarote f\u00fcr Superschnorcheln und alle anderen Aktivit\u00e4ten wie Tauchen, Sea Trek oder einfach nur Schnorcheln mit der Familie.<\/p>\n<p>Er hat kristallklares Wasser, goldenen Sand, eine gro\u00dfe Vielfalt an Meeresfauna und ist aufgrund seiner Wellenbrecher sehr ruhig.<\/p>\n<p>[\/et_pb_text][et_pb_gallery gallery_ids=&#8220;217347,217352,217357,217362,217367,217372&#8243; posts_number=&#8220;6&#8243; show_title_and_caption=&#8220;off&#8220; show_pagination=&#8220;off&#8220; _builder_version=&#8220;4.21.0&#8243; _module_preset=&#8220;default&#8220; custom_margin=&#8220;40px||||false|false&#8220; global_colors_info=&#8220;{}&#8220;][\/et_pb_gallery][\/et_pb_column][\/et_pb_row][et_pb_row _builder_version=&#8220;4.21.0&#8243; _module_preset=&#8220;default&#8220; hover_enabled=&#8220;0&#8243; global_colors_info=&#8220;{}&#8220; module_id=&#8220;calendario-reserva&#8220; sticky_enabled=&#8220;0&#8243;][et_pb_column type=&#8220;4_4&#8243; _builder_version=&#8220;4.21.0&#8243; _module_preset=&#8220;default&#8220; global_colors_info=&#8220;{}&#8220;][et_pb_code _builder_version=&#8220;4.21.0&#8243; _module_preset=&#8220;default&#8220; global_colors_info=&#8220;{}&#8220;]<script src=\"https:\/\/fareharbor.com\/embeds\/script\/calendar\/nativediving\/items\/464387\/?fallback=simple&flow=125376\"><\/script>[\/et_pb_code][\/et_pb_column][\/et_pb_row][\/et_pb_section][et_pb_section fb_built=&#8220;1&#8243; fullwidth=&#8220;on&#8220; theme_builder_area=&#8220;post_content&#8220; _builder_version=&#8220;4.21.0&#8243; _module_preset=&#8220;default&#8220;][et_pb_fullwidth_code _builder_version=&#8220;4.21.0&#8243; _module_preset=&#8220;default&#8220; theme_builder_area=&#8220;post_content&#8220; hover_enabled=&#8220;0&#8243; sticky_enabled=&#8220;0&#8243;]<a class=\"btn-calendario\" href=\"#calendario-reserva\">Jetzt buchen<\/a>[\/et_pb_fullwidth_code][\/et_pb_section]<\/p>\n","protected":false},"excerpt":{"rendered":"<p>Was ist Super Snorkel? Eine Mischung aus Tauchen und Schnorcheln. Sie brauchen keine Flasche auf dem R\u00fccken zu tragen und k\u00f6nnen schnorcheln oder tauchen, wie Sie wollen. *Sie m\u00fcssen nur schwimmen k\u00f6nnen*. Woraus besteht Super Snorkel? Entdecken Sie die Magie der Unterwasserwelt: Schnorchel- und Tauchabenteuer Begeben Sie sich auf ein aufregendes Unterwasserabenteuer, das Schnorcheln und [&hellip;]<\/p>\n","protected":false},"author":5,"featured_media":0,"parent":0,"menu_order":0,"comment_status":"closed","ping_status":"closed","template":"","meta":{"_et_pb_use_builder":"on","_et_pb_old_content":"","_et_gb_content_width":"","footnotes":""},"yoast_head":"<!-- This site is optimized with the Yoast SEO plugin v22.2 - https:\/\/yoast.com\/wordpress\/plugins\/seo\/ -->\n<title>Super Snorkel - Native Diving<\/title>\n<meta name=\"robots\" content=\"index, follow, max-snippet:-1, max-image-preview:large, max-video-preview:-1\" \/>\n<link rel=\"canonical\" href=\"https:\/\/nativediving.com\/de\/super-snorkel\/\" \/>\n<meta property=\"og:locale\" content=\"de_DE\" \/>\n<meta property=\"og:type\" content=\"article\" \/>\n<meta property=\"og:title\" content=\"Super Snorkel - Native Diving\" \/>\n<meta property=\"og:description\" content=\"Was ist Super Snorkel? Eine Mischung aus Tauchen und Schnorcheln. Sie brauchen keine Flasche auf dem R\u00fccken zu tragen und k\u00f6nnen schnorcheln oder tauchen, wie Sie wollen. *Sie m\u00fcssen nur schwimmen k\u00f6nnen*. Woraus besteht Super Snorkel? Entdecken Sie die Magie der Unterwasserwelt: Schnorchel- und Tauchabenteuer Begeben Sie sich auf ein aufregendes Unterwasserabenteuer, das Schnorcheln und [&hellip;]\" \/>\n<meta property=\"og:url\" content=\"https:\/\/nativediving.com\/de\/super-snorkel\/\" \/>\n<meta property=\"og:site_name\" content=\"Native Diving\" \/>\n<meta property=\"article:publisher\" content=\"https:\/\/www.facebook.com\/Native.Diving.Lanzarote\" \/>\n<meta property=\"article:modified_time\" content=\"2024-12-02T17:02:31+00:00\" \/>\n<meta name=\"twitter:label1\" content=\"Gesch\u00e4tzte Lesezeit\" \/>\n\t<meta name=\"twitter:data1\" content=\"5 Minuten\" \/>\n<script type=\"application\/ld+json\" class=\"yoast-schema-graph\">{\"@context\":\"https:\/\/schema.org\",\"@graph\":[{\"@type\":\"WebPage\",\"@id\":\"https:\/\/nativediving.com\/de\/super-snorkel\/\",\"url\":\"https:\/\/nativediving.com\/de\/super-snorkel\/\",\"name\":\"Super Snorkel - Native Diving\",\"isPartOf\":{\"@id\":\"https:\/\/nativediving.com\/#website\"},\"datePublished\":\"2023-05-09T17:25:44+00:00\",\"dateModified\":\"2024-12-02T17:02:31+00:00\",\"breadcrumb\":{\"@id\":\"https:\/\/nativediving.com\/de\/super-snorkel\/#breadcrumb\"},\"inLanguage\":\"de-DE\",\"potentialAction\":[{\"@type\":\"ReadAction\",\"target\":[\"https:\/\/nativediving.com\/de\/super-snorkel\/\"]}]},{\"@type\":\"BreadcrumbList\",\"@id\":\"https:\/\/nativediving.com\/de\/super-snorkel\/#breadcrumb\",\"itemListElement\":[{\"@type\":\"ListItem\",\"position\":1,\"name\":\"Escuela de buceo\",\"item\":\"https:\/\/nativediving.com\/de\/\"},{\"@type\":\"ListItem\",\"position\":2,\"name\":\"Super Snorkel\"}]},{\"@type\":\"WebSite\",\"@id\":\"https:\/\/nativediving.com\/#website\",\"url\":\"https:\/\/nativediving.com\/\",\"name\":\"Native Diving\",\"description\":\"Centro de buceo SSI y PADI en Lanzarote\",\"publisher\":{\"@id\":\"https:\/\/nativediving.com\/#organization\"},\"potentialAction\":[{\"@type\":\"SearchAction\",\"target\":{\"@type\":\"EntryPoint\",\"urlTemplate\":\"https:\/\/nativediving.com\/?s={search_term_string}\"},\"query-input\":\"required name=search_term_string\"}],\"inLanguage\":\"de-DE\"},{\"@type\":\"Organization\",\"@id\":\"https:\/\/nativediving.com\/#organization\",\"name\":\"Native Diving Lanzarote\",\"url\":\"https:\/\/nativediving.com\/\",\"logo\":{\"@type\":\"ImageObject\",\"inLanguage\":\"de-DE\",\"@id\":\"https:\/\/nativediving.com\/#\/schema\/logo\/image\/\",\"url\":\"https:\/\/nativediving.com\/wp-content\/uploads\/2017\/11\/Escudo_NativeDiving_Azul.png\",\"contentUrl\":\"https:\/\/nativediving.com\/wp-content\/uploads\/2017\/11\/Escudo_NativeDiving_Azul.png\",\"width\":3295,\"height\":2480,\"caption\":\"Native Diving Lanzarote\"},\"image\":{\"@id\":\"https:\/\/nativediving.com\/#\/schema\/logo\/image\/\"},\"sameAs\":[\"https:\/\/www.facebook.com\/Native.Diving.Lanzarote\",\"https:\/\/twitter.com\/nativedivingLZ\",\"https:\/\/www.youtube.com\/c\/NativeDivingLanzaroteBuceo\"]}]}<\/script>\n<!-- \/ Yoast SEO plugin. -->","yoast_head_json":{"title":"Super Snorkel - Native Diving","robots":{"index":"index","follow":"follow","max-snippet":"max-snippet:-1","max-image-preview":"max-image-preview:large","max-video-preview":"max-video-preview:-1"},"canonical":"https:\/\/nativediving.com\/de\/super-snorkel\/","og_locale":"de_DE","og_type":"article","og_title":"Super Snorkel - Native Diving","og_description":"Was ist Super Snorkel? Eine Mischung aus Tauchen und Schnorcheln. Sie brauchen keine Flasche auf dem R\u00fccken zu tragen und k\u00f6nnen schnorcheln oder tauchen, wie Sie wollen. *Sie m\u00fcssen nur schwimmen k\u00f6nnen*. Woraus besteht Super Snorkel? Entdecken Sie die Magie der Unterwasserwelt: Schnorchel- und Tauchabenteuer Begeben Sie sich auf ein aufregendes Unterwasserabenteuer, das Schnorcheln und [&hellip;]","og_url":"https:\/\/nativediving.com\/de\/super-snorkel\/","og_site_name":"Native Diving","article_publisher":"https:\/\/www.facebook.com\/Native.Diving.Lanzarote","article_modified_time":"2024-12-02T17:02:31+00:00","twitter_misc":{"Gesch\u00e4tzte Lesezeit":"5 Minuten"},"schema":{"@context":"https:\/\/schema.org","@graph":[{"@type":"WebPage","@id":"https:\/\/nativediving.com\/de\/super-snorkel\/","url":"https:\/\/nativediving.com\/de\/super-snorkel\/","name":"Super Snorkel - Native Diving","isPartOf":{"@id":"https:\/\/nativediving.com\/#website"},"datePublished":"2023-05-09T17:25:44+00:00","dateModified":"2024-12-02T17:02:31+00:00","breadcrumb":{"@id":"https:\/\/nativediving.com\/de\/super-snorkel\/#breadcrumb"},"inLanguage":"de-DE","potentialAction":[{"@type":"ReadAction","target":["https:\/\/nativediving.com\/de\/super-snorkel\/"]}]},{"@type":"BreadcrumbList","@id":"https:\/\/nativediving.com\/de\/super-snorkel\/#breadcrumb","itemListElement":[{"@type":"ListItem","position":1,"name":"Escuela de buceo","item":"https:\/\/nativediving.com\/de\/"},{"@type":"ListItem","position":2,"name":"Super Snorkel"}]},{"@type":"WebSite","@id":"https:\/\/nativediving.com\/#website","url":"https:\/\/nativediving.com\/","name":"Native Diving","description":"Centro de buceo SSI y PADI en Lanzarote","publisher":{"@id":"https:\/\/nativediving.com\/#organization"},"potentialAction":[{"@type":"SearchAction","target":{"@type":"EntryPoint","urlTemplate":"https:\/\/nativediving.com\/?s={search_term_string}"},"query-input":"required name=search_term_string"}],"inLanguage":"de-DE"},{"@type":"Organization","@id":"https:\/\/nativediving.com\/#organization","name":"Native Diving Lanzarote","url":"https:\/\/nativediving.com\/","logo":{"@type":"ImageObject","inLanguage":"de-DE","@id":"https:\/\/nativediving.com\/#\/schema\/logo\/image\/","url":"https:\/\/nativediving.com\/wp-content\/uploads\/2017\/11\/Escudo_NativeDiving_Azul.png","contentUrl":"https:\/\/nativediving.com\/wp-content\/uploads\/2017\/11\/Escudo_NativeDiving_Azul.png","width":3295,"height":2480,"caption":"Native Diving Lanzarote"},"image":{"@id":"https:\/\/nativediving.com\/#\/schema\/logo\/image\/"},"sameAs":["https:\/\/www.facebook.com\/Native.Diving.Lanzarote","https:\/\/twitter.com\/nativedivingLZ","https:\/\/www.youtube.com\/c\/NativeDivingLanzaroteBuceo"]}]}},"_links":{"self":[{"href":"https:\/\/nativediving.com\/de\/wp-json\/wp\/v2\/pages\/217382"}],"collection":[{"href":"https:\/\/nativediving.com\/de\/wp-json\/wp\/v2\/pages"}],"about":[{"href":"https:\/\/nativediving.com\/de\/wp-json\/wp\/v2\/types\/page"}],"author":[{"embeddable":true,"href":"https:\/\/nativediving.com\/de\/wp-json\/wp\/v2\/users\/5"}],"replies":[{"embeddable":true,"href":"https:\/\/nativediving.com\/de\/wp-json\/wp\/v2\/comments?post=217382"}],"version-history":[{"count":2,"href":"https:\/\/nativediving.com\/de\/wp-json\/wp\/v2\/pages\/217382\/revisions"}],"predecessor-version":[{"id":218353,"href":"https:\/\/nativediving.com\/de\/wp-json\/wp\/v2\/pages\/217382\/revisions\/218353"}],"wp:attachment":[{"href":"https:\/\/nativediving.com\/de\/wp-json\/wp\/v2\/media?parent=217382"}],"curies":[{"name":"wp","href":"https:\/\/api.w.org\/{rel}","templated":true}]}}