{"id":216622,"date":"2022-11-21T13:21:07","date_gmt":"2022-11-21T13:21:07","guid":{"rendered":"https:\/\/nativediving.com\/?page_id=216622"},"modified":"2022-11-21T13:21:33","modified_gmt":"2022-11-21T13:21:33","slug":"fish-spa-lanzarote","status":"publish","type":"page","link":"https:\/\/nativediving.com\/de\/fish-spa-lanzarote\/","title":{"rendered":"FISH SPA LANZAROTE"},"content":{"rendered":"<p>[et_pb_section fb_built=&#8220;1&#8243; fullwidth=&#8220;on&#8220; disabled_on=&#8220;off|off|off&#8220; _builder_version=&#8220;4.16&#8243; global_colors_info=&#8220;{}&#8220;][et_pb_fullwidth_image src=&#8220;https:\/\/nativediving.com\/wp-content\/uploads\/2022\/11\/ESCUELA-WEB-Copy.jpg&#8220; _builder_version=&#8220;4.19.0&#8243; _module_preset=&#8220;default&#8220; global_colors_info=&#8220;{}&#8220;][\/et_pb_fullwidth_image][\/et_pb_section][et_pb_section fb_built=&#8220;1&#8243; _builder_version=&#8220;4.16&#8243; background_image=&#8220;https:\/\/nativediving.com\/wp-content\/uploads\/2017\/09\/bubbles2.png&#8220; background_size=&#8220;contain&#8220; background_position=&#8220;center_left&#8220; global_colors_info=&#8220;{}&#8220;][et_pb_row _builder_version=&#8220;4.19.1&#8243; background_size=&#8220;initial&#8220; background_position=&#8220;top_left&#8220; background_repeat=&#8220;repeat&#8220; hover_enabled=&#8220;0&#8243; global_colors_info=&#8220;{}&#8220; custom_margin=&#8220;|-181px|-26px|674px|false|false&#8220; sticky_enabled=&#8220;0&#8243;][et_pb_column type=&#8220;4_4&#8243; _builder_version=&#8220;4.16&#8243; custom_padding=&#8220;|||&#8220; global_colors_info=&#8220;{}&#8220; custom_padding__hover=&#8220;|||&#8220;][et_pb_image src=&#8220;https:\/\/nativediving.com\/wp-content\/uploads\/2022\/11\/291575350_460372846088526_5434387003260458_n-300&#215;257.jpg&#8220; _builder_version=&#8220;4.19.1&#8243; _module_preset=&#8220;default&#8220; hover_enabled=&#8220;0&#8243; sticky_enabled=&#8220;0&#8243;][\/et_pb_image][\/et_pb_column][\/et_pb_row][\/et_pb_section][et_pb_section fb_built=&#8220;1&#8243; _builder_version=&#8220;4.16&#8243; custom_padding=&#8220;||0px|||&#8220; global_colors_info=&#8220;{}&#8220;][et_pb_row _builder_version=&#8220;4.16&#8243; background_size=&#8220;initial&#8220; background_position=&#8220;top_left&#8220; background_repeat=&#8220;repeat&#8220; global_colors_info=&#8220;{}&#8220;][et_pb_column type=&#8220;4_4&#8243; _builder_version=&#8220;4.16&#8243; custom_padding=&#8220;|||&#8220; global_colors_info=&#8220;{}&#8220; custom_padding__hover=&#8220;|||&#8220;][et_pb_blurb title=&#8220;TAUCHSCHULE&#8220; icon_placement=&#8220;left&#8220; _builder_version=&#8220;4.19.1&#8243; header_level=&#8220;h2&#8243; header_font=&#8220;||||||||&#8220; header_text_align=&#8220;left&#8220; header_text_color=&#8220;#002C5B&#8220; header_font_size=&#8220;22px&#8220; body_text_align=&#8220;left&#8220; background_size=&#8220;initial&#8220; background_position=&#8220;top_left&#8220; background_repeat=&#8220;repeat&#8220; text_orientation=&#8220;center&#8220; hover_enabled=&#8220;0&#8243; global_colors_info=&#8220;{}&#8220; sticky_enabled=&#8220;0&#8243;]<\/p>\n<p><strong>Warum Fish Spa Lanzarote in Costa Teguise w\u00e4hlen?<\/strong><\/p>\n<p>Wir befinden uns an der Strandpromenade gegen\u00fcber dem Jablillo-Strand, mit einer unglaublichen Aussicht, und wir sind das einzige Ikthyotherapiezentrum auf Lanzarote.<br \/>Kommen Sie einfach und lassen Sie sich von Dr. Fish verw\u00f6hnen.<\/p>\n<p><strong>Was ist Ikthyotherapie?<\/strong><\/p>\n<p>Dabei tauchen Sie Ihre F\u00fc\u00dfe in ein Aquarium voller Ruffa-Klauenfische oder Doktorfische, w\u00e4hrend Sie den Blick auf den Strand von Jablillo genie\u00dfen. Diese Wassertiere saugen die abgestorbenen Zellen an unseren F\u00fc\u00dfen ab, wodurch die Haut glatter und weicher wird.<\/p>\n<p>[\/et_pb_blurb][\/et_pb_column][\/et_pb_row][et_pb_row _builder_version=&#8220;4.19.1&#8243; _module_preset=&#8220;default&#8220; column_structure=&#8220;1_2,1_2&#8243;][et_pb_column _builder_version=&#8220;4.19.1&#8243; _module_preset=&#8220;default&#8220; type=&#8220;1_2&#8243;][et_pb_blurb title=&#8220;Wozu dient die Ichthyotherapie?&#8220; image=&#8220;https:\/\/nativediving.com\/wp-content\/uploads\/2022\/11\/277096607_7199784576762551_5936505148004450905_n-300&#215;224.jpg&#8220; _builder_version=&#8220;4.19.1&#8243; _module_preset=&#8220;default&#8220; hover_enabled=&#8220;0&#8243; sticky_enabled=&#8220;0&#8243;]<\/p>\n<p>Diese Methode wird haupts\u00e4chlich zur Reinigung der F\u00fc\u00dfe von abgestorbener Haut verwendet. Es handelt sich also im Wesentlichen um eine kosmetische Behandlung. Nach vier oder f\u00fcnf Sitzungen sind die F\u00fc\u00dfe deutlich weicher, einschlie\u00dflich H\u00fchneraugen und Schwielen. Es verbessert bereits verheilte Wunden und ist sehr vorteilhaft bei Schuppenflechte, da es hilft, die gesch\u00e4digten Bereiche mit sehr guten Ergebnissen zu regenerieren. In einigen L\u00e4ndern, z. B. in den Niederlanden oder in Deutschland, wird sie als therapeutische Behandlung f\u00fcr diese F\u00e4lle eingesetzt und ist sogar in einigen Krankenversicherungspolicen enthalten.<\/p>\n<p>Andererseits verbessert es auch die periphere Durchblutung, da die Fische eine kleine Massage durchf\u00fchren, die wiederum ein angenehmes Kribbeln des Wohlbefindens und der Entspannung hervorruft.<\/p>\n<p>[\/et_pb_blurb][\/et_pb_column][et_pb_column _builder_version=&#8220;4.19.1&#8243; _module_preset=&#8220;default&#8220; type=&#8220;1_2&#8243;][et_pb_blurb title=&#8220;Wer ist der Garra Rufa Doktorfisch?&#8220; image=&#8220;https:\/\/nativediving.com\/wp-content\/uploads\/2022\/11\/248016634_6440261259381557_8252495385632614439_n-1-300&#215;224.jpg&#8220; _builder_version=&#8220;4.19.1&#8243; _module_preset=&#8220;default&#8220; hover_enabled=&#8220;0&#8243; sticky_enabled=&#8220;0&#8243;]<\/p>\n<p>Dies ist der wissenschaftliche Name dieses kleinen, amphibien\u00e4hnlichen Fisches, der in den halbwarmen Gew\u00e4ssern einiger Flussgebiete Eurasiens, insbesondere in der T\u00fcrkei, lebt.<\/p>\n<p>Die in der Regel verwendeten Exemplare messen zwischen drei und sechs Zentimetern (und erreichen in der Reifezeit zehn bis zw\u00f6lf Zentimeter). Sie haben keine Z\u00e4hne, sondern saugen nur, so dass sie keine Wunden verursachen k\u00f6nnen. Sie enthalten auch eine heilende Substanz, ein Enzym namens Dithranol, das manchmal als Bestandteil einiger regenerierender Cremes verwendet wird, insbesondere bei Psoriasis.<\/p>\n<p>[\/et_pb_blurb][\/et_pb_column][\/et_pb_row][et_pb_row _builder_version=&#8220;4.19.1&#8243; _module_preset=&#8220;default&#8220; column_structure=&#8220;1_4,1_4,1_4,1_4&#8243;][et_pb_column _builder_version=&#8220;4.19.1&#8243; _module_preset=&#8220;default&#8220; type=&#8220;1_4&#8243;][et_pb_image src=&#8220;https:\/\/nativediving.com\/wp-content\/uploads\/2022\/11\/272281256_6880615082012837_8965081906392670656_n-224&#215;300.jpg&#8220; _builder_version=&#8220;4.19.1&#8243; _module_preset=&#8220;default&#8220; hover_enabled=&#8220;0&#8243; sticky_enabled=&#8220;0&#8243;][\/et_pb_image][\/et_pb_column][et_pb_column _builder_version=&#8220;4.19.1&#8243; _module_preset=&#8220;default&#8220; type=&#8220;1_4&#8243;][et_pb_image src=&#8220;https:\/\/nativediving.com\/wp-content\/uploads\/2022\/11\/248161417_6325388344202183_1871060505886271877_n-Copy-224&#215;300.jpg&#8220; _builder_version=&#8220;4.19.1&#8243; _module_preset=&#8220;default&#8220; hover_enabled=&#8220;0&#8243; sticky_enabled=&#8220;0&#8243;][\/et_pb_image][\/et_pb_column][et_pb_column _builder_version=&#8220;4.19.1&#8243; _module_preset=&#8220;default&#8220; type=&#8220;1_4&#8243;][et_pb_image src=&#8220;https:\/\/nativediving.com\/wp-content\/uploads\/2022\/11\/277108036_7199784923429183_90176330513109501_n-1-224&#215;300.jpg&#8220; _builder_version=&#8220;4.19.1&#8243; _module_preset=&#8220;default&#8220; hover_enabled=&#8220;0&#8243; sticky_enabled=&#8220;0&#8243;][\/et_pb_image][\/et_pb_column][et_pb_column _builder_version=&#8220;4.19.1&#8243; _module_preset=&#8220;default&#8220; type=&#8220;1_4&#8243;][et_pb_image src=&#8220;https:\/\/nativediving.com\/wp-content\/uploads\/2022\/11\/descarga.jpeg&#8220; _builder_version=&#8220;4.19.1&#8243; _module_preset=&#8220;default&#8220; hover_enabled=&#8220;0&#8243; sticky_enabled=&#8220;0&#8243;][\/et_pb_image][et_pb_image src=&#8220;https:\/\/nativediving.com\/wp-content\/uploads\/2022\/11\/spa-dr.-fish-300&#215;225.jpg&#8220; _builder_version=&#8220;4.19.1&#8243; _module_preset=&#8220;default&#8220; hover_enabled=&#8220;0&#8243; sticky_enabled=&#8220;0&#8243;][\/et_pb_image][\/et_pb_column][\/et_pb_row][et_pb_row _builder_version=&#8220;4.19.1&#8243; _module_preset=&#8220;default&#8220; column_structure=&#8220;1_2,1_2&#8243;][et_pb_column _builder_version=&#8220;4.19.1&#8243; _module_preset=&#8220;default&#8220; type=&#8220;1_2&#8243;][et_pb_text _builder_version=&#8220;4.19.1&#8243; _module_preset=&#8220;default&#8220; hover_enabled=&#8220;0&#8243; sticky_enabled=&#8220;0&#8243;]<\/p>\n<p><strong>INFORMATIONEN:<\/strong><\/p>\n<p><strong>\u00d6ffnungszeiten:<\/strong><\/p>\n<p>08:30 Uhr bis 17:00 Uhr.<br \/>Sie brauchen nicht zu buchen.<br \/><strong>WICHTIG!<\/strong><br \/>Menschen mit Pilzbefall, Wunden oder Hautkrankheiten d\u00fcrfen die Therapie nicht durchf\u00fchren.<br \/><strong>PREIS:<\/strong><br \/>9,50 \u20ac 15 Minuten<br \/>10 \u20ac 40 Minuten<\/p>\n<p>[\/et_pb_text][\/et_pb_column][et_pb_column _builder_version=&#8220;4.19.1&#8243; _module_preset=&#8220;default&#8220; type=&#8220;1_2&#8243;][et_pb_image src=&#8220;https:\/\/nativediving.com\/wp-content\/uploads\/2022\/11\/271704839_6793891870685159_8308258208932540437_n-300&#215;224.jpg&#8220; _builder_version=&#8220;4.19.1&#8243; _module_preset=&#8220;default&#8220; hover_enabled=&#8220;0&#8243; sticky_enabled=&#8220;0&#8243;][\/et_pb_image][\/et_pb_column][\/et_pb_row][\/et_pb_section]<\/p>\n","protected":false},"excerpt":{"rendered":"<p>Warum Fish Spa Lanzarote in Costa Teguise w\u00e4hlen? Wir befinden uns an der Strandpromenade gegen\u00fcber dem Jablillo-Strand, mit einer unglaublichen Aussicht, und wir sind das einzige Ikthyotherapiezentrum auf Lanzarote.Kommen Sie einfach und lassen Sie sich von Dr. Fish verw\u00f6hnen. Was ist Ikthyotherapie? Dabei tauchen Sie Ihre F\u00fc\u00dfe in ein Aquarium voller Ruffa-Klauenfische oder Doktorfische, w\u00e4hrend [&hellip;]<\/p>\n","protected":false},"author":4,"featured_media":0,"parent":0,"menu_order":0,"comment_status":"closed","ping_status":"closed","template":"","meta":{"_et_pb_use_builder":"on","_et_pb_old_content":"<p><img class=\"alignnone size-full wp-image-216174\" src=\"https:\/\/nativediving.com\/wp-content\/uploads\/2022\/11\/ESCUELA-WEB-Copy.jpg\" alt=\"\" width=\"1689\" height=\"989\" \/><\/p>","_et_gb_content_width":"","footnotes":""},"yoast_head":"<!-- This site is optimized with the Yoast SEO plugin v22.2 - https:\/\/yoast.com\/wordpress\/plugins\/seo\/ -->\n<title>FISH SPA LANZAROTE - Native Diving<\/title>\n<meta name=\"robots\" content=\"index, follow, max-snippet:-1, max-image-preview:large, max-video-preview:-1\" \/>\n<link rel=\"canonical\" href=\"https:\/\/nativediving.com\/de\/fish-spa-lanzarote\/\" \/>\n<meta property=\"og:locale\" content=\"de_DE\" \/>\n<meta property=\"og:type\" content=\"article\" \/>\n<meta property=\"og:title\" content=\"FISH SPA LANZAROTE - Native Diving\" \/>\n<meta property=\"og:description\" content=\"Warum Fish Spa Lanzarote in Costa Teguise w\u00e4hlen? Wir befinden uns an der Strandpromenade gegen\u00fcber dem Jablillo-Strand, mit einer unglaublichen Aussicht, und wir sind das einzige Ikthyotherapiezentrum auf Lanzarote.Kommen Sie einfach und lassen Sie sich von Dr. Fish verw\u00f6hnen. Was ist Ikthyotherapie? Dabei tauchen Sie Ihre F\u00fc\u00dfe in ein Aquarium voller Ruffa-Klauenfische oder Doktorfische, w\u00e4hrend [&hellip;]\" \/>\n<meta property=\"og:url\" content=\"https:\/\/nativediving.com\/de\/fish-spa-lanzarote\/\" \/>\n<meta property=\"og:site_name\" content=\"Native Diving\" \/>\n<meta property=\"article:publisher\" content=\"https:\/\/www.facebook.com\/Native.Diving.Lanzarote\" \/>\n<meta property=\"article:modified_time\" content=\"2022-11-21T13:21:33+00:00\" \/>\n<meta name=\"twitter:label1\" content=\"Gesch\u00e4tzte Lesezeit\" \/>\n\t<meta name=\"twitter:data1\" content=\"1 Minute\" \/>\n<script type=\"application\/ld+json\" class=\"yoast-schema-graph\">{\"@context\":\"https:\/\/schema.org\",\"@graph\":[{\"@type\":\"WebPage\",\"@id\":\"https:\/\/nativediving.com\/de\/fish-spa-lanzarote\/\",\"url\":\"https:\/\/nativediving.com\/de\/fish-spa-lanzarote\/\",\"name\":\"FISH SPA LANZAROTE - Native Diving\",\"isPartOf\":{\"@id\":\"https:\/\/nativediving.com\/#website\"},\"datePublished\":\"2022-11-21T13:21:07+00:00\",\"dateModified\":\"2022-11-21T13:21:33+00:00\",\"breadcrumb\":{\"@id\":\"https:\/\/nativediving.com\/de\/fish-spa-lanzarote\/#breadcrumb\"},\"inLanguage\":\"de-DE\",\"potentialAction\":[{\"@type\":\"ReadAction\",\"target\":[\"https:\/\/nativediving.com\/de\/fish-spa-lanzarote\/\"]}]},{\"@type\":\"BreadcrumbList\",\"@id\":\"https:\/\/nativediving.com\/de\/fish-spa-lanzarote\/#breadcrumb\",\"itemListElement\":[{\"@type\":\"ListItem\",\"position\":1,\"name\":\"Escuela de buceo\",\"item\":\"https:\/\/nativediving.com\/de\/\"},{\"@type\":\"ListItem\",\"position\":2,\"name\":\"FISH SPA LANZAROTE\"}]},{\"@type\":\"WebSite\",\"@id\":\"https:\/\/nativediving.com\/#website\",\"url\":\"https:\/\/nativediving.com\/\",\"name\":\"Native Diving\",\"description\":\"Centro de buceo SSI y PADI en Lanzarote\",\"publisher\":{\"@id\":\"https:\/\/nativediving.com\/#organization\"},\"potentialAction\":[{\"@type\":\"SearchAction\",\"target\":{\"@type\":\"EntryPoint\",\"urlTemplate\":\"https:\/\/nativediving.com\/?s={search_term_string}\"},\"query-input\":\"required name=search_term_string\"}],\"inLanguage\":\"de-DE\"},{\"@type\":\"Organization\",\"@id\":\"https:\/\/nativediving.com\/#organization\",\"name\":\"Native Diving Lanzarote\",\"url\":\"https:\/\/nativediving.com\/\",\"logo\":{\"@type\":\"ImageObject\",\"inLanguage\":\"de-DE\",\"@id\":\"https:\/\/nativediving.com\/#\/schema\/logo\/image\/\",\"url\":\"https:\/\/nativediving.com\/wp-content\/uploads\/2017\/11\/Escudo_NativeDiving_Azul.png\",\"contentUrl\":\"https:\/\/nativediving.com\/wp-content\/uploads\/2017\/11\/Escudo_NativeDiving_Azul.png\",\"width\":3295,\"height\":2480,\"caption\":\"Native Diving Lanzarote\"},\"image\":{\"@id\":\"https:\/\/nativediving.com\/#\/schema\/logo\/image\/\"},\"sameAs\":[\"https:\/\/www.facebook.com\/Native.Diving.Lanzarote\",\"https:\/\/twitter.com\/nativedivingLZ\",\"https:\/\/www.youtube.com\/c\/NativeDivingLanzaroteBuceo\"]}]}<\/script>\n<!-- \/ Yoast SEO plugin. -->","yoast_head_json":{"title":"FISH SPA LANZAROTE - Native Diving","robots":{"index":"index","follow":"follow","max-snippet":"max-snippet:-1","max-image-preview":"max-image-preview:large","max-video-preview":"max-video-preview:-1"},"canonical":"https:\/\/nativediving.com\/de\/fish-spa-lanzarote\/","og_locale":"de_DE","og_type":"article","og_title":"FISH SPA LANZAROTE - Native Diving","og_description":"Warum Fish Spa Lanzarote in Costa Teguise w\u00e4hlen? Wir befinden uns an der Strandpromenade gegen\u00fcber dem Jablillo-Strand, mit einer unglaublichen Aussicht, und wir sind das einzige Ikthyotherapiezentrum auf Lanzarote.Kommen Sie einfach und lassen Sie sich von Dr. Fish verw\u00f6hnen. Was ist Ikthyotherapie? Dabei tauchen Sie Ihre F\u00fc\u00dfe in ein Aquarium voller Ruffa-Klauenfische oder Doktorfische, w\u00e4hrend [&hellip;]","og_url":"https:\/\/nativediving.com\/de\/fish-spa-lanzarote\/","og_site_name":"Native Diving","article_publisher":"https:\/\/www.facebook.com\/Native.Diving.Lanzarote","article_modified_time":"2022-11-21T13:21:33+00:00","twitter_misc":{"Gesch\u00e4tzte Lesezeit":"1 Minute"},"schema":{"@context":"https:\/\/schema.org","@graph":[{"@type":"WebPage","@id":"https:\/\/nativediving.com\/de\/fish-spa-lanzarote\/","url":"https:\/\/nativediving.com\/de\/fish-spa-lanzarote\/","name":"FISH SPA LANZAROTE - Native Diving","isPartOf":{"@id":"https:\/\/nativediving.com\/#website"},"datePublished":"2022-11-21T13:21:07+00:00","dateModified":"2022-11-21T13:21:33+00:00","breadcrumb":{"@id":"https:\/\/nativediving.com\/de\/fish-spa-lanzarote\/#breadcrumb"},"inLanguage":"de-DE","potentialAction":[{"@type":"ReadAction","target":["https:\/\/nativediving.com\/de\/fish-spa-lanzarote\/"]}]},{"@type":"BreadcrumbList","@id":"https:\/\/nativediving.com\/de\/fish-spa-lanzarote\/#breadcrumb","itemListElement":[{"@type":"ListItem","position":1,"name":"Escuela de buceo","item":"https:\/\/nativediving.com\/de\/"},{"@type":"ListItem","position":2,"name":"FISH SPA LANZAROTE"}]},{"@type":"WebSite","@id":"https:\/\/nativediving.com\/#website","url":"https:\/\/nativediving.com\/","name":"Native Diving","description":"Centro de buceo SSI y PADI en Lanzarote","publisher":{"@id":"https:\/\/nativediving.com\/#organization"},"potentialAction":[{"@type":"SearchAction","target":{"@type":"EntryPoint","urlTemplate":"https:\/\/nativediving.com\/?s={search_term_string}"},"query-input":"required name=search_term_string"}],"inLanguage":"de-DE"},{"@type":"Organization","@id":"https:\/\/nativediving.com\/#organization","name":"Native Diving Lanzarote","url":"https:\/\/nativediving.com\/","logo":{"@type":"ImageObject","inLanguage":"de-DE","@id":"https:\/\/nativediving.com\/#\/schema\/logo\/image\/","url":"https:\/\/nativediving.com\/wp-content\/uploads\/2017\/11\/Escudo_NativeDiving_Azul.png","contentUrl":"https:\/\/nativediving.com\/wp-content\/uploads\/2017\/11\/Escudo_NativeDiving_Azul.png","width":3295,"height":2480,"caption":"Native Diving Lanzarote"},"image":{"@id":"https:\/\/nativediving.com\/#\/schema\/logo\/image\/"},"sameAs":["https:\/\/www.facebook.com\/Native.Diving.Lanzarote","https:\/\/twitter.com\/nativedivingLZ","https:\/\/www.youtube.com\/c\/NativeDivingLanzaroteBuceo"]}]}},"_links":{"self":[{"href":"https:\/\/nativediving.com\/de\/wp-json\/wp\/v2\/pages\/216622"}],"collection":[{"href":"https:\/\/nativediving.com\/de\/wp-json\/wp\/v2\/pages"}],"about":[{"href":"https:\/\/nativediving.com\/de\/wp-json\/wp\/v2\/types\/page"}],"author":[{"embeddable":true,"href":"https:\/\/nativediving.com\/de\/wp-json\/wp\/v2\/users\/4"}],"replies":[{"embeddable":true,"href":"https:\/\/nativediving.com\/de\/wp-json\/wp\/v2\/comments?post=216622"}],"version-history":[{"count":0,"href":"https:\/\/nativediving.com\/de\/wp-json\/wp\/v2\/pages\/216622\/revisions"}],"wp:attachment":[{"href":"https:\/\/nativediving.com\/de\/wp-json\/wp\/v2\/media?parent=216622"}],"curies":[{"name":"wp","href":"https:\/\/api.w.org\/{rel}","templated":true}]}}